{"id":51944,"date":"2024-02-20T13:59:23","date_gmt":"2024-02-20T18:59:23","guid":{"rendered":"https:\/\/vapewolinak.com\/batteries\/"},"modified":"2026-04-07T10:20:08","modified_gmt":"2026-04-07T14:20:08","slug":"batteries","status":"publish","type":"page","link":"https:\/\/vapewolinak.com\/en\/batteries\/","title":{"rendered":"Batteries"},"content":{"rendered":"\t\t<div data-elementor-type=\"wp-page\" data-elementor-id=\"51944\" class=\"elementor elementor-51944 elementor-3603\" data-elementor-post-type=\"page\">\n\t\t\t\t<div class=\"elementor-element elementor-element-b8da898 e-con-full cfx e-flex e-con e-parent\" data-id=\"b8da898\" data-element_type=\"container\" data-e-type=\"container\" data-settings=\"{&quot;background_motion_fx_devices&quot;:[]}\">\n\t\t<div class=\"elementor-element elementor-element-3268edf image e-flex e-con-boxed e-con e-child\" data-id=\"3268edf\" data-element_type=\"container\" data-e-type=\"container\" data-settings=\"{&quot;background_background&quot;:&quot;classic&quot;}\">\n\t\t\t\t\t<div class=\"e-con-inner\">\n\t\t\t\t<div class=\"elementor-element elementor-element-14d4e13 elementor-widget elementor-widget-spacer\" data-id=\"14d4e13\" data-element_type=\"widget\" data-e-type=\"widget\" data-widget_type=\"spacer.default\">\n\t\t\t\t<div class=\"elementor-widget-container\">\n\t\t\t\t\t\t\t<div class=\"elementor-spacer\">\n\t\t\t<div class=\"elementor-spacer-inner\"><\/div>\n\t\t<\/div>\n\t\t\t\t\t\t<\/div>\n\t\t\t\t<\/div>\n\t\t\t\t\t<\/div>\n\t\t\t\t<\/div>\n\t\t<div class=\"elementor-element elementor-element-b264832 couleur e-flex e-con-boxed e-con e-child\" data-id=\"b264832\" data-element_type=\"container\" data-e-type=\"container\" data-settings=\"{&quot;background_background&quot;:&quot;classic&quot;}\">\n\t\t\t\t\t<div class=\"e-con-inner\">\n\t\t\t\t<div class=\"elementor-element elementor-element-4f6ee5d elementor-widget elementor-widget-spacer\" data-id=\"4f6ee5d\" data-element_type=\"widget\" data-e-type=\"widget\" data-widget_type=\"spacer.default\">\n\t\t\t\t<div class=\"elementor-widget-container\">\n\t\t\t\t\t\t\t<div class=\"elementor-spacer\">\n\t\t\t<div class=\"elementor-spacer-inner\"><\/div>\n\t\t<\/div>\n\t\t\t\t\t\t<\/div>\n\t\t\t\t<\/div>\n\t\t\t\t\t<\/div>\n\t\t\t\t<\/div>\n\t\t<div class=\"elementor-element elementor-element-0896d7e e-flex e-con-boxed e-con e-child\" data-id=\"0896d7e\" data-element_type=\"container\" data-e-type=\"container\" data-settings=\"{&quot;background_background&quot;:&quot;classic&quot;}\">\n\t\t\t\t\t<div class=\"e-con-inner\">\n\t\t\t\t<div class=\"elementor-element elementor-element-fab808a elementor-widget elementor-widget-heading\" data-id=\"fab808a\" data-element_type=\"widget\" data-e-type=\"widget\" data-widget_type=\"heading.default\">\n\t\t\t\t<div class=\"elementor-widget-container\">\n\t\t\t\t\t<h2 class=\"elementor-heading-title elementor-size-default\">par marque<\/h2>\t\t\t\t<\/div>\n\t\t\t\t<\/div>\n\t\t\t\t\t<\/div>\n\t\t\t\t<\/div>\n\t\t\t\t<\/div>\n\t\t<div class=\"elementor-element elementor-element-972f0fa e-con-full e-flex e-con e-parent\" data-id=\"972f0fa\" data-element_type=\"container\" data-e-type=\"container\" data-settings=\"{&quot;background_background&quot;:&quot;classic&quot;}\">\n\t\t<div class=\"elementor-element elementor-element-c734fed e-con-full e-flex e-con e-child\" data-id=\"c734fed\" data-element_type=\"container\" data-e-type=\"container\">\n\t\t\t\t<div class=\"elementor-element elementor-element-2c85e4f elementor-widget elementor-widget-shortcode\" data-id=\"2c85e4f\" data-element_type=\"widget\" data-e-type=\"widget\" data-widget_type=\"shortcode.default\">\n\t\t\t\t<div class=\"elementor-widget-container\">\n\t\t\t\t\t\t\t<div class=\"elementor-shortcode\"><div class=\"vape-marque-list\"><div class=\"vape-marque\"><a href=\"https:\/\/vapewolinak.com\/en\/category-product\/batteries-en\/?marque=batterie-flavour-beast-boost-ultra\"><img decoding=\"async\" src=\"https:\/\/vapewolinak.com\/wp-content\/uploads\/2024\/02\/flavour-beast-level-x-g2-ultra-batterie.jpg.webp\" alt=\"Batterie Flavour beast boost &amp; ultra\"><p>Batterie Flavour beast boost &amp; ultra<\/p><\/a><\/div><div class=\"vape-marque\"><a href=\"https:\/\/vapewolinak.com\/en\/category-product\/batteries-en\/?marque=batterie-stlth\"><img decoding=\"async\" src=\"https:\/\/vapewolinak.com\/wp-content\/uploads\/2024\/02\/STLTH-TYPE-C-Vape-Device-Canada-Black-Metal.webp\" alt=\"Batterie Stlth\"><p>Batterie Stlth<\/p><\/a><\/div><div class=\"vape-marque\"><a href=\"https:\/\/vapewolinak.com\/en\/category-product\/batteries-en\/?marque=batterie-stlth-loop\"><img decoding=\"async\" src=\"https:\/\/vapewolinak.com\/wp-content\/uploads\/2024\/02\/STLTHLOOP3-DEVICE_KITPACKAGE-BLACK_b1361066-5ef3-4fc6-9ddd-084ab65828bd.webp\" alt=\"Batterie Stlth loop\"><p>Batterie Stlth loop<\/p><\/a><\/div><div class=\"vape-marque\"><a href=\"https:\/\/vapewolinak.com\/en\/category-product\/batteries-en\/?marque=batterie-stlth-loop-max\"><img decoding=\"async\" src=\"https:\/\/vapewolinak.com\/wp-content\/uploads\/2024\/02\/stlth-loop-max-device.webp\" alt=\"Batterie Stlth loop max\"><p>Batterie Stlth loop max<\/p><\/a><\/div><div class=\"vape-marque\"><a href=\"https:\/\/vapewolinak.com\/en\/category-product\/batteries-en\/?marque=batterie-svopp-oxbar\"><img decoding=\"async\" src=\"https:\/\/vapewolinak.com\/wp-content\/uploads\/2024\/02\/ba.webp\" alt=\"Batterie Svopp oxbar\"><p>Batterie Svopp oxbar<\/p><\/a><\/div><div class=\"vape-marque\"><a href=\"https:\/\/vapewolinak.com\/en\/category-product\/batteries-en\/?marque=batteries\"><img decoding=\"async\" src=\"https:\/\/vapewolinak.com\/wp-content\/uploads\/2024\/02\/a169a3b0-f988-4074-9992-7f67022f56ee.jpg\" alt=\"Batteries\"><p>Batteries<\/p><\/a><\/div><div class=\"vape-marque\"><a href=\"https:\/\/vapewolinak.com\/en\/category-product\/batteries-en\/?marque=mrfog-switch-pod-device\"><img decoding=\"async\" src=\"https:\/\/vapewolinak.com\/wp-content\/uploads\/2024\/02\/battery-vape-wolinak.png\" alt=\"Mrfog switch pod device\"><p>Mrfog switch pod device<\/p><\/a><\/div><\/div><style>\n\t\t\t.vape-marque-list {\n\t\t\t\tdisplay: grid;\n\t\t\t\tgrid-template-columns: repeat(auto-fill, minmax(200px, 1fr));\n\t\t\t\tgrid-gap: 20px;\n\t\t\t}\n\t\t\t.vape-marque {\n\t\t\t\ttext-align: center;\n\t\t\t\tcursor: pointer;\n\t\t\t\tborder: 1px solid #eaeaea;\n\t\t\t}\n\t\t\t.vape-marque img {\n\t\t\t\tmax-width: 100%;\n\t\t\t\theight: 150px;\n\t\t\t\tobject-fit: contain;\n\t\t\t}\n\t\t\t.vape-marque p {\n\t\t\t\tmargin: 0;\n\t\t\t\tpadding: 10px;\n\t\t\t\tfont-family: \"Oswald\", sans-serif;\n\t\t\t\tbackground-color: #f5f5f5;\n\t\t\t}\n\t\t<\/style><\/div>\n\t\t\t\t\t\t<\/div>\n\t\t\t\t<\/div>\n\t\t\t\t<\/div>\n\t\t\t\t<\/div>\n\t\t\t\t<\/div>\n\t\t","protected":false},"excerpt":{"rendered":"<p>par marque<\/p>\n","protected":false},"author":1,"featured_media":0,"parent":0,"menu_order":0,"comment_status":"closed","ping_status":"closed","template":"","meta":{"_acf_changed":false,"site-sidebar-layout":"no-sidebar","site-content-layout":"","ast-site-content-layout":"full-width-container","site-content-style":"default","site-sidebar-style":"default","ast-global-header-display":"","ast-banner-title-visibility":"","ast-main-header-display":"","ast-hfb-above-header-display":"","ast-hfb-below-header-display":"","ast-hfb-mobile-header-display":"","site-post-title":"disabled","ast-breadcrumbs-content":"","ast-featured-img":"disabled","footer-sml-layout":"","ast-disable-related-posts":"","theme-transparent-header-meta":"","adv-header-id-meta":"","stick-header-meta":"","header-above-stick-meta":"","header-main-stick-meta":"","header-below-stick-meta":"","astra-migrate-meta-layouts":"default","ast-page-background-enabled":"default","ast-page-background-meta":{"desktop":{"background-color":"var(--ast-global-color-4)","background-image":"","background-repeat":"repeat","background-position":"center center","background-size":"auto","background-attachment":"scroll","background-type":"","background-media":"","overlay-type":"","overlay-color":"","overlay-opacity":"","overlay-gradient":""},"tablet":{"background-color":"","background-image":"","background-repeat":"repeat","background-position":"center center","background-size":"auto","background-attachment":"scroll","background-type":"","background-media":"","overlay-type":"","overlay-color":"","overlay-opacity":"","overlay-gradient":""},"mobile":{"background-color":"","background-image":"","background-repeat":"repeat","background-position":"center center","background-size":"auto","background-attachment":"scroll","background-type":"","background-media":"","overlay-type":"","overlay-color":"","overlay-opacity":"","overlay-gradient":""}},"ast-content-background-meta":{"desktop":{"background-color":"var(--ast-global-color-5)","background-image":"","background-repeat":"repeat","background-position":"center center","background-size":"auto","background-attachment":"scroll","background-type":"","background-media":"","overlay-type":"","overlay-color":"","overlay-opacity":"","overlay-gradient":""},"tablet":{"background-color":"var(--ast-global-color-5)","background-image":"","background-repeat":"repeat","background-position":"center center","background-size":"auto","background-attachment":"scroll","background-type":"","background-media":"","overlay-type":"","overlay-color":"","overlay-opacity":"","overlay-gradient":""},"mobile":{"background-color":"var(--ast-global-color-5)","background-image":"","background-repeat":"repeat","background-position":"center center","background-size":"auto","background-attachment":"scroll","background-type":"","background-media":"","overlay-type":"","overlay-color":"","overlay-opacity":"","overlay-gradient":""}},"footnotes":"","_adncomm_balissage":{"enabled":false,"schema_type":"WebPage","schema_type_custom":"","description":"","image_id":0,"headline":"","alternative_headline":"","keywords":"","about":"","author_name":"","same_as":"","mentions":"","significant_links":"","video_url":"","audio_url":"","date_published":"","date_modified":"","faq_items":[],"copyright_holder":"","license_url":"","main_entity_name":"","main_entity_url":"","founder_name":"","founder_member_of":""}},"class_list":["post-51944","page","type-page","status-publish","hentry"],"acf":[],"yoast_head":"<!-- This site is optimized with the Yoast SEO plugin v27.5 - https:\/\/yoast.com\/product\/yoast-seo-wordpress\/ -->\n<title>Batteries - Vape W\u00f4linak, Boutique de Vapotage<\/title>\n<meta name=\"description\" content=\"Vape W\u00f4linak dispose de batteries pour tous vos appareils de vapotage \u00e9lectronique. - Voir les batteries disponibles!\" \/>\n<meta name=\"robots\" content=\"index, follow, max-snippet:-1, max-image-preview:large, max-video-preview:-1\" \/>\n<link rel=\"canonical\" href=\"https:\/\/vapewolinak.com\/batteries\/\" \/>\n<meta property=\"og:locale\" content=\"fr_FR\" \/>\n<meta property=\"og:type\" content=\"article\" \/>\n<meta property=\"og:title\" content=\"Batteries - Vape W\u00f4linak, Boutique de Vapotage\" \/>\n<meta property=\"og:description\" content=\"Vape W\u00f4linak dispose de batteries pour tous vos appareils de vapotage \u00e9lectronique. - Voir les batteries disponibles!\" \/>\n<meta property=\"og:url\" content=\"https:\/\/vapewolinak.com\/en\/batteries\/\" \/>\n<meta property=\"og:site_name\" content=\"Vape W\u00f4linak\" \/>\n<meta property=\"article:modified_time\" content=\"2026-04-07T14:20:08+00:00\" \/>\n<meta property=\"og:image\" content=\"https:\/\/vapewolinak.com\/wp-content\/uploads\/2024\/04\/DSC_0014.jpg\" \/>\n\t<meta property=\"og:image:width\" content=\"1920\" \/>\n\t<meta property=\"og:image:height\" content=\"1080\" \/>\n\t<meta property=\"og:image:type\" content=\"image\/jpeg\" \/>\n<meta name=\"twitter:card\" content=\"summary_large_image\" \/>\n<meta name=\"twitter:label1\" content=\"Dur\u00e9e de lecture estim\u00e9e\" \/>\n\t<meta name=\"twitter:data1\" content=\"1 minute\" \/>\n<!-- \/ Yoast SEO plugin. -->","yoast_head_json":{"title":"Batteries - Vape W\u00f4linak, Boutique de Vapotage","description":"Vape W\u00f4linak dispose de batteries pour tous vos appareils de vapotage \u00e9lectronique. - Voir les batteries disponibles!","robots":{"index":"index","follow":"follow","max-snippet":"max-snippet:-1","max-image-preview":"max-image-preview:large","max-video-preview":"max-video-preview:-1"},"canonical":"https:\/\/vapewolinak.com\/batteries\/","og_locale":"fr_FR","og_type":"article","og_title":"Batteries - Vape W\u00f4linak, Boutique de Vapotage","og_description":"Vape W\u00f4linak dispose de batteries pour tous vos appareils de vapotage \u00e9lectronique. - Voir les batteries disponibles!","og_url":"https:\/\/vapewolinak.com\/en\/batteries\/","og_site_name":"Vape W\u00f4linak","article_modified_time":"2026-04-07T14:20:08+00:00","og_image":[{"width":1920,"height":1080,"url":"https:\/\/vapewolinak.com\/wp-content\/uploads\/2024\/04\/DSC_0014.jpg","type":"image\/jpeg"}],"twitter_card":"summary_large_image","twitter_misc":{"Dur\u00e9e de lecture estim\u00e9e":"1 minute"},"schema":{"@context":"https:\/\/schema.org","@graph":[{"@type":"WebPage","@id":"https:\/\/vapewolinak.com\/en\/batteries\/","url":"https:\/\/vapewolinak.com\/en\/batteries\/","name":"Batteries - Vape W\u00f4linak, Boutique de Vapotage","isPartOf":{"@id":"https:\/\/vapewolinak.com\/#website"},"datePublished":"2024-02-20T18:59:23+00:00","dateModified":"2026-04-07T14:20:08+00:00","description":"Vape W\u00f4linak dispose de batteries pour tous vos appareils de vapotage \u00e9lectronique. - Voir les batteries disponibles!","breadcrumb":{"@id":"https:\/\/vapewolinak.com\/en\/batteries\/#breadcrumb"},"inLanguage":"fr-FR","potentialAction":[{"@type":"ReadAction","target":["https:\/\/vapewolinak.com\/en\/batteries\/"]}]},{"@type":"BreadcrumbList","@id":"https:\/\/vapewolinak.com\/en\/batteries\/#breadcrumb","itemListElement":[{"@type":"ListItem","position":1,"name":"Accueil","item":"https:\/\/vapewolinak.com\/"},{"@type":"ListItem","position":2,"name":"Batteries"}]},{"@type":"WebSite","@id":"https:\/\/vapewolinak.com\/#website","url":"https:\/\/vapewolinak.com\/","name":"Vape W\u00f4linak","description":"Articles et saveurs de vapotage au Qu\u00e9bec","publisher":{"@id":"https:\/\/vapewolinak.com\/#organization"},"potentialAction":[{"@type":"SearchAction","target":{"@type":"EntryPoint","urlTemplate":"https:\/\/vapewolinak.com\/?s={search_term_string}"},"query-input":{"@type":"PropertyValueSpecification","valueRequired":true,"valueName":"search_term_string"}}],"inLanguage":"fr-FR"},{"@type":"Organization","@id":"https:\/\/vapewolinak.com\/#organization","name":"Vape W\u00f4linak","url":"https:\/\/vapewolinak.com\/","logo":{"@type":"ImageObject","inLanguage":"fr-FR","@id":"https:\/\/vapewolinak.com\/#\/schema\/logo\/image\/","url":"https:\/\/vapewolinak.com\/wp-content\/uploads\/2024\/01\/vapewolinak-logo-e1736438957668.png","contentUrl":"https:\/\/vapewolinak.com\/wp-content\/uploads\/2024\/01\/vapewolinak-logo-e1736438957668.png","width":538,"height":440,"caption":"Vape W\u00f4linak"},"image":{"@id":"https:\/\/vapewolinak.com\/#\/schema\/logo\/image\/"}}]}},"_links":{"self":[{"href":"https:\/\/vapewolinak.com\/wp-json\/wp\/v2\/pages\/51944","targetHints":{"allow":["GET"]}}],"collection":[{"href":"https:\/\/vapewolinak.com\/wp-json\/wp\/v2\/pages"}],"about":[{"href":"https:\/\/vapewolinak.com\/wp-json\/wp\/v2\/types\/page"}],"author":[{"embeddable":true,"href":"https:\/\/vapewolinak.com\/wp-json\/wp\/v2\/users\/1"}],"replies":[{"embeddable":true,"href":"https:\/\/vapewolinak.com\/wp-json\/wp\/v2\/comments?post=51944"}],"version-history":[{"count":3,"href":"https:\/\/vapewolinak.com\/wp-json\/wp\/v2\/pages\/51944\/revisions"}],"predecessor-version":[{"id":209883,"href":"https:\/\/vapewolinak.com\/wp-json\/wp\/v2\/pages\/51944\/revisions\/209883"}],"wp:attachment":[{"href":"https:\/\/vapewolinak.com\/wp-json\/wp\/v2\/media?parent=51944"}],"curies":[{"name":"wp","href":"https:\/\/api.w.org\/{rel}","templated":true}]}}