{"id":51956,"date":"2024-03-06T10:55:02","date_gmt":"2024-03-06T15:55:02","guid":{"rendered":"https:\/\/vapewolinak.com\/politique-commerciale\/"},"modified":"2025-12-05T10:43:26","modified_gmt":"2025-12-05T15:43:26","slug":"sales-and-privacy-policy","status":"publish","type":"page","link":"https:\/\/vapewolinak.com\/en\/sales-and-privacy-policy\/","title":{"rendered":"Sales and privacy policy"},"content":{"rendered":"\t\t<div data-elementor-type=\"wp-page\" data-elementor-id=\"51956\" class=\"elementor elementor-51956 elementor-15872\" data-elementor-post-type=\"page\">\n\t\t\t\t<div class=\"elementor-element elementor-element-2e95356 e-con-full e-flex e-con e-parent\" data-id=\"2e95356\" data-element_type=\"container\" data-e-type=\"container\" data-settings=\"{&quot;background_background&quot;:&quot;classic&quot;,&quot;background_motion_fx_motion_fx_scrolling&quot;:&quot;yes&quot;,&quot;background_motion_fx_devices&quot;:[&quot;desktop&quot;,&quot;tablet&quot;,&quot;mobile&quot;]}\">\n\t\t\t\t<div class=\"elementor-element elementor-element-d2a9b7e elementor-widget elementor-widget-heading\" data-id=\"d2a9b7e\" data-element_type=\"widget\" data-e-type=\"widget\" data-widget_type=\"heading.default\">\n\t\t\t\t<div class=\"elementor-widget-container\">\n\t\t\t\t\t<h2 class=\"elementor-heading-title elementor-size-default\">Sales and privacy policy<\/h2>\t\t\t\t<\/div>\n\t\t\t\t<\/div>\n\t\t\t\t<\/div>\n\t\t<div class=\"elementor-element elementor-element-f30d3ad e-con-full e-flex e-con e-parent\" data-id=\"f30d3ad\" data-element_type=\"container\" data-e-type=\"container\" data-settings=\"{&quot;background_background&quot;:&quot;classic&quot;}\">\n\t\t<div class=\"elementor-element elementor-element-755d8b9 e-con-full e-flex e-con e-child\" data-id=\"755d8b9\" data-element_type=\"container\" data-e-type=\"container\">\n\t\t\t\t<div class=\"elementor-element elementor-element-1870313 elementor-invisible elementor-widget elementor-widget-text-editor\" data-id=\"1870313\" data-element_type=\"widget\" data-e-type=\"widget\" data-settings=\"{&quot;_animation&quot;:&quot;fadeInUp&quot;}\" data-widget_type=\"text-editor.default\">\n\t\t\t\t<div class=\"elementor-widget-container\">\n\t\t\t\t\t\t\t\t\t<h2>Ordering and payment methods<\/h2><p>For online transactions, Authorize.net (Visa, MasterCard, and American Express) are welcome.\u00a0<\/p><h2>Business hours<\/h2><p>Monday to Sunday, 9 a.m. to 8 p.m. (Quebec time)<\/p><h2>Terms and conditions of sale<\/h2><p>Our prices are in Canadian dollars ($CAN) and do not include delivery charges, customs fees and other fees such as customs broker if applicable.<\/p><h2 data-start=\"34\" data-end=\"62\"><strong data-start=\"34\" data-end=\"62\">Exchanges and warranties<\/strong><\/h2><p data-start=\"64\" data-end=\"335\" data-is-last-node=\"\" data-is-only-node=\"\">Refillable vapes can be exchanged within <strong data-start=\"105\" data-end=\"127\">15 days of receipt<\/strong> if the product is defective. Disposable vapes can be exchanged within <strong data-start=\"198\" data-end=\"219\">2 days of receipt<\/strong> if they present any of the following issues: <strong data-start=\"265\" data-end=\"276\">leaking<\/strong>, <strong data-start=\"278\" data-end=\"297\">self-activation<\/strong>, or <strong data-start=\"302\" data-end=\"334\">inability to open the device<\/strong>.<\/p><h2>Delivery<\/h2><p>Shipping costs and delivery times: Shipping costs and delivery times are given according to the destination and method of transport selected. We use the services of Canada Post Corporation.<\/p><p>Delivery date not met: If for any reason we cannot deliver the products on time, we will inform you as soon as possible and give you the option of cancelling your order.<\/p><h2>Returns and exchanges<\/h2><p>We will replace or issue a refund for any goods damaged during delivery, without any additional cost to the customer.<\/p><h2>Payment security<\/h2><p>When you place an order with the Authorize.net payment system, your transaction is directed to a secured Internet payment terminal. This connection uses the latest generation SST encryption protocol. The Authorize.net securing and prevention tools are among the best on the market.<\/p><p>All transaction data is encrypted for transfer from your computer to the Authorize.net server, the only server able to decrypt the information. Authorize.net then transmits the order information, without the credit card details to the merchant.<\/p><p>To learn more about Authorize.net, <a href=\"https:\/\/www.authorize.net\/\" target=\"_blank\" rel=\"noopener\">click here<\/a>.<\/p><h2>Complaint resolution<\/h2><p>Any complaints should be addressed to\u00a0Vape W\u00f4linak at:<\/p><p>Vape W\u00f4linak<br \/>10463, chemin Leblanc<br \/>W\u00f4linak, QC\u00a0 G0X 1B0<\/p><p>Phone:\u00a0 <a href=\"tel:8196020236\">819 602-0236<\/a><br \/>E-mail\u00a0:\u00a0<a href=\"mailto:info@vapewolinak.com\">info@vapewolinak.com<\/a><\/p><p>You may file a complaint by phone, mail, fax, or e-mail. We will deal with any complaints within\u00a03 days\u00a0of their receipt, at no charge to the buyer.<\/p><h2>Personal data collection and use<\/h2><p>All personal information collected will only be used to process your order and handle your complaint, if possible. Only the following information will be collected during the order process:<\/p><ul><li>Last Name<\/li><li>First Name<\/li><li>Address<\/li><li>Phone number<\/li><li>E-mail address<\/li><\/ul><p>Rest assured that all personal information collected will be kept private. It will only be used to:<\/p><ul><li>Confirm your order by e-mail<\/li><li>Send a payment receipt if you have ordered with a credit card<\/li><li>Ensure speedy and accurate delivery of your order<\/li><li>For customer service follow-up, as explained below.<\/li><\/ul><h2>Customer agreement<\/h2><p>No information will be collected without your agreement. Please note that by filling your order form or filing a complaint, you are automatically giving your consent.<\/p><h2>Sharing of data with third parties<\/h2><p>Your personal information will never be shared or communicated to third parties.<\/p><p>Accessing of information<\/p><p>You can access and modify your personal information at any time on our website by logging in to your client account.<\/p><h2>Complaints<\/h2><p>To file a complaint on the use of your personal data, please contact\u00a0Vape W\u00f4linak. Your complaint will be analyzed and handled within\u00a0<strong>three business days<\/strong>\u00a0of its receipt. We will then inform you of our decision. The complaint handling process is free of charge.<\/p><h2>Policy changes<\/h2><p><strong>We will advise you<\/strong>\u00a0of any changes we may need to make to our Privacy Policy. The latest modification date will be displayed at the bottom of each page of the revised Privacy Policy. In such case, the website will be updated immediately. The Privacy Policy in effect at the time of the order, however, always takes precedence.<\/p>\t\t\t\t\t\t\t\t<\/div>\n\t\t\t\t<\/div>\n\t\t\t\t<div class=\"elementor-element elementor-element-50ce3c0 elementor-widget elementor-widget-menu-anchor\" data-id=\"50ce3c0\" data-element_type=\"widget\" data-e-type=\"widget\" data-widget_type=\"menu-anchor.default\">\n\t\t\t\t<div class=\"elementor-widget-container\">\n\t\t\t\t\t\t\t<div class=\"elementor-menu-anchor\" id=\"insurance\"><\/div>\n\t\t\t\t\t\t<\/div>\n\t\t\t\t<\/div>\n\t\t\t\t<div class=\"elementor-element elementor-element-9642183 elementor-invisible elementor-widget elementor-widget-text-editor\" data-id=\"9642183\" data-element_type=\"widget\" data-e-type=\"widget\" data-settings=\"{&quot;_animation&quot;:&quot;fadeInUp&quot;}\" data-widget_type=\"text-editor.default\">\n\t\t\t\t<div class=\"elementor-widget-container\">\n\t\t\t\t\t\t\t\t\t<h2>PARCEL INSURANCE POLICY<\/h2><h3>1. Purpose<\/h3><p>Our Parcel Insurance protects your orders against parcels not received and parcels damaged during transit.<\/p><h3>2. Subscription &amp; Fee<\/h3><ul><li>Optional add-on offered at checkout, with the fee displayed at order confirmation.<\/li><li>Applies per order and for the delivery address entered at checkout.<\/li><\/ul><h3>3. Coverage Scope<\/h3><ul><li>Not received: no delivery confirmed at the specified address.<\/li><li>Damaged: item(s) arrived damaged, broken, or unusable.<\/li><li>Proof of delivery: a photo taken by the courier may be used to confirm delivery and drop-off location.<\/li><\/ul><h3>4. Exclusions<\/h3><ul><li>Parcel theft after delivery at the correct address (e.g., package stolen from doorstep).<\/li><li>Parcels delivered to an incorrect address provided by the customer, or incomplete\/incorrect address.<\/li><li>Deterioration occurring after delivery is confirmed by the carrier.<\/li><li>Delays or losses due to force majeure (strikes, severe weather, disasters, etc.).<\/li><li>Items not insurable or excluded by law\/carrier conditions.<\/li><\/ul><p><strong>Important:<\/strong> The company is not responsible for parcel theft or parcels delivered to an incorrect address.<\/p><h3>5. Filing a Claim<\/h3><ul><li>Timeframe: within 15 calendar days from the expected delivery date or delivery confirmation.<\/li><li>Required: order number, description of the issue, photos of the parcel\/product damaged, and any requested evidence (including courier photo if applicable).<\/li><li>Contact: <a href=\"mailto:info@vapewolinak.com\">info@vapewolinak.com<\/a><\/li><\/ul><h3>6. Compensation<\/h3><ul><li>Upon claim approval: replacement (subject to stock) or refund of the tax-included value of insured items.<\/li><li>No coverage limit.<\/li><li>Insurance fees are non-refundable.<\/li><\/ul><h3>7. Verification &amp; Fraud<\/h3><p>We may request additional information, review carrier data (including delivery photo), and deny a claim in case of inconsistency or fraud.<\/p><h3>8. Final Provisions<\/h3><ul><li>This insurance does not affect applicable consumer legal rights.<\/li><li>This policy may be updated; the online version at the date of purchase prevails.<\/li><\/ul><p><small>Last updated : November 5, 2025<\/small><\/p>\t\t\t\t\t\t\t\t<\/div>\n\t\t\t\t<\/div>\n\t\t\t\t<\/div>\n\t\t\t\t<\/div>\n\t\t\t\t<\/div>\n\t\t","protected":false},"excerpt":{"rendered":"<p>Ordering and payment methods For online transactions, Authorize.net (Visa, MasterCard, and American Express) are welcome.\u00a0 Business hours Monday to Sunday, [&hellip;]<\/p>\n","protected":false},"author":1,"featured_media":0,"parent":0,"menu_order":0,"comment_status":"closed","ping_status":"closed","template":"","meta":{"_acf_changed":false,"site-sidebar-layout":"no-sidebar","site-content-layout":"","ast-site-content-layout":"full-width-container","site-content-style":"default","site-sidebar-style":"default","ast-global-header-display":"","ast-banner-title-visibility":"","ast-main-header-display":"","ast-hfb-above-header-display":"","ast-hfb-below-header-display":"","ast-hfb-mobile-header-display":"","site-post-title":"disabled","ast-breadcrumbs-content":"","ast-featured-img":"disabled","footer-sml-layout":"","ast-disable-related-posts":"","theme-transparent-header-meta":"","adv-header-id-meta":"","stick-header-meta":"","header-above-stick-meta":"","header-main-stick-meta":"","header-below-stick-meta":"","astra-migrate-meta-layouts":"default","ast-page-background-enabled":"default","ast-page-background-meta":{"desktop":{"background-color":"var(--ast-global-color-4)","background-image":"","background-repeat":"repeat","background-position":"center center","background-size":"auto","background-attachment":"scroll","background-type":"","background-media":"","overlay-type":"","overlay-color":"","overlay-opacity":"","overlay-gradient":""},"tablet":{"background-color":"","background-image":"","background-repeat":"repeat","background-position":"center center","background-size":"auto","background-attachment":"scroll","background-type":"","background-media":"","overlay-type":"","overlay-color":"","overlay-opacity":"","overlay-gradient":""},"mobile":{"background-color":"","background-image":"","background-repeat":"repeat","background-position":"center center","background-size":"auto","background-attachment":"scroll","background-type":"","background-media":"","overlay-type":"","overlay-color":"","overlay-opacity":"","overlay-gradient":""}},"ast-content-background-meta":{"desktop":{"background-color":"var(--ast-global-color-5)","background-image":"","background-repeat":"repeat","background-position":"center center","background-size":"auto","background-attachment":"scroll","background-type":"","background-media":"","overlay-type":"","overlay-color":"","overlay-opacity":"","overlay-gradient":""},"tablet":{"background-color":"var(--ast-global-color-5)","background-image":"","background-repeat":"repeat","background-position":"center center","background-size":"auto","background-attachment":"scroll","background-type":"","background-media":"","overlay-type":"","overlay-color":"","overlay-opacity":"","overlay-gradient":""},"mobile":{"background-color":"var(--ast-global-color-5)","background-image":"","background-repeat":"repeat","background-position":"center center","background-size":"auto","background-attachment":"scroll","background-type":"","background-media":"","overlay-type":"","overlay-color":"","overlay-opacity":"","overlay-gradient":""}},"footnotes":"","_adncomm_balissage":[]},"class_list":["post-51956","page","type-page","status-publish","hentry"],"acf":[],"yoast_head":"<!-- This site is optimized with the Yoast SEO plugin v27.6 - https:\/\/yoast.com\/product\/yoast-seo-wordpress\/ -->\n<title>Sales and privacy policy - Vape W\u00f4linak, Boutique de Vapotage<\/title>\n<meta name=\"description\" content=\"Avant de proc\u00e9der \u00e0 un achat sur notre boutique en ligne, veuillez vous assurez de lire attentivement notre politique commerciale.\" \/>\n<meta name=\"robots\" content=\"index, follow, max-snippet:-1, max-image-preview:large, max-video-preview:-1\" \/>\n<link rel=\"canonical\" href=\"https:\/\/vapewolinak.com\/en\/sales-and-privacy-policy\/\" \/>\n<meta property=\"og:locale\" content=\"en_US\" \/>\n<meta property=\"og:type\" content=\"article\" \/>\n<meta property=\"og:title\" content=\"Sales and privacy policy - Vape W\u00f4linak, Boutique de Vapotage\" \/>\n<meta property=\"og:description\" content=\"Avant de proc\u00e9der \u00e0 un achat sur notre boutique en ligne, veuillez vous assurez de lire attentivement notre politique commerciale.\" \/>\n<meta property=\"og:url\" content=\"https:\/\/vapewolinak.com\/en\/sales-and-privacy-policy\/\" \/>\n<meta property=\"og:site_name\" content=\"Vape W\u00f4linak\" \/>\n<meta property=\"article:modified_time\" content=\"2025-12-05T15:43:26+00:00\" \/>\n<meta property=\"og:image\" content=\"https:\/\/vapewolinak.com\/wp-content\/uploads\/2024\/04\/DSC_0014.jpg\" \/>\n\t<meta property=\"og:image:width\" content=\"1920\" \/>\n\t<meta property=\"og:image:height\" content=\"1080\" \/>\n\t<meta property=\"og:image:type\" content=\"image\/jpeg\" \/>\n<meta name=\"twitter:card\" content=\"summary_large_image\" \/>\n<meta name=\"twitter:label1\" content=\"Est. reading time\" \/>\n\t<meta name=\"twitter:data1\" content=\"4 minutes\" \/>\n<!-- \/ Yoast SEO plugin. -->","yoast_head_json":{"title":"Sales and privacy policy - Vape W\u00f4linak, Boutique de Vapotage","description":"Avant de proc\u00e9der \u00e0 un achat sur notre boutique en ligne, veuillez vous assurez de lire attentivement notre politique commerciale.","robots":{"index":"index","follow":"follow","max-snippet":"max-snippet:-1","max-image-preview":"max-image-preview:large","max-video-preview":"max-video-preview:-1"},"canonical":"https:\/\/vapewolinak.com\/en\/sales-and-privacy-policy\/","og_locale":"en_US","og_type":"article","og_title":"Sales and privacy policy - Vape W\u00f4linak, Boutique de Vapotage","og_description":"Avant de proc\u00e9der \u00e0 un achat sur notre boutique en ligne, veuillez vous assurez de lire attentivement notre politique commerciale.","og_url":"https:\/\/vapewolinak.com\/en\/sales-and-privacy-policy\/","og_site_name":"Vape W\u00f4linak","article_modified_time":"2025-12-05T15:43:26+00:00","og_image":[{"width":1920,"height":1080,"url":"https:\/\/vapewolinak.com\/wp-content\/uploads\/2024\/04\/DSC_0014.jpg","type":"image\/jpeg"}],"twitter_card":"summary_large_image","twitter_misc":{"Est. reading time":"4 minutes"},"schema":{"@context":"https:\/\/schema.org","@graph":[{"@type":"WebPage","@id":"https:\/\/vapewolinak.com\/en\/sales-and-privacy-policy\/","url":"https:\/\/vapewolinak.com\/en\/sales-and-privacy-policy\/","name":"Sales and privacy policy - Vape W\u00f4linak, Boutique de Vapotage","isPartOf":{"@id":"https:\/\/vapewolinak.com\/en\/#website"},"datePublished":"2024-03-06T15:55:02+00:00","dateModified":"2025-12-05T15:43:26+00:00","description":"Avant de proc\u00e9der \u00e0 un achat sur notre boutique en ligne, veuillez vous assurez de lire attentivement notre politique commerciale.","breadcrumb":{"@id":"https:\/\/vapewolinak.com\/en\/sales-and-privacy-policy\/#breadcrumb"},"inLanguage":"en-US","potentialAction":[{"@type":"ReadAction","target":["https:\/\/vapewolinak.com\/en\/sales-and-privacy-policy\/"]}]},{"@type":"BreadcrumbList","@id":"https:\/\/vapewolinak.com\/en\/sales-and-privacy-policy\/#breadcrumb","itemListElement":[{"@type":"ListItem","position":1,"name":"Accueil","item":"https:\/\/vapewolinak.com\/en\/accueil\/"},{"@type":"ListItem","position":2,"name":"Sales and privacy policy"}]},{"@type":"WebSite","@id":"https:\/\/vapewolinak.com\/en\/#website","url":"https:\/\/vapewolinak.com\/en\/","name":"Vape W\u00f4linak","description":"Articles et saveurs de vapotage au Qu\u00e9bec","publisher":{"@id":"https:\/\/vapewolinak.com\/en\/#organization"},"potentialAction":[{"@type":"SearchAction","target":{"@type":"EntryPoint","urlTemplate":"https:\/\/vapewolinak.com\/en\/?s={search_term_string}"},"query-input":{"@type":"PropertyValueSpecification","valueRequired":true,"valueName":"search_term_string"}}],"inLanguage":"en-US"},{"@type":"Organization","@id":"https:\/\/vapewolinak.com\/en\/#organization","name":"Vape W\u00f4linak","url":"https:\/\/vapewolinak.com\/en\/","logo":{"@type":"ImageObject","inLanguage":"en-US","@id":"https:\/\/vapewolinak.com\/en\/#\/schema\/logo\/image\/","url":"https:\/\/vapewolinak.com\/wp-content\/uploads\/2024\/01\/vapewolinak-logo-e1736438957668.png","contentUrl":"https:\/\/vapewolinak.com\/wp-content\/uploads\/2024\/01\/vapewolinak-logo-e1736438957668.png","width":538,"height":440,"caption":"Vape W\u00f4linak"},"image":{"@id":"https:\/\/vapewolinak.com\/en\/#\/schema\/logo\/image\/"}}]}},"_links":{"self":[{"href":"https:\/\/vapewolinak.com\/en\/wp-json\/wp\/v2\/pages\/51956","targetHints":{"allow":["GET"]}}],"collection":[{"href":"https:\/\/vapewolinak.com\/en\/wp-json\/wp\/v2\/pages"}],"about":[{"href":"https:\/\/vapewolinak.com\/en\/wp-json\/wp\/v2\/types\/page"}],"author":[{"embeddable":true,"href":"https:\/\/vapewolinak.com\/en\/wp-json\/wp\/v2\/users\/1"}],"replies":[{"embeddable":true,"href":"https:\/\/vapewolinak.com\/en\/wp-json\/wp\/v2\/comments?post=51956"}],"version-history":[{"count":0,"href":"https:\/\/vapewolinak.com\/en\/wp-json\/wp\/v2\/pages\/51956\/revisions"}],"wp:attachment":[{"href":"https:\/\/vapewolinak.com\/en\/wp-json\/wp\/v2\/media?parent=51956"}],"curies":[{"name":"wp","href":"https:\/\/api.w.org\/{rel}","templated":true}]}}