{"id":102359,"date":"2025-05-29T14:17:53","date_gmt":"2025-05-29T18:17:53","guid":{"rendered":"https:\/\/vapewolinak.com\/?post_type=product&#038;p=102359"},"modified":"2026-05-10T21:06:46","modified_gmt":"2026-05-11T01:06:46","slug":"vaporesso-xros-5","status":"publish","type":"product","link":"https:\/\/vapewolinak.com\/en\/produit\/vaporesso-xros-5\/","title":{"rendered":"Vaporesso xros 5"},"content":{"rendered":"<p>Le Vaporesso XROS 5 est le dernier mod\u00e8le de la c\u00e9l\u00e8bre gamme XROS, r\u00e9put\u00e9e pour sa simplicit\u00e9, son efficacit\u00e9 et sa qualit\u00e9 de vape. Il s\u2019adresse aussi bien aux d\u00e9butants qu\u2019aux vapoteurs exp\u00e9riment\u00e9s \u00e0 la recherche d\u2019un dispositif compact mais performant.<\/p>\n<ul>\n<li data-start=\"980\" data-end=\"1055\">\n<h6 class=\"sr-only\"><strong style=\"font-size: 16px;\" data-start=\"0\" data-end=\"55\" data-is-only-node=\"\">Vaporesso XROS 5 \u2192 Ratio recommand\u00e9 : 50\/50 (VG\/PG)<\/strong><\/h6>\n<\/li>\n<\/ul>\n","protected":false},"excerpt":{"rendered":"<p>Le Vaporesso XROS 5 est le dernier mod\u00e8le de la c\u00e9l\u00e8bre gamme XROS, r\u00e9put\u00e9e pour sa simplicit\u00e9, son efficacit\u00e9 et [&hellip;]<\/p>\n","protected":false},"featured_media":102357,"template":"","meta":{"_acf_changed":false,"site-sidebar-layout":"default","site-content-layout":"","ast-site-content-layout":"default","site-content-style":"default","site-sidebar-style":"default","ast-global-header-display":"","ast-banner-title-visibility":"","ast-main-header-display":"","ast-hfb-above-header-display":"","ast-hfb-below-header-display":"","ast-hfb-mobile-header-display":"","site-post-title":"","ast-breadcrumbs-content":"","ast-featured-img":"","footer-sml-layout":"","ast-disable-related-posts":"","theme-transparent-header-meta":"default","adv-header-id-meta":"","stick-header-meta":"","header-above-stick-meta":"","header-main-stick-meta":"","header-below-stick-meta":"","astra-migrate-meta-layouts":"set","ast-page-background-enabled":"default","ast-page-background-meta":{"desktop":{"background-color":"var(--ast-global-color-4)","background-image":"","background-repeat":"repeat","background-position":"center center","background-size":"auto","background-attachment":"scroll","background-type":"","background-media":"","overlay-type":"","overlay-color":"","overlay-opacity":"","overlay-gradient":""},"tablet":{"background-color":"","background-image":"","background-repeat":"repeat","background-position":"center center","background-size":"auto","background-attachment":"scroll","background-type":"","background-media":"","overlay-type":"","overlay-color":"","overlay-opacity":"","overlay-gradient":""},"mobile":{"background-color":"","background-image":"","background-repeat":"repeat","background-position":"center center","background-size":"auto","background-attachment":"scroll","background-type":"","background-media":"","overlay-type":"","overlay-color":"","overlay-opacity":"","overlay-gradient":""}},"ast-content-background-meta":{"desktop":{"background-color":"var(--ast-global-color-5)","background-image":"","background-repeat":"repeat","background-position":"center center","background-size":"auto","background-attachment":"scroll","background-type":"","background-media":"","overlay-type":"","overlay-color":"","overlay-opacity":"","overlay-gradient":""},"tablet":{"background-color":"var(--ast-global-color-5)","background-image":"","background-repeat":"repeat","background-position":"center center","background-size":"auto","background-attachment":"scroll","background-type":"","background-media":"","overlay-type":"","overlay-color":"","overlay-opacity":"","overlay-gradient":""},"mobile":{"background-color":"var(--ast-global-color-5)","background-image":"","background-repeat":"repeat","background-position":"center center","background-size":"auto","background-attachment":"scroll","background-type":"","background-media":"","overlay-type":"","overlay-color":"","overlay-opacity":"","overlay-gradient":""}},"_adncomm_balissage":[]},"marque":[191],"saveur":[],"product_brand":[],"product_cat":[36,475],"product_tag":[],"class_list":{"0":"post-102359","1":"product","2":"type-product","3":"status-publish","4":"has-post-thumbnail","6":"marque-vaporesso","7":"product_cat-materiel","8":"product_cat-sans-categorie","9":"desktop-align-left","10":"tablet-align-left","11":"mobile-align-left","13":"first","14":"instock","15":"shipping-taxable","16":"purchasable","17":"product-type-variable"},"acf":[],"yoast_head":"<!-- This site is optimized with the Yoast SEO plugin v27.6 - https:\/\/yoast.com\/product\/yoast-seo-wordpress\/ -->\n<title>Vaporesso xros 5 - Vape W\u00f4linak<\/title>\n<meta name=\"description\" content=\"Le Vaporesso XROS 5 est le dernier mod\u00e8le de la c\u00e9l\u00e8bre gamme XROS, r\u00e9put\u00e9e pour sa simplicit\u00e9, son efficacit\u00e9 et sa qualit\u00e9 de vape. Il s\u2019adresse aussi\" \/>\n<meta name=\"robots\" content=\"index, follow, max-snippet:-1, max-image-preview:large, max-video-preview:-1\" \/>\n<link rel=\"canonical\" href=\"https:\/\/vapewolinak.com\/en\/produit\/vaporesso-xros-5\/\" \/>\n<meta property=\"og:locale\" content=\"en_US\" \/>\n<meta property=\"og:type\" content=\"article\" \/>\n<meta property=\"og:title\" content=\"Vaporesso xros 5 - Vape W\u00f4linak\" \/>\n<meta property=\"og:description\" content=\"Le Vaporesso XROS 5 est le dernier mod\u00e8le de la c\u00e9l\u00e8bre gamme XROS, r\u00e9put\u00e9e pour sa simplicit\u00e9, son efficacit\u00e9 et sa qualit\u00e9 de vape. Il s\u2019adresse aussi\" \/>\n<meta property=\"og:url\" content=\"https:\/\/vapewolinak.com\/en\/produit\/vaporesso-xros-5\/\" \/>\n<meta property=\"og:site_name\" content=\"Vape W\u00f4linak\" \/>\n<meta property=\"article:modified_time\" content=\"2026-05-11T01:06:46+00:00\" \/>\n<meta property=\"og:image\" content=\"https:\/\/vapewolinak.com\/wp-content\/uploads\/2025\/05\/Vaporesso-XROS-5-all-colors.webp\" \/>\n\t<meta property=\"og:image:width\" content=\"800\" \/>\n\t<meta property=\"og:image:height\" content=\"800\" \/>\n\t<meta property=\"og:image:type\" content=\"image\/webp\" \/>\n<meta name=\"twitter:card\" content=\"summary_large_image\" \/>\n<meta name=\"twitter:label1\" content=\"Est. reading time\" \/>\n\t<meta name=\"twitter:data1\" content=\"1 minute\" \/>\n<!-- \/ Yoast SEO plugin. -->","yoast_head_json":{"title":"Vaporesso xros 5 - Vape W\u00f4linak","description":"Le Vaporesso XROS 5 est le dernier mod\u00e8le de la c\u00e9l\u00e8bre gamme XROS, r\u00e9put\u00e9e pour sa simplicit\u00e9, son efficacit\u00e9 et sa qualit\u00e9 de vape. Il s\u2019adresse aussi","robots":{"index":"index","follow":"follow","max-snippet":"max-snippet:-1","max-image-preview":"max-image-preview:large","max-video-preview":"max-video-preview:-1"},"canonical":"https:\/\/vapewolinak.com\/en\/produit\/vaporesso-xros-5\/","og_locale":"en_US","og_type":"article","og_title":"Vaporesso xros 5 - Vape W\u00f4linak","og_description":"Le Vaporesso XROS 5 est le dernier mod\u00e8le de la c\u00e9l\u00e8bre gamme XROS, r\u00e9put\u00e9e pour sa simplicit\u00e9, son efficacit\u00e9 et sa qualit\u00e9 de vape. Il s\u2019adresse aussi","og_url":"https:\/\/vapewolinak.com\/en\/produit\/vaporesso-xros-5\/","og_site_name":"Vape W\u00f4linak","article_modified_time":"2026-05-11T01:06:46+00:00","og_image":[{"width":800,"height":800,"url":"https:\/\/vapewolinak.com\/wp-content\/uploads\/2025\/05\/Vaporesso-XROS-5-all-colors.webp","type":"image\/webp"}],"twitter_card":"summary_large_image","twitter_misc":{"Est. reading time":"1 minute"},"schema":{"@context":"https:\/\/schema.org","@graph":[{"@type":"WebPage","@id":"https:\/\/vapewolinak.com\/en\/produit\/vaporesso-xros-5\/","url":"https:\/\/vapewolinak.com\/en\/produit\/vaporesso-xros-5\/","name":"Vaporesso xros 5 - Vape W\u00f4linak","isPartOf":{"@id":"https:\/\/vapewolinak.com\/en\/#website"},"primaryImageOfPage":{"@id":"https:\/\/vapewolinak.com\/en\/produit\/vaporesso-xros-5\/#primaryimage"},"image":{"@id":"https:\/\/vapewolinak.com\/en\/produit\/vaporesso-xros-5\/#primaryimage"},"thumbnailUrl":"https:\/\/vapewolinak.com\/wp-content\/uploads\/2025\/05\/Vaporesso-XROS-5-all-colors.webp","datePublished":"2025-05-29T18:17:53+00:00","dateModified":"2026-05-11T01:06:46+00:00","description":"Le Vaporesso XROS 5 est le dernier mod\u00e8le de la c\u00e9l\u00e8bre gamme XROS, r\u00e9put\u00e9e pour sa simplicit\u00e9, son efficacit\u00e9 et sa qualit\u00e9 de vape. Il s\u2019adresse aussi","breadcrumb":{"@id":"https:\/\/vapewolinak.com\/en\/produit\/vaporesso-xros-5\/#breadcrumb"},"inLanguage":"en-US","potentialAction":[{"@type":"ReadAction","target":["https:\/\/vapewolinak.com\/en\/produit\/vaporesso-xros-5\/"]}]},{"@type":"ImageObject","inLanguage":"en-US","@id":"https:\/\/vapewolinak.com\/en\/produit\/vaporesso-xros-5\/#primaryimage","url":"https:\/\/vapewolinak.com\/wp-content\/uploads\/2025\/05\/Vaporesso-XROS-5-all-colors.webp","contentUrl":"https:\/\/vapewolinak.com\/wp-content\/uploads\/2025\/05\/Vaporesso-XROS-5-all-colors.webp","width":800,"height":800},{"@type":"BreadcrumbList","@id":"https:\/\/vapewolinak.com\/en\/produit\/vaporesso-xros-5\/#breadcrumb","itemListElement":[{"@type":"ListItem","position":1,"name":"Accueil","item":"https:\/\/vapewolinak.com\/en\/accueil\/"},{"@type":"ListItem","position":2,"name":"Shop","item":"https:\/\/vapewolinak.com\/en\/shop\/"},{"@type":"ListItem","position":3,"name":"Vaporesso xros 5"}]},{"@type":"WebSite","@id":"https:\/\/vapewolinak.com\/en\/#website","url":"https:\/\/vapewolinak.com\/en\/","name":"Vape W\u00f4linak","description":"Articles et saveurs de vapotage au Qu\u00e9bec","publisher":{"@id":"https:\/\/vapewolinak.com\/en\/#organization"},"potentialAction":[{"@type":"SearchAction","target":{"@type":"EntryPoint","urlTemplate":"https:\/\/vapewolinak.com\/en\/?s={search_term_string}"},"query-input":{"@type":"PropertyValueSpecification","valueRequired":true,"valueName":"search_term_string"}}],"inLanguage":"en-US"},{"@type":"Organization","@id":"https:\/\/vapewolinak.com\/en\/#organization","name":"Vape W\u00f4linak","url":"https:\/\/vapewolinak.com\/en\/","logo":{"@type":"ImageObject","inLanguage":"en-US","@id":"https:\/\/vapewolinak.com\/en\/#\/schema\/logo\/image\/","url":"https:\/\/vapewolinak.com\/wp-content\/uploads\/2024\/01\/vapewolinak-logo-e1736438957668.png","contentUrl":"https:\/\/vapewolinak.com\/wp-content\/uploads\/2024\/01\/vapewolinak-logo-e1736438957668.png","width":538,"height":440,"caption":"Vape W\u00f4linak"},"image":{"@id":"https:\/\/vapewolinak.com\/en\/#\/schema\/logo\/image\/"}}]}},"_links":{"self":[{"href":"https:\/\/vapewolinak.com\/en\/wp-json\/wp\/v2\/product\/102359","targetHints":{"allow":["GET"]}}],"collection":[{"href":"https:\/\/vapewolinak.com\/en\/wp-json\/wp\/v2\/product"}],"about":[{"href":"https:\/\/vapewolinak.com\/en\/wp-json\/wp\/v2\/types\/product"}],"wp:featuredmedia":[{"embeddable":true,"href":"https:\/\/vapewolinak.com\/en\/wp-json\/wp\/v2\/media\/102357"}],"wp:attachment":[{"href":"https:\/\/vapewolinak.com\/en\/wp-json\/wp\/v2\/media?parent=102359"}],"wp:term":[{"taxonomy":"marque","embeddable":true,"href":"https:\/\/vapewolinak.com\/en\/wp-json\/wp\/v2\/marque?post=102359"},{"taxonomy":"saveur","embeddable":true,"href":"https:\/\/vapewolinak.com\/en\/wp-json\/wp\/v2\/saveur?post=102359"},{"taxonomy":"product_brand","embeddable":true,"href":"https:\/\/vapewolinak.com\/en\/wp-json\/wp\/v2\/product_brand?post=102359"},{"taxonomy":"product_cat","embeddable":true,"href":"https:\/\/vapewolinak.com\/en\/wp-json\/wp\/v2\/product_cat?post=102359"},{"taxonomy":"product_tag","embeddable":true,"href":"https:\/\/vapewolinak.com\/en\/wp-json\/wp\/v2\/product_tag?post=102359"}],"curies":[{"name":"wp","href":"https:\/\/api.w.org\/{rel}","templated":true}]}}