{"id":102495,"date":"2025-05-29T14:56:08","date_gmt":"2025-05-29T18:56:08","guid":{"rendered":"https:\/\/vapewolinak.com\/?post_type=product&#038;p=102495"},"modified":"2026-02-19T06:53:42","modified_gmt":"2026-02-19T11:53:42","slug":"dripn-fasta-blast-fusion-pineapple-coconut-coconut","status":"publish","type":"product","link":"https:\/\/vapewolinak.com\/en\/produit\/dripn-fasta-blast-fusion-pineapple-coconut-coconut\/","title":{"rendered":"Drip&#8217;N Fasta Blast fusion pineapple coconut &amp; coconut"},"content":{"rendered":"<p>une invitation \u00e0 l\u2019\u00e9vasion tropicale, m\u00ealant la vivacit\u00e9 exotique de l\u2019ananas \u00e0 la rondeur cr\u00e9meuse de la noix de coco<\/p>\n","protected":false},"excerpt":{"rendered":"<p>une invitation \u00e0 l\u2019\u00e9vasion tropicale, m\u00ealant la vivacit\u00e9 exotique de l\u2019ananas \u00e0 la rondeur cr\u00e9meuse de la noix de coco<\/p>\n","protected":false},"featured_media":102493,"template":"","meta":{"_acf_changed":false,"site-sidebar-layout":"default","site-content-layout":"","ast-site-content-layout":"default","site-content-style":"default","site-sidebar-style":"default","ast-global-header-display":"","ast-banner-title-visibility":"","ast-main-header-display":"","ast-hfb-above-header-display":"","ast-hfb-below-header-display":"","ast-hfb-mobile-header-display":"","site-post-title":"","ast-breadcrumbs-content":"","ast-featured-img":"","footer-sml-layout":"","ast-disable-related-posts":"","theme-transparent-header-meta":"","adv-header-id-meta":"","stick-header-meta":"","header-above-stick-meta":"","header-main-stick-meta":"","header-below-stick-meta":"","astra-migrate-meta-layouts":"default","ast-page-background-enabled":"default","ast-page-background-meta":{"desktop":{"background-color":"var(--ast-global-color-4)","background-image":"","background-repeat":"repeat","background-position":"center center","background-size":"auto","background-attachment":"scroll","background-type":"","background-media":"","overlay-type":"","overlay-color":"","overlay-opacity":"","overlay-gradient":""},"tablet":{"background-color":"","background-image":"","background-repeat":"repeat","background-position":"center center","background-size":"auto","background-attachment":"scroll","background-type":"","background-media":"","overlay-type":"","overlay-color":"","overlay-opacity":"","overlay-gradient":""},"mobile":{"background-color":"","background-image":"","background-repeat":"repeat","background-position":"center center","background-size":"auto","background-attachment":"scroll","background-type":"","background-media":"","overlay-type":"","overlay-color":"","overlay-opacity":"","overlay-gradient":""}},"ast-content-background-meta":{"desktop":{"background-color":"var(--ast-global-color-5)","background-image":"","background-repeat":"repeat","background-position":"center center","background-size":"auto","background-attachment":"scroll","background-type":"","background-media":"","overlay-type":"","overlay-color":"","overlay-opacity":"","overlay-gradient":""},"tablet":{"background-color":"var(--ast-global-color-5)","background-image":"","background-repeat":"repeat","background-position":"center center","background-size":"auto","background-attachment":"scroll","background-type":"","background-media":"","overlay-type":"","overlay-color":"","overlay-opacity":"","overlay-gradient":""},"mobile":{"background-color":"var(--ast-global-color-5)","background-image":"","background-repeat":"repeat","background-position":"center center","background-size":"auto","background-attachment":"scroll","background-type":"","background-media":"","overlay-type":"","overlay-color":"","overlay-opacity":"","overlay-gradient":""}},"_adncomm_balissage":[]},"marque":[1116],"saveur":[1142,1149],"product_brand":[],"product_cat":[475,37],"product_tag":[],"class_list":{"0":"post-102495","1":"product","2":"type-product","3":"status-publish","4":"has-post-thumbnail","6":"marque-dripn-fasta-blast","7":"saveur-ananas","8":"saveur-noix-de-coco","9":"product_cat-sans-categorie","10":"product_cat-vapes-jetables","11":"desktop-align-left","12":"tablet-align-left","13":"mobile-align-left","15":"first","16":"outofstock","17":"shipping-taxable","18":"product-type-variable"},"acf":[],"yoast_head":"<!-- This site is optimized with the Yoast SEO plugin v27.5 - https:\/\/yoast.com\/product\/yoast-seo-wordpress\/ -->\n<title>Drip&#039;N Fasta Blast fusion pineapple coconut &amp; coconut - Vape W\u00f4linak<\/title>\n<meta name=\"description\" content=\"une invitation \u00e0 l\u2019\u00e9vasion tropicale, m\u00ealant la vivacit\u00e9 exotique de l\u2019ananas \u00e0 la rondeur cr\u00e9meuse de la noix de coco\" \/>\n<meta name=\"robots\" content=\"index, follow, max-snippet:-1, max-image-preview:large, max-video-preview:-1\" \/>\n<link rel=\"canonical\" href=\"https:\/\/vapewolinak.com\/en\/produit\/dripn-fasta-blast-fusion-pineapple-coconut-coconut\/\" \/>\n<meta property=\"og:locale\" content=\"en_US\" \/>\n<meta property=\"og:type\" content=\"article\" \/>\n<meta property=\"og:title\" content=\"Drip&#039;N Fasta Blast fusion pineapple coconut &amp; coconut - Vape W\u00f4linak\" \/>\n<meta property=\"og:description\" content=\"une invitation \u00e0 l\u2019\u00e9vasion tropicale, m\u00ealant la vivacit\u00e9 exotique de l\u2019ananas \u00e0 la rondeur cr\u00e9meuse de la noix de coco\" \/>\n<meta property=\"og:url\" content=\"https:\/\/vapewolinak.com\/en\/produit\/dripn-fasta-blast-fusion-pineapple-coconut-coconut\/\" \/>\n<meta property=\"og:site_name\" content=\"Vape W\u00f4linak\" \/>\n<meta property=\"article:modified_time\" content=\"2026-02-19T11:53:42+00:00\" \/>\n<meta property=\"og:image\" content=\"https:\/\/vapewolinak.com\/wp-content\/uploads\/2025\/05\/Drip-N-Fasta-Blast-fusion-pineapple-coconut.webp\" \/>\n\t<meta property=\"og:image:width\" content=\"800\" \/>\n\t<meta property=\"og:image:height\" content=\"800\" \/>\n\t<meta property=\"og:image:type\" content=\"image\/webp\" \/>\n<meta name=\"twitter:card\" content=\"summary_large_image\" \/>\n<!-- \/ Yoast SEO plugin. -->","yoast_head_json":{"title":"Drip'N Fasta Blast fusion pineapple coconut &amp; coconut - Vape W\u00f4linak","description":"une invitation \u00e0 l\u2019\u00e9vasion tropicale, m\u00ealant la vivacit\u00e9 exotique de l\u2019ananas \u00e0 la rondeur cr\u00e9meuse de la noix de coco","robots":{"index":"index","follow":"follow","max-snippet":"max-snippet:-1","max-image-preview":"max-image-preview:large","max-video-preview":"max-video-preview:-1"},"canonical":"https:\/\/vapewolinak.com\/en\/produit\/dripn-fasta-blast-fusion-pineapple-coconut-coconut\/","og_locale":"en_US","og_type":"article","og_title":"Drip'N Fasta Blast fusion pineapple coconut &amp; coconut - Vape W\u00f4linak","og_description":"une invitation \u00e0 l\u2019\u00e9vasion tropicale, m\u00ealant la vivacit\u00e9 exotique de l\u2019ananas \u00e0 la rondeur cr\u00e9meuse de la noix de coco","og_url":"https:\/\/vapewolinak.com\/en\/produit\/dripn-fasta-blast-fusion-pineapple-coconut-coconut\/","og_site_name":"Vape W\u00f4linak","article_modified_time":"2026-02-19T11:53:42+00:00","og_image":[{"width":800,"height":800,"url":"https:\/\/vapewolinak.com\/wp-content\/uploads\/2025\/05\/Drip-N-Fasta-Blast-fusion-pineapple-coconut.webp","type":"image\/webp"}],"twitter_card":"summary_large_image","schema":{"@context":"https:\/\/schema.org","@graph":[{"@type":"WebPage","@id":"https:\/\/vapewolinak.com\/en\/produit\/dripn-fasta-blast-fusion-pineapple-coconut-coconut\/","url":"https:\/\/vapewolinak.com\/en\/produit\/dripn-fasta-blast-fusion-pineapple-coconut-coconut\/","name":"Drip'N Fasta Blast fusion pineapple coconut &amp; coconut - Vape W\u00f4linak","isPartOf":{"@id":"https:\/\/vapewolinak.com\/en\/#website"},"primaryImageOfPage":{"@id":"https:\/\/vapewolinak.com\/en\/produit\/dripn-fasta-blast-fusion-pineapple-coconut-coconut\/#primaryimage"},"image":{"@id":"https:\/\/vapewolinak.com\/en\/produit\/dripn-fasta-blast-fusion-pineapple-coconut-coconut\/#primaryimage"},"thumbnailUrl":"https:\/\/vapewolinak.com\/wp-content\/uploads\/2025\/05\/Drip-N-Fasta-Blast-fusion-pineapple-coconut.webp","datePublished":"2025-05-29T18:56:08+00:00","dateModified":"2026-02-19T11:53:42+00:00","description":"une invitation \u00e0 l\u2019\u00e9vasion tropicale, m\u00ealant la vivacit\u00e9 exotique de l\u2019ananas \u00e0 la rondeur cr\u00e9meuse de la noix de coco","breadcrumb":{"@id":"https:\/\/vapewolinak.com\/en\/produit\/dripn-fasta-blast-fusion-pineapple-coconut-coconut\/#breadcrumb"},"inLanguage":"en-US","potentialAction":[{"@type":"ReadAction","target":["https:\/\/vapewolinak.com\/en\/produit\/dripn-fasta-blast-fusion-pineapple-coconut-coconut\/"]}]},{"@type":"ImageObject","inLanguage":"en-US","@id":"https:\/\/vapewolinak.com\/en\/produit\/dripn-fasta-blast-fusion-pineapple-coconut-coconut\/#primaryimage","url":"https:\/\/vapewolinak.com\/wp-content\/uploads\/2025\/05\/Drip-N-Fasta-Blast-fusion-pineapple-coconut.webp","contentUrl":"https:\/\/vapewolinak.com\/wp-content\/uploads\/2025\/05\/Drip-N-Fasta-Blast-fusion-pineapple-coconut.webp","width":800,"height":800},{"@type":"BreadcrumbList","@id":"https:\/\/vapewolinak.com\/en\/produit\/dripn-fasta-blast-fusion-pineapple-coconut-coconut\/#breadcrumb","itemListElement":[{"@type":"ListItem","position":1,"name":"Accueil","item":"https:\/\/vapewolinak.com\/en\/accueil\/"},{"@type":"ListItem","position":2,"name":"Shop","item":"https:\/\/vapewolinak.com\/en\/shop\/"},{"@type":"ListItem","position":3,"name":"Drip&rsquo;N Fasta Blast fusion pineapple coconut &amp; coconut"}]},{"@type":"WebSite","@id":"https:\/\/vapewolinak.com\/en\/#website","url":"https:\/\/vapewolinak.com\/en\/","name":"Vape W\u00f4linak","description":"Articles et saveurs de vapotage au Qu\u00e9bec","publisher":{"@id":"https:\/\/vapewolinak.com\/en\/#organization"},"potentialAction":[{"@type":"SearchAction","target":{"@type":"EntryPoint","urlTemplate":"https:\/\/vapewolinak.com\/en\/?s={search_term_string}"},"query-input":{"@type":"PropertyValueSpecification","valueRequired":true,"valueName":"search_term_string"}}],"inLanguage":"en-US"},{"@type":"Organization","@id":"https:\/\/vapewolinak.com\/en\/#organization","name":"Vape W\u00f4linak","url":"https:\/\/vapewolinak.com\/en\/","logo":{"@type":"ImageObject","inLanguage":"en-US","@id":"https:\/\/vapewolinak.com\/en\/#\/schema\/logo\/image\/","url":"https:\/\/vapewolinak.com\/wp-content\/uploads\/2024\/01\/vapewolinak-logo-e1736438957668.png","contentUrl":"https:\/\/vapewolinak.com\/wp-content\/uploads\/2024\/01\/vapewolinak-logo-e1736438957668.png","width":538,"height":440,"caption":"Vape W\u00f4linak"},"image":{"@id":"https:\/\/vapewolinak.com\/en\/#\/schema\/logo\/image\/"}}]}},"_links":{"self":[{"href":"https:\/\/vapewolinak.com\/en\/wp-json\/wp\/v2\/product\/102495","targetHints":{"allow":["GET"]}}],"collection":[{"href":"https:\/\/vapewolinak.com\/en\/wp-json\/wp\/v2\/product"}],"about":[{"href":"https:\/\/vapewolinak.com\/en\/wp-json\/wp\/v2\/types\/product"}],"wp:featuredmedia":[{"embeddable":true,"href":"https:\/\/vapewolinak.com\/en\/wp-json\/wp\/v2\/media\/102493"}],"wp:attachment":[{"href":"https:\/\/vapewolinak.com\/en\/wp-json\/wp\/v2\/media?parent=102495"}],"wp:term":[{"taxonomy":"marque","embeddable":true,"href":"https:\/\/vapewolinak.com\/en\/wp-json\/wp\/v2\/marque?post=102495"},{"taxonomy":"saveur","embeddable":true,"href":"https:\/\/vapewolinak.com\/en\/wp-json\/wp\/v2\/saveur?post=102495"},{"taxonomy":"product_brand","embeddable":true,"href":"https:\/\/vapewolinak.com\/en\/wp-json\/wp\/v2\/product_brand?post=102495"},{"taxonomy":"product_cat","embeddable":true,"href":"https:\/\/vapewolinak.com\/en\/wp-json\/wp\/v2\/product_cat?post=102495"},{"taxonomy":"product_tag","embeddable":true,"href":"https:\/\/vapewolinak.com\/en\/wp-json\/wp\/v2\/product_tag?post=102495"}],"curies":[{"name":"wp","href":"https:\/\/api.w.org\/{rel}","templated":true}]}}