{"id":102531,"date":"2025-05-29T14:58:25","date_gmt":"2025-05-29T18:58:25","guid":{"rendered":"https:\/\/vapewolinak.com\/?post_type=product&#038;p=102531"},"modified":"2026-02-19T06:54:35","modified_gmt":"2026-02-19T11:54:35","slug":"dripn-fasta-blast-triple-berry-ice","status":"publish","type":"product","link":"https:\/\/vapewolinak.com\/en\/produit\/dripn-fasta-blast-triple-berry-ice\/","title":{"rendered":"Drip&#8217;N Fasta Blast sour triple berry ice"},"content":{"rendered":"<p>un m\u00e9lange fruit\u00e9 et vibrant qui combine trois baies embl\u00e9matiques pour offrir une exp\u00e9rience gustative riche, sucr\u00e9e et l\u00e9g\u00e8rement acidul\u00e9e.<\/p>\n","protected":false},"excerpt":{"rendered":"<p>un m\u00e9lange fruit\u00e9 et vibrant qui combine trois baies embl\u00e9matiques pour offrir une exp\u00e9rience gustative riche, sucr\u00e9e et l\u00e9g\u00e8rement acidul\u00e9e.<\/p>\n","protected":false},"featured_media":102529,"template":"","meta":{"_acf_changed":false,"site-sidebar-layout":"default","site-content-layout":"","ast-site-content-layout":"default","site-content-style":"default","site-sidebar-style":"default","ast-global-header-display":"","ast-banner-title-visibility":"","ast-main-header-display":"","ast-hfb-above-header-display":"","ast-hfb-below-header-display":"","ast-hfb-mobile-header-display":"","site-post-title":"","ast-breadcrumbs-content":"","ast-featured-img":"","footer-sml-layout":"","ast-disable-related-posts":"","theme-transparent-header-meta":"","adv-header-id-meta":"","stick-header-meta":"","header-above-stick-meta":"","header-main-stick-meta":"","header-below-stick-meta":"","astra-migrate-meta-layouts":"default","ast-page-background-enabled":"default","ast-page-background-meta":{"desktop":{"background-color":"var(--ast-global-color-4)","background-image":"","background-repeat":"repeat","background-position":"center center","background-size":"auto","background-attachment":"scroll","background-type":"","background-media":"","overlay-type":"","overlay-color":"","overlay-opacity":"","overlay-gradient":""},"tablet":{"background-color":"","background-image":"","background-repeat":"repeat","background-position":"center center","background-size":"auto","background-attachment":"scroll","background-type":"","background-media":"","overlay-type":"","overlay-color":"","overlay-opacity":"","overlay-gradient":""},"mobile":{"background-color":"","background-image":"","background-repeat":"repeat","background-position":"center center","background-size":"auto","background-attachment":"scroll","background-type":"","background-media":"","overlay-type":"","overlay-color":"","overlay-opacity":"","overlay-gradient":""}},"ast-content-background-meta":{"desktop":{"background-color":"var(--ast-global-color-5)","background-image":"","background-repeat":"repeat","background-position":"center center","background-size":"auto","background-attachment":"scroll","background-type":"","background-media":"","overlay-type":"","overlay-color":"","overlay-opacity":"","overlay-gradient":""},"tablet":{"background-color":"var(--ast-global-color-5)","background-image":"","background-repeat":"repeat","background-position":"center center","background-size":"auto","background-attachment":"scroll","background-type":"","background-media":"","overlay-type":"","overlay-color":"","overlay-opacity":"","overlay-gradient":""},"mobile":{"background-color":"var(--ast-global-color-5)","background-image":"","background-repeat":"repeat","background-position":"center center","background-size":"auto","background-attachment":"scroll","background-type":"","background-media":"","overlay-type":"","overlay-color":"","overlay-opacity":"","overlay-gradient":""}},"_adncomm_balissage":[]},"marque":[1116],"saveur":[1143],"product_brand":[],"product_cat":[475,37],"product_tag":[],"class_list":{"0":"post-102531","1":"product","2":"type-product","3":"status-publish","4":"has-post-thumbnail","6":"marque-dripn-fasta-blast","7":"saveur-baie","8":"product_cat-sans-categorie","9":"product_cat-vapes-jetables","10":"desktop-align-left","11":"tablet-align-left","12":"mobile-align-left","14":"first","15":"outofstock","16":"shipping-taxable","17":"product-type-variable"},"acf":[],"yoast_head":"<!-- This site is optimized with the Yoast SEO plugin v27.4 - https:\/\/yoast.com\/product\/yoast-seo-wordpress\/ -->\n<title>Drip&#039;N Fasta Blast sour triple berry ice - Vape W\u00f4linak<\/title>\n<meta name=\"description\" content=\"un m\u00e9lange fruit\u00e9 et vibrant qui combine trois baies embl\u00e9matiques pour offrir une exp\u00e9rience gustative riche, sucr\u00e9e et l\u00e9g\u00e8rement acidul\u00e9e.\" \/>\n<meta name=\"robots\" content=\"index, follow, max-snippet:-1, max-image-preview:large, max-video-preview:-1\" \/>\n<link rel=\"canonical\" href=\"https:\/\/vapewolinak.com\/en\/produit\/dripn-fasta-blast-triple-berry-ice\/\" \/>\n<meta property=\"og:locale\" content=\"en_US\" \/>\n<meta property=\"og:type\" content=\"article\" \/>\n<meta property=\"og:title\" content=\"Drip&#039;N Fasta Blast sour triple berry ice - Vape W\u00f4linak\" \/>\n<meta property=\"og:description\" content=\"un m\u00e9lange fruit\u00e9 et vibrant qui combine trois baies embl\u00e9matiques pour offrir une exp\u00e9rience gustative riche, sucr\u00e9e et l\u00e9g\u00e8rement acidul\u00e9e.\" \/>\n<meta property=\"og:url\" content=\"https:\/\/vapewolinak.com\/en\/produit\/dripn-fasta-blast-triple-berry-ice\/\" \/>\n<meta property=\"og:site_name\" content=\"Vape W\u00f4linak\" \/>\n<meta property=\"article:modified_time\" content=\"2026-02-19T11:54:35+00:00\" \/>\n<meta property=\"og:image\" content=\"https:\/\/vapewolinak.com\/wp-content\/uploads\/2025\/05\/Fasta-Blast-30K-triple-berry.webp\" \/>\n\t<meta property=\"og:image:width\" content=\"800\" \/>\n\t<meta property=\"og:image:height\" content=\"800\" \/>\n\t<meta property=\"og:image:type\" content=\"image\/webp\" \/>\n<meta name=\"twitter:card\" content=\"summary_large_image\" \/>\n<!-- \/ Yoast SEO plugin. -->","yoast_head_json":{"title":"Drip'N Fasta Blast sour triple berry ice - Vape W\u00f4linak","description":"un m\u00e9lange fruit\u00e9 et vibrant qui combine trois baies embl\u00e9matiques pour offrir une exp\u00e9rience gustative riche, sucr\u00e9e et l\u00e9g\u00e8rement acidul\u00e9e.","robots":{"index":"index","follow":"follow","max-snippet":"max-snippet:-1","max-image-preview":"max-image-preview:large","max-video-preview":"max-video-preview:-1"},"canonical":"https:\/\/vapewolinak.com\/en\/produit\/dripn-fasta-blast-triple-berry-ice\/","og_locale":"en_US","og_type":"article","og_title":"Drip'N Fasta Blast sour triple berry ice - Vape W\u00f4linak","og_description":"un m\u00e9lange fruit\u00e9 et vibrant qui combine trois baies embl\u00e9matiques pour offrir une exp\u00e9rience gustative riche, sucr\u00e9e et l\u00e9g\u00e8rement acidul\u00e9e.","og_url":"https:\/\/vapewolinak.com\/en\/produit\/dripn-fasta-blast-triple-berry-ice\/","og_site_name":"Vape W\u00f4linak","article_modified_time":"2026-02-19T11:54:35+00:00","og_image":[{"width":800,"height":800,"url":"https:\/\/vapewolinak.com\/wp-content\/uploads\/2025\/05\/Fasta-Blast-30K-triple-berry.webp","type":"image\/webp"}],"twitter_card":"summary_large_image","schema":{"@context":"https:\/\/schema.org","@graph":[{"@type":"WebPage","@id":"https:\/\/vapewolinak.com\/en\/produit\/dripn-fasta-blast-triple-berry-ice\/","url":"https:\/\/vapewolinak.com\/en\/produit\/dripn-fasta-blast-triple-berry-ice\/","name":"Drip'N Fasta Blast sour triple berry ice - Vape W\u00f4linak","isPartOf":{"@id":"https:\/\/vapewolinak.com\/en\/#website"},"primaryImageOfPage":{"@id":"https:\/\/vapewolinak.com\/en\/produit\/dripn-fasta-blast-triple-berry-ice\/#primaryimage"},"image":{"@id":"https:\/\/vapewolinak.com\/en\/produit\/dripn-fasta-blast-triple-berry-ice\/#primaryimage"},"thumbnailUrl":"https:\/\/vapewolinak.com\/wp-content\/uploads\/2025\/05\/Fasta-Blast-30K-triple-berry.webp","datePublished":"2025-05-29T18:58:25+00:00","dateModified":"2026-02-19T11:54:35+00:00","description":"un m\u00e9lange fruit\u00e9 et vibrant qui combine trois baies embl\u00e9matiques pour offrir une exp\u00e9rience gustative riche, sucr\u00e9e et l\u00e9g\u00e8rement acidul\u00e9e.","breadcrumb":{"@id":"https:\/\/vapewolinak.com\/en\/produit\/dripn-fasta-blast-triple-berry-ice\/#breadcrumb"},"inLanguage":"en-US","potentialAction":[{"@type":"ReadAction","target":["https:\/\/vapewolinak.com\/en\/produit\/dripn-fasta-blast-triple-berry-ice\/"]}]},{"@type":"ImageObject","inLanguage":"en-US","@id":"https:\/\/vapewolinak.com\/en\/produit\/dripn-fasta-blast-triple-berry-ice\/#primaryimage","url":"https:\/\/vapewolinak.com\/wp-content\/uploads\/2025\/05\/Fasta-Blast-30K-triple-berry.webp","contentUrl":"https:\/\/vapewolinak.com\/wp-content\/uploads\/2025\/05\/Fasta-Blast-30K-triple-berry.webp","width":800,"height":800},{"@type":"BreadcrumbList","@id":"https:\/\/vapewolinak.com\/en\/produit\/dripn-fasta-blast-triple-berry-ice\/#breadcrumb","itemListElement":[{"@type":"ListItem","position":1,"name":"Accueil","item":"https:\/\/vapewolinak.com\/en\/accueil\/"},{"@type":"ListItem","position":2,"name":"Shop","item":"https:\/\/vapewolinak.com\/en\/shop\/"},{"@type":"ListItem","position":3,"name":"Drip&rsquo;N Fasta Blast sour triple berry ice"}]},{"@type":"WebSite","@id":"https:\/\/vapewolinak.com\/en\/#website","url":"https:\/\/vapewolinak.com\/en\/","name":"Vape W\u00f4linak","description":"Articles et saveurs de vapotage au Qu\u00e9bec","publisher":{"@id":"https:\/\/vapewolinak.com\/en\/#organization"},"potentialAction":[{"@type":"SearchAction","target":{"@type":"EntryPoint","urlTemplate":"https:\/\/vapewolinak.com\/en\/?s={search_term_string}"},"query-input":{"@type":"PropertyValueSpecification","valueRequired":true,"valueName":"search_term_string"}}],"inLanguage":"en-US"},{"@type":"Organization","@id":"https:\/\/vapewolinak.com\/en\/#organization","name":"Vape W\u00f4linak","url":"https:\/\/vapewolinak.com\/en\/","logo":{"@type":"ImageObject","inLanguage":"en-US","@id":"https:\/\/vapewolinak.com\/en\/#\/schema\/logo\/image\/","url":"https:\/\/vapewolinak.com\/wp-content\/uploads\/2024\/01\/vapewolinak-logo-e1736438957668.png","contentUrl":"https:\/\/vapewolinak.com\/wp-content\/uploads\/2024\/01\/vapewolinak-logo-e1736438957668.png","width":538,"height":440,"caption":"Vape W\u00f4linak"},"image":{"@id":"https:\/\/vapewolinak.com\/en\/#\/schema\/logo\/image\/"}}]}},"_links":{"self":[{"href":"https:\/\/vapewolinak.com\/en\/wp-json\/wp\/v2\/product\/102531","targetHints":{"allow":["GET"]}}],"collection":[{"href":"https:\/\/vapewolinak.com\/en\/wp-json\/wp\/v2\/product"}],"about":[{"href":"https:\/\/vapewolinak.com\/en\/wp-json\/wp\/v2\/types\/product"}],"wp:featuredmedia":[{"embeddable":true,"href":"https:\/\/vapewolinak.com\/en\/wp-json\/wp\/v2\/media\/102529"}],"wp:attachment":[{"href":"https:\/\/vapewolinak.com\/en\/wp-json\/wp\/v2\/media?parent=102531"}],"wp:term":[{"taxonomy":"marque","embeddable":true,"href":"https:\/\/vapewolinak.com\/en\/wp-json\/wp\/v2\/marque?post=102531"},{"taxonomy":"saveur","embeddable":true,"href":"https:\/\/vapewolinak.com\/en\/wp-json\/wp\/v2\/saveur?post=102531"},{"taxonomy":"product_brand","embeddable":true,"href":"https:\/\/vapewolinak.com\/en\/wp-json\/wp\/v2\/product_brand?post=102531"},{"taxonomy":"product_cat","embeddable":true,"href":"https:\/\/vapewolinak.com\/en\/wp-json\/wp\/v2\/product_cat?post=102531"},{"taxonomy":"product_tag","embeddable":true,"href":"https:\/\/vapewolinak.com\/en\/wp-json\/wp\/v2\/product_tag?post=102531"}],"curies":[{"name":"wp","href":"https:\/\/api.w.org\/{rel}","templated":true}]}}