{"id":121528,"date":"2025-08-05T11:43:53","date_gmt":"2025-08-05T15:43:53","guid":{"rendered":"https:\/\/vapewolinak.com\/?post_type=product&#038;p=121528"},"modified":"2026-03-18T17:45:28","modified_gmt":"2026-03-18T21:45:28","slug":"mr-fog-doozy-apple-grape-blackcurrant","status":"publish","type":"product","link":"https:\/\/vapewolinak.com\/en\/produit\/mr-fog-doozy-apple-grape-blackcurrant\/","title":{"rendered":"Mr fog doozy apple grape blackcurrant"},"content":{"rendered":"<p>propose un m\u00e9lange fruit\u00e9 riche et complexe. La pomme croquante ouvre la danse avec sa fra\u00eecheur l\u00e9g\u00e8rement acidul\u00e9e, rapidement suivie par le go\u00fbt sucr\u00e9 et juteux du raisin<\/p>\n","protected":false},"excerpt":{"rendered":"<p>propose un m\u00e9lange fruit\u00e9 riche et complexe. La pomme croquante ouvre la danse avec sa fra\u00eecheur l\u00e9g\u00e8rement acidul\u00e9e, rapidement suivie [&hellip;]<\/p>\n","protected":false},"featured_media":121526,"template":"","meta":{"_acf_changed":false,"site-sidebar-layout":"default","site-content-layout":"","ast-site-content-layout":"default","site-content-style":"default","site-sidebar-style":"default","ast-global-header-display":"","ast-banner-title-visibility":"","ast-main-header-display":"","ast-hfb-above-header-display":"","ast-hfb-below-header-display":"","ast-hfb-mobile-header-display":"","site-post-title":"","ast-breadcrumbs-content":"","ast-featured-img":"","footer-sml-layout":"","ast-disable-related-posts":"","theme-transparent-header-meta":"default","adv-header-id-meta":"","stick-header-meta":"","header-above-stick-meta":"","header-main-stick-meta":"","header-below-stick-meta":"","astra-migrate-meta-layouts":"set","ast-page-background-enabled":"default","ast-page-background-meta":{"desktop":{"background-color":"var(--ast-global-color-4)","background-image":"","background-repeat":"repeat","background-position":"center center","background-size":"auto","background-attachment":"scroll","background-type":"","background-media":"","overlay-type":"","overlay-color":"","overlay-opacity":"","overlay-gradient":""},"tablet":{"background-color":"","background-image":"","background-repeat":"repeat","background-position":"center center","background-size":"auto","background-attachment":"scroll","background-type":"","background-media":"","overlay-type":"","overlay-color":"","overlay-opacity":"","overlay-gradient":""},"mobile":{"background-color":"","background-image":"","background-repeat":"repeat","background-position":"center center","background-size":"auto","background-attachment":"scroll","background-type":"","background-media":"","overlay-type":"","overlay-color":"","overlay-opacity":"","overlay-gradient":""}},"ast-content-background-meta":{"desktop":{"background-color":"var(--ast-global-color-5)","background-image":"","background-repeat":"repeat","background-position":"center center","background-size":"auto","background-attachment":"scroll","background-type":"","background-media":"","overlay-type":"","overlay-color":"","overlay-opacity":"","overlay-gradient":""},"tablet":{"background-color":"var(--ast-global-color-5)","background-image":"","background-repeat":"repeat","background-position":"center center","background-size":"auto","background-attachment":"scroll","background-type":"","background-media":"","overlay-type":"","overlay-color":"","overlay-opacity":"","overlay-gradient":""},"mobile":{"background-color":"var(--ast-global-color-5)","background-image":"","background-repeat":"repeat","background-position":"center center","background-size":"auto","background-attachment":"scroll","background-type":"","background-media":"","overlay-type":"","overlay-color":"","overlay-opacity":"","overlay-gradient":""}},"_adncomm_balissage":[]},"marque":[1274],"saveur":[1191,1163,1165],"product_brand":[],"product_cat":[475,37],"product_tag":[],"class_list":{"0":"post-121528","1":"product","2":"type-product","3":"status-publish","4":"has-post-thumbnail","6":"marque-mr-fog-doozy","7":"saveur-mure","8":"saveur-pomme","9":"saveur-raisin","10":"product_cat-sans-categorie","11":"product_cat-vapes-jetables","12":"desktop-align-left","13":"tablet-align-left","14":"mobile-align-left","16":"first","17":"instock","18":"shipping-taxable","19":"purchasable","20":"product-type-variable"},"acf":[],"yoast_head":"<!-- This site is optimized with the Yoast SEO plugin v27.4 - https:\/\/yoast.com\/product\/yoast-seo-wordpress\/ -->\n<title>Mr fog doozy apple grape blackcurrant - Vape W\u00f4linak<\/title>\n<meta name=\"description\" content=\"propose un m\u00e9lange fruit\u00e9 riche et complexe. La pomme croquante ouvre la danse avec sa fra\u00eecheur l\u00e9g\u00e8rement acidul\u00e9e, rapidement suivie par le go\u00fbt sucr\u00e9\" \/>\n<meta name=\"robots\" content=\"index, follow, max-snippet:-1, max-image-preview:large, max-video-preview:-1\" \/>\n<link rel=\"canonical\" href=\"https:\/\/vapewolinak.com\/en\/produit\/mr-fog-doozy-apple-grape-blackcurrant\/\" \/>\n<meta property=\"og:locale\" content=\"en_US\" \/>\n<meta property=\"og:type\" content=\"article\" \/>\n<meta property=\"og:title\" content=\"Mr fog doozy apple grape blackcurrant - Vape W\u00f4linak\" \/>\n<meta property=\"og:description\" content=\"propose un m\u00e9lange fruit\u00e9 riche et complexe. La pomme croquante ouvre la danse avec sa fra\u00eecheur l\u00e9g\u00e8rement acidul\u00e9e, rapidement suivie par le go\u00fbt sucr\u00e9\" \/>\n<meta property=\"og:url\" content=\"https:\/\/vapewolinak.com\/en\/produit\/mr-fog-doozy-apple-grape-blackcurrant\/\" \/>\n<meta property=\"og:site_name\" content=\"Vape W\u00f4linak\" \/>\n<meta property=\"article:modified_time\" content=\"2026-03-18T21:45:28+00:00\" \/>\n<meta property=\"og:image\" content=\"https:\/\/vapewolinak.com\/wp-content\/uploads\/2025\/08\/Mr-fog-doozy-apple-grape-blackcurrant.png\" \/>\n\t<meta property=\"og:image:width\" content=\"1024\" \/>\n\t<meta property=\"og:image:height\" content=\"1024\" \/>\n\t<meta property=\"og:image:type\" content=\"image\/png\" \/>\n<meta name=\"twitter:card\" content=\"summary_large_image\" \/>\n<meta name=\"twitter:label1\" content=\"Est. reading time\" \/>\n\t<meta name=\"twitter:data1\" content=\"1 minute\" \/>\n<!-- \/ Yoast SEO plugin. -->","yoast_head_json":{"title":"Mr fog doozy apple grape blackcurrant - Vape W\u00f4linak","description":"propose un m\u00e9lange fruit\u00e9 riche et complexe. La pomme croquante ouvre la danse avec sa fra\u00eecheur l\u00e9g\u00e8rement acidul\u00e9e, rapidement suivie par le go\u00fbt sucr\u00e9","robots":{"index":"index","follow":"follow","max-snippet":"max-snippet:-1","max-image-preview":"max-image-preview:large","max-video-preview":"max-video-preview:-1"},"canonical":"https:\/\/vapewolinak.com\/en\/produit\/mr-fog-doozy-apple-grape-blackcurrant\/","og_locale":"en_US","og_type":"article","og_title":"Mr fog doozy apple grape blackcurrant - Vape W\u00f4linak","og_description":"propose un m\u00e9lange fruit\u00e9 riche et complexe. La pomme croquante ouvre la danse avec sa fra\u00eecheur l\u00e9g\u00e8rement acidul\u00e9e, rapidement suivie par le go\u00fbt sucr\u00e9","og_url":"https:\/\/vapewolinak.com\/en\/produit\/mr-fog-doozy-apple-grape-blackcurrant\/","og_site_name":"Vape W\u00f4linak","article_modified_time":"2026-03-18T21:45:28+00:00","og_image":[{"width":1024,"height":1024,"url":"https:\/\/vapewolinak.com\/wp-content\/uploads\/2025\/08\/Mr-fog-doozy-apple-grape-blackcurrant.png","type":"image\/png"}],"twitter_card":"summary_large_image","twitter_misc":{"Est. reading time":"1 minute"},"schema":{"@context":"https:\/\/schema.org","@graph":[{"@type":"WebPage","@id":"https:\/\/vapewolinak.com\/en\/produit\/mr-fog-doozy-apple-grape-blackcurrant\/","url":"https:\/\/vapewolinak.com\/en\/produit\/mr-fog-doozy-apple-grape-blackcurrant\/","name":"Mr fog doozy apple grape blackcurrant - Vape W\u00f4linak","isPartOf":{"@id":"https:\/\/vapewolinak.com\/en\/#website"},"primaryImageOfPage":{"@id":"https:\/\/vapewolinak.com\/en\/produit\/mr-fog-doozy-apple-grape-blackcurrant\/#primaryimage"},"image":{"@id":"https:\/\/vapewolinak.com\/en\/produit\/mr-fog-doozy-apple-grape-blackcurrant\/#primaryimage"},"thumbnailUrl":"https:\/\/vapewolinak.com\/wp-content\/uploads\/2025\/08\/Mr-fog-doozy-apple-grape-blackcurrant.png","datePublished":"2025-08-05T15:43:53+00:00","dateModified":"2026-03-18T21:45:28+00:00","description":"propose un m\u00e9lange fruit\u00e9 riche et complexe. La pomme croquante ouvre la danse avec sa fra\u00eecheur l\u00e9g\u00e8rement acidul\u00e9e, rapidement suivie par le go\u00fbt sucr\u00e9","breadcrumb":{"@id":"https:\/\/vapewolinak.com\/en\/produit\/mr-fog-doozy-apple-grape-blackcurrant\/#breadcrumb"},"inLanguage":"en-US","potentialAction":[{"@type":"ReadAction","target":["https:\/\/vapewolinak.com\/en\/produit\/mr-fog-doozy-apple-grape-blackcurrant\/"]}]},{"@type":"ImageObject","inLanguage":"en-US","@id":"https:\/\/vapewolinak.com\/en\/produit\/mr-fog-doozy-apple-grape-blackcurrant\/#primaryimage","url":"https:\/\/vapewolinak.com\/wp-content\/uploads\/2025\/08\/Mr-fog-doozy-apple-grape-blackcurrant.png","contentUrl":"https:\/\/vapewolinak.com\/wp-content\/uploads\/2025\/08\/Mr-fog-doozy-apple-grape-blackcurrant.png","width":1024,"height":1024},{"@type":"BreadcrumbList","@id":"https:\/\/vapewolinak.com\/en\/produit\/mr-fog-doozy-apple-grape-blackcurrant\/#breadcrumb","itemListElement":[{"@type":"ListItem","position":1,"name":"Accueil","item":"https:\/\/vapewolinak.com\/en\/accueil\/"},{"@type":"ListItem","position":2,"name":"Shop","item":"https:\/\/vapewolinak.com\/en\/shop\/"},{"@type":"ListItem","position":3,"name":"Mr fog doozy apple grape blackcurrant"}]},{"@type":"WebSite","@id":"https:\/\/vapewolinak.com\/en\/#website","url":"https:\/\/vapewolinak.com\/en\/","name":"Vape W\u00f4linak","description":"Articles et saveurs de vapotage au Qu\u00e9bec","publisher":{"@id":"https:\/\/vapewolinak.com\/en\/#organization"},"potentialAction":[{"@type":"SearchAction","target":{"@type":"EntryPoint","urlTemplate":"https:\/\/vapewolinak.com\/en\/?s={search_term_string}"},"query-input":{"@type":"PropertyValueSpecification","valueRequired":true,"valueName":"search_term_string"}}],"inLanguage":"en-US"},{"@type":"Organization","@id":"https:\/\/vapewolinak.com\/en\/#organization","name":"Vape W\u00f4linak","url":"https:\/\/vapewolinak.com\/en\/","logo":{"@type":"ImageObject","inLanguage":"en-US","@id":"https:\/\/vapewolinak.com\/en\/#\/schema\/logo\/image\/","url":"https:\/\/vapewolinak.com\/wp-content\/uploads\/2024\/01\/vapewolinak-logo-e1736438957668.png","contentUrl":"https:\/\/vapewolinak.com\/wp-content\/uploads\/2024\/01\/vapewolinak-logo-e1736438957668.png","width":538,"height":440,"caption":"Vape W\u00f4linak"},"image":{"@id":"https:\/\/vapewolinak.com\/en\/#\/schema\/logo\/image\/"}}]}},"_links":{"self":[{"href":"https:\/\/vapewolinak.com\/en\/wp-json\/wp\/v2\/product\/121528","targetHints":{"allow":["GET"]}}],"collection":[{"href":"https:\/\/vapewolinak.com\/en\/wp-json\/wp\/v2\/product"}],"about":[{"href":"https:\/\/vapewolinak.com\/en\/wp-json\/wp\/v2\/types\/product"}],"wp:featuredmedia":[{"embeddable":true,"href":"https:\/\/vapewolinak.com\/en\/wp-json\/wp\/v2\/media\/121526"}],"wp:attachment":[{"href":"https:\/\/vapewolinak.com\/en\/wp-json\/wp\/v2\/media?parent=121528"}],"wp:term":[{"taxonomy":"marque","embeddable":true,"href":"https:\/\/vapewolinak.com\/en\/wp-json\/wp\/v2\/marque?post=121528"},{"taxonomy":"saveur","embeddable":true,"href":"https:\/\/vapewolinak.com\/en\/wp-json\/wp\/v2\/saveur?post=121528"},{"taxonomy":"product_brand","embeddable":true,"href":"https:\/\/vapewolinak.com\/en\/wp-json\/wp\/v2\/product_brand?post=121528"},{"taxonomy":"product_cat","embeddable":true,"href":"https:\/\/vapewolinak.com\/en\/wp-json\/wp\/v2\/product_cat?post=121528"},{"taxonomy":"product_tag","embeddable":true,"href":"https:\/\/vapewolinak.com\/en\/wp-json\/wp\/v2\/product_tag?post=121528"}],"curies":[{"name":"wp","href":"https:\/\/api.w.org\/{rel}","templated":true}]}}