{"id":126630,"date":"2025-08-22T08:13:18","date_gmt":"2025-08-22T12:13:18","guid":{"rendered":"https:\/\/vapewolinak.com\/?post_type=product&#038;p=126630"},"modified":"2026-05-12T15:46:03","modified_gmt":"2026-05-12T19:46:03","slug":"ohm-boyz-drip-city-shaman-60ml-maple-nuts-brandy-tobacco","status":"publish","type":"product","link":"https:\/\/vapewolinak.com\/en\/produit\/ohm-boyz-drip-city-shaman-60ml-maple-nuts-brandy-tobacco\/","title":{"rendered":"Ohmboyz drip city Shaman 60ml maple nuts brandy tobacco"},"content":{"rendered":"<p>Une alliance riche et \u00e9l\u00e9gante ! La douceur caram\u00e9lis\u00e9e du sirop d\u2019\u00e9rable se marie au croquant toast\u00e9 des noix, le tout r\u00e9chauff\u00e9 par une note envo\u00fbtante de brandy<\/p>\n","protected":false},"excerpt":{"rendered":"<p>Une alliance riche et \u00e9l\u00e9gante ! La douceur caram\u00e9lis\u00e9e du sirop d\u2019\u00e9rable se marie au croquant toast\u00e9 des noix, le [&hellip;]<\/p>\n","protected":false},"featured_media":126628,"template":"","meta":{"_acf_changed":false,"site-sidebar-layout":"default","site-content-layout":"","ast-site-content-layout":"default","site-content-style":"default","site-sidebar-style":"default","ast-global-header-display":"","ast-banner-title-visibility":"","ast-main-header-display":"","ast-hfb-above-header-display":"","ast-hfb-below-header-display":"","ast-hfb-mobile-header-display":"","site-post-title":"","ast-breadcrumbs-content":"","ast-featured-img":"","footer-sml-layout":"","ast-disable-related-posts":"","theme-transparent-header-meta":"","adv-header-id-meta":"","stick-header-meta":"","header-above-stick-meta":"","header-main-stick-meta":"","header-below-stick-meta":"","astra-migrate-meta-layouts":"default","ast-page-background-enabled":"default","ast-page-background-meta":{"desktop":{"background-color":"var(--ast-global-color-4)","background-image":"","background-repeat":"repeat","background-position":"center center","background-size":"auto","background-attachment":"scroll","background-type":"","background-media":"","overlay-type":"","overlay-color":"","overlay-opacity":"","overlay-gradient":""},"tablet":{"background-color":"","background-image":"","background-repeat":"repeat","background-position":"center center","background-size":"auto","background-attachment":"scroll","background-type":"","background-media":"","overlay-type":"","overlay-color":"","overlay-opacity":"","overlay-gradient":""},"mobile":{"background-color":"","background-image":"","background-repeat":"repeat","background-position":"center center","background-size":"auto","background-attachment":"scroll","background-type":"","background-media":"","overlay-type":"","overlay-color":"","overlay-opacity":"","overlay-gradient":""}},"ast-content-background-meta":{"desktop":{"background-color":"var(--ast-global-color-5)","background-image":"","background-repeat":"repeat","background-position":"center center","background-size":"auto","background-attachment":"scroll","background-type":"","background-media":"","overlay-type":"","overlay-color":"","overlay-opacity":"","overlay-gradient":""},"tablet":{"background-color":"var(--ast-global-color-5)","background-image":"","background-repeat":"repeat","background-position":"center center","background-size":"auto","background-attachment":"scroll","background-type":"","background-media":"","overlay-type":"","overlay-color":"","overlay-opacity":"","overlay-gradient":""},"mobile":{"background-color":"var(--ast-global-color-5)","background-image":"","background-repeat":"repeat","background-position":"center center","background-size":"auto","background-attachment":"scroll","background-type":"","background-media":"","overlay-type":"","overlay-color":"","overlay-opacity":"","overlay-gradient":""}},"_adncomm_balissage":[]},"marque":[1291],"saveur":[1236],"product_brand":[],"product_cat":[34,475],"product_tag":[],"class_list":{"0":"post-126630","1":"product","2":"type-product","3":"status-publish","4":"has-post-thumbnail","6":"marque-ohmboyz-drip-city-60ml","7":"saveur-tabac","8":"product_cat-liquides","9":"product_cat-sans-categorie","10":"desktop-align-left","11":"tablet-align-left","12":"mobile-align-left","14":"first","15":"instock","16":"shipping-taxable","17":"purchasable","18":"product-type-variable"},"acf":[],"yoast_head":"<!-- This site is optimized with the Yoast SEO plugin v27.6 - https:\/\/yoast.com\/product\/yoast-seo-wordpress\/ -->\n<title>Ohmboyz drip city Shaman 60ml maple nuts brandy tobacco - Vape W\u00f4linak<\/title>\n<meta name=\"description\" content=\"Une alliance riche et \u00e9l\u00e9gante ! La douceur caram\u00e9lis\u00e9e du sirop d\u2019\u00e9rable se marie au croquant toast\u00e9 des noix, le tout r\u00e9chauff\u00e9 par une note envo\u00fbtante\" \/>\n<meta name=\"robots\" content=\"index, follow, max-snippet:-1, max-image-preview:large, max-video-preview:-1\" \/>\n<link rel=\"canonical\" href=\"https:\/\/vapewolinak.com\/en\/produit\/ohm-boyz-drip-city-shaman-60ml-maple-nuts-brandy-tobacco\/\" \/>\n<meta property=\"og:locale\" content=\"en_US\" \/>\n<meta property=\"og:type\" content=\"article\" \/>\n<meta property=\"og:title\" content=\"Ohmboyz drip city Shaman 60ml maple nuts brandy tobacco - Vape W\u00f4linak\" \/>\n<meta property=\"og:description\" content=\"Une alliance riche et \u00e9l\u00e9gante ! La douceur caram\u00e9lis\u00e9e du sirop d\u2019\u00e9rable se marie au croquant toast\u00e9 des noix, le tout r\u00e9chauff\u00e9 par une note envo\u00fbtante\" \/>\n<meta property=\"og:url\" content=\"https:\/\/vapewolinak.com\/en\/produit\/ohm-boyz-drip-city-shaman-60ml-maple-nuts-brandy-tobacco\/\" \/>\n<meta property=\"og:site_name\" content=\"Vape W\u00f4linak\" \/>\n<meta property=\"article:modified_time\" content=\"2026-05-12T19:46:03+00:00\" \/>\n<meta property=\"og:image\" content=\"https:\/\/vapewolinak.com\/wp-content\/uploads\/2025\/08\/shaman-1024x1024.png\" \/>\n\t<meta property=\"og:image:width\" content=\"1024\" \/>\n\t<meta property=\"og:image:height\" content=\"1024\" \/>\n\t<meta property=\"og:image:type\" content=\"image\/png\" \/>\n<meta name=\"twitter:card\" content=\"summary_large_image\" \/>\n<!-- \/ Yoast SEO plugin. -->","yoast_head_json":{"title":"Ohmboyz drip city Shaman 60ml maple nuts brandy tobacco - Vape W\u00f4linak","description":"Une alliance riche et \u00e9l\u00e9gante ! La douceur caram\u00e9lis\u00e9e du sirop d\u2019\u00e9rable se marie au croquant toast\u00e9 des noix, le tout r\u00e9chauff\u00e9 par une note envo\u00fbtante","robots":{"index":"index","follow":"follow","max-snippet":"max-snippet:-1","max-image-preview":"max-image-preview:large","max-video-preview":"max-video-preview:-1"},"canonical":"https:\/\/vapewolinak.com\/en\/produit\/ohm-boyz-drip-city-shaman-60ml-maple-nuts-brandy-tobacco\/","og_locale":"en_US","og_type":"article","og_title":"Ohmboyz drip city Shaman 60ml maple nuts brandy tobacco - Vape W\u00f4linak","og_description":"Une alliance riche et \u00e9l\u00e9gante ! La douceur caram\u00e9lis\u00e9e du sirop d\u2019\u00e9rable se marie au croquant toast\u00e9 des noix, le tout r\u00e9chauff\u00e9 par une note envo\u00fbtante","og_url":"https:\/\/vapewolinak.com\/en\/produit\/ohm-boyz-drip-city-shaman-60ml-maple-nuts-brandy-tobacco\/","og_site_name":"Vape W\u00f4linak","article_modified_time":"2026-05-12T19:46:03+00:00","og_image":[{"width":1024,"height":1024,"url":"https:\/\/vapewolinak.com\/wp-content\/uploads\/2025\/08\/shaman-1024x1024.png","type":"image\/png"}],"twitter_card":"summary_large_image","schema":{"@context":"https:\/\/schema.org","@graph":[{"@type":"WebPage","@id":"https:\/\/vapewolinak.com\/en\/produit\/ohm-boyz-drip-city-shaman-60ml-maple-nuts-brandy-tobacco\/","url":"https:\/\/vapewolinak.com\/en\/produit\/ohm-boyz-drip-city-shaman-60ml-maple-nuts-brandy-tobacco\/","name":"Ohmboyz drip city Shaman 60ml maple nuts brandy tobacco - Vape W\u00f4linak","isPartOf":{"@id":"https:\/\/vapewolinak.com\/en\/#website"},"primaryImageOfPage":{"@id":"https:\/\/vapewolinak.com\/en\/produit\/ohm-boyz-drip-city-shaman-60ml-maple-nuts-brandy-tobacco\/#primaryimage"},"image":{"@id":"https:\/\/vapewolinak.com\/en\/produit\/ohm-boyz-drip-city-shaman-60ml-maple-nuts-brandy-tobacco\/#primaryimage"},"thumbnailUrl":"https:\/\/vapewolinak.com\/wp-content\/uploads\/2025\/08\/shaman.png","datePublished":"2025-08-22T12:13:18+00:00","dateModified":"2026-05-12T19:46:03+00:00","description":"Une alliance riche et \u00e9l\u00e9gante ! La douceur caram\u00e9lis\u00e9e du sirop d\u2019\u00e9rable se marie au croquant toast\u00e9 des noix, le tout r\u00e9chauff\u00e9 par une note envo\u00fbtante","breadcrumb":{"@id":"https:\/\/vapewolinak.com\/en\/produit\/ohm-boyz-drip-city-shaman-60ml-maple-nuts-brandy-tobacco\/#breadcrumb"},"inLanguage":"en-US","potentialAction":[{"@type":"ReadAction","target":["https:\/\/vapewolinak.com\/en\/produit\/ohm-boyz-drip-city-shaman-60ml-maple-nuts-brandy-tobacco\/"]}]},{"@type":"ImageObject","inLanguage":"en-US","@id":"https:\/\/vapewolinak.com\/en\/produit\/ohm-boyz-drip-city-shaman-60ml-maple-nuts-brandy-tobacco\/#primaryimage","url":"https:\/\/vapewolinak.com\/wp-content\/uploads\/2025\/08\/shaman.png","contentUrl":"https:\/\/vapewolinak.com\/wp-content\/uploads\/2025\/08\/shaman.png","width":1200,"height":1200},{"@type":"BreadcrumbList","@id":"https:\/\/vapewolinak.com\/en\/produit\/ohm-boyz-drip-city-shaman-60ml-maple-nuts-brandy-tobacco\/#breadcrumb","itemListElement":[{"@type":"ListItem","position":1,"name":"Accueil","item":"https:\/\/vapewolinak.com\/en\/accueil\/"},{"@type":"ListItem","position":2,"name":"Shop","item":"https:\/\/vapewolinak.com\/en\/shop\/"},{"@type":"ListItem","position":3,"name":"Ohmboyz drip city Shaman 60ml maple nuts brandy tobacco"}]},{"@type":"WebSite","@id":"https:\/\/vapewolinak.com\/en\/#website","url":"https:\/\/vapewolinak.com\/en\/","name":"Vape W\u00f4linak","description":"Articles et saveurs de vapotage au Qu\u00e9bec","publisher":{"@id":"https:\/\/vapewolinak.com\/en\/#organization"},"potentialAction":[{"@type":"SearchAction","target":{"@type":"EntryPoint","urlTemplate":"https:\/\/vapewolinak.com\/en\/?s={search_term_string}"},"query-input":{"@type":"PropertyValueSpecification","valueRequired":true,"valueName":"search_term_string"}}],"inLanguage":"en-US"},{"@type":"Organization","@id":"https:\/\/vapewolinak.com\/en\/#organization","name":"Vape W\u00f4linak","url":"https:\/\/vapewolinak.com\/en\/","logo":{"@type":"ImageObject","inLanguage":"en-US","@id":"https:\/\/vapewolinak.com\/en\/#\/schema\/logo\/image\/","url":"https:\/\/vapewolinak.com\/wp-content\/uploads\/2024\/01\/vapewolinak-logo-e1736438957668.png","contentUrl":"https:\/\/vapewolinak.com\/wp-content\/uploads\/2024\/01\/vapewolinak-logo-e1736438957668.png","width":538,"height":440,"caption":"Vape W\u00f4linak"},"image":{"@id":"https:\/\/vapewolinak.com\/en\/#\/schema\/logo\/image\/"}}]}},"_links":{"self":[{"href":"https:\/\/vapewolinak.com\/en\/wp-json\/wp\/v2\/product\/126630","targetHints":{"allow":["GET"]}}],"collection":[{"href":"https:\/\/vapewolinak.com\/en\/wp-json\/wp\/v2\/product"}],"about":[{"href":"https:\/\/vapewolinak.com\/en\/wp-json\/wp\/v2\/types\/product"}],"wp:featuredmedia":[{"embeddable":true,"href":"https:\/\/vapewolinak.com\/en\/wp-json\/wp\/v2\/media\/126628"}],"wp:attachment":[{"href":"https:\/\/vapewolinak.com\/en\/wp-json\/wp\/v2\/media?parent=126630"}],"wp:term":[{"taxonomy":"marque","embeddable":true,"href":"https:\/\/vapewolinak.com\/en\/wp-json\/wp\/v2\/marque?post=126630"},{"taxonomy":"saveur","embeddable":true,"href":"https:\/\/vapewolinak.com\/en\/wp-json\/wp\/v2\/saveur?post=126630"},{"taxonomy":"product_brand","embeddable":true,"href":"https:\/\/vapewolinak.com\/en\/wp-json\/wp\/v2\/product_brand?post=126630"},{"taxonomy":"product_cat","embeddable":true,"href":"https:\/\/vapewolinak.com\/en\/wp-json\/wp\/v2\/product_cat?post=126630"},{"taxonomy":"product_tag","embeddable":true,"href":"https:\/\/vapewolinak.com\/en\/wp-json\/wp\/v2\/product_tag?post=126630"}],"curies":[{"name":"wp","href":"https:\/\/api.w.org\/{rel}","templated":true}]}}