{"id":143935,"date":"2025-10-17T11:31:05","date_gmt":"2025-10-17T15:31:05","guid":{"rendered":"https:\/\/vapewolinak.com\/produit\/geek-bar-pulse-x-platinum-edition-watermelon-ice\/"},"modified":"2026-04-17T16:20:40","modified_gmt":"2026-04-17T20:20:40","slug":"geek-bar-pulse-x-platinum-edition-watermelon-ice","status":"publish","type":"product","link":"https:\/\/vapewolinak.com\/en\/produit\/geek-bar-pulse-x-platinum-edition-watermelon-ice\/","title":{"rendered":"geek bar pulse x platinum edition watermelon ice"},"content":{"rendered":"<article class=\"text-token-text-primary w-full focus:outline-none [--shadow-height:45px] has-data-writing-block:pointer-events-none has-data-writing-block:-mt-(--shadow-height) has-data-writing-block:pt-(--shadow-height) [&amp;:has([data-writing-block])&gt;*]:pointer-events-auto [content-visibility:auto] supports-[content-visibility:auto]:[contain-intrinsic-size:auto_100lvh] scroll-mt-[calc(var(--header-height)+min(200px,max(70px,20svh)))]\" dir=\"auto\" data-turn-id=\"request-WEB:7db8cadd-b6fc-49c6-8eb1-d3879753a591-7\" data-testid=\"conversation-turn-16\" data-scroll-anchor=\"true\" data-turn=\"assistant\">\n<div class=\"text-base my-auto mx-auto pb-10 [--thread-content-margin:--spacing(4)] thread-sm:[--thread-content-margin:--spacing(6)] thread-lg:[--thread-content-margin:--spacing(16)] px-(--thread-content-margin)\">\n<div class=\"[--thread-content-max-width:40rem] thread-lg:[--thread-content-max-width:48rem] mx-auto max-w-(--thread-content-max-width) flex-1 group\/turn-messages focus-visible:outline-hidden relative flex w-full min-w-0 flex-col agent-turn\">\n<div class=\"flex max-w-full flex-col grow\">\n<div data-message-author-role=\"assistant\" data-message-id=\"952e3d14-31bb-4b14-af4a-053237e7029b\" dir=\"auto\" class=\"min-h-8 text-message relative flex w-full flex-col items-end gap-2 text-start break-words whitespace-normal [.text-message+&amp;]:mt-1\" data-message-model-slug=\"gpt-5\">\n<div class=\"flex w-full flex-col gap-1 empty:hidden first:pt-[1px]\">\n<div class=\"markdown prose dark:prose-invert w-full break-words light markdown-new-styling\">\n<p data-start=\"0\" data-end=\"190\">Un go\u00fbt rafra\u00eechissant de past\u00e8que juteuse m\u00eal\u00e9 \u00e0 une touche glac\u00e9e \u2014 une vape douce et fruit\u00e9e avec une note de fra\u00eecheur.<\/p>\n<\/div>\n<\/div>\n<\/div>\n<\/div>\n<div class=\"z-0 flex min-h-[46px] justify-start\"><\/div>\n<div class=\"mt-3 w-full empty:hidden\">\n<div class=\"text-center\"><\/div>\n<\/div>\n<\/div>\n<\/div>\n<\/article>\n","protected":false},"excerpt":{"rendered":"<p>Un go\u00fbt rafra\u00eechissant de past\u00e8que juteuse m\u00eal\u00e9 \u00e0 une touche glac\u00e9e \u2014 une vape douce et fruit\u00e9e avec une note [&hellip;]<\/p>\n","protected":false},"featured_media":143933,"template":"","meta":{"_acf_changed":false,"site-sidebar-layout":"default","site-content-layout":"","ast-site-content-layout":"default","site-content-style":"default","site-sidebar-style":"default","ast-global-header-display":"","ast-banner-title-visibility":"","ast-main-header-display":"","ast-hfb-above-header-display":"","ast-hfb-below-header-display":"","ast-hfb-mobile-header-display":"","site-post-title":"","ast-breadcrumbs-content":"","ast-featured-img":"","footer-sml-layout":"","ast-disable-related-posts":"","theme-transparent-header-meta":"","adv-header-id-meta":"","stick-header-meta":"","header-above-stick-meta":"","header-main-stick-meta":"","header-below-stick-meta":"","astra-migrate-meta-layouts":"default","ast-page-background-enabled":"default","ast-page-background-meta":{"desktop":{"background-color":"var(--ast-global-color-4)","background-image":"","background-repeat":"repeat","background-position":"center center","background-size":"auto","background-attachment":"scroll","background-type":"","background-media":"","overlay-type":"","overlay-color":"","overlay-opacity":"","overlay-gradient":""},"tablet":{"background-color":"","background-image":"","background-repeat":"repeat","background-position":"center center","background-size":"auto","background-attachment":"scroll","background-type":"","background-media":"","overlay-type":"","overlay-color":"","overlay-opacity":"","overlay-gradient":""},"mobile":{"background-color":"","background-image":"","background-repeat":"repeat","background-position":"center center","background-size":"auto","background-attachment":"scroll","background-type":"","background-media":"","overlay-type":"","overlay-color":"","overlay-opacity":"","overlay-gradient":""}},"ast-content-background-meta":{"desktop":{"background-color":"var(--ast-global-color-5)","background-image":"","background-repeat":"repeat","background-position":"center center","background-size":"auto","background-attachment":"scroll","background-type":"","background-media":"","overlay-type":"","overlay-color":"","overlay-opacity":"","overlay-gradient":""},"tablet":{"background-color":"var(--ast-global-color-5)","background-image":"","background-repeat":"repeat","background-position":"center center","background-size":"auto","background-attachment":"scroll","background-type":"","background-media":"","overlay-type":"","overlay-color":"","overlay-opacity":"","overlay-gradient":""},"mobile":{"background-color":"var(--ast-global-color-5)","background-image":"","background-repeat":"repeat","background-position":"center center","background-size":"auto","background-attachment":"scroll","background-type":"","background-media":"","overlay-type":"","overlay-color":"","overlay-opacity":"","overlay-gradient":""}},"_adncomm_balissage":[]},"marque":[1379],"saveur":[],"product_brand":[],"product_cat":[475,37],"product_tag":[],"class_list":{"0":"post-143935","1":"product","2":"type-product","3":"status-publish","4":"has-post-thumbnail","6":"marque-geek-bar-pulse-x-platinum-edition","7":"product_cat-sans-categorie","8":"product_cat-vapes-jetables","9":"desktop-align-left","10":"tablet-align-left","11":"mobile-align-left","13":"first","14":"instock","15":"shipping-taxable","16":"product-type-variable"},"acf":[],"yoast_head":"<!-- This site is optimized with the Yoast SEO plugin v27.4 - https:\/\/yoast.com\/product\/yoast-seo-wordpress\/ -->\n<title>geek bar pulse x platinum edition watermelon ice - Vape W\u00f4linak<\/title>\n<meta name=\"description\" content=\"Un go\u00fbt rafra\u00eechissant de past\u00e8que juteuse m\u00eal\u00e9 \u00e0 une touche glac\u00e9e \u2014 une vape douce et fruit\u00e9e avec une note de fra\u00eecheur.\" \/>\n<meta name=\"robots\" content=\"index, follow, max-snippet:-1, max-image-preview:large, max-video-preview:-1\" \/>\n<link rel=\"canonical\" href=\"https:\/\/vapewolinak.com\/en\/produit\/geek-bar-pulse-x-platinum-edition-watermelon-ice\/\" \/>\n<meta property=\"og:locale\" content=\"en_US\" \/>\n<meta property=\"og:type\" content=\"article\" \/>\n<meta property=\"og:title\" content=\"geek bar pulse x platinum edition watermelon ice - Vape W\u00f4linak\" \/>\n<meta property=\"og:description\" content=\"Un go\u00fbt rafra\u00eechissant de past\u00e8que juteuse m\u00eal\u00e9 \u00e0 une touche glac\u00e9e \u2014 une vape douce et fruit\u00e9e avec une note de fra\u00eecheur.\" \/>\n<meta property=\"og:url\" content=\"https:\/\/vapewolinak.com\/en\/produit\/geek-bar-pulse-x-platinum-edition-watermelon-ice\/\" \/>\n<meta property=\"og:site_name\" content=\"Vape W\u00f4linak\" \/>\n<meta property=\"article:modified_time\" content=\"2026-04-17T20:20:40+00:00\" \/>\n<meta property=\"og:image\" content=\"https:\/\/vapewolinak.com\/wp-content\/uploads\/2025\/10\/geek-bar-pulse-x-platinum-edition-watermelon-ice.webp\" \/>\n\t<meta property=\"og:image:width\" content=\"800\" \/>\n\t<meta property=\"og:image:height\" content=\"800\" \/>\n\t<meta property=\"og:image:type\" content=\"image\/webp\" \/>\n<meta name=\"twitter:card\" content=\"summary_large_image\" \/>\n<!-- \/ Yoast SEO plugin. -->","yoast_head_json":{"title":"geek bar pulse x platinum edition watermelon ice - Vape W\u00f4linak","description":"Un go\u00fbt rafra\u00eechissant de past\u00e8que juteuse m\u00eal\u00e9 \u00e0 une touche glac\u00e9e \u2014 une vape douce et fruit\u00e9e avec une note de fra\u00eecheur.","robots":{"index":"index","follow":"follow","max-snippet":"max-snippet:-1","max-image-preview":"max-image-preview:large","max-video-preview":"max-video-preview:-1"},"canonical":"https:\/\/vapewolinak.com\/en\/produit\/geek-bar-pulse-x-platinum-edition-watermelon-ice\/","og_locale":"en_US","og_type":"article","og_title":"geek bar pulse x platinum edition watermelon ice - Vape W\u00f4linak","og_description":"Un go\u00fbt rafra\u00eechissant de past\u00e8que juteuse m\u00eal\u00e9 \u00e0 une touche glac\u00e9e \u2014 une vape douce et fruit\u00e9e avec une note de fra\u00eecheur.","og_url":"https:\/\/vapewolinak.com\/en\/produit\/geek-bar-pulse-x-platinum-edition-watermelon-ice\/","og_site_name":"Vape W\u00f4linak","article_modified_time":"2026-04-17T20:20:40+00:00","og_image":[{"width":800,"height":800,"url":"https:\/\/vapewolinak.com\/wp-content\/uploads\/2025\/10\/geek-bar-pulse-x-platinum-edition-watermelon-ice.webp","type":"image\/webp"}],"twitter_card":"summary_large_image","schema":{"@context":"https:\/\/schema.org","@graph":[{"@type":"WebPage","@id":"https:\/\/vapewolinak.com\/en\/produit\/geek-bar-pulse-x-platinum-edition-watermelon-ice\/","url":"https:\/\/vapewolinak.com\/en\/produit\/geek-bar-pulse-x-platinum-edition-watermelon-ice\/","name":"geek bar pulse x platinum edition watermelon ice - Vape W\u00f4linak","isPartOf":{"@id":"https:\/\/vapewolinak.com\/en\/#website"},"primaryImageOfPage":{"@id":"https:\/\/vapewolinak.com\/en\/produit\/geek-bar-pulse-x-platinum-edition-watermelon-ice\/#primaryimage"},"image":{"@id":"https:\/\/vapewolinak.com\/en\/produit\/geek-bar-pulse-x-platinum-edition-watermelon-ice\/#primaryimage"},"thumbnailUrl":"https:\/\/vapewolinak.com\/wp-content\/uploads\/2025\/10\/geek-bar-pulse-x-platinum-edition-watermelon-ice.webp","datePublished":"2025-10-17T15:31:05+00:00","dateModified":"2026-04-17T20:20:40+00:00","description":"Un go\u00fbt rafra\u00eechissant de past\u00e8que juteuse m\u00eal\u00e9 \u00e0 une touche glac\u00e9e \u2014 une vape douce et fruit\u00e9e avec une note de fra\u00eecheur.","breadcrumb":{"@id":"https:\/\/vapewolinak.com\/en\/produit\/geek-bar-pulse-x-platinum-edition-watermelon-ice\/#breadcrumb"},"inLanguage":"en-US","potentialAction":[{"@type":"ReadAction","target":["https:\/\/vapewolinak.com\/en\/produit\/geek-bar-pulse-x-platinum-edition-watermelon-ice\/"]}]},{"@type":"ImageObject","inLanguage":"en-US","@id":"https:\/\/vapewolinak.com\/en\/produit\/geek-bar-pulse-x-platinum-edition-watermelon-ice\/#primaryimage","url":"https:\/\/vapewolinak.com\/wp-content\/uploads\/2025\/10\/geek-bar-pulse-x-platinum-edition-watermelon-ice.webp","contentUrl":"https:\/\/vapewolinak.com\/wp-content\/uploads\/2025\/10\/geek-bar-pulse-x-platinum-edition-watermelon-ice.webp","width":800,"height":800},{"@type":"BreadcrumbList","@id":"https:\/\/vapewolinak.com\/en\/produit\/geek-bar-pulse-x-platinum-edition-watermelon-ice\/#breadcrumb","itemListElement":[{"@type":"ListItem","position":1,"name":"Accueil","item":"https:\/\/vapewolinak.com\/en\/accueil\/"},{"@type":"ListItem","position":2,"name":"Shop","item":"https:\/\/vapewolinak.com\/en\/shop\/"},{"@type":"ListItem","position":3,"name":"geek bar pulse x platinum edition watermelon ice"}]},{"@type":"WebSite","@id":"https:\/\/vapewolinak.com\/en\/#website","url":"https:\/\/vapewolinak.com\/en\/","name":"Vape W\u00f4linak","description":"Articles et saveurs de vapotage au Qu\u00e9bec","publisher":{"@id":"https:\/\/vapewolinak.com\/en\/#organization"},"potentialAction":[{"@type":"SearchAction","target":{"@type":"EntryPoint","urlTemplate":"https:\/\/vapewolinak.com\/en\/?s={search_term_string}"},"query-input":{"@type":"PropertyValueSpecification","valueRequired":true,"valueName":"search_term_string"}}],"inLanguage":"en-US"},{"@type":"Organization","@id":"https:\/\/vapewolinak.com\/en\/#organization","name":"Vape W\u00f4linak","url":"https:\/\/vapewolinak.com\/en\/","logo":{"@type":"ImageObject","inLanguage":"en-US","@id":"https:\/\/vapewolinak.com\/en\/#\/schema\/logo\/image\/","url":"https:\/\/vapewolinak.com\/wp-content\/uploads\/2024\/01\/vapewolinak-logo-e1736438957668.png","contentUrl":"https:\/\/vapewolinak.com\/wp-content\/uploads\/2024\/01\/vapewolinak-logo-e1736438957668.png","width":538,"height":440,"caption":"Vape W\u00f4linak"},"image":{"@id":"https:\/\/vapewolinak.com\/en\/#\/schema\/logo\/image\/"}}]}},"_links":{"self":[{"href":"https:\/\/vapewolinak.com\/en\/wp-json\/wp\/v2\/product\/143935","targetHints":{"allow":["GET"]}}],"collection":[{"href":"https:\/\/vapewolinak.com\/en\/wp-json\/wp\/v2\/product"}],"about":[{"href":"https:\/\/vapewolinak.com\/en\/wp-json\/wp\/v2\/types\/product"}],"wp:featuredmedia":[{"embeddable":true,"href":"https:\/\/vapewolinak.com\/en\/wp-json\/wp\/v2\/media\/143933"}],"wp:attachment":[{"href":"https:\/\/vapewolinak.com\/en\/wp-json\/wp\/v2\/media?parent=143935"}],"wp:term":[{"taxonomy":"marque","embeddable":true,"href":"https:\/\/vapewolinak.com\/en\/wp-json\/wp\/v2\/marque?post=143935"},{"taxonomy":"saveur","embeddable":true,"href":"https:\/\/vapewolinak.com\/en\/wp-json\/wp\/v2\/saveur?post=143935"},{"taxonomy":"product_brand","embeddable":true,"href":"https:\/\/vapewolinak.com\/en\/wp-json\/wp\/v2\/product_brand?post=143935"},{"taxonomy":"product_cat","embeddable":true,"href":"https:\/\/vapewolinak.com\/en\/wp-json\/wp\/v2\/product_cat?post=143935"},{"taxonomy":"product_tag","embeddable":true,"href":"https:\/\/vapewolinak.com\/en\/wp-json\/wp\/v2\/product_tag?post=143935"}],"curies":[{"name":"wp","href":"https:\/\/api.w.org\/{rel}","templated":true}]}}