{"id":146272,"date":"2025-10-24T14:58:32","date_gmt":"2025-10-24T18:58:32","guid":{"rendered":"https:\/\/vapewolinak.com\/produit\/mojo-pouch-caramel-mocha\/"},"modified":"2026-04-10T19:52:12","modified_gmt":"2026-04-10T23:52:12","slug":"mojo-pouch-caramel-mocha","status":"publish","type":"product","link":"https:\/\/vapewolinak.com\/en\/produit\/mojo-pouch-caramel-mocha\/","title":{"rendered":"Mojo Pouch Caramel Mocha"},"content":{"rendered":"<p>Le Mojo Pouch Caramel Mocha offre un go\u00fbt riche et doux de caramel cr\u00e9meux m\u00e9lang\u00e9 \u00e0 un mocha caf\u00e9-chocolat<\/p>\n","protected":false},"excerpt":{"rendered":"<p>Le Mojo Pouch Caramel Mocha offre un go\u00fbt riche et doux de caramel cr\u00e9meux m\u00e9lang\u00e9 \u00e0 un mocha caf\u00e9-chocolat<\/p>\n","protected":false},"featured_media":146270,"template":"","meta":{"_acf_changed":false,"site-sidebar-layout":"default","site-content-layout":"","ast-site-content-layout":"default","site-content-style":"default","site-sidebar-style":"default","ast-global-header-display":"","ast-banner-title-visibility":"","ast-main-header-display":"","ast-hfb-above-header-display":"","ast-hfb-below-header-display":"","ast-hfb-mobile-header-display":"","site-post-title":"","ast-breadcrumbs-content":"","ast-featured-img":"","footer-sml-layout":"","ast-disable-related-posts":"","theme-transparent-header-meta":"","adv-header-id-meta":"","stick-header-meta":"","header-above-stick-meta":"","header-main-stick-meta":"","header-below-stick-meta":"","astra-migrate-meta-layouts":"default","ast-page-background-enabled":"default","ast-page-background-meta":{"desktop":{"background-color":"var(--ast-global-color-4)","background-image":"","background-repeat":"repeat","background-position":"center center","background-size":"auto","background-attachment":"scroll","background-type":"","background-media":"","overlay-type":"","overlay-color":"","overlay-opacity":"","overlay-gradient":""},"tablet":{"background-color":"","background-image":"","background-repeat":"repeat","background-position":"center center","background-size":"auto","background-attachment":"scroll","background-type":"","background-media":"","overlay-type":"","overlay-color":"","overlay-opacity":"","overlay-gradient":""},"mobile":{"background-color":"","background-image":"","background-repeat":"repeat","background-position":"center center","background-size":"auto","background-attachment":"scroll","background-type":"","background-media":"","overlay-type":"","overlay-color":"","overlay-opacity":"","overlay-gradient":""}},"ast-content-background-meta":{"desktop":{"background-color":"var(--ast-global-color-5)","background-image":"","background-repeat":"repeat","background-position":"center center","background-size":"auto","background-attachment":"scroll","background-type":"","background-media":"","overlay-type":"","overlay-color":"","overlay-opacity":"","overlay-gradient":""},"tablet":{"background-color":"var(--ast-global-color-5)","background-image":"","background-repeat":"repeat","background-position":"center center","background-size":"auto","background-attachment":"scroll","background-type":"","background-media":"","overlay-type":"","overlay-color":"","overlay-opacity":"","overlay-gradient":""},"mobile":{"background-color":"var(--ast-global-color-5)","background-image":"","background-repeat":"repeat","background-position":"center center","background-size":"auto","background-attachment":"scroll","background-type":"","background-media":"","overlay-type":"","overlay-color":"","overlay-opacity":"","overlay-gradient":""}},"_adncomm_balissage":[]},"marque":[1382],"saveur":[],"product_brand":[],"product_cat":[905,475],"product_tag":[],"class_list":{"0":"post-146272","1":"product","2":"type-product","3":"status-publish","4":"has-post-thumbnail","6":"marque-mojo-caffeine-pouches","7":"product_cat-sachets-de-nicotine","8":"product_cat-sans-categorie","9":"desktop-align-left","10":"tablet-align-left","11":"mobile-align-left","13":"first","14":"outofstock","15":"shipping-taxable","16":"purchasable","17":"product-type-simple"},"acf":[],"yoast_head":"<!-- This site is optimized with the Yoast SEO plugin v27.4 - https:\/\/yoast.com\/product\/yoast-seo-wordpress\/ -->\n<title>Mojo Pouch Caramel Mocha - Vape W\u00f4linak<\/title>\n<meta name=\"description\" content=\"Le Mojo Pouch Caramel Mocha offre un go\u00fbt riche et doux de caramel cr\u00e9meux m\u00e9lang\u00e9 \u00e0 un mocha caf\u00e9-chocolat\" \/>\n<meta name=\"robots\" content=\"index, follow, max-snippet:-1, max-image-preview:large, max-video-preview:-1\" \/>\n<link rel=\"canonical\" href=\"https:\/\/vapewolinak.com\/en\/produit\/mojo-pouch-caramel-mocha\/\" \/>\n<meta property=\"og:locale\" content=\"en_US\" \/>\n<meta property=\"og:type\" content=\"article\" \/>\n<meta property=\"og:title\" content=\"Mojo Pouch Caramel Mocha - Vape W\u00f4linak\" \/>\n<meta property=\"og:description\" content=\"Le Mojo Pouch Caramel Mocha offre un go\u00fbt riche et doux de caramel cr\u00e9meux m\u00e9lang\u00e9 \u00e0 un mocha caf\u00e9-chocolat\" \/>\n<meta property=\"og:url\" content=\"https:\/\/vapewolinak.com\/en\/produit\/mojo-pouch-caramel-mocha\/\" \/>\n<meta property=\"og:site_name\" content=\"Vape W\u00f4linak\" \/>\n<meta property=\"article:modified_time\" content=\"2026-04-10T23:52:12+00:00\" \/>\n<meta property=\"og:image\" content=\"https:\/\/vapewolinak.com\/wp-content\/uploads\/2025\/10\/Mojo_Carmel-Mocha_Can_600x600_bb88cb24-f730-4157-9dfb-4c3d772060b1.webp\" \/>\n\t<meta property=\"og:image:width\" content=\"600\" \/>\n\t<meta property=\"og:image:height\" content=\"600\" \/>\n\t<meta property=\"og:image:type\" content=\"image\/webp\" \/>\n<meta name=\"twitter:card\" content=\"summary_large_image\" \/>\n<!-- \/ Yoast SEO plugin. -->","yoast_head_json":{"title":"Mojo Pouch Caramel Mocha - Vape W\u00f4linak","description":"Le Mojo Pouch Caramel Mocha offre un go\u00fbt riche et doux de caramel cr\u00e9meux m\u00e9lang\u00e9 \u00e0 un mocha caf\u00e9-chocolat","robots":{"index":"index","follow":"follow","max-snippet":"max-snippet:-1","max-image-preview":"max-image-preview:large","max-video-preview":"max-video-preview:-1"},"canonical":"https:\/\/vapewolinak.com\/en\/produit\/mojo-pouch-caramel-mocha\/","og_locale":"en_US","og_type":"article","og_title":"Mojo Pouch Caramel Mocha - Vape W\u00f4linak","og_description":"Le Mojo Pouch Caramel Mocha offre un go\u00fbt riche et doux de caramel cr\u00e9meux m\u00e9lang\u00e9 \u00e0 un mocha caf\u00e9-chocolat","og_url":"https:\/\/vapewolinak.com\/en\/produit\/mojo-pouch-caramel-mocha\/","og_site_name":"Vape W\u00f4linak","article_modified_time":"2026-04-10T23:52:12+00:00","og_image":[{"width":600,"height":600,"url":"https:\/\/vapewolinak.com\/wp-content\/uploads\/2025\/10\/Mojo_Carmel-Mocha_Can_600x600_bb88cb24-f730-4157-9dfb-4c3d772060b1.webp","type":"image\/webp"}],"twitter_card":"summary_large_image","schema":{"@context":"https:\/\/schema.org","@graph":[{"@type":"WebPage","@id":"https:\/\/vapewolinak.com\/en\/produit\/mojo-pouch-caramel-mocha\/","url":"https:\/\/vapewolinak.com\/en\/produit\/mojo-pouch-caramel-mocha\/","name":"Mojo Pouch Caramel Mocha - Vape W\u00f4linak","isPartOf":{"@id":"https:\/\/vapewolinak.com\/en\/#website"},"primaryImageOfPage":{"@id":"https:\/\/vapewolinak.com\/en\/produit\/mojo-pouch-caramel-mocha\/#primaryimage"},"image":{"@id":"https:\/\/vapewolinak.com\/en\/produit\/mojo-pouch-caramel-mocha\/#primaryimage"},"thumbnailUrl":"https:\/\/vapewolinak.com\/wp-content\/uploads\/2025\/10\/Mojo_Carmel-Mocha_Can_600x600_bb88cb24-f730-4157-9dfb-4c3d772060b1.webp","datePublished":"2025-10-24T18:58:32+00:00","dateModified":"2026-04-10T23:52:12+00:00","description":"Le Mojo Pouch Caramel Mocha offre un go\u00fbt riche et doux de caramel cr\u00e9meux m\u00e9lang\u00e9 \u00e0 un mocha caf\u00e9-chocolat","breadcrumb":{"@id":"https:\/\/vapewolinak.com\/en\/produit\/mojo-pouch-caramel-mocha\/#breadcrumb"},"inLanguage":"en-US","potentialAction":[{"@type":"ReadAction","target":["https:\/\/vapewolinak.com\/en\/produit\/mojo-pouch-caramel-mocha\/"]}]},{"@type":"ImageObject","inLanguage":"en-US","@id":"https:\/\/vapewolinak.com\/en\/produit\/mojo-pouch-caramel-mocha\/#primaryimage","url":"https:\/\/vapewolinak.com\/wp-content\/uploads\/2025\/10\/Mojo_Carmel-Mocha_Can_600x600_bb88cb24-f730-4157-9dfb-4c3d772060b1.webp","contentUrl":"https:\/\/vapewolinak.com\/wp-content\/uploads\/2025\/10\/Mojo_Carmel-Mocha_Can_600x600_bb88cb24-f730-4157-9dfb-4c3d772060b1.webp","width":600,"height":600},{"@type":"BreadcrumbList","@id":"https:\/\/vapewolinak.com\/en\/produit\/mojo-pouch-caramel-mocha\/#breadcrumb","itemListElement":[{"@type":"ListItem","position":1,"name":"Accueil","item":"https:\/\/vapewolinak.com\/en\/accueil\/"},{"@type":"ListItem","position":2,"name":"Shop","item":"https:\/\/vapewolinak.com\/en\/shop\/"},{"@type":"ListItem","position":3,"name":"Mojo Pouch Caramel Mocha"}]},{"@type":"WebSite","@id":"https:\/\/vapewolinak.com\/en\/#website","url":"https:\/\/vapewolinak.com\/en\/","name":"Vape W\u00f4linak","description":"Articles et saveurs de vapotage au Qu\u00e9bec","publisher":{"@id":"https:\/\/vapewolinak.com\/en\/#organization"},"potentialAction":[{"@type":"SearchAction","target":{"@type":"EntryPoint","urlTemplate":"https:\/\/vapewolinak.com\/en\/?s={search_term_string}"},"query-input":{"@type":"PropertyValueSpecification","valueRequired":true,"valueName":"search_term_string"}}],"inLanguage":"en-US"},{"@type":"Organization","@id":"https:\/\/vapewolinak.com\/en\/#organization","name":"Vape W\u00f4linak","url":"https:\/\/vapewolinak.com\/en\/","logo":{"@type":"ImageObject","inLanguage":"en-US","@id":"https:\/\/vapewolinak.com\/en\/#\/schema\/logo\/image\/","url":"https:\/\/vapewolinak.com\/wp-content\/uploads\/2024\/01\/vapewolinak-logo-e1736438957668.png","contentUrl":"https:\/\/vapewolinak.com\/wp-content\/uploads\/2024\/01\/vapewolinak-logo-e1736438957668.png","width":538,"height":440,"caption":"Vape W\u00f4linak"},"image":{"@id":"https:\/\/vapewolinak.com\/en\/#\/schema\/logo\/image\/"}}]}},"_links":{"self":[{"href":"https:\/\/vapewolinak.com\/en\/wp-json\/wp\/v2\/product\/146272","targetHints":{"allow":["GET"]}}],"collection":[{"href":"https:\/\/vapewolinak.com\/en\/wp-json\/wp\/v2\/product"}],"about":[{"href":"https:\/\/vapewolinak.com\/en\/wp-json\/wp\/v2\/types\/product"}],"wp:featuredmedia":[{"embeddable":true,"href":"https:\/\/vapewolinak.com\/en\/wp-json\/wp\/v2\/media\/146270"}],"wp:attachment":[{"href":"https:\/\/vapewolinak.com\/en\/wp-json\/wp\/v2\/media?parent=146272"}],"wp:term":[{"taxonomy":"marque","embeddable":true,"href":"https:\/\/vapewolinak.com\/en\/wp-json\/wp\/v2\/marque?post=146272"},{"taxonomy":"saveur","embeddable":true,"href":"https:\/\/vapewolinak.com\/en\/wp-json\/wp\/v2\/saveur?post=146272"},{"taxonomy":"product_brand","embeddable":true,"href":"https:\/\/vapewolinak.com\/en\/wp-json\/wp\/v2\/product_brand?post=146272"},{"taxonomy":"product_cat","embeddable":true,"href":"https:\/\/vapewolinak.com\/en\/wp-json\/wp\/v2\/product_cat?post=146272"},{"taxonomy":"product_tag","embeddable":true,"href":"https:\/\/vapewolinak.com\/en\/wp-json\/wp\/v2\/product_tag?post=146272"}],"curies":[{"name":"wp","href":"https:\/\/api.w.org\/{rel}","templated":true}]}}