{"id":146945,"date":"2025-10-27T10:45:25","date_gmt":"2025-10-27T14:45:25","guid":{"rendered":"https:\/\/vapewolinak.com\/?post_type=product&#038;p=146945"},"modified":"2026-04-07T19:41:55","modified_gmt":"2026-04-07T23:41:55","slug":"nasha-40k-orange-blueberry","status":"publish","type":"product","link":"https:\/\/vapewolinak.com\/en\/produit\/nasha-40k-orange-blueberry\/","title":{"rendered":"nasha 40k orange blueberry"},"content":{"rendered":"<p>Un duo fruit\u00e9 \u00e9clatant o\u00f9 l\u2019acidit\u00e9 vive de l\u2019orange fra\u00eeche se m\u00eale \u00e0 la douceur juteuse du bleuet. Ensemble, ils cr\u00e9ent une vape rafra\u00eechissante, vibrante et parfaitement \u00e9quilibr\u00e9e entre le sucr\u00e9 et le zest\u00e9<\/p>\n","protected":false},"excerpt":{"rendered":"<p>Un duo fruit\u00e9 \u00e9clatant o\u00f9 l\u2019acidit\u00e9 vive de l\u2019orange fra\u00eeche se m\u00eale \u00e0 la douceur juteuse du bleuet. Ensemble, ils [&hellip;]<\/p>\n","protected":false},"featured_media":146943,"template":"","meta":{"_acf_changed":false,"site-sidebar-layout":"default","site-content-layout":"","ast-site-content-layout":"default","site-content-style":"default","site-sidebar-style":"default","ast-global-header-display":"","ast-banner-title-visibility":"","ast-main-header-display":"","ast-hfb-above-header-display":"","ast-hfb-below-header-display":"","ast-hfb-mobile-header-display":"","site-post-title":"","ast-breadcrumbs-content":"","ast-featured-img":"","footer-sml-layout":"","ast-disable-related-posts":"","theme-transparent-header-meta":"","adv-header-id-meta":"","stick-header-meta":"","header-above-stick-meta":"","header-main-stick-meta":"","header-below-stick-meta":"","astra-migrate-meta-layouts":"default","ast-page-background-enabled":"default","ast-page-background-meta":{"desktop":{"background-color":"var(--ast-global-color-4)","background-image":"","background-repeat":"repeat","background-position":"center center","background-size":"auto","background-attachment":"scroll","background-type":"","background-media":"","overlay-type":"","overlay-color":"","overlay-opacity":"","overlay-gradient":""},"tablet":{"background-color":"","background-image":"","background-repeat":"repeat","background-position":"center center","background-size":"auto","background-attachment":"scroll","background-type":"","background-media":"","overlay-type":"","overlay-color":"","overlay-opacity":"","overlay-gradient":""},"mobile":{"background-color":"","background-image":"","background-repeat":"repeat","background-position":"center center","background-size":"auto","background-attachment":"scroll","background-type":"","background-media":"","overlay-type":"","overlay-color":"","overlay-opacity":"","overlay-gradient":""}},"ast-content-background-meta":{"desktop":{"background-color":"var(--ast-global-color-5)","background-image":"","background-repeat":"repeat","background-position":"center center","background-size":"auto","background-attachment":"scroll","background-type":"","background-media":"","overlay-type":"","overlay-color":"","overlay-opacity":"","overlay-gradient":""},"tablet":{"background-color":"var(--ast-global-color-5)","background-image":"","background-repeat":"repeat","background-position":"center center","background-size":"auto","background-attachment":"scroll","background-type":"","background-media":"","overlay-type":"","overlay-color":"","overlay-opacity":"","overlay-gradient":""},"mobile":{"background-color":"var(--ast-global-color-5)","background-image":"","background-repeat":"repeat","background-position":"center center","background-size":"auto","background-attachment":"scroll","background-type":"","background-media":"","overlay-type":"","overlay-color":"","overlay-opacity":"","overlay-gradient":""}},"_adncomm_balissage":[]},"marque":[1377],"saveur":[],"product_brand":[],"product_cat":[475,37],"product_tag":[],"class_list":{"0":"post-146945","1":"product","2":"type-product","3":"status-publish","4":"has-post-thumbnail","6":"marque-nasha-40k","7":"product_cat-sans-categorie","8":"product_cat-vapes-jetables","9":"desktop-align-left","10":"tablet-align-left","11":"mobile-align-left","13":"first","14":"instock","15":"shipping-taxable","16":"purchasable","17":"product-type-variable"},"acf":[],"yoast_head":"<!-- This site is optimized with the Yoast SEO plugin v27.4 - https:\/\/yoast.com\/product\/yoast-seo-wordpress\/ -->\n<title>nasha 40k orange blueberry - Vape W\u00f4linak<\/title>\n<meta name=\"description\" content=\"Un duo fruit\u00e9 \u00e9clatant o\u00f9 l\u2019acidit\u00e9 vive de l\u2019orange fra\u00eeche se m\u00eale \u00e0 la douceur juteuse du bleuet. Ensemble, ils cr\u00e9ent une vape rafra\u00eechissante,\" \/>\n<meta name=\"robots\" content=\"index, follow, max-snippet:-1, max-image-preview:large, max-video-preview:-1\" \/>\n<link rel=\"canonical\" href=\"https:\/\/vapewolinak.com\/en\/produit\/nasha-40k-orange-blueberry\/\" \/>\n<meta property=\"og:locale\" content=\"en_US\" \/>\n<meta property=\"og:type\" content=\"article\" \/>\n<meta property=\"og:title\" content=\"nasha 40k orange blueberry - Vape W\u00f4linak\" \/>\n<meta property=\"og:description\" content=\"Un duo fruit\u00e9 \u00e9clatant o\u00f9 l\u2019acidit\u00e9 vive de l\u2019orange fra\u00eeche se m\u00eale \u00e0 la douceur juteuse du bleuet. Ensemble, ils cr\u00e9ent une vape rafra\u00eechissante,\" \/>\n<meta property=\"og:url\" content=\"https:\/\/vapewolinak.com\/en\/produit\/nasha-40k-orange-blueberry\/\" \/>\n<meta property=\"og:site_name\" content=\"Vape W\u00f4linak\" \/>\n<meta property=\"article:modified_time\" content=\"2026-04-07T23:41:55+00:00\" \/>\n<meta property=\"og:image\" content=\"https:\/\/vapewolinak.com\/wp-content\/uploads\/2025\/10\/orange-blueberry.webp\" \/>\n\t<meta property=\"og:image:width\" content=\"900\" \/>\n\t<meta property=\"og:image:height\" content=\"900\" \/>\n\t<meta property=\"og:image:type\" content=\"image\/webp\" \/>\n<meta name=\"twitter:card\" content=\"summary_large_image\" \/>\n<!-- \/ Yoast SEO plugin. -->","yoast_head_json":{"title":"nasha 40k orange blueberry - Vape W\u00f4linak","description":"Un duo fruit\u00e9 \u00e9clatant o\u00f9 l\u2019acidit\u00e9 vive de l\u2019orange fra\u00eeche se m\u00eale \u00e0 la douceur juteuse du bleuet. Ensemble, ils cr\u00e9ent une vape rafra\u00eechissante,","robots":{"index":"index","follow":"follow","max-snippet":"max-snippet:-1","max-image-preview":"max-image-preview:large","max-video-preview":"max-video-preview:-1"},"canonical":"https:\/\/vapewolinak.com\/en\/produit\/nasha-40k-orange-blueberry\/","og_locale":"en_US","og_type":"article","og_title":"nasha 40k orange blueberry - Vape W\u00f4linak","og_description":"Un duo fruit\u00e9 \u00e9clatant o\u00f9 l\u2019acidit\u00e9 vive de l\u2019orange fra\u00eeche se m\u00eale \u00e0 la douceur juteuse du bleuet. Ensemble, ils cr\u00e9ent une vape rafra\u00eechissante,","og_url":"https:\/\/vapewolinak.com\/en\/produit\/nasha-40k-orange-blueberry\/","og_site_name":"Vape W\u00f4linak","article_modified_time":"2026-04-07T23:41:55+00:00","og_image":[{"width":900,"height":900,"url":"https:\/\/vapewolinak.com\/wp-content\/uploads\/2025\/10\/orange-blueberry.webp","type":"image\/webp"}],"twitter_card":"summary_large_image","schema":{"@context":"https:\/\/schema.org","@graph":[{"@type":"WebPage","@id":"https:\/\/vapewolinak.com\/en\/produit\/nasha-40k-orange-blueberry\/","url":"https:\/\/vapewolinak.com\/en\/produit\/nasha-40k-orange-blueberry\/","name":"nasha 40k orange blueberry - Vape W\u00f4linak","isPartOf":{"@id":"https:\/\/vapewolinak.com\/en\/#website"},"primaryImageOfPage":{"@id":"https:\/\/vapewolinak.com\/en\/produit\/nasha-40k-orange-blueberry\/#primaryimage"},"image":{"@id":"https:\/\/vapewolinak.com\/en\/produit\/nasha-40k-orange-blueberry\/#primaryimage"},"thumbnailUrl":"https:\/\/vapewolinak.com\/wp-content\/uploads\/2025\/10\/orange-blueberry.webp","datePublished":"2025-10-27T14:45:25+00:00","dateModified":"2026-04-07T23:41:55+00:00","description":"Un duo fruit\u00e9 \u00e9clatant o\u00f9 l\u2019acidit\u00e9 vive de l\u2019orange fra\u00eeche se m\u00eale \u00e0 la douceur juteuse du bleuet. Ensemble, ils cr\u00e9ent une vape rafra\u00eechissante,","breadcrumb":{"@id":"https:\/\/vapewolinak.com\/en\/produit\/nasha-40k-orange-blueberry\/#breadcrumb"},"inLanguage":"en-US","potentialAction":[{"@type":"ReadAction","target":["https:\/\/vapewolinak.com\/en\/produit\/nasha-40k-orange-blueberry\/"]}]},{"@type":"ImageObject","inLanguage":"en-US","@id":"https:\/\/vapewolinak.com\/en\/produit\/nasha-40k-orange-blueberry\/#primaryimage","url":"https:\/\/vapewolinak.com\/wp-content\/uploads\/2025\/10\/orange-blueberry.webp","contentUrl":"https:\/\/vapewolinak.com\/wp-content\/uploads\/2025\/10\/orange-blueberry.webp","width":900,"height":900},{"@type":"BreadcrumbList","@id":"https:\/\/vapewolinak.com\/en\/produit\/nasha-40k-orange-blueberry\/#breadcrumb","itemListElement":[{"@type":"ListItem","position":1,"name":"Accueil","item":"https:\/\/vapewolinak.com\/en\/accueil\/"},{"@type":"ListItem","position":2,"name":"Shop","item":"https:\/\/vapewolinak.com\/en\/shop\/"},{"@type":"ListItem","position":3,"name":"nasha 40k orange blueberry"}]},{"@type":"WebSite","@id":"https:\/\/vapewolinak.com\/en\/#website","url":"https:\/\/vapewolinak.com\/en\/","name":"Vape W\u00f4linak","description":"Articles et saveurs de vapotage au Qu\u00e9bec","publisher":{"@id":"https:\/\/vapewolinak.com\/en\/#organization"},"potentialAction":[{"@type":"SearchAction","target":{"@type":"EntryPoint","urlTemplate":"https:\/\/vapewolinak.com\/en\/?s={search_term_string}"},"query-input":{"@type":"PropertyValueSpecification","valueRequired":true,"valueName":"search_term_string"}}],"inLanguage":"en-US"},{"@type":"Organization","@id":"https:\/\/vapewolinak.com\/en\/#organization","name":"Vape W\u00f4linak","url":"https:\/\/vapewolinak.com\/en\/","logo":{"@type":"ImageObject","inLanguage":"en-US","@id":"https:\/\/vapewolinak.com\/en\/#\/schema\/logo\/image\/","url":"https:\/\/vapewolinak.com\/wp-content\/uploads\/2024\/01\/vapewolinak-logo-e1736438957668.png","contentUrl":"https:\/\/vapewolinak.com\/wp-content\/uploads\/2024\/01\/vapewolinak-logo-e1736438957668.png","width":538,"height":440,"caption":"Vape W\u00f4linak"},"image":{"@id":"https:\/\/vapewolinak.com\/en\/#\/schema\/logo\/image\/"}}]}},"_links":{"self":[{"href":"https:\/\/vapewolinak.com\/en\/wp-json\/wp\/v2\/product\/146945","targetHints":{"allow":["GET"]}}],"collection":[{"href":"https:\/\/vapewolinak.com\/en\/wp-json\/wp\/v2\/product"}],"about":[{"href":"https:\/\/vapewolinak.com\/en\/wp-json\/wp\/v2\/types\/product"}],"wp:featuredmedia":[{"embeddable":true,"href":"https:\/\/vapewolinak.com\/en\/wp-json\/wp\/v2\/media\/146943"}],"wp:attachment":[{"href":"https:\/\/vapewolinak.com\/en\/wp-json\/wp\/v2\/media?parent=146945"}],"wp:term":[{"taxonomy":"marque","embeddable":true,"href":"https:\/\/vapewolinak.com\/en\/wp-json\/wp\/v2\/marque?post=146945"},{"taxonomy":"saveur","embeddable":true,"href":"https:\/\/vapewolinak.com\/en\/wp-json\/wp\/v2\/saveur?post=146945"},{"taxonomy":"product_brand","embeddable":true,"href":"https:\/\/vapewolinak.com\/en\/wp-json\/wp\/v2\/product_brand?post=146945"},{"taxonomy":"product_cat","embeddable":true,"href":"https:\/\/vapewolinak.com\/en\/wp-json\/wp\/v2\/product_cat?post=146945"},{"taxonomy":"product_tag","embeddable":true,"href":"https:\/\/vapewolinak.com\/en\/wp-json\/wp\/v2\/product_tag?post=146945"}],"curies":[{"name":"wp","href":"https:\/\/api.w.org\/{rel}","templated":true}]}}