{"id":183908,"date":"2026-02-05T10:35:38","date_gmt":"2026-02-05T15:35:38","guid":{"rendered":"https:\/\/vapewolinak.com\/?post_type=product&#038;p=183908"},"modified":"2026-04-16T11:29:31","modified_gmt":"2026-04-16T15:29:31","slug":"zyn-peach-slim","status":"publish","type":"product","link":"https:\/\/vapewolinak.com\/en\/produit\/zyn-peach-slim\/","title":{"rendered":"Zyn Peach Slim"},"content":{"rendered":"<p>Une saveur inspir\u00e9e de la p\u00eache m\u00fbre, avec un profil aromatique qui vise \u00e0 rappeler les notes juteuses et sucr\u00e9es du fruit lui-m\u00eame.<\/p>\n","protected":false},"excerpt":{"rendered":"<p>Une saveur inspir\u00e9e de la p\u00eache m\u00fbre, avec un profil aromatique qui vise \u00e0 rappeler les notes juteuses et sucr\u00e9es [&hellip;]<\/p>\n","protected":false},"featured_media":183906,"template":"","meta":{"_acf_changed":false,"site-sidebar-layout":"default","site-content-layout":"","ast-site-content-layout":"default","site-content-style":"default","site-sidebar-style":"default","ast-global-header-display":"","ast-banner-title-visibility":"","ast-main-header-display":"","ast-hfb-above-header-display":"","ast-hfb-below-header-display":"","ast-hfb-mobile-header-display":"","site-post-title":"","ast-breadcrumbs-content":"","ast-featured-img":"","footer-sml-layout":"","ast-disable-related-posts":"","theme-transparent-header-meta":"","adv-header-id-meta":"","stick-header-meta":"","header-above-stick-meta":"","header-main-stick-meta":"","header-below-stick-meta":"","astra-migrate-meta-layouts":"default","ast-page-background-enabled":"default","ast-page-background-meta":{"desktop":{"background-color":"var(--ast-global-color-4)","background-image":"","background-repeat":"repeat","background-position":"center center","background-size":"auto","background-attachment":"scroll","background-type":"","background-media":"","overlay-type":"","overlay-color":"","overlay-opacity":"","overlay-gradient":""},"tablet":{"background-color":"","background-image":"","background-repeat":"repeat","background-position":"center center","background-size":"auto","background-attachment":"scroll","background-type":"","background-media":"","overlay-type":"","overlay-color":"","overlay-opacity":"","overlay-gradient":""},"mobile":{"background-color":"","background-image":"","background-repeat":"repeat","background-position":"center center","background-size":"auto","background-attachment":"scroll","background-type":"","background-media":"","overlay-type":"","overlay-color":"","overlay-opacity":"","overlay-gradient":""}},"ast-content-background-meta":{"desktop":{"background-color":"var(--ast-global-color-5)","background-image":"","background-repeat":"repeat","background-position":"center center","background-size":"auto","background-attachment":"scroll","background-type":"","background-media":"","overlay-type":"","overlay-color":"","overlay-opacity":"","overlay-gradient":""},"tablet":{"background-color":"var(--ast-global-color-5)","background-image":"","background-repeat":"repeat","background-position":"center center","background-size":"auto","background-attachment":"scroll","background-type":"","background-media":"","overlay-type":"","overlay-color":"","overlay-opacity":"","overlay-gradient":""},"mobile":{"background-color":"var(--ast-global-color-5)","background-image":"","background-repeat":"repeat","background-position":"center center","background-size":"auto","background-attachment":"scroll","background-type":"","background-media":"","overlay-type":"","overlay-color":"","overlay-opacity":"","overlay-gradient":""}},"_adncomm_balissage":[]},"marque":[],"saveur":[],"product_brand":[],"product_cat":[475],"product_tag":[],"class_list":{"0":"post-183908","1":"product","2":"type-product","3":"status-publish","4":"has-post-thumbnail","6":"product_cat-sans-categorie","7":"desktop-align-left","8":"tablet-align-left","9":"mobile-align-left","11":"first","12":"instock","13":"shipping-taxable","14":"purchasable","15":"product-type-variable"},"acf":[],"yoast_head":"<!-- This site is optimized with the Yoast SEO plugin v27.4 - https:\/\/yoast.com\/product\/yoast-seo-wordpress\/ -->\n<title>Zyn Peach Slim - Vape W\u00f4linak<\/title>\n<meta name=\"description\" content=\"Une saveur inspir\u00e9e de la p\u00eache m\u00fbre, avec un profil aromatique qui vise \u00e0 rappeler les notes juteuses et sucr\u00e9es du fruit lui-m\u00eame.\" \/>\n<meta name=\"robots\" content=\"index, follow, max-snippet:-1, max-image-preview:large, max-video-preview:-1\" \/>\n<link rel=\"canonical\" href=\"https:\/\/vapewolinak.com\/en\/produit\/zyn-peach-slim\/\" \/>\n<meta property=\"og:locale\" content=\"en_US\" \/>\n<meta property=\"og:type\" content=\"article\" \/>\n<meta property=\"og:title\" content=\"Zyn Peach Slim - Vape W\u00f4linak\" \/>\n<meta property=\"og:description\" content=\"Une saveur inspir\u00e9e de la p\u00eache m\u00fbre, avec un profil aromatique qui vise \u00e0 rappeler les notes juteuses et sucr\u00e9es du fruit lui-m\u00eame.\" \/>\n<meta property=\"og:url\" content=\"https:\/\/vapewolinak.com\/en\/produit\/zyn-peach-slim\/\" \/>\n<meta property=\"og:site_name\" content=\"Vape W\u00f4linak\" \/>\n<meta property=\"article:modified_time\" content=\"2026-04-16T15:29:31+00:00\" \/>\n<meta property=\"og:image\" content=\"https:\/\/vapewolinak.com\/wp-content\/uploads\/2026\/02\/Zyn-peachh.webp\" \/>\n\t<meta property=\"og:image:width\" content=\"550\" \/>\n\t<meta property=\"og:image:height\" content=\"550\" \/>\n\t<meta property=\"og:image:type\" content=\"image\/webp\" \/>\n<meta name=\"twitter:card\" content=\"summary_large_image\" \/>\n<!-- \/ Yoast SEO plugin. -->","yoast_head_json":{"title":"Zyn Peach Slim - Vape W\u00f4linak","description":"Une saveur inspir\u00e9e de la p\u00eache m\u00fbre, avec un profil aromatique qui vise \u00e0 rappeler les notes juteuses et sucr\u00e9es du fruit lui-m\u00eame.","robots":{"index":"index","follow":"follow","max-snippet":"max-snippet:-1","max-image-preview":"max-image-preview:large","max-video-preview":"max-video-preview:-1"},"canonical":"https:\/\/vapewolinak.com\/en\/produit\/zyn-peach-slim\/","og_locale":"en_US","og_type":"article","og_title":"Zyn Peach Slim - Vape W\u00f4linak","og_description":"Une saveur inspir\u00e9e de la p\u00eache m\u00fbre, avec un profil aromatique qui vise \u00e0 rappeler les notes juteuses et sucr\u00e9es du fruit lui-m\u00eame.","og_url":"https:\/\/vapewolinak.com\/en\/produit\/zyn-peach-slim\/","og_site_name":"Vape W\u00f4linak","article_modified_time":"2026-04-16T15:29:31+00:00","og_image":[{"width":550,"height":550,"url":"https:\/\/vapewolinak.com\/wp-content\/uploads\/2026\/02\/Zyn-peachh.webp","type":"image\/webp"}],"twitter_card":"summary_large_image","schema":{"@context":"https:\/\/schema.org","@graph":[{"@type":"WebPage","@id":"https:\/\/vapewolinak.com\/en\/produit\/zyn-peach-slim\/","url":"https:\/\/vapewolinak.com\/en\/produit\/zyn-peach-slim\/","name":"Zyn Peach Slim - Vape W\u00f4linak","isPartOf":{"@id":"https:\/\/vapewolinak.com\/en\/#website"},"primaryImageOfPage":{"@id":"https:\/\/vapewolinak.com\/en\/produit\/zyn-peach-slim\/#primaryimage"},"image":{"@id":"https:\/\/vapewolinak.com\/en\/produit\/zyn-peach-slim\/#primaryimage"},"thumbnailUrl":"https:\/\/vapewolinak.com\/wp-content\/uploads\/2026\/02\/Zyn-peachh.webp","datePublished":"2026-02-05T15:35:38+00:00","dateModified":"2026-04-16T15:29:31+00:00","description":"Une saveur inspir\u00e9e de la p\u00eache m\u00fbre, avec un profil aromatique qui vise \u00e0 rappeler les notes juteuses et sucr\u00e9es du fruit lui-m\u00eame.","breadcrumb":{"@id":"https:\/\/vapewolinak.com\/en\/produit\/zyn-peach-slim\/#breadcrumb"},"inLanguage":"en-US","potentialAction":[{"@type":"ReadAction","target":["https:\/\/vapewolinak.com\/en\/produit\/zyn-peach-slim\/"]}]},{"@type":"ImageObject","inLanguage":"en-US","@id":"https:\/\/vapewolinak.com\/en\/produit\/zyn-peach-slim\/#primaryimage","url":"https:\/\/vapewolinak.com\/wp-content\/uploads\/2026\/02\/Zyn-peachh.webp","contentUrl":"https:\/\/vapewolinak.com\/wp-content\/uploads\/2026\/02\/Zyn-peachh.webp","width":550,"height":550},{"@type":"BreadcrumbList","@id":"https:\/\/vapewolinak.com\/en\/produit\/zyn-peach-slim\/#breadcrumb","itemListElement":[{"@type":"ListItem","position":1,"name":"Accueil","item":"https:\/\/vapewolinak.com\/en\/accueil\/"},{"@type":"ListItem","position":2,"name":"Shop","item":"https:\/\/vapewolinak.com\/en\/shop\/"},{"@type":"ListItem","position":3,"name":"Zyn Peach Slim"}]},{"@type":"WebSite","@id":"https:\/\/vapewolinak.com\/en\/#website","url":"https:\/\/vapewolinak.com\/en\/","name":"Vape W\u00f4linak","description":"Articles et saveurs de vapotage au Qu\u00e9bec","publisher":{"@id":"https:\/\/vapewolinak.com\/en\/#organization"},"potentialAction":[{"@type":"SearchAction","target":{"@type":"EntryPoint","urlTemplate":"https:\/\/vapewolinak.com\/en\/?s={search_term_string}"},"query-input":{"@type":"PropertyValueSpecification","valueRequired":true,"valueName":"search_term_string"}}],"inLanguage":"en-US"},{"@type":"Organization","@id":"https:\/\/vapewolinak.com\/en\/#organization","name":"Vape W\u00f4linak","url":"https:\/\/vapewolinak.com\/en\/","logo":{"@type":"ImageObject","inLanguage":"en-US","@id":"https:\/\/vapewolinak.com\/en\/#\/schema\/logo\/image\/","url":"https:\/\/vapewolinak.com\/wp-content\/uploads\/2024\/01\/vapewolinak-logo-e1736438957668.png","contentUrl":"https:\/\/vapewolinak.com\/wp-content\/uploads\/2024\/01\/vapewolinak-logo-e1736438957668.png","width":538,"height":440,"caption":"Vape W\u00f4linak"},"image":{"@id":"https:\/\/vapewolinak.com\/en\/#\/schema\/logo\/image\/"}}]}},"_links":{"self":[{"href":"https:\/\/vapewolinak.com\/en\/wp-json\/wp\/v2\/product\/183908","targetHints":{"allow":["GET"]}}],"collection":[{"href":"https:\/\/vapewolinak.com\/en\/wp-json\/wp\/v2\/product"}],"about":[{"href":"https:\/\/vapewolinak.com\/en\/wp-json\/wp\/v2\/types\/product"}],"wp:featuredmedia":[{"embeddable":true,"href":"https:\/\/vapewolinak.com\/en\/wp-json\/wp\/v2\/media\/183906"}],"wp:attachment":[{"href":"https:\/\/vapewolinak.com\/en\/wp-json\/wp\/v2\/media?parent=183908"}],"wp:term":[{"taxonomy":"marque","embeddable":true,"href":"https:\/\/vapewolinak.com\/en\/wp-json\/wp\/v2\/marque?post=183908"},{"taxonomy":"saveur","embeddable":true,"href":"https:\/\/vapewolinak.com\/en\/wp-json\/wp\/v2\/saveur?post=183908"},{"taxonomy":"product_brand","embeddable":true,"href":"https:\/\/vapewolinak.com\/en\/wp-json\/wp\/v2\/product_brand?post=183908"},{"taxonomy":"product_cat","embeddable":true,"href":"https:\/\/vapewolinak.com\/en\/wp-json\/wp\/v2\/product_cat?post=183908"},{"taxonomy":"product_tag","embeddable":true,"href":"https:\/\/vapewolinak.com\/en\/wp-json\/wp\/v2\/product_tag?post=183908"}],"curies":[{"name":"wp","href":"https:\/\/api.w.org\/{rel}","templated":true}]}}