{"id":200106,"date":"2026-03-16T14:06:42","date_gmt":"2026-03-16T18:06:42","guid":{"rendered":"https:\/\/vapewolinak.com\/?post_type=product&#038;p=200106"},"modified":"2026-04-15T19:05:32","modified_gmt":"2026-04-15T23:05:32","slug":"vaporesso-eco-nano-pod-10ml","status":"publish","type":"product","link":"https:\/\/vapewolinak.com\/en\/produit\/vaporesso-eco-nano-pod-10ml\/","title":{"rendered":"Vaporesso Eco Nano Pod 10ml"},"content":{"rendered":"<p>Les pods Eco Nano Plus 10 ml de Vaporesso sont des cartouches rechargeables con\u00e7ues pour offrir une grande autonomie et une excellente restitution des saveurs. Gr\u00e2ce \u00e0 leur capacit\u00e9 \u00e9lev\u00e9e et leur technologie de chauffe avanc\u00e9e, ils permettent de vapoter longtemps tout en conservant une vapeur stable et savoureuse.<\/p>\n","protected":false},"excerpt":{"rendered":"<p>Les pods Eco Nano Plus 10 ml de Vaporesso sont des cartouches rechargeables con\u00e7ues pour offrir une grande autonomie et [&hellip;]<\/p>\n","protected":false},"featured_media":200104,"template":"","meta":{"_acf_changed":false,"site-sidebar-layout":"default","site-content-layout":"","ast-site-content-layout":"default","site-content-style":"default","site-sidebar-style":"default","ast-global-header-display":"","ast-banner-title-visibility":"","ast-main-header-display":"","ast-hfb-above-header-display":"","ast-hfb-below-header-display":"","ast-hfb-mobile-header-display":"","site-post-title":"","ast-breadcrumbs-content":"","ast-featured-img":"","footer-sml-layout":"","ast-disable-related-posts":"","theme-transparent-header-meta":"","adv-header-id-meta":"","stick-header-meta":"","header-above-stick-meta":"","header-main-stick-meta":"","header-below-stick-meta":"","astra-migrate-meta-layouts":"default","ast-page-background-enabled":"default","ast-page-background-meta":{"desktop":{"background-color":"var(--ast-global-color-4)","background-image":"","background-repeat":"repeat","background-position":"center center","background-size":"auto","background-attachment":"scroll","background-type":"","background-media":"","overlay-type":"","overlay-color":"","overlay-opacity":"","overlay-gradient":""},"tablet":{"background-color":"","background-image":"","background-repeat":"repeat","background-position":"center center","background-size":"auto","background-attachment":"scroll","background-type":"","background-media":"","overlay-type":"","overlay-color":"","overlay-opacity":"","overlay-gradient":""},"mobile":{"background-color":"","background-image":"","background-repeat":"repeat","background-position":"center center","background-size":"auto","background-attachment":"scroll","background-type":"","background-media":"","overlay-type":"","overlay-color":"","overlay-opacity":"","overlay-gradient":""}},"ast-content-background-meta":{"desktop":{"background-color":"var(--ast-global-color-5)","background-image":"","background-repeat":"repeat","background-position":"center center","background-size":"auto","background-attachment":"scroll","background-type":"","background-media":"","overlay-type":"","overlay-color":"","overlay-opacity":"","overlay-gradient":""},"tablet":{"background-color":"var(--ast-global-color-5)","background-image":"","background-repeat":"repeat","background-position":"center center","background-size":"auto","background-attachment":"scroll","background-type":"","background-media":"","overlay-type":"","overlay-color":"","overlay-opacity":"","overlay-gradient":""},"mobile":{"background-color":"var(--ast-global-color-5)","background-image":"","background-repeat":"repeat","background-position":"center center","background-size":"auto","background-attachment":"scroll","background-type":"","background-media":"","overlay-type":"","overlay-color":"","overlay-opacity":"","overlay-gradient":""}},"_adncomm_balissage":[]},"marque":[191],"saveur":[],"product_brand":[],"product_cat":[36,841,475],"product_tag":[],"class_list":{"0":"post-200106","1":"product","2":"type-product","3":"status-publish","4":"has-post-thumbnail","6":"marque-vaporesso","7":"product_cat-materiel","8":"product_cat-nouveautes","9":"product_cat-sans-categorie","10":"desktop-align-left","11":"tablet-align-left","12":"mobile-align-left","14":"first","15":"instock","16":"shipping-taxable","17":"purchasable","18":"product-type-variable"},"acf":[],"yoast_head":"<!-- This site is optimized with the Yoast SEO plugin v27.4 - https:\/\/yoast.com\/product\/yoast-seo-wordpress\/ -->\n<title>Vaporesso Eco Nano Pod 10ml - Vape W\u00f4linak<\/title>\n<meta name=\"description\" content=\"Les pods Eco Nano Plus 10 ml de Vaporesso sont des cartouches rechargeables con\u00e7ues pour offrir une grande autonomie et une excellente restitution des\" \/>\n<meta name=\"robots\" content=\"index, follow, max-snippet:-1, max-image-preview:large, max-video-preview:-1\" \/>\n<link rel=\"canonical\" href=\"https:\/\/vapewolinak.com\/en\/produit\/vaporesso-eco-nano-pod-10ml\/\" \/>\n<meta property=\"og:locale\" content=\"en_US\" \/>\n<meta property=\"og:type\" content=\"article\" \/>\n<meta property=\"og:title\" content=\"Vaporesso Eco Nano Pod 10ml - Vape W\u00f4linak\" \/>\n<meta property=\"og:description\" content=\"Les pods Eco Nano Plus 10 ml de Vaporesso sont des cartouches rechargeables con\u00e7ues pour offrir une grande autonomie et une excellente restitution des\" \/>\n<meta property=\"og:url\" content=\"https:\/\/vapewolinak.com\/en\/produit\/vaporesso-eco-nano-pod-10ml\/\" \/>\n<meta property=\"og:site_name\" content=\"Vape W\u00f4linak\" \/>\n<meta property=\"article:modified_time\" content=\"2026-04-15T23:05:32+00:00\" \/>\n<meta property=\"og:image\" content=\"https:\/\/vapewolinak.com\/wp-content\/uploads\/2026\/03\/pod-eco.webp\" \/>\n\t<meta property=\"og:image:width\" content=\"717\" \/>\n\t<meta property=\"og:image:height\" content=\"717\" \/>\n\t<meta property=\"og:image:type\" content=\"image\/webp\" \/>\n<meta name=\"twitter:card\" content=\"summary_large_image\" \/>\n<!-- \/ Yoast SEO plugin. -->","yoast_head_json":{"title":"Vaporesso Eco Nano Pod 10ml - Vape W\u00f4linak","description":"Les pods Eco Nano Plus 10 ml de Vaporesso sont des cartouches rechargeables con\u00e7ues pour offrir une grande autonomie et une excellente restitution des","robots":{"index":"index","follow":"follow","max-snippet":"max-snippet:-1","max-image-preview":"max-image-preview:large","max-video-preview":"max-video-preview:-1"},"canonical":"https:\/\/vapewolinak.com\/en\/produit\/vaporesso-eco-nano-pod-10ml\/","og_locale":"en_US","og_type":"article","og_title":"Vaporesso Eco Nano Pod 10ml - Vape W\u00f4linak","og_description":"Les pods Eco Nano Plus 10 ml de Vaporesso sont des cartouches rechargeables con\u00e7ues pour offrir une grande autonomie et une excellente restitution des","og_url":"https:\/\/vapewolinak.com\/en\/produit\/vaporesso-eco-nano-pod-10ml\/","og_site_name":"Vape W\u00f4linak","article_modified_time":"2026-04-15T23:05:32+00:00","og_image":[{"width":717,"height":717,"url":"https:\/\/vapewolinak.com\/wp-content\/uploads\/2026\/03\/pod-eco.webp","type":"image\/webp"}],"twitter_card":"summary_large_image","schema":{"@context":"https:\/\/schema.org","@graph":[{"@type":"WebPage","@id":"https:\/\/vapewolinak.com\/en\/produit\/vaporesso-eco-nano-pod-10ml\/","url":"https:\/\/vapewolinak.com\/en\/produit\/vaporesso-eco-nano-pod-10ml\/","name":"Vaporesso Eco Nano Pod 10ml - Vape W\u00f4linak","isPartOf":{"@id":"https:\/\/vapewolinak.com\/en\/#website"},"primaryImageOfPage":{"@id":"https:\/\/vapewolinak.com\/en\/produit\/vaporesso-eco-nano-pod-10ml\/#primaryimage"},"image":{"@id":"https:\/\/vapewolinak.com\/en\/produit\/vaporesso-eco-nano-pod-10ml\/#primaryimage"},"thumbnailUrl":"https:\/\/vapewolinak.com\/wp-content\/uploads\/2026\/03\/pod-eco.webp","datePublished":"2026-03-16T18:06:42+00:00","dateModified":"2026-04-15T23:05:32+00:00","description":"Les pods Eco Nano Plus 10 ml de Vaporesso sont des cartouches rechargeables con\u00e7ues pour offrir une grande autonomie et une excellente restitution des","breadcrumb":{"@id":"https:\/\/vapewolinak.com\/en\/produit\/vaporesso-eco-nano-pod-10ml\/#breadcrumb"},"inLanguage":"en-US","potentialAction":[{"@type":"ReadAction","target":["https:\/\/vapewolinak.com\/en\/produit\/vaporesso-eco-nano-pod-10ml\/"]}]},{"@type":"ImageObject","inLanguage":"en-US","@id":"https:\/\/vapewolinak.com\/en\/produit\/vaporesso-eco-nano-pod-10ml\/#primaryimage","url":"https:\/\/vapewolinak.com\/wp-content\/uploads\/2026\/03\/pod-eco.webp","contentUrl":"https:\/\/vapewolinak.com\/wp-content\/uploads\/2026\/03\/pod-eco.webp","width":717,"height":717},{"@type":"BreadcrumbList","@id":"https:\/\/vapewolinak.com\/en\/produit\/vaporesso-eco-nano-pod-10ml\/#breadcrumb","itemListElement":[{"@type":"ListItem","position":1,"name":"Accueil","item":"https:\/\/vapewolinak.com\/en\/accueil\/"},{"@type":"ListItem","position":2,"name":"Shop","item":"https:\/\/vapewolinak.com\/en\/shop\/"},{"@type":"ListItem","position":3,"name":"Vaporesso Eco Nano Pod 10ml"}]},{"@type":"WebSite","@id":"https:\/\/vapewolinak.com\/en\/#website","url":"https:\/\/vapewolinak.com\/en\/","name":"Vape W\u00f4linak","description":"Articles et saveurs de vapotage au Qu\u00e9bec","publisher":{"@id":"https:\/\/vapewolinak.com\/en\/#organization"},"potentialAction":[{"@type":"SearchAction","target":{"@type":"EntryPoint","urlTemplate":"https:\/\/vapewolinak.com\/en\/?s={search_term_string}"},"query-input":{"@type":"PropertyValueSpecification","valueRequired":true,"valueName":"search_term_string"}}],"inLanguage":"en-US"},{"@type":"Organization","@id":"https:\/\/vapewolinak.com\/en\/#organization","name":"Vape W\u00f4linak","url":"https:\/\/vapewolinak.com\/en\/","logo":{"@type":"ImageObject","inLanguage":"en-US","@id":"https:\/\/vapewolinak.com\/en\/#\/schema\/logo\/image\/","url":"https:\/\/vapewolinak.com\/wp-content\/uploads\/2024\/01\/vapewolinak-logo-e1736438957668.png","contentUrl":"https:\/\/vapewolinak.com\/wp-content\/uploads\/2024\/01\/vapewolinak-logo-e1736438957668.png","width":538,"height":440,"caption":"Vape W\u00f4linak"},"image":{"@id":"https:\/\/vapewolinak.com\/en\/#\/schema\/logo\/image\/"}}]}},"_links":{"self":[{"href":"https:\/\/vapewolinak.com\/en\/wp-json\/wp\/v2\/product\/200106","targetHints":{"allow":["GET"]}}],"collection":[{"href":"https:\/\/vapewolinak.com\/en\/wp-json\/wp\/v2\/product"}],"about":[{"href":"https:\/\/vapewolinak.com\/en\/wp-json\/wp\/v2\/types\/product"}],"wp:featuredmedia":[{"embeddable":true,"href":"https:\/\/vapewolinak.com\/en\/wp-json\/wp\/v2\/media\/200104"}],"wp:attachment":[{"href":"https:\/\/vapewolinak.com\/en\/wp-json\/wp\/v2\/media?parent=200106"}],"wp:term":[{"taxonomy":"marque","embeddable":true,"href":"https:\/\/vapewolinak.com\/en\/wp-json\/wp\/v2\/marque?post=200106"},{"taxonomy":"saveur","embeddable":true,"href":"https:\/\/vapewolinak.com\/en\/wp-json\/wp\/v2\/saveur?post=200106"},{"taxonomy":"product_brand","embeddable":true,"href":"https:\/\/vapewolinak.com\/en\/wp-json\/wp\/v2\/product_brand?post=200106"},{"taxonomy":"product_cat","embeddable":true,"href":"https:\/\/vapewolinak.com\/en\/wp-json\/wp\/v2\/product_cat?post=200106"},{"taxonomy":"product_tag","embeddable":true,"href":"https:\/\/vapewolinak.com\/en\/wp-json\/wp\/v2\/product_tag?post=200106"}],"curies":[{"name":"wp","href":"https:\/\/api.w.org\/{rel}","templated":true}]}}