{"id":213091,"date":"2026-04-14T12:59:19","date_gmt":"2026-04-14T16:59:19","guid":{"rendered":"https:\/\/vapewolinak.com\/?post_type=product&#038;p=213091"},"modified":"2026-04-15T21:42:01","modified_gmt":"2026-04-16T01:42:01","slug":"breeze-ice-blue-raspberry-20pcs","status":"publish","type":"product","link":"https:\/\/vapewolinak.com\/en\/produit\/breeze-ice-blue-raspberry-20pcs\/","title":{"rendered":"Breeze Ice Blue Raspberry 20pcs"},"content":{"rendered":"<p>Breeze Ice Blue Raspberry offre une explosion de framboise bleue sucr\u00e9e et l\u00e9g\u00e8rement acidul\u00e9e, combin\u00e9e \u00e0 une fra\u00eecheur glaciale intense. D\u00e8s l\u2019activation, le go\u00fbt \u201cblue raspberry\u201d typique \u2013 fruit\u00e9, bonbon et punch\u00e9 \u2013 frappe rapidement, suivi d\u2019un effet ice qui vient rafra\u00eechir et prolonger la sensation.<\/p>\n","protected":false},"excerpt":{"rendered":"<p>Breeze Ice Blue Raspberry offre une explosion de framboise bleue sucr\u00e9e et l\u00e9g\u00e8rement acidul\u00e9e, combin\u00e9e \u00e0 une fra\u00eecheur glaciale intense. [&hellip;]<\/p>\n","protected":false},"featured_media":213089,"template":"","meta":{"_acf_changed":false,"site-sidebar-layout":"default","site-content-layout":"","ast-site-content-layout":"default","site-content-style":"default","site-sidebar-style":"default","ast-global-header-display":"","ast-banner-title-visibility":"","ast-main-header-display":"","ast-hfb-above-header-display":"","ast-hfb-below-header-display":"","ast-hfb-mobile-header-display":"","site-post-title":"","ast-breadcrumbs-content":"","ast-featured-img":"","footer-sml-layout":"","ast-disable-related-posts":"","theme-transparent-header-meta":"","adv-header-id-meta":"","stick-header-meta":"","header-above-stick-meta":"","header-main-stick-meta":"","header-below-stick-meta":"","astra-migrate-meta-layouts":"default","ast-page-background-enabled":"default","ast-page-background-meta":{"desktop":{"background-color":"var(--ast-global-color-4)","background-image":"","background-repeat":"repeat","background-position":"center center","background-size":"auto","background-attachment":"scroll","background-type":"","background-media":"","overlay-type":"","overlay-color":"","overlay-opacity":"","overlay-gradient":""},"tablet":{"background-color":"","background-image":"","background-repeat":"repeat","background-position":"center center","background-size":"auto","background-attachment":"scroll","background-type":"","background-media":"","overlay-type":"","overlay-color":"","overlay-opacity":"","overlay-gradient":""},"mobile":{"background-color":"","background-image":"","background-repeat":"repeat","background-position":"center center","background-size":"auto","background-attachment":"scroll","background-type":"","background-media":"","overlay-type":"","overlay-color":"","overlay-opacity":"","overlay-gradient":""}},"ast-content-background-meta":{"desktop":{"background-color":"var(--ast-global-color-5)","background-image":"","background-repeat":"repeat","background-position":"center center","background-size":"auto","background-attachment":"scroll","background-type":"","background-media":"","overlay-type":"","overlay-color":"","overlay-opacity":"","overlay-gradient":""},"tablet":{"background-color":"var(--ast-global-color-5)","background-image":"","background-repeat":"repeat","background-position":"center center","background-size":"auto","background-attachment":"scroll","background-type":"","background-media":"","overlay-type":"","overlay-color":"","overlay-opacity":"","overlay-gradient":""},"mobile":{"background-color":"var(--ast-global-color-5)","background-image":"","background-repeat":"repeat","background-position":"center center","background-size":"auto","background-attachment":"scroll","background-type":"","background-media":"","overlay-type":"","overlay-color":"","overlay-opacity":"","overlay-gradient":""}},"_adncomm_balissage":[]},"marque":[1104],"saveur":[],"product_brand":[],"product_cat":[905,475],"product_tag":[],"class_list":{"0":"post-213091","1":"product","2":"type-product","3":"status-publish","4":"has-post-thumbnail","6":"marque-breeze","7":"product_cat-sachets-de-nicotine","8":"product_cat-sans-categorie","9":"desktop-align-left","10":"tablet-align-left","11":"mobile-align-left","13":"first","14":"instock","15":"shipping-taxable","16":"purchasable","17":"product-type-variable"},"acf":[],"yoast_head":"<!-- This site is optimized with the Yoast SEO plugin v27.4 - https:\/\/yoast.com\/product\/yoast-seo-wordpress\/ -->\n<title>Breeze Ice Blue Raspberry 20pcs - Vape W\u00f4linak<\/title>\n<meta name=\"description\" content=\"Breeze Ice Blue Raspberry offre une explosion de framboise bleue sucr\u00e9e et l\u00e9g\u00e8rement acidul\u00e9e, combin\u00e9e \u00e0 une fra\u00eecheur glaciale intense. D\u00e8s\" \/>\n<meta name=\"robots\" content=\"index, follow, max-snippet:-1, max-image-preview:large, max-video-preview:-1\" \/>\n<link rel=\"canonical\" href=\"https:\/\/vapewolinak.com\/en\/produit\/breeze-ice-blue-raspberry-20pcs\/\" \/>\n<meta property=\"og:locale\" content=\"en_US\" \/>\n<meta property=\"og:type\" content=\"article\" \/>\n<meta property=\"og:title\" content=\"Breeze Ice Blue Raspberry 20pcs - Vape W\u00f4linak\" \/>\n<meta property=\"og:description\" content=\"Breeze Ice Blue Raspberry offre une explosion de framboise bleue sucr\u00e9e et l\u00e9g\u00e8rement acidul\u00e9e, combin\u00e9e \u00e0 une fra\u00eecheur glaciale intense. D\u00e8s\" \/>\n<meta property=\"og:url\" content=\"https:\/\/vapewolinak.com\/en\/produit\/breeze-ice-blue-raspberry-20pcs\/\" \/>\n<meta property=\"og:site_name\" content=\"Vape W\u00f4linak\" \/>\n<meta property=\"article:modified_time\" content=\"2026-04-16T01:42:01+00:00\" \/>\n<meta property=\"og:image\" content=\"https:\/\/vapewolinak.com\/wp-content\/uploads\/2026\/04\/3F31466C-78EF-4117-811C-33B6AC28C9CA.jpeg\" \/>\n\t<meta property=\"og:image:width\" content=\"1024\" \/>\n\t<meta property=\"og:image:height\" content=\"1024\" \/>\n\t<meta property=\"og:image:type\" content=\"image\/jpeg\" \/>\n<meta name=\"twitter:card\" content=\"summary_large_image\" \/>\n<!-- \/ Yoast SEO plugin. -->","yoast_head_json":{"title":"Breeze Ice Blue Raspberry 20pcs - Vape W\u00f4linak","description":"Breeze Ice Blue Raspberry offre une explosion de framboise bleue sucr\u00e9e et l\u00e9g\u00e8rement acidul\u00e9e, combin\u00e9e \u00e0 une fra\u00eecheur glaciale intense. D\u00e8s","robots":{"index":"index","follow":"follow","max-snippet":"max-snippet:-1","max-image-preview":"max-image-preview:large","max-video-preview":"max-video-preview:-1"},"canonical":"https:\/\/vapewolinak.com\/en\/produit\/breeze-ice-blue-raspberry-20pcs\/","og_locale":"en_US","og_type":"article","og_title":"Breeze Ice Blue Raspberry 20pcs - Vape W\u00f4linak","og_description":"Breeze Ice Blue Raspberry offre une explosion de framboise bleue sucr\u00e9e et l\u00e9g\u00e8rement acidul\u00e9e, combin\u00e9e \u00e0 une fra\u00eecheur glaciale intense. D\u00e8s","og_url":"https:\/\/vapewolinak.com\/en\/produit\/breeze-ice-blue-raspberry-20pcs\/","og_site_name":"Vape W\u00f4linak","article_modified_time":"2026-04-16T01:42:01+00:00","og_image":[{"width":1024,"height":1024,"url":"https:\/\/vapewolinak.com\/wp-content\/uploads\/2026\/04\/3F31466C-78EF-4117-811C-33B6AC28C9CA.jpeg","type":"image\/jpeg"}],"twitter_card":"summary_large_image","schema":{"@context":"https:\/\/schema.org","@graph":[{"@type":"WebPage","@id":"https:\/\/vapewolinak.com\/en\/produit\/breeze-ice-blue-raspberry-20pcs\/","url":"https:\/\/vapewolinak.com\/en\/produit\/breeze-ice-blue-raspberry-20pcs\/","name":"Breeze Ice Blue Raspberry 20pcs - Vape W\u00f4linak","isPartOf":{"@id":"https:\/\/vapewolinak.com\/en\/#website"},"primaryImageOfPage":{"@id":"https:\/\/vapewolinak.com\/en\/produit\/breeze-ice-blue-raspberry-20pcs\/#primaryimage"},"image":{"@id":"https:\/\/vapewolinak.com\/en\/produit\/breeze-ice-blue-raspberry-20pcs\/#primaryimage"},"thumbnailUrl":"https:\/\/vapewolinak.com\/wp-content\/uploads\/2026\/04\/3F31466C-78EF-4117-811C-33B6AC28C9CA.jpeg","datePublished":"2026-04-14T16:59:19+00:00","dateModified":"2026-04-16T01:42:01+00:00","description":"Breeze Ice Blue Raspberry offre une explosion de framboise bleue sucr\u00e9e et l\u00e9g\u00e8rement acidul\u00e9e, combin\u00e9e \u00e0 une fra\u00eecheur glaciale intense. D\u00e8s","breadcrumb":{"@id":"https:\/\/vapewolinak.com\/en\/produit\/breeze-ice-blue-raspberry-20pcs\/#breadcrumb"},"inLanguage":"en-US","potentialAction":[{"@type":"ReadAction","target":["https:\/\/vapewolinak.com\/en\/produit\/breeze-ice-blue-raspberry-20pcs\/"]}]},{"@type":"ImageObject","inLanguage":"en-US","@id":"https:\/\/vapewolinak.com\/en\/produit\/breeze-ice-blue-raspberry-20pcs\/#primaryimage","url":"https:\/\/vapewolinak.com\/wp-content\/uploads\/2026\/04\/3F31466C-78EF-4117-811C-33B6AC28C9CA.jpeg","contentUrl":"https:\/\/vapewolinak.com\/wp-content\/uploads\/2026\/04\/3F31466C-78EF-4117-811C-33B6AC28C9CA.jpeg","width":1024,"height":1024},{"@type":"BreadcrumbList","@id":"https:\/\/vapewolinak.com\/en\/produit\/breeze-ice-blue-raspberry-20pcs\/#breadcrumb","itemListElement":[{"@type":"ListItem","position":1,"name":"Accueil","item":"https:\/\/vapewolinak.com\/en\/accueil\/"},{"@type":"ListItem","position":2,"name":"Shop","item":"https:\/\/vapewolinak.com\/en\/shop\/"},{"@type":"ListItem","position":3,"name":"Breeze Ice Blue Raspberry 20pcs"}]},{"@type":"WebSite","@id":"https:\/\/vapewolinak.com\/en\/#website","url":"https:\/\/vapewolinak.com\/en\/","name":"Vape W\u00f4linak","description":"Articles et saveurs de vapotage au Qu\u00e9bec","publisher":{"@id":"https:\/\/vapewolinak.com\/en\/#organization"},"potentialAction":[{"@type":"SearchAction","target":{"@type":"EntryPoint","urlTemplate":"https:\/\/vapewolinak.com\/en\/?s={search_term_string}"},"query-input":{"@type":"PropertyValueSpecification","valueRequired":true,"valueName":"search_term_string"}}],"inLanguage":"en-US"},{"@type":"Organization","@id":"https:\/\/vapewolinak.com\/en\/#organization","name":"Vape W\u00f4linak","url":"https:\/\/vapewolinak.com\/en\/","logo":{"@type":"ImageObject","inLanguage":"en-US","@id":"https:\/\/vapewolinak.com\/en\/#\/schema\/logo\/image\/","url":"https:\/\/vapewolinak.com\/wp-content\/uploads\/2024\/01\/vapewolinak-logo-e1736438957668.png","contentUrl":"https:\/\/vapewolinak.com\/wp-content\/uploads\/2024\/01\/vapewolinak-logo-e1736438957668.png","width":538,"height":440,"caption":"Vape W\u00f4linak"},"image":{"@id":"https:\/\/vapewolinak.com\/en\/#\/schema\/logo\/image\/"}}]}},"_links":{"self":[{"href":"https:\/\/vapewolinak.com\/en\/wp-json\/wp\/v2\/product\/213091","targetHints":{"allow":["GET"]}}],"collection":[{"href":"https:\/\/vapewolinak.com\/en\/wp-json\/wp\/v2\/product"}],"about":[{"href":"https:\/\/vapewolinak.com\/en\/wp-json\/wp\/v2\/types\/product"}],"wp:featuredmedia":[{"embeddable":true,"href":"https:\/\/vapewolinak.com\/en\/wp-json\/wp\/v2\/media\/213089"}],"wp:attachment":[{"href":"https:\/\/vapewolinak.com\/en\/wp-json\/wp\/v2\/media?parent=213091"}],"wp:term":[{"taxonomy":"marque","embeddable":true,"href":"https:\/\/vapewolinak.com\/en\/wp-json\/wp\/v2\/marque?post=213091"},{"taxonomy":"saveur","embeddable":true,"href":"https:\/\/vapewolinak.com\/en\/wp-json\/wp\/v2\/saveur?post=213091"},{"taxonomy":"product_brand","embeddable":true,"href":"https:\/\/vapewolinak.com\/en\/wp-json\/wp\/v2\/product_brand?post=213091"},{"taxonomy":"product_cat","embeddable":true,"href":"https:\/\/vapewolinak.com\/en\/wp-json\/wp\/v2\/product_cat?post=213091"},{"taxonomy":"product_tag","embeddable":true,"href":"https:\/\/vapewolinak.com\/en\/wp-json\/wp\/v2\/product_tag?post=213091"}],"curies":[{"name":"wp","href":"https:\/\/api.w.org\/{rel}","templated":true}]}}