{"id":220821,"date":"2026-04-29T15:45:30","date_gmt":"2026-04-29T19:45:30","guid":{"rendered":"https:\/\/vapewolinak.com\/?post_type=product&#038;p=220821"},"modified":"2026-04-30T11:09:04","modified_gmt":"2026-04-30T15:09:04","slug":"capsl-ice-mint","status":"publish","type":"product","link":"https:\/\/vapewolinak.com\/en\/produit\/capsl-ice-mint\/","title":{"rendered":"Capsl Ice Mint"},"content":{"rendered":"<p>Une saveur tr\u00e8s directe bas\u00e9e sur une menthe pure et tranchante, avec un effet glac\u00e9 intense d\u00e8s la premi\u00e8re inhalation. Le go\u00fbt est propre, sans c\u00f4t\u00e9 sucr\u00e9 ou fruit\u00e9, ce qui donne une sensation fra\u00eeche et nette du d\u00e9but \u00e0 la fin.<\/p>\n","protected":false},"excerpt":{"rendered":"<p>Une saveur tr\u00e8s directe bas\u00e9e sur une menthe pure et tranchante, avec un effet glac\u00e9 intense d\u00e8s la premi\u00e8re inhalation. [&hellip;]<\/p>\n","protected":false},"featured_media":220819,"template":"","meta":{"_acf_changed":false,"site-sidebar-layout":"default","site-content-layout":"","ast-site-content-layout":"default","site-content-style":"default","site-sidebar-style":"default","ast-global-header-display":"","ast-banner-title-visibility":"","ast-main-header-display":"","ast-hfb-above-header-display":"","ast-hfb-below-header-display":"","ast-hfb-mobile-header-display":"","site-post-title":"","ast-breadcrumbs-content":"","ast-featured-img":"","footer-sml-layout":"","ast-disable-related-posts":"","theme-transparent-header-meta":"","adv-header-id-meta":"","stick-header-meta":"","header-above-stick-meta":"","header-main-stick-meta":"","header-below-stick-meta":"","astra-migrate-meta-layouts":"default","ast-page-background-enabled":"default","ast-page-background-meta":{"desktop":{"background-color":"var(--ast-global-color-4)","background-image":"","background-repeat":"repeat","background-position":"center center","background-size":"auto","background-attachment":"scroll","background-type":"","background-media":"","overlay-type":"","overlay-color":"","overlay-opacity":"","overlay-gradient":""},"tablet":{"background-color":"","background-image":"","background-repeat":"repeat","background-position":"center center","background-size":"auto","background-attachment":"scroll","background-type":"","background-media":"","overlay-type":"","overlay-color":"","overlay-opacity":"","overlay-gradient":""},"mobile":{"background-color":"","background-image":"","background-repeat":"repeat","background-position":"center center","background-size":"auto","background-attachment":"scroll","background-type":"","background-media":"","overlay-type":"","overlay-color":"","overlay-opacity":"","overlay-gradient":""}},"ast-content-background-meta":{"desktop":{"background-color":"var(--ast-global-color-5)","background-image":"","background-repeat":"repeat","background-position":"center center","background-size":"auto","background-attachment":"scroll","background-type":"","background-media":"","overlay-type":"","overlay-color":"","overlay-opacity":"","overlay-gradient":""},"tablet":{"background-color":"var(--ast-global-color-5)","background-image":"","background-repeat":"repeat","background-position":"center center","background-size":"auto","background-attachment":"scroll","background-type":"","background-media":"","overlay-type":"","overlay-color":"","overlay-opacity":"","overlay-gradient":""},"mobile":{"background-color":"var(--ast-global-color-5)","background-image":"","background-repeat":"repeat","background-position":"center center","background-size":"auto","background-attachment":"scroll","background-type":"","background-media":"","overlay-type":"","overlay-color":"","overlay-opacity":"","overlay-gradient":""}},"_adncomm_balissage":[]},"marque":[1440],"saveur":[],"product_brand":[],"product_cat":[475,37],"product_tag":[],"class_list":{"0":"post-220821","1":"product","2":"type-product","3":"status-publish","4":"has-post-thumbnail","6":"marque-capsl","7":"product_cat-sans-categorie","8":"product_cat-vapes-jetables","9":"desktop-align-left","10":"tablet-align-left","11":"mobile-align-left","13":"first","14":"instock","15":"shipping-taxable","16":"purchasable","17":"product-type-variable"},"acf":[],"yoast_head":"<!-- This site is optimized with the Yoast SEO plugin v27.5 - https:\/\/yoast.com\/product\/yoast-seo-wordpress\/ -->\n<title>Capsl Ice Mint - Vape W\u00f4linak<\/title>\n<meta name=\"description\" content=\"Une saveur tr\u00e8s directe bas\u00e9e sur une menthe pure et tranchante, avec un effet glac\u00e9 intense d\u00e8s la premi\u00e8re inhalation. Le go\u00fbt est propre, sans c\u00f4t\u00e9\" \/>\n<meta name=\"robots\" content=\"index, follow, max-snippet:-1, max-image-preview:large, max-video-preview:-1\" \/>\n<link rel=\"canonical\" href=\"https:\/\/vapewolinak.com\/en\/produit\/capsl-ice-mint\/\" \/>\n<meta property=\"og:locale\" content=\"en_US\" \/>\n<meta property=\"og:type\" content=\"article\" \/>\n<meta property=\"og:title\" content=\"Capsl Ice Mint - Vape W\u00f4linak\" \/>\n<meta property=\"og:description\" content=\"Une saveur tr\u00e8s directe bas\u00e9e sur une menthe pure et tranchante, avec un effet glac\u00e9 intense d\u00e8s la premi\u00e8re inhalation. Le go\u00fbt est propre, sans c\u00f4t\u00e9\" \/>\n<meta property=\"og:url\" content=\"https:\/\/vapewolinak.com\/en\/produit\/capsl-ice-mint\/\" \/>\n<meta property=\"og:site_name\" content=\"Vape W\u00f4linak\" \/>\n<meta property=\"article:modified_time\" content=\"2026-04-30T15:09:04+00:00\" \/>\n<meta property=\"og:image\" content=\"https:\/\/vapewolinak.com\/wp-content\/uploads\/2026\/04\/Ice-Mint.png\" \/>\n\t<meta property=\"og:image:width\" content=\"1024\" \/>\n\t<meta property=\"og:image:height\" content=\"1024\" \/>\n\t<meta property=\"og:image:type\" content=\"image\/png\" \/>\n<meta name=\"twitter:card\" content=\"summary_large_image\" \/>\n<!-- \/ Yoast SEO plugin. -->","yoast_head_json":{"title":"Capsl Ice Mint - Vape W\u00f4linak","description":"Une saveur tr\u00e8s directe bas\u00e9e sur une menthe pure et tranchante, avec un effet glac\u00e9 intense d\u00e8s la premi\u00e8re inhalation. Le go\u00fbt est propre, sans c\u00f4t\u00e9","robots":{"index":"index","follow":"follow","max-snippet":"max-snippet:-1","max-image-preview":"max-image-preview:large","max-video-preview":"max-video-preview:-1"},"canonical":"https:\/\/vapewolinak.com\/en\/produit\/capsl-ice-mint\/","og_locale":"en_US","og_type":"article","og_title":"Capsl Ice Mint - Vape W\u00f4linak","og_description":"Une saveur tr\u00e8s directe bas\u00e9e sur une menthe pure et tranchante, avec un effet glac\u00e9 intense d\u00e8s la premi\u00e8re inhalation. Le go\u00fbt est propre, sans c\u00f4t\u00e9","og_url":"https:\/\/vapewolinak.com\/en\/produit\/capsl-ice-mint\/","og_site_name":"Vape W\u00f4linak","article_modified_time":"2026-04-30T15:09:04+00:00","og_image":[{"width":1024,"height":1024,"url":"https:\/\/vapewolinak.com\/wp-content\/uploads\/2026\/04\/Ice-Mint.png","type":"image\/png"}],"twitter_card":"summary_large_image","schema":{"@context":"https:\/\/schema.org","@graph":[{"@type":"WebPage","@id":"https:\/\/vapewolinak.com\/en\/produit\/capsl-ice-mint\/","url":"https:\/\/vapewolinak.com\/en\/produit\/capsl-ice-mint\/","name":"Capsl Ice Mint - Vape W\u00f4linak","isPartOf":{"@id":"https:\/\/vapewolinak.com\/en\/#website"},"primaryImageOfPage":{"@id":"https:\/\/vapewolinak.com\/en\/produit\/capsl-ice-mint\/#primaryimage"},"image":{"@id":"https:\/\/vapewolinak.com\/en\/produit\/capsl-ice-mint\/#primaryimage"},"thumbnailUrl":"https:\/\/vapewolinak.com\/wp-content\/uploads\/2026\/04\/Ice-Mint.png","datePublished":"2026-04-29T19:45:30+00:00","dateModified":"2026-04-30T15:09:04+00:00","description":"Une saveur tr\u00e8s directe bas\u00e9e sur une menthe pure et tranchante, avec un effet glac\u00e9 intense d\u00e8s la premi\u00e8re inhalation. Le go\u00fbt est propre, sans c\u00f4t\u00e9","breadcrumb":{"@id":"https:\/\/vapewolinak.com\/en\/produit\/capsl-ice-mint\/#breadcrumb"},"inLanguage":"en-US","potentialAction":[{"@type":"ReadAction","target":["https:\/\/vapewolinak.com\/en\/produit\/capsl-ice-mint\/"]}]},{"@type":"ImageObject","inLanguage":"en-US","@id":"https:\/\/vapewolinak.com\/en\/produit\/capsl-ice-mint\/#primaryimage","url":"https:\/\/vapewolinak.com\/wp-content\/uploads\/2026\/04\/Ice-Mint.png","contentUrl":"https:\/\/vapewolinak.com\/wp-content\/uploads\/2026\/04\/Ice-Mint.png","width":1024,"height":1024},{"@type":"BreadcrumbList","@id":"https:\/\/vapewolinak.com\/en\/produit\/capsl-ice-mint\/#breadcrumb","itemListElement":[{"@type":"ListItem","position":1,"name":"Accueil","item":"https:\/\/vapewolinak.com\/en\/accueil\/"},{"@type":"ListItem","position":2,"name":"Shop","item":"https:\/\/vapewolinak.com\/en\/shop\/"},{"@type":"ListItem","position":3,"name":"Capsl Ice Mint"}]},{"@type":"WebSite","@id":"https:\/\/vapewolinak.com\/en\/#website","url":"https:\/\/vapewolinak.com\/en\/","name":"Vape W\u00f4linak","description":"Articles et saveurs de vapotage au Qu\u00e9bec","publisher":{"@id":"https:\/\/vapewolinak.com\/en\/#organization"},"potentialAction":[{"@type":"SearchAction","target":{"@type":"EntryPoint","urlTemplate":"https:\/\/vapewolinak.com\/en\/?s={search_term_string}"},"query-input":{"@type":"PropertyValueSpecification","valueRequired":true,"valueName":"search_term_string"}}],"inLanguage":"en-US"},{"@type":"Organization","@id":"https:\/\/vapewolinak.com\/en\/#organization","name":"Vape W\u00f4linak","url":"https:\/\/vapewolinak.com\/en\/","logo":{"@type":"ImageObject","inLanguage":"en-US","@id":"https:\/\/vapewolinak.com\/en\/#\/schema\/logo\/image\/","url":"https:\/\/vapewolinak.com\/wp-content\/uploads\/2024\/01\/vapewolinak-logo-e1736438957668.png","contentUrl":"https:\/\/vapewolinak.com\/wp-content\/uploads\/2024\/01\/vapewolinak-logo-e1736438957668.png","width":538,"height":440,"caption":"Vape W\u00f4linak"},"image":{"@id":"https:\/\/vapewolinak.com\/en\/#\/schema\/logo\/image\/"}}]}},"_links":{"self":[{"href":"https:\/\/vapewolinak.com\/en\/wp-json\/wp\/v2\/product\/220821","targetHints":{"allow":["GET"]}}],"collection":[{"href":"https:\/\/vapewolinak.com\/en\/wp-json\/wp\/v2\/product"}],"about":[{"href":"https:\/\/vapewolinak.com\/en\/wp-json\/wp\/v2\/types\/product"}],"wp:featuredmedia":[{"embeddable":true,"href":"https:\/\/vapewolinak.com\/en\/wp-json\/wp\/v2\/media\/220819"}],"wp:attachment":[{"href":"https:\/\/vapewolinak.com\/en\/wp-json\/wp\/v2\/media?parent=220821"}],"wp:term":[{"taxonomy":"marque","embeddable":true,"href":"https:\/\/vapewolinak.com\/en\/wp-json\/wp\/v2\/marque?post=220821"},{"taxonomy":"saveur","embeddable":true,"href":"https:\/\/vapewolinak.com\/en\/wp-json\/wp\/v2\/saveur?post=220821"},{"taxonomy":"product_brand","embeddable":true,"href":"https:\/\/vapewolinak.com\/en\/wp-json\/wp\/v2\/product_brand?post=220821"},{"taxonomy":"product_cat","embeddable":true,"href":"https:\/\/vapewolinak.com\/en\/wp-json\/wp\/v2\/product_cat?post=220821"},{"taxonomy":"product_tag","embeddable":true,"href":"https:\/\/vapewolinak.com\/en\/wp-json\/wp\/v2\/product_tag?post=220821"}],"curies":[{"name":"wp","href":"https:\/\/api.w.org\/{rel}","templated":true}]}}