{"id":220916,"date":"2026-04-29T16:20:13","date_gmt":"2026-04-29T20:20:13","guid":{"rendered":"https:\/\/vapewolinak.com\/?post_type=product&#038;p=220916"},"modified":"2026-04-30T11:08:32","modified_gmt":"2026-04-30T15:08:32","slug":"dripn-evo-63k-red-classic-ice","status":"publish","type":"product","link":"https:\/\/vapewolinak.com\/en\/produit\/dripn-evo-63k-red-classic-ice\/","title":{"rendered":"Drip&#8217;n Evo 63k Red Classic Ice"},"content":{"rendered":"<p>Une saveur inspir\u00e9e d\u2019une boisson classique type cola, avec un go\u00fbt riche, sucr\u00e9 et l\u00e9g\u00e8rement \u00e9pic\u00e9. D\u00e8s le d\u00e9but, tu ressens des notes caram\u00e9lis\u00e9es avec un petit c\u00f4t\u00e9 effervescent, qui rappelle un soda bien froid.<\/p>\n","protected":false},"excerpt":{"rendered":"<p>Une saveur inspir\u00e9e d\u2019une boisson classique type cola, avec un go\u00fbt riche, sucr\u00e9 et l\u00e9g\u00e8rement \u00e9pic\u00e9. D\u00e8s le d\u00e9but, tu [&hellip;]<\/p>\n","protected":false},"featured_media":220914,"template":"","meta":{"_acf_changed":false,"site-sidebar-layout":"default","site-content-layout":"","ast-site-content-layout":"default","site-content-style":"default","site-sidebar-style":"default","ast-global-header-display":"","ast-banner-title-visibility":"","ast-main-header-display":"","ast-hfb-above-header-display":"","ast-hfb-below-header-display":"","ast-hfb-mobile-header-display":"","site-post-title":"","ast-breadcrumbs-content":"","ast-featured-img":"","footer-sml-layout":"","ast-disable-related-posts":"","theme-transparent-header-meta":"","adv-header-id-meta":"","stick-header-meta":"","header-above-stick-meta":"","header-main-stick-meta":"","header-below-stick-meta":"","astra-migrate-meta-layouts":"default","ast-page-background-enabled":"default","ast-page-background-meta":{"desktop":{"background-color":"var(--ast-global-color-4)","background-image":"","background-repeat":"repeat","background-position":"center center","background-size":"auto","background-attachment":"scroll","background-type":"","background-media":"","overlay-type":"","overlay-color":"","overlay-opacity":"","overlay-gradient":""},"tablet":{"background-color":"","background-image":"","background-repeat":"repeat","background-position":"center center","background-size":"auto","background-attachment":"scroll","background-type":"","background-media":"","overlay-type":"","overlay-color":"","overlay-opacity":"","overlay-gradient":""},"mobile":{"background-color":"","background-image":"","background-repeat":"repeat","background-position":"center center","background-size":"auto","background-attachment":"scroll","background-type":"","background-media":"","overlay-type":"","overlay-color":"","overlay-opacity":"","overlay-gradient":""}},"ast-content-background-meta":{"desktop":{"background-color":"var(--ast-global-color-5)","background-image":"","background-repeat":"repeat","background-position":"center center","background-size":"auto","background-attachment":"scroll","background-type":"","background-media":"","overlay-type":"","overlay-color":"","overlay-opacity":"","overlay-gradient":""},"tablet":{"background-color":"var(--ast-global-color-5)","background-image":"","background-repeat":"repeat","background-position":"center center","background-size":"auto","background-attachment":"scroll","background-type":"","background-media":"","overlay-type":"","overlay-color":"","overlay-opacity":"","overlay-gradient":""},"mobile":{"background-color":"var(--ast-global-color-5)","background-image":"","background-repeat":"repeat","background-position":"center center","background-size":"auto","background-attachment":"scroll","background-type":"","background-media":"","overlay-type":"","overlay-color":"","overlay-opacity":"","overlay-gradient":""}},"_adncomm_balissage":[]},"marque":[1465],"saveur":[],"product_brand":[],"product_cat":[841,475,37],"product_tag":[],"class_list":{"0":"post-220916","1":"product","2":"type-product","3":"status-publish","4":"has-post-thumbnail","6":"marque-dripn-evo-63k","7":"product_cat-nouveautes","8":"product_cat-sans-categorie","9":"product_cat-vapes-jetables","10":"desktop-align-left","11":"tablet-align-left","12":"mobile-align-left","14":"first","15":"instock","16":"shipping-taxable","17":"purchasable","18":"product-type-variable"},"acf":[],"yoast_head":"<!-- This site is optimized with the Yoast SEO plugin v27.5 - https:\/\/yoast.com\/product\/yoast-seo-wordpress\/ -->\n<title>Drip&#039;n Evo 63k Red Classic Ice - Vape W\u00f4linak<\/title>\n<meta name=\"description\" content=\"Une saveur inspir\u00e9e d\u2019une boisson classique type cola, avec un go\u00fbt riche, sucr\u00e9 et l\u00e9g\u00e8rement \u00e9pic\u00e9. D\u00e8s le d\u00e9but, tu ressens des notes caram\u00e9lis\u00e9es avec\" \/>\n<meta name=\"robots\" content=\"index, follow, max-snippet:-1, max-image-preview:large, max-video-preview:-1\" \/>\n<link rel=\"canonical\" href=\"https:\/\/vapewolinak.com\/en\/produit\/dripn-evo-63k-red-classic-ice\/\" \/>\n<meta property=\"og:locale\" content=\"en_US\" \/>\n<meta property=\"og:type\" content=\"article\" \/>\n<meta property=\"og:title\" content=\"Drip&#039;n Evo 63k Red Classic Ice - Vape W\u00f4linak\" \/>\n<meta property=\"og:description\" content=\"Une saveur inspir\u00e9e d\u2019une boisson classique type cola, avec un go\u00fbt riche, sucr\u00e9 et l\u00e9g\u00e8rement \u00e9pic\u00e9. D\u00e8s le d\u00e9but, tu ressens des notes caram\u00e9lis\u00e9es avec\" \/>\n<meta property=\"og:url\" content=\"https:\/\/vapewolinak.com\/en\/produit\/dripn-evo-63k-red-classic-ice\/\" \/>\n<meta property=\"og:site_name\" content=\"Vape W\u00f4linak\" \/>\n<meta property=\"article:modified_time\" content=\"2026-04-30T15:08:32+00:00\" \/>\n<meta property=\"og:image\" content=\"https:\/\/vapewolinak.com\/wp-content\/uploads\/2026\/04\/Red-Classic.png\" \/>\n\t<meta property=\"og:image:width\" content=\"1024\" \/>\n\t<meta property=\"og:image:height\" content=\"1024\" \/>\n\t<meta property=\"og:image:type\" content=\"image\/png\" \/>\n<meta name=\"twitter:card\" content=\"summary_large_image\" \/>\n<!-- \/ Yoast SEO plugin. -->","yoast_head_json":{"title":"Drip'n Evo 63k Red Classic Ice - Vape W\u00f4linak","description":"Une saveur inspir\u00e9e d\u2019une boisson classique type cola, avec un go\u00fbt riche, sucr\u00e9 et l\u00e9g\u00e8rement \u00e9pic\u00e9. D\u00e8s le d\u00e9but, tu ressens des notes caram\u00e9lis\u00e9es avec","robots":{"index":"index","follow":"follow","max-snippet":"max-snippet:-1","max-image-preview":"max-image-preview:large","max-video-preview":"max-video-preview:-1"},"canonical":"https:\/\/vapewolinak.com\/en\/produit\/dripn-evo-63k-red-classic-ice\/","og_locale":"en_US","og_type":"article","og_title":"Drip'n Evo 63k Red Classic Ice - Vape W\u00f4linak","og_description":"Une saveur inspir\u00e9e d\u2019une boisson classique type cola, avec un go\u00fbt riche, sucr\u00e9 et l\u00e9g\u00e8rement \u00e9pic\u00e9. D\u00e8s le d\u00e9but, tu ressens des notes caram\u00e9lis\u00e9es avec","og_url":"https:\/\/vapewolinak.com\/en\/produit\/dripn-evo-63k-red-classic-ice\/","og_site_name":"Vape W\u00f4linak","article_modified_time":"2026-04-30T15:08:32+00:00","og_image":[{"width":1024,"height":1024,"url":"https:\/\/vapewolinak.com\/wp-content\/uploads\/2026\/04\/Red-Classic.png","type":"image\/png"}],"twitter_card":"summary_large_image","schema":{"@context":"https:\/\/schema.org","@graph":[{"@type":"WebPage","@id":"https:\/\/vapewolinak.com\/en\/produit\/dripn-evo-63k-red-classic-ice\/","url":"https:\/\/vapewolinak.com\/en\/produit\/dripn-evo-63k-red-classic-ice\/","name":"Drip'n Evo 63k Red Classic Ice - Vape W\u00f4linak","isPartOf":{"@id":"https:\/\/vapewolinak.com\/en\/#website"},"primaryImageOfPage":{"@id":"https:\/\/vapewolinak.com\/en\/produit\/dripn-evo-63k-red-classic-ice\/#primaryimage"},"image":{"@id":"https:\/\/vapewolinak.com\/en\/produit\/dripn-evo-63k-red-classic-ice\/#primaryimage"},"thumbnailUrl":"https:\/\/vapewolinak.com\/wp-content\/uploads\/2026\/04\/Red-Classic.png","datePublished":"2026-04-29T20:20:13+00:00","dateModified":"2026-04-30T15:08:32+00:00","description":"Une saveur inspir\u00e9e d\u2019une boisson classique type cola, avec un go\u00fbt riche, sucr\u00e9 et l\u00e9g\u00e8rement \u00e9pic\u00e9. D\u00e8s le d\u00e9but, tu ressens des notes caram\u00e9lis\u00e9es avec","breadcrumb":{"@id":"https:\/\/vapewolinak.com\/en\/produit\/dripn-evo-63k-red-classic-ice\/#breadcrumb"},"inLanguage":"en-US","potentialAction":[{"@type":"ReadAction","target":["https:\/\/vapewolinak.com\/en\/produit\/dripn-evo-63k-red-classic-ice\/"]}]},{"@type":"ImageObject","inLanguage":"en-US","@id":"https:\/\/vapewolinak.com\/en\/produit\/dripn-evo-63k-red-classic-ice\/#primaryimage","url":"https:\/\/vapewolinak.com\/wp-content\/uploads\/2026\/04\/Red-Classic.png","contentUrl":"https:\/\/vapewolinak.com\/wp-content\/uploads\/2026\/04\/Red-Classic.png","width":1024,"height":1024},{"@type":"BreadcrumbList","@id":"https:\/\/vapewolinak.com\/en\/produit\/dripn-evo-63k-red-classic-ice\/#breadcrumb","itemListElement":[{"@type":"ListItem","position":1,"name":"Accueil","item":"https:\/\/vapewolinak.com\/en\/accueil\/"},{"@type":"ListItem","position":2,"name":"Shop","item":"https:\/\/vapewolinak.com\/en\/shop\/"},{"@type":"ListItem","position":3,"name":"Drip&rsquo;n Evo 63k Red Classic Ice"}]},{"@type":"WebSite","@id":"https:\/\/vapewolinak.com\/en\/#website","url":"https:\/\/vapewolinak.com\/en\/","name":"Vape W\u00f4linak","description":"Articles et saveurs de vapotage au Qu\u00e9bec","publisher":{"@id":"https:\/\/vapewolinak.com\/en\/#organization"},"potentialAction":[{"@type":"SearchAction","target":{"@type":"EntryPoint","urlTemplate":"https:\/\/vapewolinak.com\/en\/?s={search_term_string}"},"query-input":{"@type":"PropertyValueSpecification","valueRequired":true,"valueName":"search_term_string"}}],"inLanguage":"en-US"},{"@type":"Organization","@id":"https:\/\/vapewolinak.com\/en\/#organization","name":"Vape W\u00f4linak","url":"https:\/\/vapewolinak.com\/en\/","logo":{"@type":"ImageObject","inLanguage":"en-US","@id":"https:\/\/vapewolinak.com\/en\/#\/schema\/logo\/image\/","url":"https:\/\/vapewolinak.com\/wp-content\/uploads\/2024\/01\/vapewolinak-logo-e1736438957668.png","contentUrl":"https:\/\/vapewolinak.com\/wp-content\/uploads\/2024\/01\/vapewolinak-logo-e1736438957668.png","width":538,"height":440,"caption":"Vape W\u00f4linak"},"image":{"@id":"https:\/\/vapewolinak.com\/en\/#\/schema\/logo\/image\/"}}]}},"_links":{"self":[{"href":"https:\/\/vapewolinak.com\/en\/wp-json\/wp\/v2\/product\/220916","targetHints":{"allow":["GET"]}}],"collection":[{"href":"https:\/\/vapewolinak.com\/en\/wp-json\/wp\/v2\/product"}],"about":[{"href":"https:\/\/vapewolinak.com\/en\/wp-json\/wp\/v2\/types\/product"}],"wp:featuredmedia":[{"embeddable":true,"href":"https:\/\/vapewolinak.com\/en\/wp-json\/wp\/v2\/media\/220914"}],"wp:attachment":[{"href":"https:\/\/vapewolinak.com\/en\/wp-json\/wp\/v2\/media?parent=220916"}],"wp:term":[{"taxonomy":"marque","embeddable":true,"href":"https:\/\/vapewolinak.com\/en\/wp-json\/wp\/v2\/marque?post=220916"},{"taxonomy":"saveur","embeddable":true,"href":"https:\/\/vapewolinak.com\/en\/wp-json\/wp\/v2\/saveur?post=220916"},{"taxonomy":"product_brand","embeddable":true,"href":"https:\/\/vapewolinak.com\/en\/wp-json\/wp\/v2\/product_brand?post=220916"},{"taxonomy":"product_cat","embeddable":true,"href":"https:\/\/vapewolinak.com\/en\/wp-json\/wp\/v2\/product_cat?post=220916"},{"taxonomy":"product_tag","embeddable":true,"href":"https:\/\/vapewolinak.com\/en\/wp-json\/wp\/v2\/product_tag?post=220916"}],"curies":[{"name":"wp","href":"https:\/\/api.w.org\/{rel}","templated":true}]}}