{"id":221442,"date":"2026-04-30T10:59:28","date_gmt":"2026-04-30T14:59:28","guid":{"rendered":"https:\/\/vapewolinak.com\/?post_type=product&#038;p=221442"},"modified":"2026-05-15T16:39:51","modified_gmt":"2026-05-15T20:39:51","slug":"flavour-beast-unleashed-epic-strawberry-watermelon-salt-60ml","status":"publish","type":"product","link":"https:\/\/vapewolinak.com\/en\/produit\/flavour-beast-unleashed-epic-strawberry-watermelon-salt-60ml\/","title":{"rendered":"Flavour Beast Unleashed Epic Strawberry Watermelon Salt 60ml"},"content":{"rendered":"<p>Une explosion fruit\u00e9e ultra rafra\u00eechissante qui capture parfaitement l\u2019essence de l\u2019\u00e9t\u00e9. Cette saveur marie la douceur juteuse de fraises bien m\u00fbres avec la fra\u00eecheur sucr\u00e9e d\u2019une past\u00e8que sauvage, cr\u00e9ant un \u00e9quilibre parfaitement harmonieux entre sucre et l\u00e9g\u00e8ret\u00e9.<\/p>\n","protected":false},"excerpt":{"rendered":"<p>Une explosion fruit\u00e9e ultra rafra\u00eechissante qui capture parfaitement l\u2019essence de l\u2019\u00e9t\u00e9. Cette saveur marie la douceur juteuse de fraises bien [&hellip;]<\/p>\n","protected":false},"featured_media":221440,"template":"","meta":{"_acf_changed":false,"site-sidebar-layout":"default","site-content-layout":"","ast-site-content-layout":"default","site-content-style":"default","site-sidebar-style":"default","ast-global-header-display":"","ast-banner-title-visibility":"","ast-main-header-display":"","ast-hfb-above-header-display":"","ast-hfb-below-header-display":"","ast-hfb-mobile-header-display":"","site-post-title":"","ast-breadcrumbs-content":"","ast-featured-img":"","footer-sml-layout":"","ast-disable-related-posts":"","theme-transparent-header-meta":"","adv-header-id-meta":"","stick-header-meta":"","header-above-stick-meta":"","header-main-stick-meta":"","header-below-stick-meta":"","astra-migrate-meta-layouts":"default","ast-page-background-enabled":"default","ast-page-background-meta":{"desktop":{"background-color":"var(--ast-global-color-4)","background-image":"","background-repeat":"repeat","background-position":"center center","background-size":"auto","background-attachment":"scroll","background-type":"","background-media":"","overlay-type":"","overlay-color":"","overlay-opacity":"","overlay-gradient":""},"tablet":{"background-color":"","background-image":"","background-repeat":"repeat","background-position":"center center","background-size":"auto","background-attachment":"scroll","background-type":"","background-media":"","overlay-type":"","overlay-color":"","overlay-opacity":"","overlay-gradient":""},"mobile":{"background-color":"","background-image":"","background-repeat":"repeat","background-position":"center center","background-size":"auto","background-attachment":"scroll","background-type":"","background-media":"","overlay-type":"","overlay-color":"","overlay-opacity":"","overlay-gradient":""}},"ast-content-background-meta":{"desktop":{"background-color":"var(--ast-global-color-5)","background-image":"","background-repeat":"repeat","background-position":"center center","background-size":"auto","background-attachment":"scroll","background-type":"","background-media":"","overlay-type":"","overlay-color":"","overlay-opacity":"","overlay-gradient":""},"tablet":{"background-color":"var(--ast-global-color-5)","background-image":"","background-repeat":"repeat","background-position":"center center","background-size":"auto","background-attachment":"scroll","background-type":"","background-media":"","overlay-type":"","overlay-color":"","overlay-opacity":"","overlay-gradient":""},"mobile":{"background-color":"var(--ast-global-color-5)","background-image":"","background-repeat":"repeat","background-position":"center center","background-size":"auto","background-attachment":"scroll","background-type":"","background-media":"","overlay-type":"","overlay-color":"","overlay-opacity":"","overlay-gradient":""}},"_adncomm_balissage":[]},"marque":[1503],"saveur":[],"product_brand":[],"product_cat":[34,841,475],"product_tag":[],"class_list":{"0":"post-221442","1":"product","2":"type-product","3":"status-publish","4":"has-post-thumbnail","6":"marque-flavour-beast-unleashed-salt-60ml","7":"product_cat-liquides","8":"product_cat-nouveautes","9":"product_cat-sans-categorie","10":"desktop-align-left","11":"tablet-align-left","12":"mobile-align-left","14":"first","15":"instock","16":"shipping-taxable","17":"purchasable","18":"product-type-variable"},"acf":[],"yoast_head":"<!-- This site is optimized with the Yoast SEO plugin v27.6 - https:\/\/yoast.com\/product\/yoast-seo-wordpress\/ -->\n<title>Flavour Beast Unleashed Epic Strawberry Watermelon Salt 60ml - Vape W\u00f4linak<\/title>\n<meta name=\"description\" content=\"Une explosion fruit\u00e9e ultra rafra\u00eechissante qui capture parfaitement l\u2019essence de l\u2019\u00e9t\u00e9. Cette saveur marie la douceur juteuse de fraises bien m\u00fbres avec\" \/>\n<meta name=\"robots\" content=\"index, follow, max-snippet:-1, max-image-preview:large, max-video-preview:-1\" \/>\n<link rel=\"canonical\" href=\"https:\/\/vapewolinak.com\/en\/produit\/flavour-beast-unleashed-epic-strawberry-watermelon-salt-60ml\/\" \/>\n<meta property=\"og:locale\" content=\"en_US\" \/>\n<meta property=\"og:type\" content=\"article\" \/>\n<meta property=\"og:title\" content=\"Flavour Beast Unleashed Epic Strawberry Watermelon Salt 60ml - Vape W\u00f4linak\" \/>\n<meta property=\"og:description\" content=\"Une explosion fruit\u00e9e ultra rafra\u00eechissante qui capture parfaitement l\u2019essence de l\u2019\u00e9t\u00e9. Cette saveur marie la douceur juteuse de fraises bien m\u00fbres avec\" \/>\n<meta property=\"og:url\" content=\"https:\/\/vapewolinak.com\/en\/produit\/flavour-beast-unleashed-epic-strawberry-watermelon-salt-60ml\/\" \/>\n<meta property=\"og:site_name\" content=\"Vape W\u00f4linak\" \/>\n<meta property=\"article:modified_time\" content=\"2026-05-15T20:39:51+00:00\" \/>\n<meta property=\"og:image\" content=\"https:\/\/vapewolinak.com\/wp-content\/uploads\/2026\/04\/straw-water.png\" \/>\n\t<meta property=\"og:image:width\" content=\"1024\" \/>\n\t<meta property=\"og:image:height\" content=\"1024\" \/>\n\t<meta property=\"og:image:type\" content=\"image\/png\" \/>\n<meta name=\"twitter:card\" content=\"summary_large_image\" \/>\n<!-- \/ Yoast SEO plugin. -->","yoast_head_json":{"title":"Flavour Beast Unleashed Epic Strawberry Watermelon Salt 60ml - Vape W\u00f4linak","description":"Une explosion fruit\u00e9e ultra rafra\u00eechissante qui capture parfaitement l\u2019essence de l\u2019\u00e9t\u00e9. Cette saveur marie la douceur juteuse de fraises bien m\u00fbres avec","robots":{"index":"index","follow":"follow","max-snippet":"max-snippet:-1","max-image-preview":"max-image-preview:large","max-video-preview":"max-video-preview:-1"},"canonical":"https:\/\/vapewolinak.com\/en\/produit\/flavour-beast-unleashed-epic-strawberry-watermelon-salt-60ml\/","og_locale":"en_US","og_type":"article","og_title":"Flavour Beast Unleashed Epic Strawberry Watermelon Salt 60ml - Vape W\u00f4linak","og_description":"Une explosion fruit\u00e9e ultra rafra\u00eechissante qui capture parfaitement l\u2019essence de l\u2019\u00e9t\u00e9. Cette saveur marie la douceur juteuse de fraises bien m\u00fbres avec","og_url":"https:\/\/vapewolinak.com\/en\/produit\/flavour-beast-unleashed-epic-strawberry-watermelon-salt-60ml\/","og_site_name":"Vape W\u00f4linak","article_modified_time":"2026-05-15T20:39:51+00:00","og_image":[{"width":1024,"height":1024,"url":"https:\/\/vapewolinak.com\/wp-content\/uploads\/2026\/04\/straw-water.png","type":"image\/png"}],"twitter_card":"summary_large_image","schema":{"@context":"https:\/\/schema.org","@graph":[{"@type":"WebPage","@id":"https:\/\/vapewolinak.com\/en\/produit\/flavour-beast-unleashed-epic-strawberry-watermelon-salt-60ml\/","url":"https:\/\/vapewolinak.com\/en\/produit\/flavour-beast-unleashed-epic-strawberry-watermelon-salt-60ml\/","name":"Flavour Beast Unleashed Epic Strawberry Watermelon Salt 60ml - Vape W\u00f4linak","isPartOf":{"@id":"https:\/\/vapewolinak.com\/en\/#website"},"primaryImageOfPage":{"@id":"https:\/\/vapewolinak.com\/en\/produit\/flavour-beast-unleashed-epic-strawberry-watermelon-salt-60ml\/#primaryimage"},"image":{"@id":"https:\/\/vapewolinak.com\/en\/produit\/flavour-beast-unleashed-epic-strawberry-watermelon-salt-60ml\/#primaryimage"},"thumbnailUrl":"https:\/\/vapewolinak.com\/wp-content\/uploads\/2026\/04\/straw-water.png","datePublished":"2026-04-30T14:59:28+00:00","dateModified":"2026-05-15T20:39:51+00:00","description":"Une explosion fruit\u00e9e ultra rafra\u00eechissante qui capture parfaitement l\u2019essence de l\u2019\u00e9t\u00e9. Cette saveur marie la douceur juteuse de fraises bien m\u00fbres avec","breadcrumb":{"@id":"https:\/\/vapewolinak.com\/en\/produit\/flavour-beast-unleashed-epic-strawberry-watermelon-salt-60ml\/#breadcrumb"},"inLanguage":"en-US","potentialAction":[{"@type":"ReadAction","target":["https:\/\/vapewolinak.com\/en\/produit\/flavour-beast-unleashed-epic-strawberry-watermelon-salt-60ml\/"]}]},{"@type":"ImageObject","inLanguage":"en-US","@id":"https:\/\/vapewolinak.com\/en\/produit\/flavour-beast-unleashed-epic-strawberry-watermelon-salt-60ml\/#primaryimage","url":"https:\/\/vapewolinak.com\/wp-content\/uploads\/2026\/04\/straw-water.png","contentUrl":"https:\/\/vapewolinak.com\/wp-content\/uploads\/2026\/04\/straw-water.png","width":1024,"height":1024},{"@type":"BreadcrumbList","@id":"https:\/\/vapewolinak.com\/en\/produit\/flavour-beast-unleashed-epic-strawberry-watermelon-salt-60ml\/#breadcrumb","itemListElement":[{"@type":"ListItem","position":1,"name":"Accueil","item":"https:\/\/vapewolinak.com\/en\/accueil\/"},{"@type":"ListItem","position":2,"name":"Shop","item":"https:\/\/vapewolinak.com\/en\/shop\/"},{"@type":"ListItem","position":3,"name":"Flavour Beast Unleashed Epic Strawberry Watermelon Salt 60ml"}]},{"@type":"WebSite","@id":"https:\/\/vapewolinak.com\/en\/#website","url":"https:\/\/vapewolinak.com\/en\/","name":"Vape W\u00f4linak","description":"Articles et saveurs de vapotage au Qu\u00e9bec","publisher":{"@id":"https:\/\/vapewolinak.com\/en\/#organization"},"potentialAction":[{"@type":"SearchAction","target":{"@type":"EntryPoint","urlTemplate":"https:\/\/vapewolinak.com\/en\/?s={search_term_string}"},"query-input":{"@type":"PropertyValueSpecification","valueRequired":true,"valueName":"search_term_string"}}],"inLanguage":"en-US"},{"@type":"Organization","@id":"https:\/\/vapewolinak.com\/en\/#organization","name":"Vape W\u00f4linak","url":"https:\/\/vapewolinak.com\/en\/","logo":{"@type":"ImageObject","inLanguage":"en-US","@id":"https:\/\/vapewolinak.com\/en\/#\/schema\/logo\/image\/","url":"https:\/\/vapewolinak.com\/wp-content\/uploads\/2024\/01\/vapewolinak-logo-e1736438957668.png","contentUrl":"https:\/\/vapewolinak.com\/wp-content\/uploads\/2024\/01\/vapewolinak-logo-e1736438957668.png","width":538,"height":440,"caption":"Vape W\u00f4linak"},"image":{"@id":"https:\/\/vapewolinak.com\/en\/#\/schema\/logo\/image\/"}}]}},"_links":{"self":[{"href":"https:\/\/vapewolinak.com\/en\/wp-json\/wp\/v2\/product\/221442","targetHints":{"allow":["GET"]}}],"collection":[{"href":"https:\/\/vapewolinak.com\/en\/wp-json\/wp\/v2\/product"}],"about":[{"href":"https:\/\/vapewolinak.com\/en\/wp-json\/wp\/v2\/types\/product"}],"wp:featuredmedia":[{"embeddable":true,"href":"https:\/\/vapewolinak.com\/en\/wp-json\/wp\/v2\/media\/221440"}],"wp:attachment":[{"href":"https:\/\/vapewolinak.com\/en\/wp-json\/wp\/v2\/media?parent=221442"}],"wp:term":[{"taxonomy":"marque","embeddable":true,"href":"https:\/\/vapewolinak.com\/en\/wp-json\/wp\/v2\/marque?post=221442"},{"taxonomy":"saveur","embeddable":true,"href":"https:\/\/vapewolinak.com\/en\/wp-json\/wp\/v2\/saveur?post=221442"},{"taxonomy":"product_brand","embeddable":true,"href":"https:\/\/vapewolinak.com\/en\/wp-json\/wp\/v2\/product_brand?post=221442"},{"taxonomy":"product_cat","embeddable":true,"href":"https:\/\/vapewolinak.com\/en\/wp-json\/wp\/v2\/product_cat?post=221442"},{"taxonomy":"product_tag","embeddable":true,"href":"https:\/\/vapewolinak.com\/en\/wp-json\/wp\/v2\/product_tag?post=221442"}],"curies":[{"name":"wp","href":"https:\/\/api.w.org\/{rel}","templated":true}]}}