{"id":224985,"date":"2026-05-07T15:30:50","date_gmt":"2026-05-07T19:30:50","guid":{"rendered":"https:\/\/vapewolinak.com\/?post_type=product&#038;p=224985"},"modified":"2026-05-11T09:12:31","modified_gmt":"2026-05-11T13:12:31","slug":"eau-vpw-baie-sauvages","status":"publish","type":"product","link":"https:\/\/vapewolinak.com\/en\/produit\/eau-vpw-baie-sauvages\/","title":{"rendered":"Eau VPW Baie Sauvages"},"content":{"rendered":"<section class=\"text-token-text-primary w-full focus:outline-none [--shadow-height:45px] has-data-writing-block:pointer-events-none has-data-writing-block:-mt-(--shadow-height) has-data-writing-block:pt-(--shadow-height) [&amp;:has([data-writing-block])&gt;*]:pointer-events-auto R6Vx5W_threadScrollVars scroll-mb-[calc(var(--scroll-root-safe-area-inset-bottom,0px)+var(--thread-response-height))] scroll-mt-(--header-height)\" dir=\"auto\" data-turn-id=\"a72c6b91-a8e9-4e11-adad-6e8a7b14f2ca\" data-testid=\"conversation-turn-3\" data-scroll-anchor=\"false\" data-turn=\"user\"><\/section>\n<section class=\"text-token-text-primary w-full focus:outline-none [--shadow-height:45px] has-data-writing-block:pointer-events-none has-data-writing-block:-mt-(--shadow-height) has-data-writing-block:pt-(--shadow-height) [&amp;:has([data-writing-block])&gt;*]:pointer-events-auto [content-visibility:auto] supports-[content-visibility:auto]:[contain-intrinsic-size:auto_100lvh] R6Vx5W_threadScrollVars scroll-mb-[calc(var(--scroll-root-safe-area-inset-bottom,0px)+var(--thread-response-height))] scroll-mt-[calc(var(--header-height)+min(200px,max(70px,20svh)))]\" dir=\"auto\" data-turn-id=\"request-WEB:d2cb9a38-6c23-47d7-82f9-721dba20e739-1\" data-testid=\"conversation-turn-4\" data-scroll-anchor=\"false\" data-turn=\"assistant\">\n<div class=\"text-base my-auto mx-auto pb-10 [--thread-content-margin:var(--thread-content-margin-xs,calc(var(--spacing)*4))] @w-sm\/main:[--thread-content-margin:var(--thread-content-margin-sm,calc(var(--spacing)*6))] @w-lg\/main:[--thread-content-margin:var(--thread-content-margin-lg,calc(var(--spacing)*16))] px-(--thread-content-margin)\">\n<div class=\"[--thread-content-max-width:40rem] @w-lg\/main:[--thread-content-max-width:48rem] mx-auto max-w-(--thread-content-max-width) flex-1 group\/turn-messages focus-visible:outline-hidden relative flex w-full min-w-0 flex-col agent-turn\">\n<div class=\"flex max-w-full flex-col gap-4 grow\">\n<div data-message-author-role=\"assistant\" data-message-id=\"606ab16c-95e6-42a0-b15b-dd30bfec4240\" data-turn-start-message=\"true\" dir=\"auto\" data-message-model-slug=\"gpt-5-5\" class=\"min-h-8 text-message relative flex w-full flex-col items-end gap-2 text-start break-words whitespace-normal outline-none keyboard-focused:focus-ring [.text-message+&amp;]:mt-1\">\n<div class=\"flex w-full flex-col gap-1 empty:hidden\">\n<div class=\"markdown prose dark:prose-invert wrap-break-word w-full light markdown-new-styling\">\n<p data-start=\"0\" data-end=\"493\">D\u00e9couvrez l\u2019eau p\u00e9tillante VPW Baies Sauvages 355ml : une combinaison savoureuse de petits fruits des champs offrant un go\u00fbt riche, l\u00e9g\u00e8rement sucr\u00e9 et parfaitement rafra\u00eechissant. Avec ses fines bulles p\u00e9tillantes et son m\u00e9lange fruit\u00e9 intense, cette boisson sans sucre et sans calories est id\u00e9ale pour se d\u00e9salt\u00e9rer \u00e0 tout moment de la journ\u00e9e. Une saveur \u00e9clatante et \u00e9quilibr\u00e9e qui plaira aux amateurs de boissons fruit\u00e9es l\u00e9g\u00e8res et rafra\u00eechissantes.<\/p>\n<\/div>\n<\/div>\n<\/div>\n<\/div>\n<\/div>\n<\/div>\n<\/section>\n","protected":false},"excerpt":{"rendered":"<p>D\u00e9couvrez l\u2019eau p\u00e9tillante VPW Baies Sauvages 355ml : une combinaison savoureuse de petits fruits des champs offrant un go\u00fbt riche, [&hellip;]<\/p>\n","protected":false},"featured_media":224983,"template":"","meta":{"_acf_changed":false,"site-sidebar-layout":"default","site-content-layout":"","ast-site-content-layout":"default","site-content-style":"default","site-sidebar-style":"default","ast-global-header-display":"","ast-banner-title-visibility":"","ast-main-header-display":"","ast-hfb-above-header-display":"","ast-hfb-below-header-display":"","ast-hfb-mobile-header-display":"","site-post-title":"","ast-breadcrumbs-content":"","ast-featured-img":"","footer-sml-layout":"","ast-disable-related-posts":"","theme-transparent-header-meta":"","adv-header-id-meta":"","stick-header-meta":"","header-above-stick-meta":"","header-main-stick-meta":"","header-below-stick-meta":"","astra-migrate-meta-layouts":"default","ast-page-background-enabled":"default","ast-page-background-meta":{"desktop":{"background-color":"var(--ast-global-color-4)","background-image":"","background-repeat":"repeat","background-position":"center center","background-size":"auto","background-attachment":"scroll","background-type":"","background-media":"","overlay-type":"","overlay-color":"","overlay-opacity":"","overlay-gradient":""},"tablet":{"background-color":"","background-image":"","background-repeat":"repeat","background-position":"center center","background-size":"auto","background-attachment":"scroll","background-type":"","background-media":"","overlay-type":"","overlay-color":"","overlay-opacity":"","overlay-gradient":""},"mobile":{"background-color":"","background-image":"","background-repeat":"repeat","background-position":"center center","background-size":"auto","background-attachment":"scroll","background-type":"","background-media":"","overlay-type":"","overlay-color":"","overlay-opacity":"","overlay-gradient":""}},"ast-content-background-meta":{"desktop":{"background-color":"var(--ast-global-color-5)","background-image":"","background-repeat":"repeat","background-position":"center center","background-size":"auto","background-attachment":"scroll","background-type":"","background-media":"","overlay-type":"","overlay-color":"","overlay-opacity":"","overlay-gradient":""},"tablet":{"background-color":"var(--ast-global-color-5)","background-image":"","background-repeat":"repeat","background-position":"center center","background-size":"auto","background-attachment":"scroll","background-type":"","background-media":"","overlay-type":"","overlay-color":"","overlay-opacity":"","overlay-gradient":""},"mobile":{"background-color":"var(--ast-global-color-5)","background-image":"","background-repeat":"repeat","background-position":"center center","background-size":"auto","background-attachment":"scroll","background-type":"","background-media":"","overlay-type":"","overlay-color":"","overlay-opacity":"","overlay-gradient":""}},"_adncomm_balissage":[]},"marque":[],"saveur":[],"product_brand":[],"product_cat":[637,475],"product_tag":[],"class_list":{"0":"post-224985","1":"product","2":"type-product","3":"status-publish","4":"has-post-thumbnail","6":"product_cat-objets-promotionnels","7":"product_cat-sans-categorie","8":"desktop-align-left","9":"tablet-align-left","10":"mobile-align-left","12":"first","13":"instock","14":"shipping-taxable","15":"purchasable","16":"product-type-variable"},"acf":[],"yoast_head":"<!-- This site is optimized with the Yoast SEO plugin v27.5 - https:\/\/yoast.com\/product\/yoast-seo-wordpress\/ -->\n<title>Eau VPW Baie Sauvages - Vape W\u00f4linak<\/title>\n<meta name=\"description\" content=\"D\u00e9couvrez l\u2019eau p\u00e9tillante VPW Baies Sauvages 355ml : une combinaison savoureuse de petits fruits des champs offrant un go\u00fbt riche, l\u00e9g\u00e8rement sucr\u00e9 et\" \/>\n<meta name=\"robots\" content=\"index, follow, max-snippet:-1, max-image-preview:large, max-video-preview:-1\" \/>\n<link rel=\"canonical\" href=\"https:\/\/vapewolinak.com\/en\/produit\/eau-vpw-baie-sauvages\/\" \/>\n<meta property=\"og:locale\" content=\"en_US\" \/>\n<meta property=\"og:type\" content=\"article\" \/>\n<meta property=\"og:title\" content=\"Eau VPW Baie Sauvages - Vape W\u00f4linak\" \/>\n<meta property=\"og:description\" content=\"D\u00e9couvrez l\u2019eau p\u00e9tillante VPW Baies Sauvages 355ml : une combinaison savoureuse de petits fruits des champs offrant un go\u00fbt riche, l\u00e9g\u00e8rement sucr\u00e9 et\" \/>\n<meta property=\"og:url\" content=\"https:\/\/vapewolinak.com\/en\/produit\/eau-vpw-baie-sauvages\/\" \/>\n<meta property=\"og:site_name\" content=\"Vape W\u00f4linak\" \/>\n<meta property=\"article:modified_time\" content=\"2026-05-11T13:12:31+00:00\" \/>\n<meta property=\"og:image\" content=\"https:\/\/vapewolinak.com\/wp-content\/uploads\/2026\/05\/81662D77-3391-47F0-9A9D-A8E7B2FC1653.jpeg\" \/>\n\t<meta property=\"og:image:width\" content=\"1086\" \/>\n\t<meta property=\"og:image:height\" content=\"1448\" \/>\n\t<meta property=\"og:image:type\" content=\"image\/jpeg\" \/>\n<meta name=\"twitter:card\" content=\"summary_large_image\" \/>\n<!-- \/ Yoast SEO plugin. -->","yoast_head_json":{"title":"Eau VPW Baie Sauvages - Vape W\u00f4linak","description":"D\u00e9couvrez l\u2019eau p\u00e9tillante VPW Baies Sauvages 355ml : une combinaison savoureuse de petits fruits des champs offrant un go\u00fbt riche, l\u00e9g\u00e8rement sucr\u00e9 et","robots":{"index":"index","follow":"follow","max-snippet":"max-snippet:-1","max-image-preview":"max-image-preview:large","max-video-preview":"max-video-preview:-1"},"canonical":"https:\/\/vapewolinak.com\/en\/produit\/eau-vpw-baie-sauvages\/","og_locale":"en_US","og_type":"article","og_title":"Eau VPW Baie Sauvages - Vape W\u00f4linak","og_description":"D\u00e9couvrez l\u2019eau p\u00e9tillante VPW Baies Sauvages 355ml : une combinaison savoureuse de petits fruits des champs offrant un go\u00fbt riche, l\u00e9g\u00e8rement sucr\u00e9 et","og_url":"https:\/\/vapewolinak.com\/en\/produit\/eau-vpw-baie-sauvages\/","og_site_name":"Vape W\u00f4linak","article_modified_time":"2026-05-11T13:12:31+00:00","og_image":[{"width":1086,"height":1448,"url":"https:\/\/vapewolinak.com\/wp-content\/uploads\/2026\/05\/81662D77-3391-47F0-9A9D-A8E7B2FC1653.jpeg","type":"image\/jpeg"}],"twitter_card":"summary_large_image","schema":{"@context":"https:\/\/schema.org","@graph":[{"@type":"WebPage","@id":"https:\/\/vapewolinak.com\/en\/produit\/eau-vpw-baie-sauvages\/","url":"https:\/\/vapewolinak.com\/en\/produit\/eau-vpw-baie-sauvages\/","name":"Eau VPW Baie Sauvages - Vape W\u00f4linak","isPartOf":{"@id":"https:\/\/vapewolinak.com\/en\/#website"},"primaryImageOfPage":{"@id":"https:\/\/vapewolinak.com\/en\/produit\/eau-vpw-baie-sauvages\/#primaryimage"},"image":{"@id":"https:\/\/vapewolinak.com\/en\/produit\/eau-vpw-baie-sauvages\/#primaryimage"},"thumbnailUrl":"https:\/\/vapewolinak.com\/wp-content\/uploads\/2026\/05\/81662D77-3391-47F0-9A9D-A8E7B2FC1653.jpeg","datePublished":"2026-05-07T19:30:50+00:00","dateModified":"2026-05-11T13:12:31+00:00","description":"D\u00e9couvrez l\u2019eau p\u00e9tillante VPW Baies Sauvages 355ml : une combinaison savoureuse de petits fruits des champs offrant un go\u00fbt riche, l\u00e9g\u00e8rement sucr\u00e9 et","breadcrumb":{"@id":"https:\/\/vapewolinak.com\/en\/produit\/eau-vpw-baie-sauvages\/#breadcrumb"},"inLanguage":"en-US","potentialAction":[{"@type":"ReadAction","target":["https:\/\/vapewolinak.com\/en\/produit\/eau-vpw-baie-sauvages\/"]}]},{"@type":"ImageObject","inLanguage":"en-US","@id":"https:\/\/vapewolinak.com\/en\/produit\/eau-vpw-baie-sauvages\/#primaryimage","url":"https:\/\/vapewolinak.com\/wp-content\/uploads\/2026\/05\/81662D77-3391-47F0-9A9D-A8E7B2FC1653.jpeg","contentUrl":"https:\/\/vapewolinak.com\/wp-content\/uploads\/2026\/05\/81662D77-3391-47F0-9A9D-A8E7B2FC1653.jpeg","width":1086,"height":1448},{"@type":"BreadcrumbList","@id":"https:\/\/vapewolinak.com\/en\/produit\/eau-vpw-baie-sauvages\/#breadcrumb","itemListElement":[{"@type":"ListItem","position":1,"name":"Accueil","item":"https:\/\/vapewolinak.com\/en\/accueil\/"},{"@type":"ListItem","position":2,"name":"Shop","item":"https:\/\/vapewolinak.com\/en\/shop\/"},{"@type":"ListItem","position":3,"name":"Eau VPW Baie Sauvages"}]},{"@type":"WebSite","@id":"https:\/\/vapewolinak.com\/en\/#website","url":"https:\/\/vapewolinak.com\/en\/","name":"Vape W\u00f4linak","description":"Articles et saveurs de vapotage au Qu\u00e9bec","publisher":{"@id":"https:\/\/vapewolinak.com\/en\/#organization"},"potentialAction":[{"@type":"SearchAction","target":{"@type":"EntryPoint","urlTemplate":"https:\/\/vapewolinak.com\/en\/?s={search_term_string}"},"query-input":{"@type":"PropertyValueSpecification","valueRequired":true,"valueName":"search_term_string"}}],"inLanguage":"en-US"},{"@type":"Organization","@id":"https:\/\/vapewolinak.com\/en\/#organization","name":"Vape W\u00f4linak","url":"https:\/\/vapewolinak.com\/en\/","logo":{"@type":"ImageObject","inLanguage":"en-US","@id":"https:\/\/vapewolinak.com\/en\/#\/schema\/logo\/image\/","url":"https:\/\/vapewolinak.com\/wp-content\/uploads\/2024\/01\/vapewolinak-logo-e1736438957668.png","contentUrl":"https:\/\/vapewolinak.com\/wp-content\/uploads\/2024\/01\/vapewolinak-logo-e1736438957668.png","width":538,"height":440,"caption":"Vape W\u00f4linak"},"image":{"@id":"https:\/\/vapewolinak.com\/en\/#\/schema\/logo\/image\/"}}]}},"_links":{"self":[{"href":"https:\/\/vapewolinak.com\/en\/wp-json\/wp\/v2\/product\/224985","targetHints":{"allow":["GET"]}}],"collection":[{"href":"https:\/\/vapewolinak.com\/en\/wp-json\/wp\/v2\/product"}],"about":[{"href":"https:\/\/vapewolinak.com\/en\/wp-json\/wp\/v2\/types\/product"}],"wp:featuredmedia":[{"embeddable":true,"href":"https:\/\/vapewolinak.com\/en\/wp-json\/wp\/v2\/media\/224983"}],"wp:attachment":[{"href":"https:\/\/vapewolinak.com\/en\/wp-json\/wp\/v2\/media?parent=224985"}],"wp:term":[{"taxonomy":"marque","embeddable":true,"href":"https:\/\/vapewolinak.com\/en\/wp-json\/wp\/v2\/marque?post=224985"},{"taxonomy":"saveur","embeddable":true,"href":"https:\/\/vapewolinak.com\/en\/wp-json\/wp\/v2\/saveur?post=224985"},{"taxonomy":"product_brand","embeddable":true,"href":"https:\/\/vapewolinak.com\/en\/wp-json\/wp\/v2\/product_brand?post=224985"},{"taxonomy":"product_cat","embeddable":true,"href":"https:\/\/vapewolinak.com\/en\/wp-json\/wp\/v2\/product_cat?post=224985"},{"taxonomy":"product_tag","embeddable":true,"href":"https:\/\/vapewolinak.com\/en\/wp-json\/wp\/v2\/product_tag?post=224985"}],"curies":[{"name":"wp","href":"https:\/\/api.w.org\/{rel}","templated":true}]}}