{"id":228652,"date":"2026-05-15T15:59:35","date_gmt":"2026-05-15T19:59:35","guid":{"rendered":"https:\/\/vapewolinak.com\/?post_type=product&#038;p=228652"},"modified":"2026-05-16T05:01:01","modified_gmt":"2026-05-16T09:01:01","slug":"dripn-daily-just-banana","status":"publish","type":"product","link":"https:\/\/vapewolinak.com\/en\/produit\/dripn-daily-just-banana\/","title":{"rendered":"Drip&#8217;n Daily Just Banana"},"content":{"rendered":"<p>un go\u00fbt de banane m\u00fbre tr\u00e8s doux et cr\u00e9meux, rappelant un m\u00e9lange entre une vraie banane fra\u00eeche et une petite touche de bonbon \u00e0 la banane. La saveur est g\u00e9n\u00e9ralement riche sans \u00eatre trop lourde, avec une finale lisse et l\u00e9g\u00e8rement sucr\u00e9e qui la rend tr\u00e8s agr\u00e9able \u00e0 vaper toute la journ\u00e9e.<\/p>\n","protected":false},"excerpt":{"rendered":"<p>un go\u00fbt de banane m\u00fbre tr\u00e8s doux et cr\u00e9meux, rappelant un m\u00e9lange entre une vraie banane fra\u00eeche et une petite [&hellip;]<\/p>\n","protected":false},"featured_media":228650,"template":"","meta":{"_acf_changed":false,"site-sidebar-layout":"default","site-content-layout":"","ast-site-content-layout":"default","site-content-style":"default","site-sidebar-style":"default","ast-global-header-display":"","ast-banner-title-visibility":"","ast-main-header-display":"","ast-hfb-above-header-display":"","ast-hfb-below-header-display":"","ast-hfb-mobile-header-display":"","site-post-title":"","ast-breadcrumbs-content":"","ast-featured-img":"","footer-sml-layout":"","ast-disable-related-posts":"","theme-transparent-header-meta":"","adv-header-id-meta":"","stick-header-meta":"","header-above-stick-meta":"","header-main-stick-meta":"","header-below-stick-meta":"","astra-migrate-meta-layouts":"default","ast-page-background-enabled":"default","ast-page-background-meta":{"desktop":{"background-color":"var(--ast-global-color-4)","background-image":"","background-repeat":"repeat","background-position":"center center","background-size":"auto","background-attachment":"scroll","background-type":"","background-media":"","overlay-type":"","overlay-color":"","overlay-opacity":"","overlay-gradient":""},"tablet":{"background-color":"","background-image":"","background-repeat":"repeat","background-position":"center center","background-size":"auto","background-attachment":"scroll","background-type":"","background-media":"","overlay-type":"","overlay-color":"","overlay-opacity":"","overlay-gradient":""},"mobile":{"background-color":"","background-image":"","background-repeat":"repeat","background-position":"center center","background-size":"auto","background-attachment":"scroll","background-type":"","background-media":"","overlay-type":"","overlay-color":"","overlay-opacity":"","overlay-gradient":""}},"ast-content-background-meta":{"desktop":{"background-color":"var(--ast-global-color-5)","background-image":"","background-repeat":"repeat","background-position":"center center","background-size":"auto","background-attachment":"scroll","background-type":"","background-media":"","overlay-type":"","overlay-color":"","overlay-opacity":"","overlay-gradient":""},"tablet":{"background-color":"var(--ast-global-color-5)","background-image":"","background-repeat":"repeat","background-position":"center center","background-size":"auto","background-attachment":"scroll","background-type":"","background-media":"","overlay-type":"","overlay-color":"","overlay-opacity":"","overlay-gradient":""},"mobile":{"background-color":"var(--ast-global-color-5)","background-image":"","background-repeat":"repeat","background-position":"center center","background-size":"auto","background-attachment":"scroll","background-type":"","background-media":"","overlay-type":"","overlay-color":"","overlay-opacity":"","overlay-gradient":""}},"_adncomm_balissage":[]},"marque":[1505],"saveur":[],"product_brand":[],"product_cat":[841,475,37],"product_tag":[],"class_list":{"0":"post-228652","1":"product","2":"type-product","3":"status-publish","4":"has-post-thumbnail","6":"marque-dripn-daily","7":"product_cat-nouveautes","8":"product_cat-sans-categorie","9":"product_cat-vapes-jetables","10":"desktop-align-left","11":"tablet-align-left","12":"mobile-align-left","14":"first","15":"instock","16":"shipping-taxable","17":"purchasable","18":"product-type-variable"},"acf":[],"yoast_head":"<!-- This site is optimized with the Yoast SEO plugin v27.6 - https:\/\/yoast.com\/product\/yoast-seo-wordpress\/ -->\n<title>Drip&#039;n Daily Just Banana - Vape W\u00f4linak<\/title>\n<meta name=\"description\" content=\"un go\u00fbt de banane m\u00fbre tr\u00e8s doux et cr\u00e9meux, rappelant un m\u00e9lange entre une vraie banane fra\u00eeche et une petite touche de bonbon \u00e0 la banane. La saveur est\" \/>\n<meta name=\"robots\" content=\"index, follow, max-snippet:-1, max-image-preview:large, max-video-preview:-1\" \/>\n<link rel=\"canonical\" href=\"https:\/\/vapewolinak.com\/en\/produit\/dripn-daily-just-banana\/\" \/>\n<meta property=\"og:locale\" content=\"en_US\" \/>\n<meta property=\"og:type\" content=\"article\" \/>\n<meta property=\"og:title\" content=\"Drip&#039;n Daily Just Banana - Vape W\u00f4linak\" \/>\n<meta property=\"og:description\" content=\"un go\u00fbt de banane m\u00fbre tr\u00e8s doux et cr\u00e9meux, rappelant un m\u00e9lange entre une vraie banane fra\u00eeche et une petite touche de bonbon \u00e0 la banane. La saveur est\" \/>\n<meta property=\"og:url\" content=\"https:\/\/vapewolinak.com\/en\/produit\/dripn-daily-just-banana\/\" \/>\n<meta property=\"og:site_name\" content=\"Vape W\u00f4linak\" \/>\n<meta property=\"article:modified_time\" content=\"2026-05-16T09:01:01+00:00\" \/>\n<meta property=\"og:image\" content=\"https:\/\/vapewolinak.com\/wp-content\/uploads\/2026\/05\/Banana.webp\" \/>\n\t<meta property=\"og:image:width\" content=\"713\" \/>\n\t<meta property=\"og:image:height\" content=\"713\" \/>\n\t<meta property=\"og:image:type\" content=\"image\/webp\" \/>\n<meta name=\"twitter:card\" content=\"summary_large_image\" \/>\n<!-- \/ Yoast SEO plugin. -->","yoast_head_json":{"title":"Drip'n Daily Just Banana - Vape W\u00f4linak","description":"un go\u00fbt de banane m\u00fbre tr\u00e8s doux et cr\u00e9meux, rappelant un m\u00e9lange entre une vraie banane fra\u00eeche et une petite touche de bonbon \u00e0 la banane. La saveur est","robots":{"index":"index","follow":"follow","max-snippet":"max-snippet:-1","max-image-preview":"max-image-preview:large","max-video-preview":"max-video-preview:-1"},"canonical":"https:\/\/vapewolinak.com\/en\/produit\/dripn-daily-just-banana\/","og_locale":"en_US","og_type":"article","og_title":"Drip'n Daily Just Banana - Vape W\u00f4linak","og_description":"un go\u00fbt de banane m\u00fbre tr\u00e8s doux et cr\u00e9meux, rappelant un m\u00e9lange entre une vraie banane fra\u00eeche et une petite touche de bonbon \u00e0 la banane. La saveur est","og_url":"https:\/\/vapewolinak.com\/en\/produit\/dripn-daily-just-banana\/","og_site_name":"Vape W\u00f4linak","article_modified_time":"2026-05-16T09:01:01+00:00","og_image":[{"width":713,"height":713,"url":"https:\/\/vapewolinak.com\/wp-content\/uploads\/2026\/05\/Banana.webp","type":"image\/webp"}],"twitter_card":"summary_large_image","schema":{"@context":"https:\/\/schema.org","@graph":[{"@type":"WebPage","@id":"https:\/\/vapewolinak.com\/en\/produit\/dripn-daily-just-banana\/","url":"https:\/\/vapewolinak.com\/en\/produit\/dripn-daily-just-banana\/","name":"Drip'n Daily Just Banana - Vape W\u00f4linak","isPartOf":{"@id":"https:\/\/vapewolinak.com\/en\/#website"},"primaryImageOfPage":{"@id":"https:\/\/vapewolinak.com\/en\/produit\/dripn-daily-just-banana\/#primaryimage"},"image":{"@id":"https:\/\/vapewolinak.com\/en\/produit\/dripn-daily-just-banana\/#primaryimage"},"thumbnailUrl":"https:\/\/vapewolinak.com\/wp-content\/uploads\/2026\/05\/Banana.webp","datePublished":"2026-05-15T19:59:35+00:00","dateModified":"2026-05-16T09:01:01+00:00","description":"un go\u00fbt de banane m\u00fbre tr\u00e8s doux et cr\u00e9meux, rappelant un m\u00e9lange entre une vraie banane fra\u00eeche et une petite touche de bonbon \u00e0 la banane. La saveur est","breadcrumb":{"@id":"https:\/\/vapewolinak.com\/en\/produit\/dripn-daily-just-banana\/#breadcrumb"},"inLanguage":"en-US","potentialAction":[{"@type":"ReadAction","target":["https:\/\/vapewolinak.com\/en\/produit\/dripn-daily-just-banana\/"]}]},{"@type":"ImageObject","inLanguage":"en-US","@id":"https:\/\/vapewolinak.com\/en\/produit\/dripn-daily-just-banana\/#primaryimage","url":"https:\/\/vapewolinak.com\/wp-content\/uploads\/2026\/05\/Banana.webp","contentUrl":"https:\/\/vapewolinak.com\/wp-content\/uploads\/2026\/05\/Banana.webp","width":713,"height":713},{"@type":"BreadcrumbList","@id":"https:\/\/vapewolinak.com\/en\/produit\/dripn-daily-just-banana\/#breadcrumb","itemListElement":[{"@type":"ListItem","position":1,"name":"Accueil","item":"https:\/\/vapewolinak.com\/en\/accueil\/"},{"@type":"ListItem","position":2,"name":"Shop","item":"https:\/\/vapewolinak.com\/en\/shop\/"},{"@type":"ListItem","position":3,"name":"Drip&rsquo;n Daily Just Banana"}]},{"@type":"WebSite","@id":"https:\/\/vapewolinak.com\/en\/#website","url":"https:\/\/vapewolinak.com\/en\/","name":"Vape W\u00f4linak","description":"Articles et saveurs de vapotage au Qu\u00e9bec","publisher":{"@id":"https:\/\/vapewolinak.com\/en\/#organization"},"potentialAction":[{"@type":"SearchAction","target":{"@type":"EntryPoint","urlTemplate":"https:\/\/vapewolinak.com\/en\/?s={search_term_string}"},"query-input":{"@type":"PropertyValueSpecification","valueRequired":true,"valueName":"search_term_string"}}],"inLanguage":"en-US"},{"@type":"Organization","@id":"https:\/\/vapewolinak.com\/en\/#organization","name":"Vape W\u00f4linak","url":"https:\/\/vapewolinak.com\/en\/","logo":{"@type":"ImageObject","inLanguage":"en-US","@id":"https:\/\/vapewolinak.com\/en\/#\/schema\/logo\/image\/","url":"https:\/\/vapewolinak.com\/wp-content\/uploads\/2024\/01\/vapewolinak-logo-e1736438957668.png","contentUrl":"https:\/\/vapewolinak.com\/wp-content\/uploads\/2024\/01\/vapewolinak-logo-e1736438957668.png","width":538,"height":440,"caption":"Vape W\u00f4linak"},"image":{"@id":"https:\/\/vapewolinak.com\/en\/#\/schema\/logo\/image\/"}}]}},"_links":{"self":[{"href":"https:\/\/vapewolinak.com\/en\/wp-json\/wp\/v2\/product\/228652","targetHints":{"allow":["GET"]}}],"collection":[{"href":"https:\/\/vapewolinak.com\/en\/wp-json\/wp\/v2\/product"}],"about":[{"href":"https:\/\/vapewolinak.com\/en\/wp-json\/wp\/v2\/types\/product"}],"wp:featuredmedia":[{"embeddable":true,"href":"https:\/\/vapewolinak.com\/en\/wp-json\/wp\/v2\/media\/228650"}],"wp:attachment":[{"href":"https:\/\/vapewolinak.com\/en\/wp-json\/wp\/v2\/media?parent=228652"}],"wp:term":[{"taxonomy":"marque","embeddable":true,"href":"https:\/\/vapewolinak.com\/en\/wp-json\/wp\/v2\/marque?post=228652"},{"taxonomy":"saveur","embeddable":true,"href":"https:\/\/vapewolinak.com\/en\/wp-json\/wp\/v2\/saveur?post=228652"},{"taxonomy":"product_brand","embeddable":true,"href":"https:\/\/vapewolinak.com\/en\/wp-json\/wp\/v2\/product_brand?post=228652"},{"taxonomy":"product_cat","embeddable":true,"href":"https:\/\/vapewolinak.com\/en\/wp-json\/wp\/v2\/product_cat?post=228652"},{"taxonomy":"product_tag","embeddable":true,"href":"https:\/\/vapewolinak.com\/en\/wp-json\/wp\/v2\/product_tag?post=228652"}],"curies":[{"name":"wp","href":"https:\/\/api.w.org\/{rel}","templated":true}]}}