{"id":228684,"date":"2026-05-15T16:01:08","date_gmt":"2026-05-15T20:01:08","guid":{"rendered":"https:\/\/vapewolinak.com\/?post_type=product&#038;p=228684"},"modified":"2026-05-15T16:32:48","modified_gmt":"2026-05-15T20:32:48","slug":"dripn-daily-just-white-grape","status":"publish","type":"product","link":"https:\/\/vapewolinak.com\/en\/produit\/dripn-daily-just-white-grape\/","title":{"rendered":"Drip&#8217;n Daily Just White Grape"},"content":{"rendered":"<p>Un go\u00fbt de raisin blanc tr\u00e8s doux et l\u00e9ger, avec une touche sucr\u00e9e propre et rafra\u00eechissante. On retrouve une sensation fruit\u00e9e naturelle, moins \u201cbonbon\u201d qu\u2019un raisin mauve classique, accompagn\u00e9e d\u2019un l\u00e9ger effet glac\u00e9\/menthol\u00e9 qui reste subtil et ne prend pas toute la place.<\/p>\n","protected":false},"excerpt":{"rendered":"<p>Un go\u00fbt de raisin blanc tr\u00e8s doux et l\u00e9ger, avec une touche sucr\u00e9e propre et rafra\u00eechissante. On retrouve une sensation [&hellip;]<\/p>\n","protected":false},"featured_media":228682,"template":"","meta":{"_acf_changed":false,"site-sidebar-layout":"default","site-content-layout":"","ast-site-content-layout":"default","site-content-style":"default","site-sidebar-style":"default","ast-global-header-display":"","ast-banner-title-visibility":"","ast-main-header-display":"","ast-hfb-above-header-display":"","ast-hfb-below-header-display":"","ast-hfb-mobile-header-display":"","site-post-title":"","ast-breadcrumbs-content":"","ast-featured-img":"","footer-sml-layout":"","ast-disable-related-posts":"","theme-transparent-header-meta":"","adv-header-id-meta":"","stick-header-meta":"","header-above-stick-meta":"","header-main-stick-meta":"","header-below-stick-meta":"","astra-migrate-meta-layouts":"default","ast-page-background-enabled":"default","ast-page-background-meta":{"desktop":{"background-color":"var(--ast-global-color-4)","background-image":"","background-repeat":"repeat","background-position":"center center","background-size":"auto","background-attachment":"scroll","background-type":"","background-media":"","overlay-type":"","overlay-color":"","overlay-opacity":"","overlay-gradient":""},"tablet":{"background-color":"","background-image":"","background-repeat":"repeat","background-position":"center center","background-size":"auto","background-attachment":"scroll","background-type":"","background-media":"","overlay-type":"","overlay-color":"","overlay-opacity":"","overlay-gradient":""},"mobile":{"background-color":"","background-image":"","background-repeat":"repeat","background-position":"center center","background-size":"auto","background-attachment":"scroll","background-type":"","background-media":"","overlay-type":"","overlay-color":"","overlay-opacity":"","overlay-gradient":""}},"ast-content-background-meta":{"desktop":{"background-color":"var(--ast-global-color-5)","background-image":"","background-repeat":"repeat","background-position":"center center","background-size":"auto","background-attachment":"scroll","background-type":"","background-media":"","overlay-type":"","overlay-color":"","overlay-opacity":"","overlay-gradient":""},"tablet":{"background-color":"var(--ast-global-color-5)","background-image":"","background-repeat":"repeat","background-position":"center center","background-size":"auto","background-attachment":"scroll","background-type":"","background-media":"","overlay-type":"","overlay-color":"","overlay-opacity":"","overlay-gradient":""},"mobile":{"background-color":"var(--ast-global-color-5)","background-image":"","background-repeat":"repeat","background-position":"center center","background-size":"auto","background-attachment":"scroll","background-type":"","background-media":"","overlay-type":"","overlay-color":"","overlay-opacity":"","overlay-gradient":""}},"_adncomm_balissage":[]},"marque":[1505],"saveur":[],"product_brand":[],"product_cat":[841,475,37],"product_tag":[],"class_list":{"0":"post-228684","1":"product","2":"type-product","3":"status-publish","4":"has-post-thumbnail","6":"marque-dripn-daily","7":"product_cat-nouveautes","8":"product_cat-sans-categorie","9":"product_cat-vapes-jetables","10":"desktop-align-left","11":"tablet-align-left","12":"mobile-align-left","14":"first","15":"instock","16":"shipping-taxable","17":"purchasable","18":"product-type-variable"},"acf":[],"yoast_head":"<!-- This site is optimized with the Yoast SEO plugin v27.6 - https:\/\/yoast.com\/product\/yoast-seo-wordpress\/ -->\n<title>Drip&#039;n Daily Just White Grape - Vape W\u00f4linak<\/title>\n<meta name=\"description\" content=\"Un go\u00fbt de raisin blanc tr\u00e8s doux et l\u00e9ger, avec une touche sucr\u00e9e propre et rafra\u00eechissante. On retrouve une sensation fruit\u00e9e naturelle, moins \u201cbonbon\u201d\" \/>\n<meta name=\"robots\" content=\"index, follow, max-snippet:-1, max-image-preview:large, max-video-preview:-1\" \/>\n<link rel=\"canonical\" href=\"https:\/\/vapewolinak.com\/en\/produit\/dripn-daily-just-white-grape\/\" \/>\n<meta property=\"og:locale\" content=\"en_US\" \/>\n<meta property=\"og:type\" content=\"article\" \/>\n<meta property=\"og:title\" content=\"Drip&#039;n Daily Just White Grape - Vape W\u00f4linak\" \/>\n<meta property=\"og:description\" content=\"Un go\u00fbt de raisin blanc tr\u00e8s doux et l\u00e9ger, avec une touche sucr\u00e9e propre et rafra\u00eechissante. On retrouve une sensation fruit\u00e9e naturelle, moins \u201cbonbon\u201d\" \/>\n<meta property=\"og:url\" content=\"https:\/\/vapewolinak.com\/en\/produit\/dripn-daily-just-white-grape\/\" \/>\n<meta property=\"og:site_name\" content=\"Vape W\u00f4linak\" \/>\n<meta property=\"article:modified_time\" content=\"2026-05-15T20:32:48+00:00\" \/>\n<meta property=\"og:image\" content=\"https:\/\/vapewolinak.com\/wp-content\/uploads\/2026\/05\/White-Grape.webp\" \/>\n\t<meta property=\"og:image:width\" content=\"713\" \/>\n\t<meta property=\"og:image:height\" content=\"713\" \/>\n\t<meta property=\"og:image:type\" content=\"image\/webp\" \/>\n<meta name=\"twitter:card\" content=\"summary_large_image\" \/>\n<!-- \/ Yoast SEO plugin. -->","yoast_head_json":{"title":"Drip'n Daily Just White Grape - Vape W\u00f4linak","description":"Un go\u00fbt de raisin blanc tr\u00e8s doux et l\u00e9ger, avec une touche sucr\u00e9e propre et rafra\u00eechissante. On retrouve une sensation fruit\u00e9e naturelle, moins \u201cbonbon\u201d","robots":{"index":"index","follow":"follow","max-snippet":"max-snippet:-1","max-image-preview":"max-image-preview:large","max-video-preview":"max-video-preview:-1"},"canonical":"https:\/\/vapewolinak.com\/en\/produit\/dripn-daily-just-white-grape\/","og_locale":"en_US","og_type":"article","og_title":"Drip'n Daily Just White Grape - Vape W\u00f4linak","og_description":"Un go\u00fbt de raisin blanc tr\u00e8s doux et l\u00e9ger, avec une touche sucr\u00e9e propre et rafra\u00eechissante. On retrouve une sensation fruit\u00e9e naturelle, moins \u201cbonbon\u201d","og_url":"https:\/\/vapewolinak.com\/en\/produit\/dripn-daily-just-white-grape\/","og_site_name":"Vape W\u00f4linak","article_modified_time":"2026-05-15T20:32:48+00:00","og_image":[{"width":713,"height":713,"url":"https:\/\/vapewolinak.com\/wp-content\/uploads\/2026\/05\/White-Grape.webp","type":"image\/webp"}],"twitter_card":"summary_large_image","schema":{"@context":"https:\/\/schema.org","@graph":[{"@type":"WebPage","@id":"https:\/\/vapewolinak.com\/en\/produit\/dripn-daily-just-white-grape\/","url":"https:\/\/vapewolinak.com\/en\/produit\/dripn-daily-just-white-grape\/","name":"Drip'n Daily Just White Grape - Vape W\u00f4linak","isPartOf":{"@id":"https:\/\/vapewolinak.com\/en\/#website"},"primaryImageOfPage":{"@id":"https:\/\/vapewolinak.com\/en\/produit\/dripn-daily-just-white-grape\/#primaryimage"},"image":{"@id":"https:\/\/vapewolinak.com\/en\/produit\/dripn-daily-just-white-grape\/#primaryimage"},"thumbnailUrl":"https:\/\/vapewolinak.com\/wp-content\/uploads\/2026\/05\/White-Grape.webp","datePublished":"2026-05-15T20:01:08+00:00","dateModified":"2026-05-15T20:32:48+00:00","description":"Un go\u00fbt de raisin blanc tr\u00e8s doux et l\u00e9ger, avec une touche sucr\u00e9e propre et rafra\u00eechissante. On retrouve une sensation fruit\u00e9e naturelle, moins \u201cbonbon\u201d","breadcrumb":{"@id":"https:\/\/vapewolinak.com\/en\/produit\/dripn-daily-just-white-grape\/#breadcrumb"},"inLanguage":"en-US","potentialAction":[{"@type":"ReadAction","target":["https:\/\/vapewolinak.com\/en\/produit\/dripn-daily-just-white-grape\/"]}]},{"@type":"ImageObject","inLanguage":"en-US","@id":"https:\/\/vapewolinak.com\/en\/produit\/dripn-daily-just-white-grape\/#primaryimage","url":"https:\/\/vapewolinak.com\/wp-content\/uploads\/2026\/05\/White-Grape.webp","contentUrl":"https:\/\/vapewolinak.com\/wp-content\/uploads\/2026\/05\/White-Grape.webp","width":713,"height":713},{"@type":"BreadcrumbList","@id":"https:\/\/vapewolinak.com\/en\/produit\/dripn-daily-just-white-grape\/#breadcrumb","itemListElement":[{"@type":"ListItem","position":1,"name":"Accueil","item":"https:\/\/vapewolinak.com\/en\/accueil\/"},{"@type":"ListItem","position":2,"name":"Shop","item":"https:\/\/vapewolinak.com\/en\/shop\/"},{"@type":"ListItem","position":3,"name":"Drip&rsquo;n Daily Just White Grape"}]},{"@type":"WebSite","@id":"https:\/\/vapewolinak.com\/en\/#website","url":"https:\/\/vapewolinak.com\/en\/","name":"Vape W\u00f4linak","description":"Articles et saveurs de vapotage au Qu\u00e9bec","publisher":{"@id":"https:\/\/vapewolinak.com\/en\/#organization"},"potentialAction":[{"@type":"SearchAction","target":{"@type":"EntryPoint","urlTemplate":"https:\/\/vapewolinak.com\/en\/?s={search_term_string}"},"query-input":{"@type":"PropertyValueSpecification","valueRequired":true,"valueName":"search_term_string"}}],"inLanguage":"en-US"},{"@type":"Organization","@id":"https:\/\/vapewolinak.com\/en\/#organization","name":"Vape W\u00f4linak","url":"https:\/\/vapewolinak.com\/en\/","logo":{"@type":"ImageObject","inLanguage":"en-US","@id":"https:\/\/vapewolinak.com\/en\/#\/schema\/logo\/image\/","url":"https:\/\/vapewolinak.com\/wp-content\/uploads\/2024\/01\/vapewolinak-logo-e1736438957668.png","contentUrl":"https:\/\/vapewolinak.com\/wp-content\/uploads\/2024\/01\/vapewolinak-logo-e1736438957668.png","width":538,"height":440,"caption":"Vape W\u00f4linak"},"image":{"@id":"https:\/\/vapewolinak.com\/en\/#\/schema\/logo\/image\/"}}]}},"_links":{"self":[{"href":"https:\/\/vapewolinak.com\/en\/wp-json\/wp\/v2\/product\/228684","targetHints":{"allow":["GET"]}}],"collection":[{"href":"https:\/\/vapewolinak.com\/en\/wp-json\/wp\/v2\/product"}],"about":[{"href":"https:\/\/vapewolinak.com\/en\/wp-json\/wp\/v2\/types\/product"}],"wp:featuredmedia":[{"embeddable":true,"href":"https:\/\/vapewolinak.com\/en\/wp-json\/wp\/v2\/media\/228682"}],"wp:attachment":[{"href":"https:\/\/vapewolinak.com\/en\/wp-json\/wp\/v2\/media?parent=228684"}],"wp:term":[{"taxonomy":"marque","embeddable":true,"href":"https:\/\/vapewolinak.com\/en\/wp-json\/wp\/v2\/marque?post=228684"},{"taxonomy":"saveur","embeddable":true,"href":"https:\/\/vapewolinak.com\/en\/wp-json\/wp\/v2\/saveur?post=228684"},{"taxonomy":"product_brand","embeddable":true,"href":"https:\/\/vapewolinak.com\/en\/wp-json\/wp\/v2\/product_brand?post=228684"},{"taxonomy":"product_cat","embeddable":true,"href":"https:\/\/vapewolinak.com\/en\/wp-json\/wp\/v2\/product_cat?post=228684"},{"taxonomy":"product_tag","embeddable":true,"href":"https:\/\/vapewolinak.com\/en\/wp-json\/wp\/v2\/product_tag?post=228684"}],"curies":[{"name":"wp","href":"https:\/\/api.w.org\/{rel}","templated":true}]}}