{"id":39893,"date":"2024-04-07T10:55:28","date_gmt":"2024-04-07T14:55:28","guid":{"rendered":"https:\/\/vapewolinak.com\/?post_type=product&#038;p=39893"},"modified":"2025-11-13T10:11:26","modified_gmt":"2025-11-13T15:11:26","slug":"stlth-loop-9k-pod-pack-banana-ice","status":"publish","type":"product","link":"https:\/\/vapewolinak.com\/en\/produit\/stlth-loop-9k-pod-pack-banana-ice\/","title":{"rendered":"STLTH LOOP 9K Pod Pack &#8211; Banana Ice"},"content":{"rendered":"","protected":false},"excerpt":{"rendered":"","protected":false},"featured_media":45379,"template":"","meta":{"_acf_changed":false,"site-sidebar-layout":"default","site-content-layout":"","ast-site-content-layout":"default","site-content-style":"default","site-sidebar-style":"default","ast-global-header-display":"","ast-banner-title-visibility":"","ast-main-header-display":"","ast-hfb-above-header-display":"","ast-hfb-below-header-display":"","ast-hfb-mobile-header-display":"","site-post-title":"","ast-breadcrumbs-content":"","ast-featured-img":"","footer-sml-layout":"","ast-disable-related-posts":"","theme-transparent-header-meta":"default","adv-header-id-meta":"","stick-header-meta":"","header-above-stick-meta":"","header-main-stick-meta":"","header-below-stick-meta":"","astra-migrate-meta-layouts":"set","ast-page-background-enabled":"default","ast-page-background-meta":{"desktop":{"background-color":"var(--ast-global-color-4)","background-image":"","background-repeat":"repeat","background-position":"center center","background-size":"auto","background-attachment":"scroll","background-type":"","background-media":"","overlay-type":"","overlay-color":"","overlay-opacity":"","overlay-gradient":""},"tablet":{"background-color":"","background-image":"","background-repeat":"repeat","background-position":"center center","background-size":"auto","background-attachment":"scroll","background-type":"","background-media":"","overlay-type":"","overlay-color":"","overlay-opacity":"","overlay-gradient":""},"mobile":{"background-color":"","background-image":"","background-repeat":"repeat","background-position":"center center","background-size":"auto","background-attachment":"scroll","background-type":"","background-media":"","overlay-type":"","overlay-color":"","overlay-opacity":"","overlay-gradient":""}},"ast-content-background-meta":{"desktop":{"background-color":"var(--ast-global-color-5)","background-image":"","background-repeat":"repeat","background-position":"center center","background-size":"auto","background-attachment":"scroll","background-type":"","background-media":"","overlay-type":"","overlay-color":"","overlay-opacity":"","overlay-gradient":""},"tablet":{"background-color":"var(--ast-global-color-5)","background-image":"","background-repeat":"repeat","background-position":"center center","background-size":"auto","background-attachment":"scroll","background-type":"","background-media":"","overlay-type":"","overlay-color":"","overlay-opacity":"","overlay-gradient":""},"mobile":{"background-color":"var(--ast-global-color-5)","background-image":"","background-repeat":"repeat","background-position":"center center","background-size":"auto","background-attachment":"scroll","background-type":"","background-media":"","overlay-type":"","overlay-color":"","overlay-opacity":"","overlay-gradient":""}},"_adncomm_balissage":[]},"marque":[],"saveur":[1144],"product_brand":[],"product_cat":[534],"product_tag":[],"class_list":{"0":"post-39893","1":"product","2":"type-product","3":"status-publish","4":"has-post-thumbnail","6":"saveur-banane","7":"product_cat-rabais-fous-imbattables","8":"desktop-align-left","9":"tablet-align-left","10":"mobile-align-left","12":"first","13":"instock","14":"shipping-taxable","15":"purchasable","16":"product-type-variable"},"acf":[],"yoast_head":"<!-- This site is optimized with the Yoast SEO plugin v27.4 - https:\/\/yoast.com\/product\/yoast-seo-wordpress\/ -->\n<title>STLTH LOOP 9K Pod Pack - Banana Ice - Vape W\u00f4linak<\/title>\n<meta name=\"description\" content=\"chez Vape W\u00f4linak : une saveur banane avec une touche de fra\u00eecheur glac\u00e9e pour une exp\u00e9rience de vape simple et \u00e9quilibr\u00e9e.\" \/>\n<meta name=\"robots\" content=\"index, follow, max-snippet:-1, max-image-preview:large, max-video-preview:-1\" \/>\n<link rel=\"canonical\" href=\"https:\/\/vapewolinak.com\/en\/produit\/stlth-loop-9k-pod-pack-banana-ice\/\" \/>\n<meta property=\"og:locale\" content=\"en_US\" \/>\n<meta property=\"og:type\" content=\"article\" \/>\n<meta property=\"og:title\" content=\"STLTH LOOP 9K Pod Pack - Banana Ice - Vape W\u00f4linak\" \/>\n<meta property=\"og:description\" content=\"chez Vape W\u00f4linak : une saveur banane avec une touche de fra\u00eecheur glac\u00e9e pour une exp\u00e9rience de vape simple et \u00e9quilibr\u00e9e.\" \/>\n<meta property=\"og:url\" content=\"https:\/\/vapewolinak.com\/en\/produit\/stlth-loop-9k-pod-pack-banana-ice\/\" \/>\n<meta property=\"og:site_name\" content=\"Vape W\u00f4linak\" \/>\n<meta property=\"article:modified_time\" content=\"2025-11-13T15:11:26+00:00\" \/>\n<meta property=\"og:image\" content=\"https:\/\/vapewolinak.com\/wp-content\/uploads\/2024\/04\/STLTHLOOP9K-POD_KITPACKAGE-BANANAICE.webp\" \/>\n\t<meta property=\"og:image:width\" content=\"823\" \/>\n\t<meta property=\"og:image:height\" content=\"823\" \/>\n\t<meta property=\"og:image:type\" content=\"image\/webp\" \/>\n<meta name=\"twitter:card\" content=\"summary_large_image\" \/>\n<meta name=\"twitter:label1\" content=\"Est. reading time\" \/>\n\t<meta name=\"twitter:data1\" content=\"1 minute\" \/>\n<!-- \/ Yoast SEO plugin. -->","yoast_head_json":{"title":"STLTH LOOP 9K Pod Pack - Banana Ice - Vape W\u00f4linak","description":"chez Vape W\u00f4linak : une saveur banane avec une touche de fra\u00eecheur glac\u00e9e pour une exp\u00e9rience de vape simple et \u00e9quilibr\u00e9e.","robots":{"index":"index","follow":"follow","max-snippet":"max-snippet:-1","max-image-preview":"max-image-preview:large","max-video-preview":"max-video-preview:-1"},"canonical":"https:\/\/vapewolinak.com\/en\/produit\/stlth-loop-9k-pod-pack-banana-ice\/","og_locale":"en_US","og_type":"article","og_title":"STLTH LOOP 9K Pod Pack - Banana Ice - Vape W\u00f4linak","og_description":"chez Vape W\u00f4linak : une saveur banane avec une touche de fra\u00eecheur glac\u00e9e pour une exp\u00e9rience de vape simple et \u00e9quilibr\u00e9e.","og_url":"https:\/\/vapewolinak.com\/en\/produit\/stlth-loop-9k-pod-pack-banana-ice\/","og_site_name":"Vape W\u00f4linak","article_modified_time":"2025-11-13T15:11:26+00:00","og_image":[{"width":823,"height":823,"url":"https:\/\/vapewolinak.com\/wp-content\/uploads\/2024\/04\/STLTHLOOP9K-POD_KITPACKAGE-BANANAICE.webp","type":"image\/webp"}],"twitter_card":"summary_large_image","twitter_misc":{"Est. reading time":"1 minute"},"schema":{"@context":"https:\/\/schema.org","@graph":[{"@type":"WebPage","@id":"https:\/\/vapewolinak.com\/en\/produit\/stlth-loop-9k-pod-pack-banana-ice\/","url":"https:\/\/vapewolinak.com\/en\/produit\/stlth-loop-9k-pod-pack-banana-ice\/","name":"STLTH LOOP 9K Pod Pack - Banana Ice - Vape W\u00f4linak","isPartOf":{"@id":"https:\/\/vapewolinak.com\/en\/#website"},"primaryImageOfPage":{"@id":"https:\/\/vapewolinak.com\/en\/produit\/stlth-loop-9k-pod-pack-banana-ice\/#primaryimage"},"image":{"@id":"https:\/\/vapewolinak.com\/en\/produit\/stlth-loop-9k-pod-pack-banana-ice\/#primaryimage"},"thumbnailUrl":"https:\/\/vapewolinak.com\/wp-content\/uploads\/2024\/04\/STLTHLOOP9K-POD_KITPACKAGE-BANANAICE.webp","datePublished":"2024-04-07T14:55:28+00:00","dateModified":"2025-11-13T15:11:26+00:00","description":"chez Vape W\u00f4linak : une saveur banane avec une touche de fra\u00eecheur glac\u00e9e pour une exp\u00e9rience de vape simple et \u00e9quilibr\u00e9e.","breadcrumb":{"@id":"https:\/\/vapewolinak.com\/en\/produit\/stlth-loop-9k-pod-pack-banana-ice\/#breadcrumb"},"inLanguage":"en-US","potentialAction":[{"@type":"ReadAction","target":["https:\/\/vapewolinak.com\/en\/produit\/stlth-loop-9k-pod-pack-banana-ice\/"]}]},{"@type":"ImageObject","inLanguage":"en-US","@id":"https:\/\/vapewolinak.com\/en\/produit\/stlth-loop-9k-pod-pack-banana-ice\/#primaryimage","url":"https:\/\/vapewolinak.com\/wp-content\/uploads\/2024\/04\/STLTHLOOP9K-POD_KITPACKAGE-BANANAICE.webp","contentUrl":"https:\/\/vapewolinak.com\/wp-content\/uploads\/2024\/04\/STLTHLOOP9K-POD_KITPACKAGE-BANANAICE.webp","width":823,"height":823},{"@type":"BreadcrumbList","@id":"https:\/\/vapewolinak.com\/en\/produit\/stlth-loop-9k-pod-pack-banana-ice\/#breadcrumb","itemListElement":[{"@type":"ListItem","position":1,"name":"Accueil","item":"https:\/\/vapewolinak.com\/en\/accueil\/"},{"@type":"ListItem","position":2,"name":"Shop","item":"https:\/\/vapewolinak.com\/en\/shop\/"},{"@type":"ListItem","position":3,"name":"STLTH LOOP 9K Pod Pack &#8211; Banana Ice"}]},{"@type":"WebSite","@id":"https:\/\/vapewolinak.com\/en\/#website","url":"https:\/\/vapewolinak.com\/en\/","name":"Vape W\u00f4linak","description":"Articles et saveurs de vapotage au Qu\u00e9bec","publisher":{"@id":"https:\/\/vapewolinak.com\/en\/#organization"},"potentialAction":[{"@type":"SearchAction","target":{"@type":"EntryPoint","urlTemplate":"https:\/\/vapewolinak.com\/en\/?s={search_term_string}"},"query-input":{"@type":"PropertyValueSpecification","valueRequired":true,"valueName":"search_term_string"}}],"inLanguage":"en-US"},{"@type":"Organization","@id":"https:\/\/vapewolinak.com\/en\/#organization","name":"Vape W\u00f4linak","url":"https:\/\/vapewolinak.com\/en\/","logo":{"@type":"ImageObject","inLanguage":"en-US","@id":"https:\/\/vapewolinak.com\/en\/#\/schema\/logo\/image\/","url":"https:\/\/vapewolinak.com\/wp-content\/uploads\/2024\/01\/vapewolinak-logo-e1736438957668.png","contentUrl":"https:\/\/vapewolinak.com\/wp-content\/uploads\/2024\/01\/vapewolinak-logo-e1736438957668.png","width":538,"height":440,"caption":"Vape W\u00f4linak"},"image":{"@id":"https:\/\/vapewolinak.com\/en\/#\/schema\/logo\/image\/"}}]}},"_links":{"self":[{"href":"https:\/\/vapewolinak.com\/en\/wp-json\/wp\/v2\/product\/39893","targetHints":{"allow":["GET"]}}],"collection":[{"href":"https:\/\/vapewolinak.com\/en\/wp-json\/wp\/v2\/product"}],"about":[{"href":"https:\/\/vapewolinak.com\/en\/wp-json\/wp\/v2\/types\/product"}],"wp:featuredmedia":[{"embeddable":true,"href":"https:\/\/vapewolinak.com\/en\/wp-json\/wp\/v2\/media\/45379"}],"wp:attachment":[{"href":"https:\/\/vapewolinak.com\/en\/wp-json\/wp\/v2\/media?parent=39893"}],"wp:term":[{"taxonomy":"marque","embeddable":true,"href":"https:\/\/vapewolinak.com\/en\/wp-json\/wp\/v2\/marque?post=39893"},{"taxonomy":"saveur","embeddable":true,"href":"https:\/\/vapewolinak.com\/en\/wp-json\/wp\/v2\/saveur?post=39893"},{"taxonomy":"product_brand","embeddable":true,"href":"https:\/\/vapewolinak.com\/en\/wp-json\/wp\/v2\/product_brand?post=39893"},{"taxonomy":"product_cat","embeddable":true,"href":"https:\/\/vapewolinak.com\/en\/wp-json\/wp\/v2\/product_cat?post=39893"},{"taxonomy":"product_tag","embeddable":true,"href":"https:\/\/vapewolinak.com\/en\/wp-json\/wp\/v2\/product_tag?post=39893"}],"curies":[{"name":"wp","href":"https:\/\/api.w.org\/{rel}","templated":true}]}}