{"id":40223,"date":"2024-04-07T11:13:00","date_gmt":"2024-04-07T15:13:00","guid":{"rendered":"https:\/\/vapewolinak.com\/produit\/smok-rpm-coil-mesh-04\/"},"modified":"2025-12-15T09:37:15","modified_gmt":"2025-12-15T14:37:15","slug":"smok-rpm-coil-mesh-04","status":"publish","type":"product","link":"https:\/\/vapewolinak.com\/en\/produit\/smok-rpm-coil-mesh-04\/","title":{"rendered":"Smok rpm coil mesh 0.4"},"content":{"rendered":"<p>R\u00e9sistance SMOK RPM mesh 0,4 ohm vendue par pack de 5. Con\u00e7ue pour une vape directe (DL), elle offre une vapeur dense et une restitution fid\u00e8le des saveurs. Compatible avec plusieurs mod\u00e8les SMOK comme RPM40, Nord 2, Nord 4, et autres appareils utilisant les r\u00e9sistances RPM<\/p>\n","protected":false},"excerpt":{"rendered":"<p>R\u00e9sistance SMOK RPM mesh 0,4 ohm vendue par pack de 5. Con\u00e7ue pour une vape directe (DL), elle offre une [&hellip;]<\/p>\n","protected":false},"featured_media":44895,"template":"","meta":{"_acf_changed":false,"site-sidebar-layout":"default","site-content-layout":"","ast-site-content-layout":"default","site-content-style":"default","site-sidebar-style":"default","ast-global-header-display":"","ast-banner-title-visibility":"","ast-main-header-display":"","ast-hfb-above-header-display":"","ast-hfb-below-header-display":"","ast-hfb-mobile-header-display":"","site-post-title":"","ast-breadcrumbs-content":"","ast-featured-img":"","footer-sml-layout":"","ast-disable-related-posts":"","theme-transparent-header-meta":"default","adv-header-id-meta":"","stick-header-meta":"","header-above-stick-meta":"","header-main-stick-meta":"","header-below-stick-meta":"","astra-migrate-meta-layouts":"set","ast-page-background-enabled":"default","ast-page-background-meta":{"desktop":{"background-color":"var(--ast-global-color-4)","background-image":"","background-repeat":"repeat","background-position":"center center","background-size":"auto","background-attachment":"scroll","background-type":"","background-media":"","overlay-type":"","overlay-color":"","overlay-opacity":"","overlay-gradient":""},"tablet":{"background-color":"","background-image":"","background-repeat":"repeat","background-position":"center center","background-size":"auto","background-attachment":"scroll","background-type":"","background-media":"","overlay-type":"","overlay-color":"","overlay-opacity":"","overlay-gradient":""},"mobile":{"background-color":"","background-image":"","background-repeat":"repeat","background-position":"center center","background-size":"auto","background-attachment":"scroll","background-type":"","background-media":"","overlay-type":"","overlay-color":"","overlay-opacity":"","overlay-gradient":""}},"ast-content-background-meta":{"desktop":{"background-color":"var(--ast-global-color-5)","background-image":"","background-repeat":"repeat","background-position":"center center","background-size":"auto","background-attachment":"scroll","background-type":"","background-media":"","overlay-type":"","overlay-color":"","overlay-opacity":"","overlay-gradient":""},"tablet":{"background-color":"var(--ast-global-color-5)","background-image":"","background-repeat":"repeat","background-position":"center center","background-size":"auto","background-attachment":"scroll","background-type":"","background-media":"","overlay-type":"","overlay-color":"","overlay-opacity":"","overlay-gradient":""},"mobile":{"background-color":"var(--ast-global-color-5)","background-image":"","background-repeat":"repeat","background-position":"center center","background-size":"auto","background-attachment":"scroll","background-type":"","background-media":"","overlay-type":"","overlay-color":"","overlay-opacity":"","overlay-gradient":""}},"_adncomm_balissage":[]},"marque":[196],"saveur":[],"product_brand":[],"product_cat":[36],"product_tag":[],"class_list":{"0":"post-40223","1":"product","2":"type-product","3":"status-publish","4":"has-post-thumbnail","6":"marque-smok","7":"product_cat-materiel","8":"desktop-align-left","9":"tablet-align-left","10":"mobile-align-left","12":"first","13":"outofstock","14":"shipping-taxable","15":"purchasable","16":"product-type-simple"},"acf":[],"yoast_head":"<!-- This site is optimized with the Yoast SEO plugin v27.4 - https:\/\/yoast.com\/product\/yoast-seo-wordpress\/ -->\n<title>Smok rpm coil mesh 0.4 - Vape W\u00f4linak<\/title>\n<meta name=\"description\" content=\"Smok rpm coil mesh 0.4 chez Vape W\u00f4linak : une r\u00e9sistance en mesh con\u00e7ue pour une vape directe (DL) offrant une vapeur dense et une saveur constante.\" \/>\n<meta name=\"robots\" content=\"index, follow, max-snippet:-1, max-image-preview:large, max-video-preview:-1\" \/>\n<link rel=\"canonical\" href=\"https:\/\/vapewolinak.com\/en\/produit\/smok-rpm-coil-mesh-04\/\" \/>\n<meta property=\"og:locale\" content=\"en_US\" \/>\n<meta property=\"og:type\" content=\"article\" \/>\n<meta property=\"og:title\" content=\"Smok rpm coil mesh 0.4 - Vape W\u00f4linak\" \/>\n<meta property=\"og:description\" content=\"Smok rpm coil mesh 0.4 chez Vape W\u00f4linak : une r\u00e9sistance en mesh con\u00e7ue pour une vape directe (DL) offrant une vapeur dense et une saveur constante.\" \/>\n<meta property=\"og:url\" content=\"https:\/\/vapewolinak.com\/en\/produit\/smok-rpm-coil-mesh-04\/\" \/>\n<meta property=\"og:site_name\" content=\"Vape W\u00f4linak\" \/>\n<meta property=\"article:modified_time\" content=\"2025-12-15T14:37:15+00:00\" \/>\n<meta property=\"og:image\" content=\"https:\/\/vapewolinak.com\/wp-content\/uploads\/2024\/04\/SMOK-RPM40-COILS-5-PACK-04-MESH.jpeg\" \/>\n\t<meta property=\"og:image:width\" content=\"1024\" \/>\n\t<meta property=\"og:image:height\" content=\"1024\" \/>\n\t<meta property=\"og:image:type\" content=\"image\/jpeg\" \/>\n<meta name=\"twitter:card\" content=\"summary_large_image\" \/>\n<meta name=\"twitter:label1\" content=\"Est. reading time\" \/>\n\t<meta name=\"twitter:data1\" content=\"1 minute\" \/>\n<!-- \/ Yoast SEO plugin. -->","yoast_head_json":{"title":"Smok rpm coil mesh 0.4 - Vape W\u00f4linak","description":"Smok rpm coil mesh 0.4 chez Vape W\u00f4linak : une r\u00e9sistance en mesh con\u00e7ue pour une vape directe (DL) offrant une vapeur dense et une saveur constante.","robots":{"index":"index","follow":"follow","max-snippet":"max-snippet:-1","max-image-preview":"max-image-preview:large","max-video-preview":"max-video-preview:-1"},"canonical":"https:\/\/vapewolinak.com\/en\/produit\/smok-rpm-coil-mesh-04\/","og_locale":"en_US","og_type":"article","og_title":"Smok rpm coil mesh 0.4 - Vape W\u00f4linak","og_description":"Smok rpm coil mesh 0.4 chez Vape W\u00f4linak : une r\u00e9sistance en mesh con\u00e7ue pour une vape directe (DL) offrant une vapeur dense et une saveur constante.","og_url":"https:\/\/vapewolinak.com\/en\/produit\/smok-rpm-coil-mesh-04\/","og_site_name":"Vape W\u00f4linak","article_modified_time":"2025-12-15T14:37:15+00:00","og_image":[{"width":1024,"height":1024,"url":"https:\/\/vapewolinak.com\/wp-content\/uploads\/2024\/04\/SMOK-RPM40-COILS-5-PACK-04-MESH.jpeg","type":"image\/jpeg"}],"twitter_card":"summary_large_image","twitter_misc":{"Est. reading time":"1 minute"},"schema":{"@context":"https:\/\/schema.org","@graph":[{"@type":"WebPage","@id":"https:\/\/vapewolinak.com\/en\/produit\/smok-rpm-coil-mesh-04\/","url":"https:\/\/vapewolinak.com\/en\/produit\/smok-rpm-coil-mesh-04\/","name":"Smok rpm coil mesh 0.4 - Vape W\u00f4linak","isPartOf":{"@id":"https:\/\/vapewolinak.com\/en\/#website"},"primaryImageOfPage":{"@id":"https:\/\/vapewolinak.com\/en\/produit\/smok-rpm-coil-mesh-04\/#primaryimage"},"image":{"@id":"https:\/\/vapewolinak.com\/en\/produit\/smok-rpm-coil-mesh-04\/#primaryimage"},"thumbnailUrl":"https:\/\/vapewolinak.com\/wp-content\/uploads\/2024\/04\/SMOK-RPM40-COILS-5-PACK-04-MESH.jpeg","datePublished":"2024-04-07T15:13:00+00:00","dateModified":"2025-12-15T14:37:15+00:00","description":"Smok rpm coil mesh 0.4 chez Vape W\u00f4linak : une r\u00e9sistance en mesh con\u00e7ue pour une vape directe (DL) offrant une vapeur dense et une saveur constante.","breadcrumb":{"@id":"https:\/\/vapewolinak.com\/en\/produit\/smok-rpm-coil-mesh-04\/#breadcrumb"},"inLanguage":"en-US","potentialAction":[{"@type":"ReadAction","target":["https:\/\/vapewolinak.com\/en\/produit\/smok-rpm-coil-mesh-04\/"]}]},{"@type":"ImageObject","inLanguage":"en-US","@id":"https:\/\/vapewolinak.com\/en\/produit\/smok-rpm-coil-mesh-04\/#primaryimage","url":"https:\/\/vapewolinak.com\/wp-content\/uploads\/2024\/04\/SMOK-RPM40-COILS-5-PACK-04-MESH.jpeg","contentUrl":"https:\/\/vapewolinak.com\/wp-content\/uploads\/2024\/04\/SMOK-RPM40-COILS-5-PACK-04-MESH.jpeg","width":1024,"height":1024},{"@type":"BreadcrumbList","@id":"https:\/\/vapewolinak.com\/en\/produit\/smok-rpm-coil-mesh-04\/#breadcrumb","itemListElement":[{"@type":"ListItem","position":1,"name":"Accueil","item":"https:\/\/vapewolinak.com\/en\/accueil\/"},{"@type":"ListItem","position":2,"name":"Shop","item":"https:\/\/vapewolinak.com\/en\/shop\/"},{"@type":"ListItem","position":3,"name":"Smok rpm coil mesh 0.4"}]},{"@type":"WebSite","@id":"https:\/\/vapewolinak.com\/en\/#website","url":"https:\/\/vapewolinak.com\/en\/","name":"Vape W\u00f4linak","description":"Articles et saveurs de vapotage au Qu\u00e9bec","publisher":{"@id":"https:\/\/vapewolinak.com\/en\/#organization"},"potentialAction":[{"@type":"SearchAction","target":{"@type":"EntryPoint","urlTemplate":"https:\/\/vapewolinak.com\/en\/?s={search_term_string}"},"query-input":{"@type":"PropertyValueSpecification","valueRequired":true,"valueName":"search_term_string"}}],"inLanguage":"en-US"},{"@type":"Organization","@id":"https:\/\/vapewolinak.com\/en\/#organization","name":"Vape W\u00f4linak","url":"https:\/\/vapewolinak.com\/en\/","logo":{"@type":"ImageObject","inLanguage":"en-US","@id":"https:\/\/vapewolinak.com\/en\/#\/schema\/logo\/image\/","url":"https:\/\/vapewolinak.com\/wp-content\/uploads\/2024\/01\/vapewolinak-logo-e1736438957668.png","contentUrl":"https:\/\/vapewolinak.com\/wp-content\/uploads\/2024\/01\/vapewolinak-logo-e1736438957668.png","width":538,"height":440,"caption":"Vape W\u00f4linak"},"image":{"@id":"https:\/\/vapewolinak.com\/en\/#\/schema\/logo\/image\/"}}]}},"_links":{"self":[{"href":"https:\/\/vapewolinak.com\/en\/wp-json\/wp\/v2\/product\/40223","targetHints":{"allow":["GET"]}}],"collection":[{"href":"https:\/\/vapewolinak.com\/en\/wp-json\/wp\/v2\/product"}],"about":[{"href":"https:\/\/vapewolinak.com\/en\/wp-json\/wp\/v2\/types\/product"}],"wp:featuredmedia":[{"embeddable":true,"href":"https:\/\/vapewolinak.com\/en\/wp-json\/wp\/v2\/media\/44895"}],"wp:attachment":[{"href":"https:\/\/vapewolinak.com\/en\/wp-json\/wp\/v2\/media?parent=40223"}],"wp:term":[{"taxonomy":"marque","embeddable":true,"href":"https:\/\/vapewolinak.com\/en\/wp-json\/wp\/v2\/marque?post=40223"},{"taxonomy":"saveur","embeddable":true,"href":"https:\/\/vapewolinak.com\/en\/wp-json\/wp\/v2\/saveur?post=40223"},{"taxonomy":"product_brand","embeddable":true,"href":"https:\/\/vapewolinak.com\/en\/wp-json\/wp\/v2\/product_brand?post=40223"},{"taxonomy":"product_cat","embeddable":true,"href":"https:\/\/vapewolinak.com\/en\/wp-json\/wp\/v2\/product_cat?post=40223"},{"taxonomy":"product_tag","embeddable":true,"href":"https:\/\/vapewolinak.com\/en\/wp-json\/wp\/v2\/product_tag?post=40223"}],"curies":[{"name":"wp","href":"https:\/\/api.w.org\/{rel}","templated":true}]}}