{"id":41366,"date":"2024-04-07T12:27:34","date_gmt":"2024-04-07T16:27:34","guid":{"rendered":"https:\/\/vapewolinak.com\/produit\/b06-coil-geek-vape\/"},"modified":"2026-04-30T12:40:06","modified_gmt":"2026-04-30T16:40:06","slug":"b06-coil-geek-vape","status":"publish","type":"product","link":"https:\/\/vapewolinak.com\/en\/produit\/b06-coil-geek-vape\/","title":{"rendered":"Serie B coils geek vape"},"content":{"rendered":"<p><span class=\"relative -mx-px my-[-0.2rem] rounded px-px py-[0.2rem] transition-colors duration-100 ease-in-out\">Les coils B Series sont con\u00e7us pour offrir une exp\u00e9rience de vapotage optimale, que ce soit pour une inhalation directe (DL) ou indirecte (MTL\/RDL).<\/span> <span class=\"relative -mx-px my-[-0.2rem] rounded px-px py-[0.2rem] transition-colors duration-100 ease-in-out\">Disponibles en plusieurs r\u00e9sistances, ils sont compatibles avec divers appareils tels que les kits Aegis Boost, Aegis Hero, Z50, M100, ainsi que les tanks Zeus Nano 2 et P Subohm. <\/span>Pack de 5, bonne dur\u00e9e de vie et une excellente restitution des ar\u00f4mes<\/p>\n","protected":false},"excerpt":{"rendered":"<p>Les coils B Series sont con\u00e7us pour offrir une exp\u00e9rience de vapotage optimale, que ce soit pour une inhalation directe [&hellip;]<\/p>\n","protected":false},"featured_media":86476,"template":"","meta":{"_acf_changed":false,"site-sidebar-layout":"default","site-content-layout":"","ast-site-content-layout":"default","site-content-style":"default","site-sidebar-style":"default","ast-global-header-display":"","ast-banner-title-visibility":"","ast-main-header-display":"","ast-hfb-above-header-display":"","ast-hfb-below-header-display":"","ast-hfb-mobile-header-display":"","site-post-title":"","ast-breadcrumbs-content":"","ast-featured-img":"","footer-sml-layout":"","ast-disable-related-posts":"","theme-transparent-header-meta":"","adv-header-id-meta":"","stick-header-meta":"","header-above-stick-meta":"","header-main-stick-meta":"","header-below-stick-meta":"","astra-migrate-meta-layouts":"default","ast-page-background-enabled":"default","ast-page-background-meta":{"desktop":{"background-color":"var(--ast-global-color-4)","background-image":"","background-repeat":"repeat","background-position":"center center","background-size":"auto","background-attachment":"scroll","background-type":"","background-media":"","overlay-type":"","overlay-color":"","overlay-opacity":"","overlay-gradient":""},"tablet":{"background-color":"","background-image":"","background-repeat":"repeat","background-position":"center center","background-size":"auto","background-attachment":"scroll","background-type":"","background-media":"","overlay-type":"","overlay-color":"","overlay-opacity":"","overlay-gradient":""},"mobile":{"background-color":"","background-image":"","background-repeat":"repeat","background-position":"center center","background-size":"auto","background-attachment":"scroll","background-type":"","background-media":"","overlay-type":"","overlay-color":"","overlay-opacity":"","overlay-gradient":""}},"ast-content-background-meta":{"desktop":{"background-color":"var(--ast-global-color-5)","background-image":"","background-repeat":"repeat","background-position":"center center","background-size":"auto","background-attachment":"scroll","background-type":"","background-media":"","overlay-type":"","overlay-color":"","overlay-opacity":"","overlay-gradient":""},"tablet":{"background-color":"var(--ast-global-color-5)","background-image":"","background-repeat":"repeat","background-position":"center center","background-size":"auto","background-attachment":"scroll","background-type":"","background-media":"","overlay-type":"","overlay-color":"","overlay-opacity":"","overlay-gradient":""},"mobile":{"background-color":"var(--ast-global-color-5)","background-image":"","background-repeat":"repeat","background-position":"center center","background-size":"auto","background-attachment":"scroll","background-type":"","background-media":"","overlay-type":"","overlay-color":"","overlay-opacity":"","overlay-gradient":""}},"_adncomm_balissage":[]},"marque":[238],"saveur":[],"product_brand":[],"product_cat":[36],"product_tag":[],"class_list":{"0":"post-41366","1":"product","2":"type-product","3":"status-publish","4":"has-post-thumbnail","6":"marque-geekvape","7":"product_cat-materiel","8":"desktop-align-left","9":"tablet-align-left","10":"mobile-align-left","12":"first","13":"instock","14":"shipping-taxable","15":"purchasable","16":"product-type-variable"},"acf":[],"yoast_head":"<!-- This site is optimized with the Yoast SEO plugin v27.5 - https:\/\/yoast.com\/product\/yoast-seo-wordpress\/ -->\n<title>Serie B coils geek vape - Vape W\u00f4linak<\/title>\n<meta name=\"description\" content=\"Les coils B Series sont con\u00e7us pour offrir une exp\u00e9rience de vapotage optimale, que ce soit pour une inhalation directe (DL) ou indirecte (MTL\/RDL).\" \/>\n<meta name=\"robots\" content=\"index, follow, max-snippet:-1, max-image-preview:large, max-video-preview:-1\" \/>\n<link rel=\"canonical\" href=\"https:\/\/vapewolinak.com\/en\/produit\/b06-coil-geek-vape\/\" \/>\n<meta property=\"og:locale\" content=\"en_US\" \/>\n<meta property=\"og:type\" content=\"article\" \/>\n<meta property=\"og:title\" content=\"Serie B coils geek vape - Vape W\u00f4linak\" \/>\n<meta property=\"og:description\" content=\"Les coils B Series sont con\u00e7us pour offrir une exp\u00e9rience de vapotage optimale, que ce soit pour une inhalation directe (DL) ou indirecte (MTL\/RDL).\" \/>\n<meta property=\"og:url\" content=\"https:\/\/vapewolinak.com\/en\/produit\/b06-coil-geek-vape\/\" \/>\n<meta property=\"og:site_name\" content=\"Vape W\u00f4linak\" \/>\n<meta property=\"article:modified_time\" content=\"2026-04-30T16:40:06+00:00\" \/>\n<meta property=\"og:image\" content=\"https:\/\/vapewolinak.com\/wp-content\/uploads\/2025\/03\/geek-vape-coil-b0-6.webp\" \/>\n\t<meta property=\"og:image:width\" content=\"580\" \/>\n\t<meta property=\"og:image:height\" content=\"580\" \/>\n\t<meta property=\"og:image:type\" content=\"image\/webp\" \/>\n<meta name=\"twitter:card\" content=\"summary_large_image\" \/>\n<!-- \/ Yoast SEO plugin. -->","yoast_head_json":{"title":"Serie B coils geek vape - Vape W\u00f4linak","description":"Les coils B Series sont con\u00e7us pour offrir une exp\u00e9rience de vapotage optimale, que ce soit pour une inhalation directe (DL) ou indirecte (MTL\/RDL).","robots":{"index":"index","follow":"follow","max-snippet":"max-snippet:-1","max-image-preview":"max-image-preview:large","max-video-preview":"max-video-preview:-1"},"canonical":"https:\/\/vapewolinak.com\/en\/produit\/b06-coil-geek-vape\/","og_locale":"en_US","og_type":"article","og_title":"Serie B coils geek vape - Vape W\u00f4linak","og_description":"Les coils B Series sont con\u00e7us pour offrir une exp\u00e9rience de vapotage optimale, que ce soit pour une inhalation directe (DL) ou indirecte (MTL\/RDL).","og_url":"https:\/\/vapewolinak.com\/en\/produit\/b06-coil-geek-vape\/","og_site_name":"Vape W\u00f4linak","article_modified_time":"2026-04-30T16:40:06+00:00","og_image":[{"width":580,"height":580,"url":"https:\/\/vapewolinak.com\/wp-content\/uploads\/2025\/03\/geek-vape-coil-b0-6.webp","type":"image\/webp"}],"twitter_card":"summary_large_image","schema":{"@context":"https:\/\/schema.org","@graph":[{"@type":"WebPage","@id":"https:\/\/vapewolinak.com\/en\/produit\/b06-coil-geek-vape\/","url":"https:\/\/vapewolinak.com\/en\/produit\/b06-coil-geek-vape\/","name":"Serie B coils geek vape - Vape W\u00f4linak","isPartOf":{"@id":"https:\/\/vapewolinak.com\/en\/#website"},"primaryImageOfPage":{"@id":"https:\/\/vapewolinak.com\/en\/produit\/b06-coil-geek-vape\/#primaryimage"},"image":{"@id":"https:\/\/vapewolinak.com\/en\/produit\/b06-coil-geek-vape\/#primaryimage"},"thumbnailUrl":"https:\/\/vapewolinak.com\/wp-content\/uploads\/2025\/03\/geek-vape-coil-b0-6.webp","datePublished":"2024-04-07T16:27:34+00:00","dateModified":"2026-04-30T16:40:06+00:00","description":"Les coils B Series sont con\u00e7us pour offrir une exp\u00e9rience de vapotage optimale, que ce soit pour une inhalation directe (DL) ou indirecte (MTL\/RDL).","breadcrumb":{"@id":"https:\/\/vapewolinak.com\/en\/produit\/b06-coil-geek-vape\/#breadcrumb"},"inLanguage":"en-US","potentialAction":[{"@type":"ReadAction","target":["https:\/\/vapewolinak.com\/en\/produit\/b06-coil-geek-vape\/"]}]},{"@type":"ImageObject","inLanguage":"en-US","@id":"https:\/\/vapewolinak.com\/en\/produit\/b06-coil-geek-vape\/#primaryimage","url":"https:\/\/vapewolinak.com\/wp-content\/uploads\/2025\/03\/geek-vape-coil-b0-6.webp","contentUrl":"https:\/\/vapewolinak.com\/wp-content\/uploads\/2025\/03\/geek-vape-coil-b0-6.webp","width":580,"height":580},{"@type":"BreadcrumbList","@id":"https:\/\/vapewolinak.com\/en\/produit\/b06-coil-geek-vape\/#breadcrumb","itemListElement":[{"@type":"ListItem","position":1,"name":"Accueil","item":"https:\/\/vapewolinak.com\/en\/accueil\/"},{"@type":"ListItem","position":2,"name":"Shop","item":"https:\/\/vapewolinak.com\/en\/shop\/"},{"@type":"ListItem","position":3,"name":"Serie B coils geek vape"}]},{"@type":"WebSite","@id":"https:\/\/vapewolinak.com\/en\/#website","url":"https:\/\/vapewolinak.com\/en\/","name":"Vape W\u00f4linak","description":"Articles et saveurs de vapotage au Qu\u00e9bec","publisher":{"@id":"https:\/\/vapewolinak.com\/en\/#organization"},"potentialAction":[{"@type":"SearchAction","target":{"@type":"EntryPoint","urlTemplate":"https:\/\/vapewolinak.com\/en\/?s={search_term_string}"},"query-input":{"@type":"PropertyValueSpecification","valueRequired":true,"valueName":"search_term_string"}}],"inLanguage":"en-US"},{"@type":"Organization","@id":"https:\/\/vapewolinak.com\/en\/#organization","name":"Vape W\u00f4linak","url":"https:\/\/vapewolinak.com\/en\/","logo":{"@type":"ImageObject","inLanguage":"en-US","@id":"https:\/\/vapewolinak.com\/en\/#\/schema\/logo\/image\/","url":"https:\/\/vapewolinak.com\/wp-content\/uploads\/2024\/01\/vapewolinak-logo-e1736438957668.png","contentUrl":"https:\/\/vapewolinak.com\/wp-content\/uploads\/2024\/01\/vapewolinak-logo-e1736438957668.png","width":538,"height":440,"caption":"Vape W\u00f4linak"},"image":{"@id":"https:\/\/vapewolinak.com\/en\/#\/schema\/logo\/image\/"}}]}},"_links":{"self":[{"href":"https:\/\/vapewolinak.com\/en\/wp-json\/wp\/v2\/product\/41366","targetHints":{"allow":["GET"]}}],"collection":[{"href":"https:\/\/vapewolinak.com\/en\/wp-json\/wp\/v2\/product"}],"about":[{"href":"https:\/\/vapewolinak.com\/en\/wp-json\/wp\/v2\/types\/product"}],"wp:featuredmedia":[{"embeddable":true,"href":"https:\/\/vapewolinak.com\/en\/wp-json\/wp\/v2\/media\/86476"}],"wp:attachment":[{"href":"https:\/\/vapewolinak.com\/en\/wp-json\/wp\/v2\/media?parent=41366"}],"wp:term":[{"taxonomy":"marque","embeddable":true,"href":"https:\/\/vapewolinak.com\/en\/wp-json\/wp\/v2\/marque?post=41366"},{"taxonomy":"saveur","embeddable":true,"href":"https:\/\/vapewolinak.com\/en\/wp-json\/wp\/v2\/saveur?post=41366"},{"taxonomy":"product_brand","embeddable":true,"href":"https:\/\/vapewolinak.com\/en\/wp-json\/wp\/v2\/product_brand?post=41366"},{"taxonomy":"product_cat","embeddable":true,"href":"https:\/\/vapewolinak.com\/en\/wp-json\/wp\/v2\/product_cat?post=41366"},{"taxonomy":"product_tag","embeddable":true,"href":"https:\/\/vapewolinak.com\/en\/wp-json\/wp\/v2\/product_tag?post=41366"}],"curies":[{"name":"wp","href":"https:\/\/api.w.org\/{rel}","templated":true}]}}