{"id":41894,"date":"2024-04-08T08:33:56","date_gmt":"2024-04-08T12:33:56","guid":{"rendered":"https:\/\/vapewolinak.com\/?post_type=product&#038;p=41894"},"modified":"2026-04-15T18:05:48","modified_gmt":"2026-04-15T22:05:48","slug":"big-boy-big-squeeze-140ml","status":"publish","type":"product","link":"https:\/\/vapewolinak.com\/en\/produit\/big-boy-big-squeeze-140ml\/","title":{"rendered":"Big boy big squeeze 140ml"},"content":{"rendered":"<p>Citron jaune juteux et lime acidul\u00e9e fusionnent dans une saveur fra\u00eeche, p\u00e9tillante et vivifiante<\/p>\n","protected":false},"excerpt":{"rendered":"<p>Citron jaune juteux et lime acidul\u00e9e fusionnent dans une saveur fra\u00eeche, p\u00e9tillante et vivifiante<\/p>\n","protected":false},"featured_media":44312,"template":"","meta":{"_acf_changed":false,"site-sidebar-layout":"default","site-content-layout":"","ast-site-content-layout":"default","site-content-style":"default","site-sidebar-style":"default","ast-global-header-display":"","ast-banner-title-visibility":"","ast-main-header-display":"","ast-hfb-above-header-display":"","ast-hfb-below-header-display":"","ast-hfb-mobile-header-display":"","site-post-title":"","ast-breadcrumbs-content":"","ast-featured-img":"","footer-sml-layout":"","ast-disable-related-posts":"","theme-transparent-header-meta":"default","adv-header-id-meta":"","stick-header-meta":"","header-above-stick-meta":"","header-main-stick-meta":"","header-below-stick-meta":"","astra-migrate-meta-layouts":"set","ast-page-background-enabled":"default","ast-page-background-meta":{"desktop":{"background-color":"var(--ast-global-color-4)","background-image":"","background-repeat":"repeat","background-position":"center center","background-size":"auto","background-attachment":"scroll","background-type":"","background-media":"","overlay-type":"","overlay-color":"","overlay-opacity":"","overlay-gradient":""},"tablet":{"background-color":"","background-image":"","background-repeat":"repeat","background-position":"center center","background-size":"auto","background-attachment":"scroll","background-type":"","background-media":"","overlay-type":"","overlay-color":"","overlay-opacity":"","overlay-gradient":""},"mobile":{"background-color":"","background-image":"","background-repeat":"repeat","background-position":"center center","background-size":"auto","background-attachment":"scroll","background-type":"","background-media":"","overlay-type":"","overlay-color":"","overlay-opacity":"","overlay-gradient":""}},"ast-content-background-meta":{"desktop":{"background-color":"var(--ast-global-color-5)","background-image":"","background-repeat":"repeat","background-position":"center center","background-size":"auto","background-attachment":"scroll","background-type":"","background-media":"","overlay-type":"","overlay-color":"","overlay-opacity":"","overlay-gradient":""},"tablet":{"background-color":"var(--ast-global-color-5)","background-image":"","background-repeat":"repeat","background-position":"center center","background-size":"auto","background-attachment":"scroll","background-type":"","background-media":"","overlay-type":"","overlay-color":"","overlay-opacity":"","overlay-gradient":""},"mobile":{"background-color":"var(--ast-global-color-5)","background-image":"","background-repeat":"repeat","background-position":"center center","background-size":"auto","background-attachment":"scroll","background-type":"","background-media":"","overlay-type":"","overlay-color":"","overlay-opacity":"","overlay-gradient":""}},"_adncomm_balissage":[]},"marque":[251],"saveur":[1148,1154],"product_brand":[],"product_cat":[34],"product_tag":[],"class_list":{"0":"post-41894","1":"product","2":"type-product","3":"status-publish","4":"has-post-thumbnail","6":"marque-big-boy-140ml","7":"saveur-citron","8":"saveur-lime","9":"product_cat-liquides","10":"desktop-align-left","11":"tablet-align-left","12":"mobile-align-left","14":"first","15":"instock","16":"shipping-taxable","17":"purchasable","18":"product-type-variable"},"acf":[],"yoast_head":"<!-- This site is optimized with the Yoast SEO plugin v27.4 - https:\/\/yoast.com\/product\/yoast-seo-wordpress\/ -->\n<title>Big boy big squeeze 140ml - Vape W\u00f4linak<\/title>\n<meta name=\"description\" content=\"Big boy big squeeze 140ml chez Vape W\u00f4linak : saveur audacieuse et intense offrant une vape riche et satisfaisante pour les amateurs de sensations marqu\u00e9es.\" \/>\n<meta name=\"robots\" content=\"index, follow, max-snippet:-1, max-image-preview:large, max-video-preview:-1\" \/>\n<link rel=\"canonical\" href=\"https:\/\/vapewolinak.com\/en\/produit\/big-boy-big-squeeze-140ml\/\" \/>\n<meta property=\"og:locale\" content=\"en_US\" \/>\n<meta property=\"og:type\" content=\"article\" \/>\n<meta property=\"og:title\" content=\"Big boy big squeeze 140ml - Vape W\u00f4linak\" \/>\n<meta property=\"og:description\" content=\"Big boy big squeeze 140ml chez Vape W\u00f4linak : saveur audacieuse et intense offrant une vape riche et satisfaisante pour les amateurs de sensations marqu\u00e9es.\" \/>\n<meta property=\"og:url\" content=\"https:\/\/vapewolinak.com\/en\/produit\/big-boy-big-squeeze-140ml\/\" \/>\n<meta property=\"og:site_name\" content=\"Vape W\u00f4linak\" \/>\n<meta property=\"article:modified_time\" content=\"2026-04-15T22:05:48+00:00\" \/>\n<meta property=\"og:image\" content=\"https:\/\/vapewolinak.com\/wp-content\/uploads\/2024\/04\/big-squeeze-big-boy-vape-co-jcv-500x500_540x.jpg\" \/>\n\t<meta property=\"og:image:width\" content=\"500\" \/>\n\t<meta property=\"og:image:height\" content=\"500\" \/>\n\t<meta property=\"og:image:type\" content=\"image\/jpeg\" \/>\n<meta name=\"twitter:card\" content=\"summary_large_image\" \/>\n<meta name=\"twitter:label1\" content=\"Est. reading time\" \/>\n\t<meta name=\"twitter:data1\" content=\"1 minute\" \/>\n<!-- \/ Yoast SEO plugin. -->","yoast_head_json":{"title":"Big boy big squeeze 140ml - Vape W\u00f4linak","description":"Big boy big squeeze 140ml chez Vape W\u00f4linak : saveur audacieuse et intense offrant une vape riche et satisfaisante pour les amateurs de sensations marqu\u00e9es.","robots":{"index":"index","follow":"follow","max-snippet":"max-snippet:-1","max-image-preview":"max-image-preview:large","max-video-preview":"max-video-preview:-1"},"canonical":"https:\/\/vapewolinak.com\/en\/produit\/big-boy-big-squeeze-140ml\/","og_locale":"en_US","og_type":"article","og_title":"Big boy big squeeze 140ml - Vape W\u00f4linak","og_description":"Big boy big squeeze 140ml chez Vape W\u00f4linak : saveur audacieuse et intense offrant une vape riche et satisfaisante pour les amateurs de sensations marqu\u00e9es.","og_url":"https:\/\/vapewolinak.com\/en\/produit\/big-boy-big-squeeze-140ml\/","og_site_name":"Vape W\u00f4linak","article_modified_time":"2026-04-15T22:05:48+00:00","og_image":[{"width":500,"height":500,"url":"https:\/\/vapewolinak.com\/wp-content\/uploads\/2024\/04\/big-squeeze-big-boy-vape-co-jcv-500x500_540x.jpg","type":"image\/jpeg"}],"twitter_card":"summary_large_image","twitter_misc":{"Est. reading time":"1 minute"},"schema":{"@context":"https:\/\/schema.org","@graph":[{"@type":"WebPage","@id":"https:\/\/vapewolinak.com\/en\/produit\/big-boy-big-squeeze-140ml\/","url":"https:\/\/vapewolinak.com\/en\/produit\/big-boy-big-squeeze-140ml\/","name":"Big boy big squeeze 140ml - Vape W\u00f4linak","isPartOf":{"@id":"https:\/\/vapewolinak.com\/en\/#website"},"primaryImageOfPage":{"@id":"https:\/\/vapewolinak.com\/en\/produit\/big-boy-big-squeeze-140ml\/#primaryimage"},"image":{"@id":"https:\/\/vapewolinak.com\/en\/produit\/big-boy-big-squeeze-140ml\/#primaryimage"},"thumbnailUrl":"https:\/\/vapewolinak.com\/wp-content\/uploads\/2024\/04\/big-squeeze-big-boy-vape-co-jcv-500x500_540x.jpg","datePublished":"2024-04-08T12:33:56+00:00","dateModified":"2026-04-15T22:05:48+00:00","description":"Big boy big squeeze 140ml chez Vape W\u00f4linak : saveur audacieuse et intense offrant une vape riche et satisfaisante pour les amateurs de sensations marqu\u00e9es.","breadcrumb":{"@id":"https:\/\/vapewolinak.com\/en\/produit\/big-boy-big-squeeze-140ml\/#breadcrumb"},"inLanguage":"en-US","potentialAction":[{"@type":"ReadAction","target":["https:\/\/vapewolinak.com\/en\/produit\/big-boy-big-squeeze-140ml\/"]}]},{"@type":"ImageObject","inLanguage":"en-US","@id":"https:\/\/vapewolinak.com\/en\/produit\/big-boy-big-squeeze-140ml\/#primaryimage","url":"https:\/\/vapewolinak.com\/wp-content\/uploads\/2024\/04\/big-squeeze-big-boy-vape-co-jcv-500x500_540x.jpg","contentUrl":"https:\/\/vapewolinak.com\/wp-content\/uploads\/2024\/04\/big-squeeze-big-boy-vape-co-jcv-500x500_540x.jpg","width":500,"height":500},{"@type":"BreadcrumbList","@id":"https:\/\/vapewolinak.com\/en\/produit\/big-boy-big-squeeze-140ml\/#breadcrumb","itemListElement":[{"@type":"ListItem","position":1,"name":"Accueil","item":"https:\/\/vapewolinak.com\/en\/accueil\/"},{"@type":"ListItem","position":2,"name":"Shop","item":"https:\/\/vapewolinak.com\/en\/shop\/"},{"@type":"ListItem","position":3,"name":"Big boy big squeeze 140ml"}]},{"@type":"WebSite","@id":"https:\/\/vapewolinak.com\/en\/#website","url":"https:\/\/vapewolinak.com\/en\/","name":"Vape W\u00f4linak","description":"Articles et saveurs de vapotage au Qu\u00e9bec","publisher":{"@id":"https:\/\/vapewolinak.com\/en\/#organization"},"potentialAction":[{"@type":"SearchAction","target":{"@type":"EntryPoint","urlTemplate":"https:\/\/vapewolinak.com\/en\/?s={search_term_string}"},"query-input":{"@type":"PropertyValueSpecification","valueRequired":true,"valueName":"search_term_string"}}],"inLanguage":"en-US"},{"@type":"Organization","@id":"https:\/\/vapewolinak.com\/en\/#organization","name":"Vape W\u00f4linak","url":"https:\/\/vapewolinak.com\/en\/","logo":{"@type":"ImageObject","inLanguage":"en-US","@id":"https:\/\/vapewolinak.com\/en\/#\/schema\/logo\/image\/","url":"https:\/\/vapewolinak.com\/wp-content\/uploads\/2024\/01\/vapewolinak-logo-e1736438957668.png","contentUrl":"https:\/\/vapewolinak.com\/wp-content\/uploads\/2024\/01\/vapewolinak-logo-e1736438957668.png","width":538,"height":440,"caption":"Vape W\u00f4linak"},"image":{"@id":"https:\/\/vapewolinak.com\/en\/#\/schema\/logo\/image\/"}}]}},"_links":{"self":[{"href":"https:\/\/vapewolinak.com\/en\/wp-json\/wp\/v2\/product\/41894","targetHints":{"allow":["GET"]}}],"collection":[{"href":"https:\/\/vapewolinak.com\/en\/wp-json\/wp\/v2\/product"}],"about":[{"href":"https:\/\/vapewolinak.com\/en\/wp-json\/wp\/v2\/types\/product"}],"wp:featuredmedia":[{"embeddable":true,"href":"https:\/\/vapewolinak.com\/en\/wp-json\/wp\/v2\/media\/44312"}],"wp:attachment":[{"href":"https:\/\/vapewolinak.com\/en\/wp-json\/wp\/v2\/media?parent=41894"}],"wp:term":[{"taxonomy":"marque","embeddable":true,"href":"https:\/\/vapewolinak.com\/en\/wp-json\/wp\/v2\/marque?post=41894"},{"taxonomy":"saveur","embeddable":true,"href":"https:\/\/vapewolinak.com\/en\/wp-json\/wp\/v2\/saveur?post=41894"},{"taxonomy":"product_brand","embeddable":true,"href":"https:\/\/vapewolinak.com\/en\/wp-json\/wp\/v2\/product_brand?post=41894"},{"taxonomy":"product_cat","embeddable":true,"href":"https:\/\/vapewolinak.com\/en\/wp-json\/wp\/v2\/product_cat?post=41894"},{"taxonomy":"product_tag","embeddable":true,"href":"https:\/\/vapewolinak.com\/en\/wp-json\/wp\/v2\/product_tag?post=41894"}],"curies":[{"name":"wp","href":"https:\/\/api.w.org\/{rel}","templated":true}]}}