{"id":42657,"date":"2024-04-08T10:30:39","date_gmt":"2024-04-08T14:30:39","guid":{"rendered":"https:\/\/vapewolinak.com\/produit\/pod-caliburn-a2-09\/"},"modified":"2026-04-20T16:14:54","modified_gmt":"2026-04-20T20:14:54","slug":"pod-caliburn-a2-09","status":"publish","type":"product","link":"https:\/\/vapewolinak.com\/en\/produit\/pod-caliburn-a2-09\/","title":{"rendered":"Pod caliburn a2 0.9"},"content":{"rendered":"<p>Pods Caliburn A2 CRC de 1,8 ml, compatibles avec kits Caliburn A2, A2S et AK2. R\u00e9sistances int\u00e9gr\u00e9es de 0,9\u202f\u03a9 ou 1,2\u202f\u03a9 pour vape MTL ou RDTL. Remplissage par le haut avec bouchon en silicone, airflow r\u00e9glable et fen\u00eatre pour voir le niveau de e-liquide. Certifi\u00e9s s\u00e9curitaires selon normes canadiennes. Pack de 4 pi\u00e8ces<\/p>\n","protected":false},"excerpt":{"rendered":"<p>Pods Caliburn A2 CRC de 1,8 ml, compatibles avec kits Caliburn A2, A2S et AK2. R\u00e9sistances int\u00e9gr\u00e9es de 0,9\u202f\u03a9 ou [&hellip;]<\/p>\n","protected":false},"featured_media":211013,"template":"","meta":{"_acf_changed":false,"site-sidebar-layout":"default","site-content-layout":"","ast-site-content-layout":"default","site-content-style":"default","site-sidebar-style":"default","ast-global-header-display":"","ast-banner-title-visibility":"","ast-main-header-display":"","ast-hfb-above-header-display":"","ast-hfb-below-header-display":"","ast-hfb-mobile-header-display":"","site-post-title":"","ast-breadcrumbs-content":"","ast-featured-img":"","footer-sml-layout":"","ast-disable-related-posts":"","theme-transparent-header-meta":"","adv-header-id-meta":"","stick-header-meta":"","header-above-stick-meta":"","header-main-stick-meta":"","header-below-stick-meta":"","astra-migrate-meta-layouts":"default","ast-page-background-enabled":"default","ast-page-background-meta":{"desktop":{"background-color":"var(--ast-global-color-4)","background-image":"","background-repeat":"repeat","background-position":"center center","background-size":"auto","background-attachment":"scroll","background-type":"","background-media":"","overlay-type":"","overlay-color":"","overlay-opacity":"","overlay-gradient":""},"tablet":{"background-color":"","background-image":"","background-repeat":"repeat","background-position":"center center","background-size":"auto","background-attachment":"scroll","background-type":"","background-media":"","overlay-type":"","overlay-color":"","overlay-opacity":"","overlay-gradient":""},"mobile":{"background-color":"","background-image":"","background-repeat":"repeat","background-position":"center center","background-size":"auto","background-attachment":"scroll","background-type":"","background-media":"","overlay-type":"","overlay-color":"","overlay-opacity":"","overlay-gradient":""}},"ast-content-background-meta":{"desktop":{"background-color":"var(--ast-global-color-5)","background-image":"","background-repeat":"repeat","background-position":"center center","background-size":"auto","background-attachment":"scroll","background-type":"","background-media":"","overlay-type":"","overlay-color":"","overlay-opacity":"","overlay-gradient":""},"tablet":{"background-color":"var(--ast-global-color-5)","background-image":"","background-repeat":"repeat","background-position":"center center","background-size":"auto","background-attachment":"scroll","background-type":"","background-media":"","overlay-type":"","overlay-color":"","overlay-opacity":"","overlay-gradient":""},"mobile":{"background-color":"var(--ast-global-color-5)","background-image":"","background-repeat":"repeat","background-position":"center center","background-size":"auto","background-attachment":"scroll","background-type":"","background-media":"","overlay-type":"","overlay-color":"","overlay-opacity":"","overlay-gradient":""}},"_adncomm_balissage":[]},"marque":[314],"saveur":[],"product_brand":[],"product_cat":[36],"product_tag":[],"class_list":{"0":"post-42657","1":"product","2":"type-product","3":"status-publish","4":"has-post-thumbnail","6":"marque-caliburn","7":"product_cat-materiel","8":"desktop-align-left","9":"tablet-align-left","10":"mobile-align-left","12":"first","13":"instock","14":"shipping-taxable","15":"purchasable","16":"product-type-simple"},"acf":[],"yoast_head":"<!-- This site is optimized with the Yoast SEO plugin v27.5 - https:\/\/yoast.com\/product\/yoast-seo-wordpress\/ -->\n<title>Pod caliburn a2 0.9 - Vape W\u00f4linak<\/title>\n<meta name=\"description\" content=\"Pods Caliburn A2 CRC de 1,8 ml, compatibles avec kits Caliburn A2, A2S et AK2. R\u00e9sistances int\u00e9gr\u00e9es de 0,9\u202f\u03a9 ou 1,2\u202f\u03a9 pour vape MTL ou RDTL. Remplissage\" \/>\n<meta name=\"robots\" content=\"index, follow, max-snippet:-1, max-image-preview:large, max-video-preview:-1\" \/>\n<link rel=\"canonical\" href=\"https:\/\/vapewolinak.com\/en\/produit\/pod-caliburn-a2-09\/\" \/>\n<meta property=\"og:locale\" content=\"en_US\" \/>\n<meta property=\"og:type\" content=\"article\" \/>\n<meta property=\"og:title\" content=\"Pod caliburn a2 0.9 - Vape W\u00f4linak\" \/>\n<meta property=\"og:description\" content=\"Pods Caliburn A2 CRC de 1,8 ml, compatibles avec kits Caliburn A2, A2S et AK2. R\u00e9sistances int\u00e9gr\u00e9es de 0,9\u202f\u03a9 ou 1,2\u202f\u03a9 pour vape MTL ou RDTL. Remplissage\" \/>\n<meta property=\"og:url\" content=\"https:\/\/vapewolinak.com\/en\/produit\/pod-caliburn-a2-09\/\" \/>\n<meta property=\"og:site_name\" content=\"Vape W\u00f4linak\" \/>\n<meta property=\"article:modified_time\" content=\"2026-04-20T20:14:54+00:00\" \/>\n<meta property=\"og:image\" content=\"https:\/\/vapewolinak.com\/wp-content\/uploads\/2024\/04\/UWELL-CALIBURN-A2-REPLACEMENT-POD-CRC-4-PACK-A2S-1.jpeg\" \/>\n\t<meta property=\"og:image:width\" content=\"1024\" \/>\n\t<meta property=\"og:image:height\" content=\"1024\" \/>\n\t<meta property=\"og:image:type\" content=\"image\/jpeg\" \/>\n<meta name=\"twitter:card\" content=\"summary_large_image\" \/>\n<!-- \/ Yoast SEO plugin. -->","yoast_head_json":{"title":"Pod caliburn a2 0.9 - Vape W\u00f4linak","description":"Pods Caliburn A2 CRC de 1,8 ml, compatibles avec kits Caliburn A2, A2S et AK2. R\u00e9sistances int\u00e9gr\u00e9es de 0,9\u202f\u03a9 ou 1,2\u202f\u03a9 pour vape MTL ou RDTL. Remplissage","robots":{"index":"index","follow":"follow","max-snippet":"max-snippet:-1","max-image-preview":"max-image-preview:large","max-video-preview":"max-video-preview:-1"},"canonical":"https:\/\/vapewolinak.com\/en\/produit\/pod-caliburn-a2-09\/","og_locale":"en_US","og_type":"article","og_title":"Pod caliburn a2 0.9 - Vape W\u00f4linak","og_description":"Pods Caliburn A2 CRC de 1,8 ml, compatibles avec kits Caliburn A2, A2S et AK2. R\u00e9sistances int\u00e9gr\u00e9es de 0,9\u202f\u03a9 ou 1,2\u202f\u03a9 pour vape MTL ou RDTL. Remplissage","og_url":"https:\/\/vapewolinak.com\/en\/produit\/pod-caliburn-a2-09\/","og_site_name":"Vape W\u00f4linak","article_modified_time":"2026-04-20T20:14:54+00:00","og_image":[{"width":1024,"height":1024,"url":"https:\/\/vapewolinak.com\/wp-content\/uploads\/2024\/04\/UWELL-CALIBURN-A2-REPLACEMENT-POD-CRC-4-PACK-A2S-1.jpeg","type":"image\/jpeg"}],"twitter_card":"summary_large_image","schema":{"@context":"https:\/\/schema.org","@graph":[{"@type":"WebPage","@id":"https:\/\/vapewolinak.com\/en\/produit\/pod-caliburn-a2-09\/","url":"https:\/\/vapewolinak.com\/en\/produit\/pod-caliburn-a2-09\/","name":"Pod caliburn a2 0.9 - Vape W\u00f4linak","isPartOf":{"@id":"https:\/\/vapewolinak.com\/en\/#website"},"primaryImageOfPage":{"@id":"https:\/\/vapewolinak.com\/en\/produit\/pod-caliburn-a2-09\/#primaryimage"},"image":{"@id":"https:\/\/vapewolinak.com\/en\/produit\/pod-caliburn-a2-09\/#primaryimage"},"thumbnailUrl":"https:\/\/vapewolinak.com\/wp-content\/uploads\/2026\/04\/caliburn-a2.webp","datePublished":"2024-04-08T14:30:39+00:00","dateModified":"2026-04-20T20:14:54+00:00","description":"Pods Caliburn A2 CRC de 1,8 ml, compatibles avec kits Caliburn A2, A2S et AK2. R\u00e9sistances int\u00e9gr\u00e9es de 0,9\u202f\u03a9 ou 1,2\u202f\u03a9 pour vape MTL ou RDTL. Remplissage","breadcrumb":{"@id":"https:\/\/vapewolinak.com\/en\/produit\/pod-caliburn-a2-09\/#breadcrumb"},"inLanguage":"en-US","potentialAction":[{"@type":"ReadAction","target":["https:\/\/vapewolinak.com\/en\/produit\/pod-caliburn-a2-09\/"]}]},{"@type":"ImageObject","inLanguage":"en-US","@id":"https:\/\/vapewolinak.com\/en\/produit\/pod-caliburn-a2-09\/#primaryimage","url":"https:\/\/vapewolinak.com\/wp-content\/uploads\/2026\/04\/caliburn-a2.webp","contentUrl":"https:\/\/vapewolinak.com\/wp-content\/uploads\/2026\/04\/caliburn-a2.webp","width":480,"height":480},{"@type":"BreadcrumbList","@id":"https:\/\/vapewolinak.com\/en\/produit\/pod-caliburn-a2-09\/#breadcrumb","itemListElement":[{"@type":"ListItem","position":1,"name":"Accueil","item":"https:\/\/vapewolinak.com\/en\/accueil\/"},{"@type":"ListItem","position":2,"name":"Shop","item":"https:\/\/vapewolinak.com\/en\/shop\/"},{"@type":"ListItem","position":3,"name":"Pod caliburn a2 0.9"}]},{"@type":"WebSite","@id":"https:\/\/vapewolinak.com\/en\/#website","url":"https:\/\/vapewolinak.com\/en\/","name":"Vape W\u00f4linak","description":"Articles et saveurs de vapotage au Qu\u00e9bec","publisher":{"@id":"https:\/\/vapewolinak.com\/en\/#organization"},"potentialAction":[{"@type":"SearchAction","target":{"@type":"EntryPoint","urlTemplate":"https:\/\/vapewolinak.com\/en\/?s={search_term_string}"},"query-input":{"@type":"PropertyValueSpecification","valueRequired":true,"valueName":"search_term_string"}}],"inLanguage":"en-US"},{"@type":"Organization","@id":"https:\/\/vapewolinak.com\/en\/#organization","name":"Vape W\u00f4linak","url":"https:\/\/vapewolinak.com\/en\/","logo":{"@type":"ImageObject","inLanguage":"en-US","@id":"https:\/\/vapewolinak.com\/en\/#\/schema\/logo\/image\/","url":"https:\/\/vapewolinak.com\/wp-content\/uploads\/2024\/01\/vapewolinak-logo-e1736438957668.png","contentUrl":"https:\/\/vapewolinak.com\/wp-content\/uploads\/2024\/01\/vapewolinak-logo-e1736438957668.png","width":538,"height":440,"caption":"Vape W\u00f4linak"},"image":{"@id":"https:\/\/vapewolinak.com\/en\/#\/schema\/logo\/image\/"}}]}},"_links":{"self":[{"href":"https:\/\/vapewolinak.com\/en\/wp-json\/wp\/v2\/product\/42657","targetHints":{"allow":["GET"]}}],"collection":[{"href":"https:\/\/vapewolinak.com\/en\/wp-json\/wp\/v2\/product"}],"about":[{"href":"https:\/\/vapewolinak.com\/en\/wp-json\/wp\/v2\/types\/product"}],"wp:featuredmedia":[{"embeddable":true,"href":"https:\/\/vapewolinak.com\/en\/wp-json\/wp\/v2\/media\/211013"}],"wp:attachment":[{"href":"https:\/\/vapewolinak.com\/en\/wp-json\/wp\/v2\/media?parent=42657"}],"wp:term":[{"taxonomy":"marque","embeddable":true,"href":"https:\/\/vapewolinak.com\/en\/wp-json\/wp\/v2\/marque?post=42657"},{"taxonomy":"saveur","embeddable":true,"href":"https:\/\/vapewolinak.com\/en\/wp-json\/wp\/v2\/saveur?post=42657"},{"taxonomy":"product_brand","embeddable":true,"href":"https:\/\/vapewolinak.com\/en\/wp-json\/wp\/v2\/product_brand?post=42657"},{"taxonomy":"product_cat","embeddable":true,"href":"https:\/\/vapewolinak.com\/en\/wp-json\/wp\/v2\/product_cat?post=42657"},{"taxonomy":"product_tag","embeddable":true,"href":"https:\/\/vapewolinak.com\/en\/wp-json\/wp\/v2\/product_tag?post=42657"}],"curies":[{"name":"wp","href":"https:\/\/api.w.org\/{rel}","templated":true}]}}