{"id":42721,"date":"2024-04-08T10:42:17","date_gmt":"2024-04-08T14:42:17","guid":{"rendered":"https:\/\/vapewolinak.com\/?post_type=product&#038;p=42721"},"modified":"2026-04-15T12:25:51","modified_gmt":"2026-04-15T16:25:51","slug":"flavour-beast-pods-freestyle-flavourless","status":"publish","type":"product","link":"https:\/\/vapewolinak.com\/en\/produit\/flavour-beast-pods-freestyle-flavourless\/","title":{"rendered":"Flavour Beast Pods Freestyle Flavourless"},"content":{"rendered":"<p>Vape pure sans ar\u00f4me, pour une exp\u00e9rience neutre et clean, centr\u00e9e sur la nicotine<\/p>\n","protected":false},"excerpt":{"rendered":"<p>Vape pure sans ar\u00f4me, pour une exp\u00e9rience neutre et clean, centr\u00e9e sur la nicotine<\/p>\n","protected":false},"featured_media":44552,"template":"","meta":{"_acf_changed":false,"site-sidebar-layout":"default","site-content-layout":"","ast-site-content-layout":"default","site-content-style":"default","site-sidebar-style":"default","ast-global-header-display":"","ast-banner-title-visibility":"","ast-main-header-display":"","ast-hfb-above-header-display":"","ast-hfb-below-header-display":"","ast-hfb-mobile-header-display":"","site-post-title":"","ast-breadcrumbs-content":"","ast-featured-img":"","footer-sml-layout":"","ast-disable-related-posts":"","theme-transparent-header-meta":"","adv-header-id-meta":"","stick-header-meta":"","header-above-stick-meta":"","header-main-stick-meta":"","header-below-stick-meta":"","astra-migrate-meta-layouts":"default","ast-page-background-enabled":"default","ast-page-background-meta":{"desktop":{"background-color":"var(--ast-global-color-4)","background-image":"","background-repeat":"repeat","background-position":"center center","background-size":"auto","background-attachment":"scroll","background-type":"","background-media":"","overlay-type":"","overlay-color":"","overlay-opacity":"","overlay-gradient":""},"tablet":{"background-color":"","background-image":"","background-repeat":"repeat","background-position":"center center","background-size":"auto","background-attachment":"scroll","background-type":"","background-media":"","overlay-type":"","overlay-color":"","overlay-opacity":"","overlay-gradient":""},"mobile":{"background-color":"","background-image":"","background-repeat":"repeat","background-position":"center center","background-size":"auto","background-attachment":"scroll","background-type":"","background-media":"","overlay-type":"","overlay-color":"","overlay-opacity":"","overlay-gradient":""}},"ast-content-background-meta":{"desktop":{"background-color":"var(--ast-global-color-5)","background-image":"","background-repeat":"repeat","background-position":"center center","background-size":"auto","background-attachment":"scroll","background-type":"","background-media":"","overlay-type":"","overlay-color":"","overlay-opacity":"","overlay-gradient":""},"tablet":{"background-color":"var(--ast-global-color-5)","background-image":"","background-repeat":"repeat","background-position":"center center","background-size":"auto","background-attachment":"scroll","background-type":"","background-media":"","overlay-type":"","overlay-color":"","overlay-opacity":"","overlay-gradient":""},"mobile":{"background-color":"var(--ast-global-color-5)","background-image":"","background-repeat":"repeat","background-position":"center center","background-size":"auto","background-attachment":"scroll","background-type":"","background-media":"","overlay-type":"","overlay-color":"","overlay-opacity":"","overlay-gradient":""}},"_adncomm_balissage":[]},"marque":[167],"saveur":[1201],"product_brand":[],"product_cat":[22],"product_tag":[],"class_list":{"0":"post-42721","1":"product","2":"type-product","3":"status-publish","4":"has-post-thumbnail","6":"marque-flavour-beast-pods","7":"saveur-sans-saveur","8":"product_cat-pods","9":"desktop-align-left","10":"tablet-align-left","11":"mobile-align-left","13":"first","14":"outofstock","15":"shipping-taxable","16":"product-type-variable"},"acf":[],"yoast_head":"<!-- This site is optimized with the Yoast SEO plugin v27.4 - https:\/\/yoast.com\/product\/yoast-seo-wordpress\/ -->\n<title>Flavour Beast Pods Freestyle Flavourless - Vape W\u00f4linak<\/title>\n<meta name=\"description\" content=\"Vape pure sans ar\u00f4me, pour une exp\u00e9rience neutre et clean, centr\u00e9e sur la nicotine\" \/>\n<meta name=\"robots\" content=\"index, follow, max-snippet:-1, max-image-preview:large, max-video-preview:-1\" \/>\n<link rel=\"canonical\" href=\"https:\/\/vapewolinak.com\/en\/produit\/flavour-beast-pods-freestyle-flavourless\/\" \/>\n<meta property=\"og:locale\" content=\"en_US\" \/>\n<meta property=\"og:type\" content=\"article\" \/>\n<meta property=\"og:title\" content=\"Flavour Beast Pods Freestyle Flavourless - Vape W\u00f4linak\" \/>\n<meta property=\"og:description\" content=\"Vape pure sans ar\u00f4me, pour une exp\u00e9rience neutre et clean, centr\u00e9e sur la nicotine\" \/>\n<meta property=\"og:url\" content=\"https:\/\/vapewolinak.com\/en\/produit\/flavour-beast-pods-freestyle-flavourless\/\" \/>\n<meta property=\"og:site_name\" content=\"Vape W\u00f4linak\" \/>\n<meta property=\"article:modified_time\" content=\"2026-04-15T16:25:51+00:00\" \/>\n<meta property=\"og:image\" content=\"https:\/\/vapewolinak.com\/wp-content\/uploads\/2024\/04\/flavour_beast_pod_dec2023_render-fam_exs_20mg_freestyleflavourless_1_740x.png\" \/>\n\t<meta property=\"og:image:width\" content=\"560\" \/>\n\t<meta property=\"og:image:height\" content=\"560\" \/>\n\t<meta property=\"og:image:type\" content=\"image\/png\" \/>\n<meta name=\"twitter:card\" content=\"summary_large_image\" \/>\n<!-- \/ Yoast SEO plugin. -->","yoast_head_json":{"title":"Flavour Beast Pods Freestyle Flavourless - Vape W\u00f4linak","description":"Vape pure sans ar\u00f4me, pour une exp\u00e9rience neutre et clean, centr\u00e9e sur la nicotine","robots":{"index":"index","follow":"follow","max-snippet":"max-snippet:-1","max-image-preview":"max-image-preview:large","max-video-preview":"max-video-preview:-1"},"canonical":"https:\/\/vapewolinak.com\/en\/produit\/flavour-beast-pods-freestyle-flavourless\/","og_locale":"en_US","og_type":"article","og_title":"Flavour Beast Pods Freestyle Flavourless - Vape W\u00f4linak","og_description":"Vape pure sans ar\u00f4me, pour une exp\u00e9rience neutre et clean, centr\u00e9e sur la nicotine","og_url":"https:\/\/vapewolinak.com\/en\/produit\/flavour-beast-pods-freestyle-flavourless\/","og_site_name":"Vape W\u00f4linak","article_modified_time":"2026-04-15T16:25:51+00:00","og_image":[{"width":560,"height":560,"url":"https:\/\/vapewolinak.com\/wp-content\/uploads\/2024\/04\/flavour_beast_pod_dec2023_render-fam_exs_20mg_freestyleflavourless_1_740x.png","type":"image\/png"}],"twitter_card":"summary_large_image","schema":{"@context":"https:\/\/schema.org","@graph":[{"@type":"WebPage","@id":"https:\/\/vapewolinak.com\/en\/produit\/flavour-beast-pods-freestyle-flavourless\/","url":"https:\/\/vapewolinak.com\/en\/produit\/flavour-beast-pods-freestyle-flavourless\/","name":"Flavour Beast Pods Freestyle Flavourless - Vape W\u00f4linak","isPartOf":{"@id":"https:\/\/vapewolinak.com\/en\/#website"},"primaryImageOfPage":{"@id":"https:\/\/vapewolinak.com\/en\/produit\/flavour-beast-pods-freestyle-flavourless\/#primaryimage"},"image":{"@id":"https:\/\/vapewolinak.com\/en\/produit\/flavour-beast-pods-freestyle-flavourless\/#primaryimage"},"thumbnailUrl":"https:\/\/vapewolinak.com\/wp-content\/uploads\/2024\/04\/flavour_beast_pod_dec2023_render-fam_exs_20mg_freestyleflavourless_1_740x.png","datePublished":"2024-04-08T14:42:17+00:00","dateModified":"2026-04-15T16:25:51+00:00","description":"Vape pure sans ar\u00f4me, pour une exp\u00e9rience neutre et clean, centr\u00e9e sur la nicotine","breadcrumb":{"@id":"https:\/\/vapewolinak.com\/en\/produit\/flavour-beast-pods-freestyle-flavourless\/#breadcrumb"},"inLanguage":"en-US","potentialAction":[{"@type":"ReadAction","target":["https:\/\/vapewolinak.com\/en\/produit\/flavour-beast-pods-freestyle-flavourless\/"]}]},{"@type":"ImageObject","inLanguage":"en-US","@id":"https:\/\/vapewolinak.com\/en\/produit\/flavour-beast-pods-freestyle-flavourless\/#primaryimage","url":"https:\/\/vapewolinak.com\/wp-content\/uploads\/2024\/04\/flavour_beast_pod_dec2023_render-fam_exs_20mg_freestyleflavourless_1_740x.png","contentUrl":"https:\/\/vapewolinak.com\/wp-content\/uploads\/2024\/04\/flavour_beast_pod_dec2023_render-fam_exs_20mg_freestyleflavourless_1_740x.png","width":560,"height":560},{"@type":"BreadcrumbList","@id":"https:\/\/vapewolinak.com\/en\/produit\/flavour-beast-pods-freestyle-flavourless\/#breadcrumb","itemListElement":[{"@type":"ListItem","position":1,"name":"Accueil","item":"https:\/\/vapewolinak.com\/en\/accueil\/"},{"@type":"ListItem","position":2,"name":"Shop","item":"https:\/\/vapewolinak.com\/en\/shop\/"},{"@type":"ListItem","position":3,"name":"Flavour Beast Pods Freestyle Flavourless"}]},{"@type":"WebSite","@id":"https:\/\/vapewolinak.com\/en\/#website","url":"https:\/\/vapewolinak.com\/en\/","name":"Vape W\u00f4linak","description":"Articles et saveurs de vapotage au Qu\u00e9bec","publisher":{"@id":"https:\/\/vapewolinak.com\/en\/#organization"},"potentialAction":[{"@type":"SearchAction","target":{"@type":"EntryPoint","urlTemplate":"https:\/\/vapewolinak.com\/en\/?s={search_term_string}"},"query-input":{"@type":"PropertyValueSpecification","valueRequired":true,"valueName":"search_term_string"}}],"inLanguage":"en-US"},{"@type":"Organization","@id":"https:\/\/vapewolinak.com\/en\/#organization","name":"Vape W\u00f4linak","url":"https:\/\/vapewolinak.com\/en\/","logo":{"@type":"ImageObject","inLanguage":"en-US","@id":"https:\/\/vapewolinak.com\/en\/#\/schema\/logo\/image\/","url":"https:\/\/vapewolinak.com\/wp-content\/uploads\/2024\/01\/vapewolinak-logo-e1736438957668.png","contentUrl":"https:\/\/vapewolinak.com\/wp-content\/uploads\/2024\/01\/vapewolinak-logo-e1736438957668.png","width":538,"height":440,"caption":"Vape W\u00f4linak"},"image":{"@id":"https:\/\/vapewolinak.com\/en\/#\/schema\/logo\/image\/"}}]}},"_links":{"self":[{"href":"https:\/\/vapewolinak.com\/en\/wp-json\/wp\/v2\/product\/42721","targetHints":{"allow":["GET"]}}],"collection":[{"href":"https:\/\/vapewolinak.com\/en\/wp-json\/wp\/v2\/product"}],"about":[{"href":"https:\/\/vapewolinak.com\/en\/wp-json\/wp\/v2\/types\/product"}],"wp:featuredmedia":[{"embeddable":true,"href":"https:\/\/vapewolinak.com\/en\/wp-json\/wp\/v2\/media\/44552"}],"wp:attachment":[{"href":"https:\/\/vapewolinak.com\/en\/wp-json\/wp\/v2\/media?parent=42721"}],"wp:term":[{"taxonomy":"marque","embeddable":true,"href":"https:\/\/vapewolinak.com\/en\/wp-json\/wp\/v2\/marque?post=42721"},{"taxonomy":"saveur","embeddable":true,"href":"https:\/\/vapewolinak.com\/en\/wp-json\/wp\/v2\/saveur?post=42721"},{"taxonomy":"product_brand","embeddable":true,"href":"https:\/\/vapewolinak.com\/en\/wp-json\/wp\/v2\/product_brand?post=42721"},{"taxonomy":"product_cat","embeddable":true,"href":"https:\/\/vapewolinak.com\/en\/wp-json\/wp\/v2\/product_cat?post=42721"},{"taxonomy":"product_tag","embeddable":true,"href":"https:\/\/vapewolinak.com\/en\/wp-json\/wp\/v2\/product_tag?post=42721"}],"curies":[{"name":"wp","href":"https:\/\/api.w.org\/{rel}","templated":true}]}}