{"id":47911,"date":"2024-05-06T16:59:24","date_gmt":"2024-05-06T20:59:24","guid":{"rendered":"https:\/\/vapewolinak.com\/produit\/eco-nano-08\/"},"modified":"2026-04-24T18:06:36","modified_gmt":"2026-04-24T22:06:36","slug":"eco-nano-08","status":"publish","type":"product","link":"https:\/\/vapewolinak.com\/en\/produit\/eco-nano-08\/","title":{"rendered":"vaporesso eco nano pod"},"content":{"rendered":"<p>Compatible avec les cartouches Eco Nano de 6 ml, cette r\u00e9sistance offre un \u00e9quilibre parfait entre saveur et production de vapeur. Les cartouches disposent d\u2019un remplissage par le bas s\u00e9curis\u00e9 par un bouchon en silicone, garantissant une utilisation propre et sans fuite. Vendue par pack, elle assure une exp\u00e9rience de vapotage stable et un remplacement facile<\/p>\n","protected":false},"excerpt":{"rendered":"<p>Compatible avec les cartouches Eco Nano de 6 ml, cette r\u00e9sistance offre un \u00e9quilibre parfait entre saveur et production de [&hellip;]<\/p>\n","protected":false},"featured_media":55305,"template":"","meta":{"_acf_changed":false,"site-sidebar-layout":"default","site-content-layout":"","ast-site-content-layout":"default","site-content-style":"default","site-sidebar-style":"default","ast-global-header-display":"","ast-banner-title-visibility":"","ast-main-header-display":"","ast-hfb-above-header-display":"","ast-hfb-below-header-display":"","ast-hfb-mobile-header-display":"","site-post-title":"","ast-breadcrumbs-content":"","ast-featured-img":"","footer-sml-layout":"","ast-disable-related-posts":"","theme-transparent-header-meta":"default","adv-header-id-meta":"","stick-header-meta":"","header-above-stick-meta":"","header-main-stick-meta":"","header-below-stick-meta":"","astra-migrate-meta-layouts":"set","ast-page-background-enabled":"default","ast-page-background-meta":{"desktop":{"background-color":"var(--ast-global-color-4)","background-image":"","background-repeat":"repeat","background-position":"center center","background-size":"auto","background-attachment":"scroll","background-type":"","background-media":"","overlay-type":"","overlay-color":"","overlay-opacity":"","overlay-gradient":""},"tablet":{"background-color":"","background-image":"","background-repeat":"repeat","background-position":"center center","background-size":"auto","background-attachment":"scroll","background-type":"","background-media":"","overlay-type":"","overlay-color":"","overlay-opacity":"","overlay-gradient":""},"mobile":{"background-color":"","background-image":"","background-repeat":"repeat","background-position":"center center","background-size":"auto","background-attachment":"scroll","background-type":"","background-media":"","overlay-type":"","overlay-color":"","overlay-opacity":"","overlay-gradient":""}},"ast-content-background-meta":{"desktop":{"background-color":"var(--ast-global-color-5)","background-image":"","background-repeat":"repeat","background-position":"center center","background-size":"auto","background-attachment":"scroll","background-type":"","background-media":"","overlay-type":"","overlay-color":"","overlay-opacity":"","overlay-gradient":""},"tablet":{"background-color":"var(--ast-global-color-5)","background-image":"","background-repeat":"repeat","background-position":"center center","background-size":"auto","background-attachment":"scroll","background-type":"","background-media":"","overlay-type":"","overlay-color":"","overlay-opacity":"","overlay-gradient":""},"mobile":{"background-color":"var(--ast-global-color-5)","background-image":"","background-repeat":"repeat","background-position":"center center","background-size":"auto","background-attachment":"scroll","background-type":"","background-media":"","overlay-type":"","overlay-color":"","overlay-opacity":"","overlay-gradient":""}},"_adncomm_balissage":[]},"marque":[191],"saveur":[],"product_brand":[],"product_cat":[36],"product_tag":[],"class_list":{"0":"post-47911","1":"product","2":"type-product","3":"status-publish","4":"has-post-thumbnail","6":"marque-vaporesso","7":"product_cat-materiel","8":"desktop-align-left","9":"tablet-align-left","10":"mobile-align-left","12":"first","13":"instock","14":"shipping-taxable","15":"purchasable","16":"product-type-variable"},"acf":[],"yoast_head":"<!-- This site is optimized with the Yoast SEO plugin v27.4 - https:\/\/yoast.com\/product\/yoast-seo-wordpress\/ -->\n<title>vaporesso eco nano pod - Vape W\u00f4linak<\/title>\n<meta name=\"description\" content=\"Compatible avec les cartouches Eco Nano de 6 ml, cette r\u00e9sistance offre un \u00e9quilibre parfait entre saveur et production de vapeur. Les cartouches\" \/>\n<meta name=\"robots\" content=\"index, follow, max-snippet:-1, max-image-preview:large, max-video-preview:-1\" \/>\n<link rel=\"canonical\" href=\"https:\/\/vapewolinak.com\/en\/produit\/eco-nano-08\/\" \/>\n<meta property=\"og:locale\" content=\"en_US\" \/>\n<meta property=\"og:type\" content=\"article\" \/>\n<meta property=\"og:title\" content=\"vaporesso eco nano pod - Vape W\u00f4linak\" \/>\n<meta property=\"og:description\" content=\"Compatible avec les cartouches Eco Nano de 6 ml, cette r\u00e9sistance offre un \u00e9quilibre parfait entre saveur et production de vapeur. Les cartouches\" \/>\n<meta property=\"og:url\" content=\"https:\/\/vapewolinak.com\/en\/produit\/eco-nano-08\/\" \/>\n<meta property=\"og:site_name\" content=\"Vape W\u00f4linak\" \/>\n<meta property=\"article:modified_time\" content=\"2026-04-24T22:06:36+00:00\" \/>\n<meta property=\"og:image\" content=\"https:\/\/vapewolinak.com\/wp-content\/uploads\/2024\/08\/vaporesso-eco-nano-replacement-pod_1400x.webp\" \/>\n\t<meta property=\"og:image:width\" content=\"800\" \/>\n\t<meta property=\"og:image:height\" content=\"800\" \/>\n\t<meta property=\"og:image:type\" content=\"image\/webp\" \/>\n<meta name=\"twitter:card\" content=\"summary_large_image\" \/>\n<meta name=\"twitter:label1\" content=\"Est. reading time\" \/>\n\t<meta name=\"twitter:data1\" content=\"1 minute\" \/>\n<!-- \/ Yoast SEO plugin. -->","yoast_head_json":{"title":"vaporesso eco nano pod - Vape W\u00f4linak","description":"Compatible avec les cartouches Eco Nano de 6 ml, cette r\u00e9sistance offre un \u00e9quilibre parfait entre saveur et production de vapeur. Les cartouches","robots":{"index":"index","follow":"follow","max-snippet":"max-snippet:-1","max-image-preview":"max-image-preview:large","max-video-preview":"max-video-preview:-1"},"canonical":"https:\/\/vapewolinak.com\/en\/produit\/eco-nano-08\/","og_locale":"en_US","og_type":"article","og_title":"vaporesso eco nano pod - Vape W\u00f4linak","og_description":"Compatible avec les cartouches Eco Nano de 6 ml, cette r\u00e9sistance offre un \u00e9quilibre parfait entre saveur et production de vapeur. Les cartouches","og_url":"https:\/\/vapewolinak.com\/en\/produit\/eco-nano-08\/","og_site_name":"Vape W\u00f4linak","article_modified_time":"2026-04-24T22:06:36+00:00","og_image":[{"width":800,"height":800,"url":"https:\/\/vapewolinak.com\/wp-content\/uploads\/2024\/08\/vaporesso-eco-nano-replacement-pod_1400x.webp","type":"image\/webp"}],"twitter_card":"summary_large_image","twitter_misc":{"Est. reading time":"1 minute"},"schema":{"@context":"https:\/\/schema.org","@graph":[{"@type":"WebPage","@id":"https:\/\/vapewolinak.com\/en\/produit\/eco-nano-08\/","url":"https:\/\/vapewolinak.com\/en\/produit\/eco-nano-08\/","name":"vaporesso eco nano pod - Vape W\u00f4linak","isPartOf":{"@id":"https:\/\/vapewolinak.com\/en\/#website"},"primaryImageOfPage":{"@id":"https:\/\/vapewolinak.com\/en\/produit\/eco-nano-08\/#primaryimage"},"image":{"@id":"https:\/\/vapewolinak.com\/en\/produit\/eco-nano-08\/#primaryimage"},"thumbnailUrl":"https:\/\/vapewolinak.com\/wp-content\/uploads\/2024\/08\/vaporesso-eco-nano-replacement-pod_1400x.webp","datePublished":"2024-05-06T20:59:24+00:00","dateModified":"2026-04-24T22:06:36+00:00","description":"Compatible avec les cartouches Eco Nano de 6 ml, cette r\u00e9sistance offre un \u00e9quilibre parfait entre saveur et production de vapeur. Les cartouches","breadcrumb":{"@id":"https:\/\/vapewolinak.com\/en\/produit\/eco-nano-08\/#breadcrumb"},"inLanguage":"en-US","potentialAction":[{"@type":"ReadAction","target":["https:\/\/vapewolinak.com\/en\/produit\/eco-nano-08\/"]}]},{"@type":"ImageObject","inLanguage":"en-US","@id":"https:\/\/vapewolinak.com\/en\/produit\/eco-nano-08\/#primaryimage","url":"https:\/\/vapewolinak.com\/wp-content\/uploads\/2024\/08\/vaporesso-eco-nano-replacement-pod_1400x.webp","contentUrl":"https:\/\/vapewolinak.com\/wp-content\/uploads\/2024\/08\/vaporesso-eco-nano-replacement-pod_1400x.webp","width":800,"height":800},{"@type":"BreadcrumbList","@id":"https:\/\/vapewolinak.com\/en\/produit\/eco-nano-08\/#breadcrumb","itemListElement":[{"@type":"ListItem","position":1,"name":"Accueil","item":"https:\/\/vapewolinak.com\/en\/accueil\/"},{"@type":"ListItem","position":2,"name":"Shop","item":"https:\/\/vapewolinak.com\/en\/shop\/"},{"@type":"ListItem","position":3,"name":"vaporesso eco nano pod"}]},{"@type":"WebSite","@id":"https:\/\/vapewolinak.com\/en\/#website","url":"https:\/\/vapewolinak.com\/en\/","name":"Vape W\u00f4linak","description":"Articles et saveurs de vapotage au Qu\u00e9bec","publisher":{"@id":"https:\/\/vapewolinak.com\/en\/#organization"},"potentialAction":[{"@type":"SearchAction","target":{"@type":"EntryPoint","urlTemplate":"https:\/\/vapewolinak.com\/en\/?s={search_term_string}"},"query-input":{"@type":"PropertyValueSpecification","valueRequired":true,"valueName":"search_term_string"}}],"inLanguage":"en-US"},{"@type":"Organization","@id":"https:\/\/vapewolinak.com\/en\/#organization","name":"Vape W\u00f4linak","url":"https:\/\/vapewolinak.com\/en\/","logo":{"@type":"ImageObject","inLanguage":"en-US","@id":"https:\/\/vapewolinak.com\/en\/#\/schema\/logo\/image\/","url":"https:\/\/vapewolinak.com\/wp-content\/uploads\/2024\/01\/vapewolinak-logo-e1736438957668.png","contentUrl":"https:\/\/vapewolinak.com\/wp-content\/uploads\/2024\/01\/vapewolinak-logo-e1736438957668.png","width":538,"height":440,"caption":"Vape W\u00f4linak"},"image":{"@id":"https:\/\/vapewolinak.com\/en\/#\/schema\/logo\/image\/"}}]}},"_links":{"self":[{"href":"https:\/\/vapewolinak.com\/en\/wp-json\/wp\/v2\/product\/47911","targetHints":{"allow":["GET"]}}],"collection":[{"href":"https:\/\/vapewolinak.com\/en\/wp-json\/wp\/v2\/product"}],"about":[{"href":"https:\/\/vapewolinak.com\/en\/wp-json\/wp\/v2\/types\/product"}],"wp:featuredmedia":[{"embeddable":true,"href":"https:\/\/vapewolinak.com\/en\/wp-json\/wp\/v2\/media\/55305"}],"wp:attachment":[{"href":"https:\/\/vapewolinak.com\/en\/wp-json\/wp\/v2\/media?parent=47911"}],"wp:term":[{"taxonomy":"marque","embeddable":true,"href":"https:\/\/vapewolinak.com\/en\/wp-json\/wp\/v2\/marque?post=47911"},{"taxonomy":"saveur","embeddable":true,"href":"https:\/\/vapewolinak.com\/en\/wp-json\/wp\/v2\/saveur?post=47911"},{"taxonomy":"product_brand","embeddable":true,"href":"https:\/\/vapewolinak.com\/en\/wp-json\/wp\/v2\/product_brand?post=47911"},{"taxonomy":"product_cat","embeddable":true,"href":"https:\/\/vapewolinak.com\/en\/wp-json\/wp\/v2\/product_cat?post=47911"},{"taxonomy":"product_tag","embeddable":true,"href":"https:\/\/vapewolinak.com\/en\/wp-json\/wp\/v2\/product_tag?post=47911"}],"curies":[{"name":"wp","href":"https:\/\/api.w.org\/{rel}","templated":true}]}}