{"id":54121,"date":"2024-08-02T08:25:53","date_gmt":"2024-08-02T12:25:53","guid":{"rendered":"https:\/\/vapewolinak.com\/?post_type=product&#038;p=54121"},"modified":"2025-08-10T13:18:44","modified_gmt":"2025-08-10T17:18:44","slug":"stlth-loop-switch-15k-cherry-ice-citrus-burst","status":"publish","type":"product","link":"https:\/\/vapewolinak.com\/en\/produit\/stlth-loop-switch-15k-cherry-ice-citrus-burst\/","title":{"rendered":"Stlth loop switch 15k cherry ice &#8211; citrus burst ice"},"content":{"rendered":"<p>Cerise sucr\u00e9e et juteuse, m\u00eal\u00e9e \u00e0 un \u00e9clat d\u2019agrumes acidul\u00e9s, le tout rehauss\u00e9 d\u2019une fra\u00eecheur glac\u00e9e vivifiante<\/p>\n","protected":false},"excerpt":{"rendered":"<p>Cerise sucr\u00e9e et juteuse, m\u00eal\u00e9e \u00e0 un \u00e9clat d\u2019agrumes acidul\u00e9s, le tout rehauss\u00e9 d\u2019une fra\u00eecheur glac\u00e9e vivifiante<\/p>\n","protected":false},"featured_media":54119,"template":"","meta":{"_acf_changed":false,"site-sidebar-layout":"default","site-content-layout":"","ast-site-content-layout":"default","site-content-style":"default","site-sidebar-style":"default","ast-global-header-display":"","ast-banner-title-visibility":"","ast-main-header-display":"","ast-hfb-above-header-display":"","ast-hfb-below-header-display":"","ast-hfb-mobile-header-display":"","site-post-title":"","ast-breadcrumbs-content":"","ast-featured-img":"","footer-sml-layout":"","ast-disable-related-posts":"","theme-transparent-header-meta":"","adv-header-id-meta":"","stick-header-meta":"","header-above-stick-meta":"","header-main-stick-meta":"","header-below-stick-meta":"","astra-migrate-meta-layouts":"default","ast-page-background-enabled":"default","ast-page-background-meta":{"desktop":{"background-color":"var(--ast-global-color-4)","background-image":"","background-repeat":"repeat","background-position":"center center","background-size":"auto","background-attachment":"scroll","background-type":"","background-media":"","overlay-type":"","overlay-color":"","overlay-opacity":"","overlay-gradient":""},"tablet":{"background-color":"","background-image":"","background-repeat":"repeat","background-position":"center center","background-size":"auto","background-attachment":"scroll","background-type":"","background-media":"","overlay-type":"","overlay-color":"","overlay-opacity":"","overlay-gradient":""},"mobile":{"background-color":"","background-image":"","background-repeat":"repeat","background-position":"center center","background-size":"auto","background-attachment":"scroll","background-type":"","background-media":"","overlay-type":"","overlay-color":"","overlay-opacity":"","overlay-gradient":""}},"ast-content-background-meta":{"desktop":{"background-color":"var(--ast-global-color-5)","background-image":"","background-repeat":"repeat","background-position":"center center","background-size":"auto","background-attachment":"scroll","background-type":"","background-media":"","overlay-type":"","overlay-color":"","overlay-opacity":"","overlay-gradient":""},"tablet":{"background-color":"var(--ast-global-color-5)","background-image":"","background-repeat":"repeat","background-position":"center center","background-size":"auto","background-attachment":"scroll","background-type":"","background-media":"","overlay-type":"","overlay-color":"","overlay-opacity":"","overlay-gradient":""},"mobile":{"background-color":"var(--ast-global-color-5)","background-image":"","background-repeat":"repeat","background-position":"center center","background-size":"auto","background-attachment":"scroll","background-type":"","background-media":"","overlay-type":"","overlay-color":"","overlay-opacity":"","overlay-gradient":""}},"_adncomm_balissage":[]},"marque":[624],"saveur":[1242,1147],"product_brand":[],"product_cat":[22,475],"product_tag":[],"class_list":{"0":"post-54121","1":"product","2":"type-product","3":"status-publish","4":"has-post-thumbnail","6":"marque-stlth-loop-switch-15k","7":"saveur-agrume","8":"saveur-cerise","9":"product_cat-pods","10":"product_cat-sans-categorie","11":"desktop-align-left","12":"tablet-align-left","13":"mobile-align-left","15":"first","16":"instock","17":"shipping-taxable","18":"purchasable","19":"product-type-variable"},"acf":[],"yoast_head":"<!-- This site is optimized with the Yoast SEO plugin v27.4 - https:\/\/yoast.com\/product\/yoast-seo-wordpress\/ -->\n<title>Stlth loop switch 15k cherry ice - citrus burst ice - Vape W\u00f4linak<\/title>\n<meta name=\"description\" content=\"Cerise sucr\u00e9e et juteuse, m\u00eal\u00e9e \u00e0 un \u00e9clat d\u2019agrumes acidul\u00e9s, le tout rehauss\u00e9 d\u2019une fra\u00eecheur glac\u00e9e vivifiante\" \/>\n<meta name=\"robots\" content=\"index, follow, max-snippet:-1, max-image-preview:large, max-video-preview:-1\" \/>\n<link rel=\"canonical\" href=\"https:\/\/vapewolinak.com\/en\/produit\/stlth-loop-switch-15k-cherry-ice-citrus-burst\/\" \/>\n<meta property=\"og:locale\" content=\"en_US\" \/>\n<meta property=\"og:type\" content=\"article\" \/>\n<meta property=\"og:title\" content=\"Stlth loop switch 15k cherry ice - citrus burst ice - Vape W\u00f4linak\" \/>\n<meta property=\"og:description\" content=\"Cerise sucr\u00e9e et juteuse, m\u00eal\u00e9e \u00e0 un \u00e9clat d\u2019agrumes acidul\u00e9s, le tout rehauss\u00e9 d\u2019une fra\u00eecheur glac\u00e9e vivifiante\" \/>\n<meta property=\"og:url\" content=\"https:\/\/vapewolinak.com\/en\/produit\/stlth-loop-switch-15k-cherry-ice-citrus-burst\/\" \/>\n<meta property=\"og:site_name\" content=\"Vape W\u00f4linak\" \/>\n<meta property=\"article:modified_time\" content=\"2025-08-10T17:18:44+00:00\" \/>\n<meta property=\"og:image\" content=\"https:\/\/vapewolinak.com\/wp-content\/uploads\/2024\/08\/citrus-cherry.webp\" \/>\n\t<meta property=\"og:image:width\" content=\"800\" \/>\n\t<meta property=\"og:image:height\" content=\"800\" \/>\n\t<meta property=\"og:image:type\" content=\"image\/webp\" \/>\n<meta name=\"twitter:card\" content=\"summary_large_image\" \/>\n<!-- \/ Yoast SEO plugin. -->","yoast_head_json":{"title":"Stlth loop switch 15k cherry ice - citrus burst ice - Vape W\u00f4linak","description":"Cerise sucr\u00e9e et juteuse, m\u00eal\u00e9e \u00e0 un \u00e9clat d\u2019agrumes acidul\u00e9s, le tout rehauss\u00e9 d\u2019une fra\u00eecheur glac\u00e9e vivifiante","robots":{"index":"index","follow":"follow","max-snippet":"max-snippet:-1","max-image-preview":"max-image-preview:large","max-video-preview":"max-video-preview:-1"},"canonical":"https:\/\/vapewolinak.com\/en\/produit\/stlth-loop-switch-15k-cherry-ice-citrus-burst\/","og_locale":"en_US","og_type":"article","og_title":"Stlth loop switch 15k cherry ice - citrus burst ice - Vape W\u00f4linak","og_description":"Cerise sucr\u00e9e et juteuse, m\u00eal\u00e9e \u00e0 un \u00e9clat d\u2019agrumes acidul\u00e9s, le tout rehauss\u00e9 d\u2019une fra\u00eecheur glac\u00e9e vivifiante","og_url":"https:\/\/vapewolinak.com\/en\/produit\/stlth-loop-switch-15k-cherry-ice-citrus-burst\/","og_site_name":"Vape W\u00f4linak","article_modified_time":"2025-08-10T17:18:44+00:00","og_image":[{"width":800,"height":800,"url":"https:\/\/vapewolinak.com\/wp-content\/uploads\/2024\/08\/citrus-cherry.webp","type":"image\/webp"}],"twitter_card":"summary_large_image","schema":{"@context":"https:\/\/schema.org","@graph":[{"@type":"WebPage","@id":"https:\/\/vapewolinak.com\/en\/produit\/stlth-loop-switch-15k-cherry-ice-citrus-burst\/","url":"https:\/\/vapewolinak.com\/en\/produit\/stlth-loop-switch-15k-cherry-ice-citrus-burst\/","name":"Stlth loop switch 15k cherry ice - citrus burst ice - Vape W\u00f4linak","isPartOf":{"@id":"https:\/\/vapewolinak.com\/en\/#website"},"primaryImageOfPage":{"@id":"https:\/\/vapewolinak.com\/en\/produit\/stlth-loop-switch-15k-cherry-ice-citrus-burst\/#primaryimage"},"image":{"@id":"https:\/\/vapewolinak.com\/en\/produit\/stlth-loop-switch-15k-cherry-ice-citrus-burst\/#primaryimage"},"thumbnailUrl":"https:\/\/vapewolinak.com\/wp-content\/uploads\/2024\/08\/citrus-cherry.webp","datePublished":"2024-08-02T12:25:53+00:00","dateModified":"2025-08-10T17:18:44+00:00","description":"Cerise sucr\u00e9e et juteuse, m\u00eal\u00e9e \u00e0 un \u00e9clat d\u2019agrumes acidul\u00e9s, le tout rehauss\u00e9 d\u2019une fra\u00eecheur glac\u00e9e vivifiante","breadcrumb":{"@id":"https:\/\/vapewolinak.com\/en\/produit\/stlth-loop-switch-15k-cherry-ice-citrus-burst\/#breadcrumb"},"inLanguage":"en-US","potentialAction":[{"@type":"ReadAction","target":["https:\/\/vapewolinak.com\/en\/produit\/stlth-loop-switch-15k-cherry-ice-citrus-burst\/"]}]},{"@type":"ImageObject","inLanguage":"en-US","@id":"https:\/\/vapewolinak.com\/en\/produit\/stlth-loop-switch-15k-cherry-ice-citrus-burst\/#primaryimage","url":"https:\/\/vapewolinak.com\/wp-content\/uploads\/2024\/08\/citrus-cherry.webp","contentUrl":"https:\/\/vapewolinak.com\/wp-content\/uploads\/2024\/08\/citrus-cherry.webp","width":800,"height":800},{"@type":"BreadcrumbList","@id":"https:\/\/vapewolinak.com\/en\/produit\/stlth-loop-switch-15k-cherry-ice-citrus-burst\/#breadcrumb","itemListElement":[{"@type":"ListItem","position":1,"name":"Accueil","item":"https:\/\/vapewolinak.com\/en\/accueil\/"},{"@type":"ListItem","position":2,"name":"Shop","item":"https:\/\/vapewolinak.com\/en\/shop\/"},{"@type":"ListItem","position":3,"name":"Stlth loop switch 15k cherry ice &#8211; citrus burst ice"}]},{"@type":"WebSite","@id":"https:\/\/vapewolinak.com\/en\/#website","url":"https:\/\/vapewolinak.com\/en\/","name":"Vape W\u00f4linak","description":"Articles et saveurs de vapotage au Qu\u00e9bec","publisher":{"@id":"https:\/\/vapewolinak.com\/en\/#organization"},"potentialAction":[{"@type":"SearchAction","target":{"@type":"EntryPoint","urlTemplate":"https:\/\/vapewolinak.com\/en\/?s={search_term_string}"},"query-input":{"@type":"PropertyValueSpecification","valueRequired":true,"valueName":"search_term_string"}}],"inLanguage":"en-US"},{"@type":"Organization","@id":"https:\/\/vapewolinak.com\/en\/#organization","name":"Vape W\u00f4linak","url":"https:\/\/vapewolinak.com\/en\/","logo":{"@type":"ImageObject","inLanguage":"en-US","@id":"https:\/\/vapewolinak.com\/en\/#\/schema\/logo\/image\/","url":"https:\/\/vapewolinak.com\/wp-content\/uploads\/2024\/01\/vapewolinak-logo-e1736438957668.png","contentUrl":"https:\/\/vapewolinak.com\/wp-content\/uploads\/2024\/01\/vapewolinak-logo-e1736438957668.png","width":538,"height":440,"caption":"Vape W\u00f4linak"},"image":{"@id":"https:\/\/vapewolinak.com\/en\/#\/schema\/logo\/image\/"}}]}},"_links":{"self":[{"href":"https:\/\/vapewolinak.com\/en\/wp-json\/wp\/v2\/product\/54121","targetHints":{"allow":["GET"]}}],"collection":[{"href":"https:\/\/vapewolinak.com\/en\/wp-json\/wp\/v2\/product"}],"about":[{"href":"https:\/\/vapewolinak.com\/en\/wp-json\/wp\/v2\/types\/product"}],"wp:featuredmedia":[{"embeddable":true,"href":"https:\/\/vapewolinak.com\/en\/wp-json\/wp\/v2\/media\/54119"}],"wp:attachment":[{"href":"https:\/\/vapewolinak.com\/en\/wp-json\/wp\/v2\/media?parent=54121"}],"wp:term":[{"taxonomy":"marque","embeddable":true,"href":"https:\/\/vapewolinak.com\/en\/wp-json\/wp\/v2\/marque?post=54121"},{"taxonomy":"saveur","embeddable":true,"href":"https:\/\/vapewolinak.com\/en\/wp-json\/wp\/v2\/saveur?post=54121"},{"taxonomy":"product_brand","embeddable":true,"href":"https:\/\/vapewolinak.com\/en\/wp-json\/wp\/v2\/product_brand?post=54121"},{"taxonomy":"product_cat","embeddable":true,"href":"https:\/\/vapewolinak.com\/en\/wp-json\/wp\/v2\/product_cat?post=54121"},{"taxonomy":"product_tag","embeddable":true,"href":"https:\/\/vapewolinak.com\/en\/wp-json\/wp\/v2\/product_tag?post=54121"}],"curies":[{"name":"wp","href":"https:\/\/api.w.org\/{rel}","templated":true}]}}