{"id":54348,"date":"2024-08-06T11:21:48","date_gmt":"2024-08-06T15:21:48","guid":{"rendered":"https:\/\/vapewolinak.com\/?post_type=product&#038;p=54348"},"modified":"2026-04-15T21:41:02","modified_gmt":"2026-04-16T01:41:02","slug":"elfbar-20000-strawberry-banana","status":"publish","type":"product","link":"https:\/\/vapewolinak.com\/en\/produit\/elfbar-20000-strawberry-banana\/","title":{"rendered":"elfbar 20000 strawberry banana"},"content":{"rendered":"<p>Fraise sucr\u00e9e m\u00eal\u00e9e \u00e0 une banane onctueuse pour une vape douce et fruit\u00e9e<\/p>\n","protected":false},"excerpt":{"rendered":"<p>Fraise sucr\u00e9e m\u00eal\u00e9e \u00e0 une banane onctueuse pour une vape douce et fruit\u00e9e<\/p>\n","protected":false},"featured_media":54346,"template":"","meta":{"_acf_changed":false,"site-sidebar-layout":"default","site-content-layout":"","ast-site-content-layout":"default","site-content-style":"default","site-sidebar-style":"default","ast-global-header-display":"","ast-banner-title-visibility":"","ast-main-header-display":"","ast-hfb-above-header-display":"","ast-hfb-below-header-display":"","ast-hfb-mobile-header-display":"","site-post-title":"","ast-breadcrumbs-content":"","ast-featured-img":"","footer-sml-layout":"","ast-disable-related-posts":"","theme-transparent-header-meta":"","adv-header-id-meta":"","stick-header-meta":"","header-above-stick-meta":"","header-main-stick-meta":"","header-below-stick-meta":"","astra-migrate-meta-layouts":"default","ast-page-background-enabled":"default","ast-page-background-meta":{"desktop":{"background-color":"var(--ast-global-color-4)","background-image":"","background-repeat":"repeat","background-position":"center center","background-size":"auto","background-attachment":"scroll","background-type":"","background-media":"","overlay-type":"","overlay-color":"","overlay-opacity":"","overlay-gradient":""},"tablet":{"background-color":"","background-image":"","background-repeat":"repeat","background-position":"center center","background-size":"auto","background-attachment":"scroll","background-type":"","background-media":"","overlay-type":"","overlay-color":"","overlay-opacity":"","overlay-gradient":""},"mobile":{"background-color":"","background-image":"","background-repeat":"repeat","background-position":"center center","background-size":"auto","background-attachment":"scroll","background-type":"","background-media":"","overlay-type":"","overlay-color":"","overlay-opacity":"","overlay-gradient":""}},"ast-content-background-meta":{"desktop":{"background-color":"var(--ast-global-color-5)","background-image":"","background-repeat":"repeat","background-position":"center center","background-size":"auto","background-attachment":"scroll","background-type":"","background-media":"","overlay-type":"","overlay-color":"","overlay-opacity":"","overlay-gradient":""},"tablet":{"background-color":"var(--ast-global-color-5)","background-image":"","background-repeat":"repeat","background-position":"center center","background-size":"auto","background-attachment":"scroll","background-type":"","background-media":"","overlay-type":"","overlay-color":"","overlay-opacity":"","overlay-gradient":""},"mobile":{"background-color":"var(--ast-global-color-5)","background-image":"","background-repeat":"repeat","background-position":"center center","background-size":"auto","background-attachment":"scroll","background-type":"","background-media":"","overlay-type":"","overlay-color":"","overlay-opacity":"","overlay-gradient":""}},"_adncomm_balissage":[]},"marque":[625],"saveur":[1144,1150],"product_brand":[],"product_cat":[475,37],"product_tag":[],"class_list":{"0":"post-54348","1":"product","2":"type-product","3":"status-publish","4":"has-post-thumbnail","6":"marque-elfbar-20000","7":"saveur-banane","8":"saveur-fraise","9":"product_cat-sans-categorie","10":"product_cat-vapes-jetables","11":"desktop-align-left","12":"tablet-align-left","13":"mobile-align-left","15":"first","16":"instock","17":"shipping-taxable","18":"purchasable","19":"product-type-variable"},"acf":[],"yoast_head":"<!-- This site is optimized with the Yoast SEO plugin v27.4 - https:\/\/yoast.com\/product\/yoast-seo-wordpress\/ -->\n<title>elfbar 20000 strawberry banana - Vape W\u00f4linak<\/title>\n<meta name=\"description\" content=\"Fraise sucr\u00e9e m\u00eal\u00e9e \u00e0 une banane onctueuse pour une vape douce et fruit\u00e9e\" \/>\n<meta name=\"robots\" content=\"index, follow, max-snippet:-1, max-image-preview:large, max-video-preview:-1\" \/>\n<link rel=\"canonical\" href=\"https:\/\/vapewolinak.com\/en\/produit\/elfbar-20000-strawberry-banana\/\" \/>\n<meta property=\"og:locale\" content=\"en_US\" \/>\n<meta property=\"og:type\" content=\"article\" \/>\n<meta property=\"og:title\" content=\"elfbar 20000 strawberry banana - Vape W\u00f4linak\" \/>\n<meta property=\"og:description\" content=\"Fraise sucr\u00e9e m\u00eal\u00e9e \u00e0 une banane onctueuse pour une vape douce et fruit\u00e9e\" \/>\n<meta property=\"og:url\" content=\"https:\/\/vapewolinak.com\/en\/produit\/elfbar-20000-strawberry-banana\/\" \/>\n<meta property=\"og:site_name\" content=\"Vape W\u00f4linak\" \/>\n<meta property=\"article:modified_time\" content=\"2026-04-16T01:41:02+00:00\" \/>\n<meta property=\"og:image\" content=\"https:\/\/vapewolinak.com\/wp-content\/uploads\/2024\/08\/straw-nana.jpg\" \/>\n\t<meta property=\"og:image:width\" content=\"800\" \/>\n\t<meta property=\"og:image:height\" content=\"800\" \/>\n\t<meta property=\"og:image:type\" content=\"image\/jpeg\" \/>\n<meta name=\"twitter:card\" content=\"summary_large_image\" \/>\n<!-- \/ Yoast SEO plugin. -->","yoast_head_json":{"title":"elfbar 20000 strawberry banana - Vape W\u00f4linak","description":"Fraise sucr\u00e9e m\u00eal\u00e9e \u00e0 une banane onctueuse pour une vape douce et fruit\u00e9e","robots":{"index":"index","follow":"follow","max-snippet":"max-snippet:-1","max-image-preview":"max-image-preview:large","max-video-preview":"max-video-preview:-1"},"canonical":"https:\/\/vapewolinak.com\/en\/produit\/elfbar-20000-strawberry-banana\/","og_locale":"en_US","og_type":"article","og_title":"elfbar 20000 strawberry banana - Vape W\u00f4linak","og_description":"Fraise sucr\u00e9e m\u00eal\u00e9e \u00e0 une banane onctueuse pour une vape douce et fruit\u00e9e","og_url":"https:\/\/vapewolinak.com\/en\/produit\/elfbar-20000-strawberry-banana\/","og_site_name":"Vape W\u00f4linak","article_modified_time":"2026-04-16T01:41:02+00:00","og_image":[{"width":800,"height":800,"url":"https:\/\/vapewolinak.com\/wp-content\/uploads\/2024\/08\/straw-nana.jpg","type":"image\/jpeg"}],"twitter_card":"summary_large_image","schema":{"@context":"https:\/\/schema.org","@graph":[{"@type":"WebPage","@id":"https:\/\/vapewolinak.com\/en\/produit\/elfbar-20000-strawberry-banana\/","url":"https:\/\/vapewolinak.com\/en\/produit\/elfbar-20000-strawberry-banana\/","name":"elfbar 20000 strawberry banana - Vape W\u00f4linak","isPartOf":{"@id":"https:\/\/vapewolinak.com\/en\/#website"},"primaryImageOfPage":{"@id":"https:\/\/vapewolinak.com\/en\/produit\/elfbar-20000-strawberry-banana\/#primaryimage"},"image":{"@id":"https:\/\/vapewolinak.com\/en\/produit\/elfbar-20000-strawberry-banana\/#primaryimage"},"thumbnailUrl":"https:\/\/vapewolinak.com\/wp-content\/uploads\/2024\/08\/straw-nana.jpg","datePublished":"2024-08-06T15:21:48+00:00","dateModified":"2026-04-16T01:41:02+00:00","description":"Fraise sucr\u00e9e m\u00eal\u00e9e \u00e0 une banane onctueuse pour une vape douce et fruit\u00e9e","breadcrumb":{"@id":"https:\/\/vapewolinak.com\/en\/produit\/elfbar-20000-strawberry-banana\/#breadcrumb"},"inLanguage":"en-US","potentialAction":[{"@type":"ReadAction","target":["https:\/\/vapewolinak.com\/en\/produit\/elfbar-20000-strawberry-banana\/"]}]},{"@type":"ImageObject","inLanguage":"en-US","@id":"https:\/\/vapewolinak.com\/en\/produit\/elfbar-20000-strawberry-banana\/#primaryimage","url":"https:\/\/vapewolinak.com\/wp-content\/uploads\/2024\/08\/straw-nana.jpg","contentUrl":"https:\/\/vapewolinak.com\/wp-content\/uploads\/2024\/08\/straw-nana.jpg","width":800,"height":800},{"@type":"BreadcrumbList","@id":"https:\/\/vapewolinak.com\/en\/produit\/elfbar-20000-strawberry-banana\/#breadcrumb","itemListElement":[{"@type":"ListItem","position":1,"name":"Accueil","item":"https:\/\/vapewolinak.com\/en\/accueil\/"},{"@type":"ListItem","position":2,"name":"Shop","item":"https:\/\/vapewolinak.com\/en\/shop\/"},{"@type":"ListItem","position":3,"name":"elfbar 20000 strawberry banana"}]},{"@type":"WebSite","@id":"https:\/\/vapewolinak.com\/en\/#website","url":"https:\/\/vapewolinak.com\/en\/","name":"Vape W\u00f4linak","description":"Articles et saveurs de vapotage au Qu\u00e9bec","publisher":{"@id":"https:\/\/vapewolinak.com\/en\/#organization"},"potentialAction":[{"@type":"SearchAction","target":{"@type":"EntryPoint","urlTemplate":"https:\/\/vapewolinak.com\/en\/?s={search_term_string}"},"query-input":{"@type":"PropertyValueSpecification","valueRequired":true,"valueName":"search_term_string"}}],"inLanguage":"en-US"},{"@type":"Organization","@id":"https:\/\/vapewolinak.com\/en\/#organization","name":"Vape W\u00f4linak","url":"https:\/\/vapewolinak.com\/en\/","logo":{"@type":"ImageObject","inLanguage":"en-US","@id":"https:\/\/vapewolinak.com\/en\/#\/schema\/logo\/image\/","url":"https:\/\/vapewolinak.com\/wp-content\/uploads\/2024\/01\/vapewolinak-logo-e1736438957668.png","contentUrl":"https:\/\/vapewolinak.com\/wp-content\/uploads\/2024\/01\/vapewolinak-logo-e1736438957668.png","width":538,"height":440,"caption":"Vape W\u00f4linak"},"image":{"@id":"https:\/\/vapewolinak.com\/en\/#\/schema\/logo\/image\/"}}]}},"_links":{"self":[{"href":"https:\/\/vapewolinak.com\/en\/wp-json\/wp\/v2\/product\/54348","targetHints":{"allow":["GET"]}}],"collection":[{"href":"https:\/\/vapewolinak.com\/en\/wp-json\/wp\/v2\/product"}],"about":[{"href":"https:\/\/vapewolinak.com\/en\/wp-json\/wp\/v2\/types\/product"}],"wp:featuredmedia":[{"embeddable":true,"href":"https:\/\/vapewolinak.com\/en\/wp-json\/wp\/v2\/media\/54346"}],"wp:attachment":[{"href":"https:\/\/vapewolinak.com\/en\/wp-json\/wp\/v2\/media?parent=54348"}],"wp:term":[{"taxonomy":"marque","embeddable":true,"href":"https:\/\/vapewolinak.com\/en\/wp-json\/wp\/v2\/marque?post=54348"},{"taxonomy":"saveur","embeddable":true,"href":"https:\/\/vapewolinak.com\/en\/wp-json\/wp\/v2\/saveur?post=54348"},{"taxonomy":"product_brand","embeddable":true,"href":"https:\/\/vapewolinak.com\/en\/wp-json\/wp\/v2\/product_brand?post=54348"},{"taxonomy":"product_cat","embeddable":true,"href":"https:\/\/vapewolinak.com\/en\/wp-json\/wp\/v2\/product_cat?post=54348"},{"taxonomy":"product_tag","embeddable":true,"href":"https:\/\/vapewolinak.com\/en\/wp-json\/wp\/v2\/product_tag?post=54348"}],"curies":[{"name":"wp","href":"https:\/\/api.w.org\/{rel}","templated":true}]}}