{"id":67401,"date":"2024-12-03T15:39:31","date_gmt":"2024-12-03T20:39:31","guid":{"rendered":"https:\/\/vapewolinak.com\/?post_type=product&#038;p=67401"},"modified":"2025-10-07T15:47:11","modified_gmt":"2025-10-07T19:47:11","slug":"sonder-q-lite","status":"publish","type":"product","link":"https:\/\/vapewolinak.com\/en\/produit\/sonder-q-lite\/","title":{"rendered":"Sonder Q Lite"},"content":{"rendered":"<p><span class=\"relative -mx-px my-[-0.2rem] rounded px-px py-[0.2rem] transition-colors duration-100 ease-in-out\">Kit pod ultra-l\u00e9ger de 41,7 g avec batterie de 500 mAh et pod de 2 ml.<\/span> <span class=\"relative -mx-px my-[-0.2rem] rounded px-px py-[0.2rem] transition-colors duration-100 ease-in-out\">Compatible avec les r\u00e9sistances Q Pod de 1,2\u202f\u03a9, offrant une vape MTL savoureuse.<\/span> <span class=\"relative -mx-px my-[-0.2rem] rounded px-px py-[0.2rem] transition-colors duration-100 ease-in-out\">Recharge rapide via USB Type-C et indicateur LED \u00e0 trois couleurs pour le niveau de batterieSonder Q Lite\u00a0<\/span><\/p>\n<ul>\n<li><strong>Sonder Q Lite \u2192 Ratio recommand\u00e9 : 50\/50 (VG\/PG)<\/strong><\/li>\n<\/ul>\n","protected":false},"excerpt":{"rendered":"<p>Kit pod ultra-l\u00e9ger de 41,7 g avec batterie de 500 mAh et pod de 2 ml. Compatible avec les r\u00e9sistances [&hellip;]<\/p>\n","protected":false},"featured_media":67399,"template":"","meta":{"_acf_changed":false,"site-sidebar-layout":"default","site-content-layout":"","ast-site-content-layout":"default","site-content-style":"default","site-sidebar-style":"default","ast-global-header-display":"","ast-banner-title-visibility":"","ast-main-header-display":"","ast-hfb-above-header-display":"","ast-hfb-below-header-display":"","ast-hfb-mobile-header-display":"","site-post-title":"","ast-breadcrumbs-content":"","ast-featured-img":"","footer-sml-layout":"","ast-disable-related-posts":"","theme-transparent-header-meta":"default","adv-header-id-meta":"","stick-header-meta":"","header-above-stick-meta":"","header-main-stick-meta":"","header-below-stick-meta":"","astra-migrate-meta-layouts":"set","ast-page-background-enabled":"default","ast-page-background-meta":{"desktop":{"background-color":"var(--ast-global-color-4)","background-image":"","background-repeat":"repeat","background-position":"center center","background-size":"auto","background-attachment":"scroll","background-type":"","background-media":"","overlay-type":"","overlay-color":"","overlay-opacity":"","overlay-gradient":""},"tablet":{"background-color":"","background-image":"","background-repeat":"repeat","background-position":"center center","background-size":"auto","background-attachment":"scroll","background-type":"","background-media":"","overlay-type":"","overlay-color":"","overlay-opacity":"","overlay-gradient":""},"mobile":{"background-color":"","background-image":"","background-repeat":"repeat","background-position":"center center","background-size":"auto","background-attachment":"scroll","background-type":"","background-media":"","overlay-type":"","overlay-color":"","overlay-opacity":"","overlay-gradient":""}},"ast-content-background-meta":{"desktop":{"background-color":"var(--ast-global-color-5)","background-image":"","background-repeat":"repeat","background-position":"center center","background-size":"auto","background-attachment":"scroll","background-type":"","background-media":"","overlay-type":"","overlay-color":"","overlay-opacity":"","overlay-gradient":""},"tablet":{"background-color":"var(--ast-global-color-5)","background-image":"","background-repeat":"repeat","background-position":"center center","background-size":"auto","background-attachment":"scroll","background-type":"","background-media":"","overlay-type":"","overlay-color":"","overlay-opacity":"","overlay-gradient":""},"mobile":{"background-color":"var(--ast-global-color-5)","background-image":"","background-repeat":"repeat","background-position":"center center","background-size":"auto","background-attachment":"scroll","background-type":"","background-media":"","overlay-type":"","overlay-color":"","overlay-opacity":"","overlay-gradient":""}},"_adncomm_balissage":[]},"marque":[238],"saveur":[],"product_brand":[],"product_cat":[36],"product_tag":[],"class_list":{"0":"post-67401","1":"product","2":"type-product","3":"status-publish","4":"has-post-thumbnail","6":"marque-geekvape","7":"product_cat-materiel","8":"desktop-align-left","9":"tablet-align-left","10":"mobile-align-left","12":"first","13":"instock","14":"shipping-taxable","15":"purchasable","16":"product-type-variable"},"acf":[],"yoast_head":"<!-- This site is optimized with the Yoast SEO plugin v27.4 - https:\/\/yoast.com\/product\/yoast-seo-wordpress\/ -->\n<title>Sonder Q Lite - Vape W\u00f4linak<\/title>\n<meta name=\"description\" content=\"Kit pod ultra-l\u00e9ger de 41,7 g avec batterie de 500 mAh et pod de 2 ml. Compatible avec les r\u00e9sistances Q Pod de 1,2\u202f\u03a9, offrant une vape MTL savoureuse.\" \/>\n<meta name=\"robots\" content=\"index, follow, max-snippet:-1, max-image-preview:large, max-video-preview:-1\" \/>\n<link rel=\"canonical\" href=\"https:\/\/vapewolinak.com\/en\/produit\/sonder-q-lite\/\" \/>\n<meta property=\"og:locale\" content=\"en_US\" \/>\n<meta property=\"og:type\" content=\"article\" \/>\n<meta property=\"og:title\" content=\"Sonder Q Lite - Vape W\u00f4linak\" \/>\n<meta property=\"og:description\" content=\"Kit pod ultra-l\u00e9ger de 41,7 g avec batterie de 500 mAh et pod de 2 ml. Compatible avec les r\u00e9sistances Q Pod de 1,2\u202f\u03a9, offrant une vape MTL savoureuse.\" \/>\n<meta property=\"og:url\" content=\"https:\/\/vapewolinak.com\/en\/produit\/sonder-q-lite\/\" \/>\n<meta property=\"og:site_name\" content=\"Vape W\u00f4linak\" \/>\n<meta property=\"article:modified_time\" content=\"2025-10-07T19:47:11+00:00\" \/>\n<meta property=\"og:image\" content=\"https:\/\/vapewolinak.com\/wp-content\/uploads\/2024\/12\/sonn.webp\" \/>\n\t<meta property=\"og:image:width\" content=\"700\" \/>\n\t<meta property=\"og:image:height\" content=\"700\" \/>\n\t<meta property=\"og:image:type\" content=\"image\/webp\" \/>\n<meta name=\"twitter:card\" content=\"summary_large_image\" \/>\n<meta name=\"twitter:label1\" content=\"Est. reading time\" \/>\n\t<meta name=\"twitter:data1\" content=\"1 minute\" \/>\n<!-- \/ Yoast SEO plugin. -->","yoast_head_json":{"title":"Sonder Q Lite - Vape W\u00f4linak","description":"Kit pod ultra-l\u00e9ger de 41,7 g avec batterie de 500 mAh et pod de 2 ml. Compatible avec les r\u00e9sistances Q Pod de 1,2\u202f\u03a9, offrant une vape MTL savoureuse.","robots":{"index":"index","follow":"follow","max-snippet":"max-snippet:-1","max-image-preview":"max-image-preview:large","max-video-preview":"max-video-preview:-1"},"canonical":"https:\/\/vapewolinak.com\/en\/produit\/sonder-q-lite\/","og_locale":"en_US","og_type":"article","og_title":"Sonder Q Lite - Vape W\u00f4linak","og_description":"Kit pod ultra-l\u00e9ger de 41,7 g avec batterie de 500 mAh et pod de 2 ml. Compatible avec les r\u00e9sistances Q Pod de 1,2\u202f\u03a9, offrant une vape MTL savoureuse.","og_url":"https:\/\/vapewolinak.com\/en\/produit\/sonder-q-lite\/","og_site_name":"Vape W\u00f4linak","article_modified_time":"2025-10-07T19:47:11+00:00","og_image":[{"width":700,"height":700,"url":"https:\/\/vapewolinak.com\/wp-content\/uploads\/2024\/12\/sonn.webp","type":"image\/webp"}],"twitter_card":"summary_large_image","twitter_misc":{"Est. reading time":"1 minute"},"schema":{"@context":"https:\/\/schema.org","@graph":[{"@type":"WebPage","@id":"https:\/\/vapewolinak.com\/en\/produit\/sonder-q-lite\/","url":"https:\/\/vapewolinak.com\/en\/produit\/sonder-q-lite\/","name":"Sonder Q Lite - Vape W\u00f4linak","isPartOf":{"@id":"https:\/\/vapewolinak.com\/en\/#website"},"primaryImageOfPage":{"@id":"https:\/\/vapewolinak.com\/en\/produit\/sonder-q-lite\/#primaryimage"},"image":{"@id":"https:\/\/vapewolinak.com\/en\/produit\/sonder-q-lite\/#primaryimage"},"thumbnailUrl":"https:\/\/vapewolinak.com\/wp-content\/uploads\/2024\/12\/sonn.webp","datePublished":"2024-12-03T20:39:31+00:00","dateModified":"2025-10-07T19:47:11+00:00","description":"Kit pod ultra-l\u00e9ger de 41,7 g avec batterie de 500 mAh et pod de 2 ml. Compatible avec les r\u00e9sistances Q Pod de 1,2\u202f\u03a9, offrant une vape MTL savoureuse.","breadcrumb":{"@id":"https:\/\/vapewolinak.com\/en\/produit\/sonder-q-lite\/#breadcrumb"},"inLanguage":"en-US","potentialAction":[{"@type":"ReadAction","target":["https:\/\/vapewolinak.com\/en\/produit\/sonder-q-lite\/"]}]},{"@type":"ImageObject","inLanguage":"en-US","@id":"https:\/\/vapewolinak.com\/en\/produit\/sonder-q-lite\/#primaryimage","url":"https:\/\/vapewolinak.com\/wp-content\/uploads\/2024\/12\/sonn.webp","contentUrl":"https:\/\/vapewolinak.com\/wp-content\/uploads\/2024\/12\/sonn.webp","width":700,"height":700},{"@type":"BreadcrumbList","@id":"https:\/\/vapewolinak.com\/en\/produit\/sonder-q-lite\/#breadcrumb","itemListElement":[{"@type":"ListItem","position":1,"name":"Accueil","item":"https:\/\/vapewolinak.com\/en\/accueil\/"},{"@type":"ListItem","position":2,"name":"Shop","item":"https:\/\/vapewolinak.com\/en\/shop\/"},{"@type":"ListItem","position":3,"name":"Sonder Q Lite"}]},{"@type":"WebSite","@id":"https:\/\/vapewolinak.com\/en\/#website","url":"https:\/\/vapewolinak.com\/en\/","name":"Vape W\u00f4linak","description":"Articles et saveurs de vapotage au Qu\u00e9bec","publisher":{"@id":"https:\/\/vapewolinak.com\/en\/#organization"},"potentialAction":[{"@type":"SearchAction","target":{"@type":"EntryPoint","urlTemplate":"https:\/\/vapewolinak.com\/en\/?s={search_term_string}"},"query-input":{"@type":"PropertyValueSpecification","valueRequired":true,"valueName":"search_term_string"}}],"inLanguage":"en-US"},{"@type":"Organization","@id":"https:\/\/vapewolinak.com\/en\/#organization","name":"Vape W\u00f4linak","url":"https:\/\/vapewolinak.com\/en\/","logo":{"@type":"ImageObject","inLanguage":"en-US","@id":"https:\/\/vapewolinak.com\/en\/#\/schema\/logo\/image\/","url":"https:\/\/vapewolinak.com\/wp-content\/uploads\/2024\/01\/vapewolinak-logo-e1736438957668.png","contentUrl":"https:\/\/vapewolinak.com\/wp-content\/uploads\/2024\/01\/vapewolinak-logo-e1736438957668.png","width":538,"height":440,"caption":"Vape W\u00f4linak"},"image":{"@id":"https:\/\/vapewolinak.com\/en\/#\/schema\/logo\/image\/"}}]}},"_links":{"self":[{"href":"https:\/\/vapewolinak.com\/en\/wp-json\/wp\/v2\/product\/67401","targetHints":{"allow":["GET"]}}],"collection":[{"href":"https:\/\/vapewolinak.com\/en\/wp-json\/wp\/v2\/product"}],"about":[{"href":"https:\/\/vapewolinak.com\/en\/wp-json\/wp\/v2\/types\/product"}],"wp:featuredmedia":[{"embeddable":true,"href":"https:\/\/vapewolinak.com\/en\/wp-json\/wp\/v2\/media\/67399"}],"wp:attachment":[{"href":"https:\/\/vapewolinak.com\/en\/wp-json\/wp\/v2\/media?parent=67401"}],"wp:term":[{"taxonomy":"marque","embeddable":true,"href":"https:\/\/vapewolinak.com\/en\/wp-json\/wp\/v2\/marque?post=67401"},{"taxonomy":"saveur","embeddable":true,"href":"https:\/\/vapewolinak.com\/en\/wp-json\/wp\/v2\/saveur?post=67401"},{"taxonomy":"product_brand","embeddable":true,"href":"https:\/\/vapewolinak.com\/en\/wp-json\/wp\/v2\/product_brand?post=67401"},{"taxonomy":"product_cat","embeddable":true,"href":"https:\/\/vapewolinak.com\/en\/wp-json\/wp\/v2\/product_cat?post=67401"},{"taxonomy":"product_tag","embeddable":true,"href":"https:\/\/vapewolinak.com\/en\/wp-json\/wp\/v2\/product_tag?post=67401"}],"curies":[{"name":"wp","href":"https:\/\/api.w.org\/{rel}","templated":true}]}}