{"id":74026,"date":"2025-01-10T14:08:38","date_gmt":"2025-01-10T19:08:38","guid":{"rendered":"https:\/\/vapewolinak.com\/?post_type=product&#038;p=74026"},"modified":"2026-04-13T17:59:43","modified_gmt":"2026-04-13T21:59:43","slug":"flavour-beast-mode-max-purple-fizz","status":"publish","type":"product","link":"https:\/\/vapewolinak.com\/en\/produit\/flavour-beast-mode-max-purple-fizz\/","title":{"rendered":"Flavour beast mode max purple fizz ice"},"content":{"rendered":"<div class=\"text-base my-auto mx-auto py-5 [--thread-content-margin:--spacing(4)] @[37rem]:[--thread-content-margin:--spacing(6)] @[72rem]:[--thread-content-margin:--spacing(16)] px-(--thread-content-margin)\">\n<div class=\"[--thread-content-max-width:32rem] @[34rem]:[--thread-content-max-width:40rem] @[64rem]:[--thread-content-max-width:48rem] mx-auto flex max-w-(--thread-content-max-width) flex-1 text-base gap-4 md:gap-5 lg:gap-6 group\/turn-messages focus-visible:outline-hidden\">\n<div class=\"group\/conversation-turn relative flex w-full min-w-0 flex-col agent-turn\">\n<div class=\"relative flex-col gap-1 md:gap-3\">\n<div class=\"flex max-w-full flex-col grow\">\n<div data-message-author-role=\"assistant\" data-message-id=\"2c0c6259-57c5-4733-86bb-9503ec951b10\" dir=\"auto\" class=\"min-h-8 text-message relative flex w-full flex-col items-end gap-2 text-start break-words whitespace-normal [.text-message+&amp;]:mt-5\" data-message-model-slug=\"gpt-4o-mini\">\n<div class=\"flex w-full flex-col gap-1 empty:hidden first:pt-[3px]\">\n<div class=\"markdown prose dark:prose-invert w-full break-words light\">\n<p data-start=\"0\" data-end=\"89\" class=\"\">Saveur de raisin p\u00e9tillant, sucr\u00e9 et rafra\u00eechissant pour une bouff\u00e9e fruit\u00e9e et vibrante<\/p>\n<\/div>\n<\/div>\n<\/div>\n<\/div>\n<\/div>\n<\/div>\n<\/div>\n<\/div>\n","protected":false},"excerpt":{"rendered":"<p>Saveur de raisin p\u00e9tillant, sucr\u00e9 et rafra\u00eechissant pour une bouff\u00e9e fruit\u00e9e et vibrante<\/p>\n","protected":false},"featured_media":74024,"template":"","meta":{"_acf_changed":false,"site-sidebar-layout":"default","site-content-layout":"","ast-site-content-layout":"default","site-content-style":"default","site-sidebar-style":"default","ast-global-header-display":"","ast-banner-title-visibility":"","ast-main-header-display":"","ast-hfb-above-header-display":"","ast-hfb-below-header-display":"","ast-hfb-mobile-header-display":"","site-post-title":"","ast-breadcrumbs-content":"","ast-featured-img":"","footer-sml-layout":"","ast-disable-related-posts":"","theme-transparent-header-meta":"default","adv-header-id-meta":"","stick-header-meta":"","header-above-stick-meta":"","header-main-stick-meta":"","header-below-stick-meta":"","astra-migrate-meta-layouts":"set","ast-page-background-enabled":"default","ast-page-background-meta":{"desktop":{"background-color":"var(--ast-global-color-4)","background-image":"","background-repeat":"repeat","background-position":"center center","background-size":"auto","background-attachment":"scroll","background-type":"","background-media":"","overlay-type":"","overlay-color":"","overlay-opacity":"","overlay-gradient":""},"tablet":{"background-color":"","background-image":"","background-repeat":"repeat","background-position":"center center","background-size":"auto","background-attachment":"scroll","background-type":"","background-media":"","overlay-type":"","overlay-color":"","overlay-opacity":"","overlay-gradient":""},"mobile":{"background-color":"","background-image":"","background-repeat":"repeat","background-position":"center center","background-size":"auto","background-attachment":"scroll","background-type":"","background-media":"","overlay-type":"","overlay-color":"","overlay-opacity":"","overlay-gradient":""}},"ast-content-background-meta":{"desktop":{"background-color":"var(--ast-global-color-5)","background-image":"","background-repeat":"repeat","background-position":"center center","background-size":"auto","background-attachment":"scroll","background-type":"","background-media":"","overlay-type":"","overlay-color":"","overlay-opacity":"","overlay-gradient":""},"tablet":{"background-color":"var(--ast-global-color-5)","background-image":"","background-repeat":"repeat","background-position":"center center","background-size":"auto","background-attachment":"scroll","background-type":"","background-media":"","overlay-type":"","overlay-color":"","overlay-opacity":"","overlay-gradient":""},"mobile":{"background-color":"var(--ast-global-color-5)","background-image":"","background-repeat":"repeat","background-position":"center center","background-size":"auto","background-attachment":"scroll","background-type":"","background-media":"","overlay-type":"","overlay-color":"","overlay-opacity":"","overlay-gradient":""}},"_adncomm_balissage":[]},"marque":[597],"saveur":[1165],"product_brand":[],"product_cat":[475,37],"product_tag":[],"class_list":{"0":"post-74026","1":"product","2":"type-product","3":"status-publish","4":"has-post-thumbnail","6":"marque-flavour-beast-mode-max","7":"saveur-raisin","8":"product_cat-sans-categorie","9":"product_cat-vapes-jetables","10":"desktop-align-left","11":"tablet-align-left","12":"mobile-align-left","14":"first","15":"instock","16":"shipping-taxable","17":"purchasable","18":"product-type-variable"},"acf":[],"yoast_head":"<!-- This site is optimized with the Yoast SEO plugin v27.4 - https:\/\/yoast.com\/product\/yoast-seo-wordpress\/ -->\n<title>Flavour beast mode max purple fizz ice - Vape W\u00f4linak<\/title>\n<meta name=\"description\" content=\"Saveur de raisin p\u00e9tillant, sucr\u00e9 et rafra\u00eechissant pour une bouff\u00e9e fruit\u00e9e et vibrante\" \/>\n<meta name=\"robots\" content=\"index, follow, max-snippet:-1, max-image-preview:large, max-video-preview:-1\" \/>\n<link rel=\"canonical\" href=\"https:\/\/vapewolinak.com\/en\/produit\/flavour-beast-mode-max-purple-fizz\/\" \/>\n<meta property=\"og:locale\" content=\"en_US\" \/>\n<meta property=\"og:type\" content=\"article\" \/>\n<meta property=\"og:title\" content=\"Flavour beast mode max purple fizz ice - Vape W\u00f4linak\" \/>\n<meta property=\"og:description\" content=\"Saveur de raisin p\u00e9tillant, sucr\u00e9 et rafra\u00eechissant pour une bouff\u00e9e fruit\u00e9e et vibrante\" \/>\n<meta property=\"og:url\" content=\"https:\/\/vapewolinak.com\/en\/produit\/flavour-beast-mode-max-purple-fizz\/\" \/>\n<meta property=\"og:site_name\" content=\"Vape W\u00f4linak\" \/>\n<meta property=\"article:modified_time\" content=\"2026-04-13T21:59:43+00:00\" \/>\n<meta property=\"og:image\" content=\"https:\/\/vapewolinak.com\/wp-content\/uploads\/2025\/01\/Flavour-beast-mode-max-purple-fizz.webp\" \/>\n\t<meta property=\"og:image:width\" content=\"800\" \/>\n\t<meta property=\"og:image:height\" content=\"800\" \/>\n\t<meta property=\"og:image:type\" content=\"image\/webp\" \/>\n<meta name=\"twitter:card\" content=\"summary_large_image\" \/>\n<meta name=\"twitter:label1\" content=\"Est. reading time\" \/>\n\t<meta name=\"twitter:data1\" content=\"1 minute\" \/>\n<!-- \/ Yoast SEO plugin. -->","yoast_head_json":{"title":"Flavour beast mode max purple fizz ice - Vape W\u00f4linak","description":"Saveur de raisin p\u00e9tillant, sucr\u00e9 et rafra\u00eechissant pour une bouff\u00e9e fruit\u00e9e et vibrante","robots":{"index":"index","follow":"follow","max-snippet":"max-snippet:-1","max-image-preview":"max-image-preview:large","max-video-preview":"max-video-preview:-1"},"canonical":"https:\/\/vapewolinak.com\/en\/produit\/flavour-beast-mode-max-purple-fizz\/","og_locale":"en_US","og_type":"article","og_title":"Flavour beast mode max purple fizz ice - Vape W\u00f4linak","og_description":"Saveur de raisin p\u00e9tillant, sucr\u00e9 et rafra\u00eechissant pour une bouff\u00e9e fruit\u00e9e et vibrante","og_url":"https:\/\/vapewolinak.com\/en\/produit\/flavour-beast-mode-max-purple-fizz\/","og_site_name":"Vape W\u00f4linak","article_modified_time":"2026-04-13T21:59:43+00:00","og_image":[{"width":800,"height":800,"url":"https:\/\/vapewolinak.com\/wp-content\/uploads\/2025\/01\/Flavour-beast-mode-max-purple-fizz.webp","type":"image\/webp"}],"twitter_card":"summary_large_image","twitter_misc":{"Est. reading time":"1 minute"},"schema":{"@context":"https:\/\/schema.org","@graph":[{"@type":"WebPage","@id":"https:\/\/vapewolinak.com\/en\/produit\/flavour-beast-mode-max-purple-fizz\/","url":"https:\/\/vapewolinak.com\/en\/produit\/flavour-beast-mode-max-purple-fizz\/","name":"Flavour beast mode max purple fizz ice - Vape W\u00f4linak","isPartOf":{"@id":"https:\/\/vapewolinak.com\/en\/#website"},"primaryImageOfPage":{"@id":"https:\/\/vapewolinak.com\/en\/produit\/flavour-beast-mode-max-purple-fizz\/#primaryimage"},"image":{"@id":"https:\/\/vapewolinak.com\/en\/produit\/flavour-beast-mode-max-purple-fizz\/#primaryimage"},"thumbnailUrl":"https:\/\/vapewolinak.com\/wp-content\/uploads\/2025\/01\/Flavour-beast-mode-max-purple-fizz.webp","datePublished":"2025-01-10T19:08:38+00:00","dateModified":"2026-04-13T21:59:43+00:00","description":"Saveur de raisin p\u00e9tillant, sucr\u00e9 et rafra\u00eechissant pour une bouff\u00e9e fruit\u00e9e et vibrante","breadcrumb":{"@id":"https:\/\/vapewolinak.com\/en\/produit\/flavour-beast-mode-max-purple-fizz\/#breadcrumb"},"inLanguage":"en-US","potentialAction":[{"@type":"ReadAction","target":["https:\/\/vapewolinak.com\/en\/produit\/flavour-beast-mode-max-purple-fizz\/"]}]},{"@type":"ImageObject","inLanguage":"en-US","@id":"https:\/\/vapewolinak.com\/en\/produit\/flavour-beast-mode-max-purple-fizz\/#primaryimage","url":"https:\/\/vapewolinak.com\/wp-content\/uploads\/2025\/01\/Flavour-beast-mode-max-purple-fizz.webp","contentUrl":"https:\/\/vapewolinak.com\/wp-content\/uploads\/2025\/01\/Flavour-beast-mode-max-purple-fizz.webp","width":800,"height":800},{"@type":"BreadcrumbList","@id":"https:\/\/vapewolinak.com\/en\/produit\/flavour-beast-mode-max-purple-fizz\/#breadcrumb","itemListElement":[{"@type":"ListItem","position":1,"name":"Accueil","item":"https:\/\/vapewolinak.com\/en\/accueil\/"},{"@type":"ListItem","position":2,"name":"Shop","item":"https:\/\/vapewolinak.com\/en\/shop\/"},{"@type":"ListItem","position":3,"name":"Flavour beast mode max purple fizz ice"}]},{"@type":"WebSite","@id":"https:\/\/vapewolinak.com\/en\/#website","url":"https:\/\/vapewolinak.com\/en\/","name":"Vape W\u00f4linak","description":"Articles et saveurs de vapotage au Qu\u00e9bec","publisher":{"@id":"https:\/\/vapewolinak.com\/en\/#organization"},"potentialAction":[{"@type":"SearchAction","target":{"@type":"EntryPoint","urlTemplate":"https:\/\/vapewolinak.com\/en\/?s={search_term_string}"},"query-input":{"@type":"PropertyValueSpecification","valueRequired":true,"valueName":"search_term_string"}}],"inLanguage":"en-US"},{"@type":"Organization","@id":"https:\/\/vapewolinak.com\/en\/#organization","name":"Vape W\u00f4linak","url":"https:\/\/vapewolinak.com\/en\/","logo":{"@type":"ImageObject","inLanguage":"en-US","@id":"https:\/\/vapewolinak.com\/en\/#\/schema\/logo\/image\/","url":"https:\/\/vapewolinak.com\/wp-content\/uploads\/2024\/01\/vapewolinak-logo-e1736438957668.png","contentUrl":"https:\/\/vapewolinak.com\/wp-content\/uploads\/2024\/01\/vapewolinak-logo-e1736438957668.png","width":538,"height":440,"caption":"Vape W\u00f4linak"},"image":{"@id":"https:\/\/vapewolinak.com\/en\/#\/schema\/logo\/image\/"}}]}},"_links":{"self":[{"href":"https:\/\/vapewolinak.com\/en\/wp-json\/wp\/v2\/product\/74026","targetHints":{"allow":["GET"]}}],"collection":[{"href":"https:\/\/vapewolinak.com\/en\/wp-json\/wp\/v2\/product"}],"about":[{"href":"https:\/\/vapewolinak.com\/en\/wp-json\/wp\/v2\/types\/product"}],"wp:featuredmedia":[{"embeddable":true,"href":"https:\/\/vapewolinak.com\/en\/wp-json\/wp\/v2\/media\/74024"}],"wp:attachment":[{"href":"https:\/\/vapewolinak.com\/en\/wp-json\/wp\/v2\/media?parent=74026"}],"wp:term":[{"taxonomy":"marque","embeddable":true,"href":"https:\/\/vapewolinak.com\/en\/wp-json\/wp\/v2\/marque?post=74026"},{"taxonomy":"saveur","embeddable":true,"href":"https:\/\/vapewolinak.com\/en\/wp-json\/wp\/v2\/saveur?post=74026"},{"taxonomy":"product_brand","embeddable":true,"href":"https:\/\/vapewolinak.com\/en\/wp-json\/wp\/v2\/product_brand?post=74026"},{"taxonomy":"product_cat","embeddable":true,"href":"https:\/\/vapewolinak.com\/en\/wp-json\/wp\/v2\/product_cat?post=74026"},{"taxonomy":"product_tag","embeddable":true,"href":"https:\/\/vapewolinak.com\/en\/wp-json\/wp\/v2\/product_tag?post=74026"}],"curies":[{"name":"wp","href":"https:\/\/api.w.org\/{rel}","templated":true}]}}