{"id":75572,"date":"2025-01-17T11:54:43","date_gmt":"2025-01-17T16:54:43","guid":{"rendered":"https:\/\/vapewolinak.com\/?post_type=product&#038;p=75572"},"modified":"2025-07-11T13:28:31","modified_gmt":"2025-07-11T17:28:31","slug":"boosted-pods-strawberry-melon","status":"publish","type":"product","link":"https:\/\/vapewolinak.com\/en\/produit\/boosted-pods-strawberry-melon\/","title":{"rendered":"Boosted pods strawberry melon"},"content":{"rendered":"<p>Fraise m\u00fbre et fra\u00eecheur du melon pour une sensation fruit\u00e9e et agr\u00e9able en bouche<\/p>\n","protected":false},"excerpt":{"rendered":"<p>Fraise m\u00fbre et fra\u00eecheur du melon pour une sensation fruit\u00e9e et agr\u00e9able en bouche<\/p>\n","protected":false},"featured_media":75570,"template":"","meta":{"_acf_changed":false,"site-sidebar-layout":"default","site-content-layout":"","ast-site-content-layout":"default","site-content-style":"default","site-sidebar-style":"default","ast-global-header-display":"","ast-banner-title-visibility":"","ast-main-header-display":"","ast-hfb-above-header-display":"","ast-hfb-below-header-display":"","ast-hfb-mobile-header-display":"","site-post-title":"","ast-breadcrumbs-content":"","ast-featured-img":"","footer-sml-layout":"","ast-disable-related-posts":"","theme-transparent-header-meta":"default","adv-header-id-meta":"","stick-header-meta":"","header-above-stick-meta":"","header-main-stick-meta":"","header-below-stick-meta":"","astra-migrate-meta-layouts":"set","ast-page-background-enabled":"default","ast-page-background-meta":{"desktop":{"background-color":"var(--ast-global-color-4)","background-image":"","background-repeat":"repeat","background-position":"center center","background-size":"auto","background-attachment":"scroll","background-type":"","background-media":"","overlay-type":"","overlay-color":"","overlay-opacity":"","overlay-gradient":""},"tablet":{"background-color":"","background-image":"","background-repeat":"repeat","background-position":"center center","background-size":"auto","background-attachment":"scroll","background-type":"","background-media":"","overlay-type":"","overlay-color":"","overlay-opacity":"","overlay-gradient":""},"mobile":{"background-color":"","background-image":"","background-repeat":"repeat","background-position":"center center","background-size":"auto","background-attachment":"scroll","background-type":"","background-media":"","overlay-type":"","overlay-color":"","overlay-opacity":"","overlay-gradient":""}},"ast-content-background-meta":{"desktop":{"background-color":"var(--ast-global-color-5)","background-image":"","background-repeat":"repeat","background-position":"center center","background-size":"auto","background-attachment":"scroll","background-type":"","background-media":"","overlay-type":"","overlay-color":"","overlay-opacity":"","overlay-gradient":""},"tablet":{"background-color":"var(--ast-global-color-5)","background-image":"","background-repeat":"repeat","background-position":"center center","background-size":"auto","background-attachment":"scroll","background-type":"","background-media":"","overlay-type":"","overlay-color":"","overlay-opacity":"","overlay-gradient":""},"mobile":{"background-color":"var(--ast-global-color-5)","background-image":"","background-repeat":"repeat","background-position":"center center","background-size":"auto","background-attachment":"scroll","background-type":"","background-media":"","overlay-type":"","overlay-color":"","overlay-opacity":"","overlay-gradient":""}},"_adncomm_balissage":[]},"marque":[675],"saveur":[1150,1157],"product_brand":[],"product_cat":[22],"product_tag":[],"class_list":{"0":"post-75572","1":"product","2":"type-product","3":"status-publish","4":"has-post-thumbnail","6":"marque-boosted-2","7":"saveur-fraise","8":"saveur-melon","9":"product_cat-pods","10":"desktop-align-left","11":"tablet-align-left","12":"mobile-align-left","14":"first","15":"instock","16":"shipping-taxable","17":"purchasable","18":"product-type-variable"},"acf":[],"yoast_head":"<!-- This site is optimized with the Yoast SEO plugin v27.5 - https:\/\/yoast.com\/product\/yoast-seo-wordpress\/ -->\n<title>Boosted pods strawberry melon - Vape W\u00f4linak<\/title>\n<meta name=\"description\" content=\"Fraise m\u00fbre et fra\u00eecheur du melon pour une sensation fruit\u00e9e et agr\u00e9able en bouche\" \/>\n<meta name=\"robots\" content=\"index, follow, max-snippet:-1, max-image-preview:large, max-video-preview:-1\" \/>\n<link rel=\"canonical\" href=\"https:\/\/vapewolinak.com\/en\/produit\/boosted-pods-strawberry-melon\/\" \/>\n<meta property=\"og:locale\" content=\"en_US\" \/>\n<meta property=\"og:type\" content=\"article\" \/>\n<meta property=\"og:title\" content=\"Boosted pods strawberry melon - Vape W\u00f4linak\" \/>\n<meta property=\"og:description\" content=\"Fraise m\u00fbre et fra\u00eecheur du melon pour une sensation fruit\u00e9e et agr\u00e9able en bouche\" \/>\n<meta property=\"og:url\" content=\"https:\/\/vapewolinak.com\/en\/produit\/boosted-pods-strawberry-melon\/\" \/>\n<meta property=\"og:site_name\" content=\"Vape W\u00f4linak\" \/>\n<meta property=\"article:modified_time\" content=\"2025-07-11T17:28:31+00:00\" \/>\n<meta property=\"og:image\" content=\"https:\/\/vapewolinak.com\/wp-content\/uploads\/2025\/01\/Boosted-pods-strawberry-melomn.png\" \/>\n\t<meta property=\"og:image:width\" content=\"594\" \/>\n\t<meta property=\"og:image:height\" content=\"594\" \/>\n\t<meta property=\"og:image:type\" content=\"image\/png\" \/>\n<meta name=\"twitter:card\" content=\"summary_large_image\" \/>\n<meta name=\"twitter:label1\" content=\"Est. reading time\" \/>\n\t<meta name=\"twitter:data1\" content=\"1 minute\" \/>\n<!-- \/ Yoast SEO plugin. -->","yoast_head_json":{"title":"Boosted pods strawberry melon - Vape W\u00f4linak","description":"Fraise m\u00fbre et fra\u00eecheur du melon pour une sensation fruit\u00e9e et agr\u00e9able en bouche","robots":{"index":"index","follow":"follow","max-snippet":"max-snippet:-1","max-image-preview":"max-image-preview:large","max-video-preview":"max-video-preview:-1"},"canonical":"https:\/\/vapewolinak.com\/en\/produit\/boosted-pods-strawberry-melon\/","og_locale":"en_US","og_type":"article","og_title":"Boosted pods strawberry melon - Vape W\u00f4linak","og_description":"Fraise m\u00fbre et fra\u00eecheur du melon pour une sensation fruit\u00e9e et agr\u00e9able en bouche","og_url":"https:\/\/vapewolinak.com\/en\/produit\/boosted-pods-strawberry-melon\/","og_site_name":"Vape W\u00f4linak","article_modified_time":"2025-07-11T17:28:31+00:00","og_image":[{"width":594,"height":594,"url":"https:\/\/vapewolinak.com\/wp-content\/uploads\/2025\/01\/Boosted-pods-strawberry-melomn.png","type":"image\/png"}],"twitter_card":"summary_large_image","twitter_misc":{"Est. reading time":"1 minute"},"schema":{"@context":"https:\/\/schema.org","@graph":[{"@type":"WebPage","@id":"https:\/\/vapewolinak.com\/en\/produit\/boosted-pods-strawberry-melon\/","url":"https:\/\/vapewolinak.com\/en\/produit\/boosted-pods-strawberry-melon\/","name":"Boosted pods strawberry melon - Vape W\u00f4linak","isPartOf":{"@id":"https:\/\/vapewolinak.com\/en\/#website"},"primaryImageOfPage":{"@id":"https:\/\/vapewolinak.com\/en\/produit\/boosted-pods-strawberry-melon\/#primaryimage"},"image":{"@id":"https:\/\/vapewolinak.com\/en\/produit\/boosted-pods-strawberry-melon\/#primaryimage"},"thumbnailUrl":"https:\/\/vapewolinak.com\/wp-content\/uploads\/2025\/01\/Boosted-pods-strawberry-melomn.png","datePublished":"2025-01-17T16:54:43+00:00","dateModified":"2025-07-11T17:28:31+00:00","description":"Fraise m\u00fbre et fra\u00eecheur du melon pour une sensation fruit\u00e9e et agr\u00e9able en bouche","breadcrumb":{"@id":"https:\/\/vapewolinak.com\/en\/produit\/boosted-pods-strawberry-melon\/#breadcrumb"},"inLanguage":"en-US","potentialAction":[{"@type":"ReadAction","target":["https:\/\/vapewolinak.com\/en\/produit\/boosted-pods-strawberry-melon\/"]}]},{"@type":"ImageObject","inLanguage":"en-US","@id":"https:\/\/vapewolinak.com\/en\/produit\/boosted-pods-strawberry-melon\/#primaryimage","url":"https:\/\/vapewolinak.com\/wp-content\/uploads\/2025\/01\/Boosted-pods-strawberry-melomn.png","contentUrl":"https:\/\/vapewolinak.com\/wp-content\/uploads\/2025\/01\/Boosted-pods-strawberry-melomn.png","width":594,"height":594},{"@type":"BreadcrumbList","@id":"https:\/\/vapewolinak.com\/en\/produit\/boosted-pods-strawberry-melon\/#breadcrumb","itemListElement":[{"@type":"ListItem","position":1,"name":"Accueil","item":"https:\/\/vapewolinak.com\/en\/accueil\/"},{"@type":"ListItem","position":2,"name":"Shop","item":"https:\/\/vapewolinak.com\/en\/shop\/"},{"@type":"ListItem","position":3,"name":"Boosted pods strawberry melon"}]},{"@type":"WebSite","@id":"https:\/\/vapewolinak.com\/en\/#website","url":"https:\/\/vapewolinak.com\/en\/","name":"Vape W\u00f4linak","description":"Articles et saveurs de vapotage au Qu\u00e9bec","publisher":{"@id":"https:\/\/vapewolinak.com\/en\/#organization"},"potentialAction":[{"@type":"SearchAction","target":{"@type":"EntryPoint","urlTemplate":"https:\/\/vapewolinak.com\/en\/?s={search_term_string}"},"query-input":{"@type":"PropertyValueSpecification","valueRequired":true,"valueName":"search_term_string"}}],"inLanguage":"en-US"},{"@type":"Organization","@id":"https:\/\/vapewolinak.com\/en\/#organization","name":"Vape W\u00f4linak","url":"https:\/\/vapewolinak.com\/en\/","logo":{"@type":"ImageObject","inLanguage":"en-US","@id":"https:\/\/vapewolinak.com\/en\/#\/schema\/logo\/image\/","url":"https:\/\/vapewolinak.com\/wp-content\/uploads\/2024\/01\/vapewolinak-logo-e1736438957668.png","contentUrl":"https:\/\/vapewolinak.com\/wp-content\/uploads\/2024\/01\/vapewolinak-logo-e1736438957668.png","width":538,"height":440,"caption":"Vape W\u00f4linak"},"image":{"@id":"https:\/\/vapewolinak.com\/en\/#\/schema\/logo\/image\/"}}]}},"_links":{"self":[{"href":"https:\/\/vapewolinak.com\/en\/wp-json\/wp\/v2\/product\/75572","targetHints":{"allow":["GET"]}}],"collection":[{"href":"https:\/\/vapewolinak.com\/en\/wp-json\/wp\/v2\/product"}],"about":[{"href":"https:\/\/vapewolinak.com\/en\/wp-json\/wp\/v2\/types\/product"}],"wp:featuredmedia":[{"embeddable":true,"href":"https:\/\/vapewolinak.com\/en\/wp-json\/wp\/v2\/media\/75570"}],"wp:attachment":[{"href":"https:\/\/vapewolinak.com\/en\/wp-json\/wp\/v2\/media?parent=75572"}],"wp:term":[{"taxonomy":"marque","embeddable":true,"href":"https:\/\/vapewolinak.com\/en\/wp-json\/wp\/v2\/marque?post=75572"},{"taxonomy":"saveur","embeddable":true,"href":"https:\/\/vapewolinak.com\/en\/wp-json\/wp\/v2\/saveur?post=75572"},{"taxonomy":"product_brand","embeddable":true,"href":"https:\/\/vapewolinak.com\/en\/wp-json\/wp\/v2\/product_brand?post=75572"},{"taxonomy":"product_cat","embeddable":true,"href":"https:\/\/vapewolinak.com\/en\/wp-json\/wp\/v2\/product_cat?post=75572"},{"taxonomy":"product_tag","embeddable":true,"href":"https:\/\/vapewolinak.com\/en\/wp-json\/wp\/v2\/product_tag?post=75572"}],"curies":[{"name":"wp","href":"https:\/\/api.w.org\/{rel}","templated":true}]}}