{"id":88479,"date":"2025-03-21T10:34:33","date_gmt":"2025-03-21T14:34:33","guid":{"rendered":"https:\/\/vapewolinak.com\/?post_type=product&#038;p=88479"},"modified":"2026-04-08T15:39:03","modified_gmt":"2026-04-08T19:39:03","slug":"lost-mary-50k-miami-mint","status":"publish","type":"product","link":"https:\/\/vapewolinak.com\/en\/produit\/lost-mary-50k-miami-mint\/","title":{"rendered":"Lost mary 50k miami mint"},"content":{"rendered":"<p>Menthe l\u00e9g\u00e8re et rafra\u00eechissante aux accents doux, \u00e9voquant une sensation de fra\u00eecheur estivale<\/p>\n","protected":false},"excerpt":{"rendered":"<p>Menthe l\u00e9g\u00e8re et rafra\u00eechissante aux accents doux, \u00e9voquant une sensation de fra\u00eecheur estivale<\/p>\n","protected":false},"featured_media":88477,"template":"","meta":{"_acf_changed":false,"site-sidebar-layout":"default","site-content-layout":"","ast-site-content-layout":"default","site-content-style":"default","site-sidebar-style":"default","ast-global-header-display":"","ast-banner-title-visibility":"","ast-main-header-display":"","ast-hfb-above-header-display":"","ast-hfb-below-header-display":"","ast-hfb-mobile-header-display":"","site-post-title":"","ast-breadcrumbs-content":"","ast-featured-img":"","footer-sml-layout":"","ast-disable-related-posts":"","theme-transparent-header-meta":"default","adv-header-id-meta":"","stick-header-meta":"","header-above-stick-meta":"","header-main-stick-meta":"","header-below-stick-meta":"","astra-migrate-meta-layouts":"set","ast-page-background-enabled":"default","ast-page-background-meta":{"desktop":{"background-color":"var(--ast-global-color-4)","background-image":"","background-repeat":"repeat","background-position":"center center","background-size":"auto","background-attachment":"scroll","background-type":"","background-media":"","overlay-type":"","overlay-color":"","overlay-opacity":"","overlay-gradient":""},"tablet":{"background-color":"","background-image":"","background-repeat":"repeat","background-position":"center center","background-size":"auto","background-attachment":"scroll","background-type":"","background-media":"","overlay-type":"","overlay-color":"","overlay-opacity":"","overlay-gradient":""},"mobile":{"background-color":"","background-image":"","background-repeat":"repeat","background-position":"center center","background-size":"auto","background-attachment":"scroll","background-type":"","background-media":"","overlay-type":"","overlay-color":"","overlay-opacity":"","overlay-gradient":""}},"ast-content-background-meta":{"desktop":{"background-color":"var(--ast-global-color-5)","background-image":"","background-repeat":"repeat","background-position":"center center","background-size":"auto","background-attachment":"scroll","background-type":"","background-media":"","overlay-type":"","overlay-color":"","overlay-opacity":"","overlay-gradient":""},"tablet":{"background-color":"var(--ast-global-color-5)","background-image":"","background-repeat":"repeat","background-position":"center center","background-size":"auto","background-attachment":"scroll","background-type":"","background-media":"","overlay-type":"","overlay-color":"","overlay-opacity":"","overlay-gradient":""},"mobile":{"background-color":"var(--ast-global-color-5)","background-image":"","background-repeat":"repeat","background-position":"center center","background-size":"auto","background-attachment":"scroll","background-type":"","background-media":"","overlay-type":"","overlay-color":"","overlay-opacity":"","overlay-gradient":""}},"_adncomm_balissage":[]},"marque":[827],"saveur":[1200],"product_brand":[],"product_cat":[534,37],"product_tag":[],"class_list":{"0":"post-88479","1":"product","2":"type-product","3":"status-publish","4":"has-post-thumbnail","6":"marque-lost-mary-50k","7":"saveur-menthe","8":"product_cat-rabais-fous-imbattables","9":"product_cat-vapes-jetables","10":"desktop-align-left","11":"tablet-align-left","12":"mobile-align-left","14":"first","15":"instock","16":"shipping-taxable","17":"purchasable","18":"product-type-variable"},"acf":[],"yoast_head":"<!-- This site is optimized with the Yoast SEO plugin v27.3 - https:\/\/yoast.com\/product\/yoast-seo-wordpress\/ -->\n<title>Lost mary 50k miami mint - Vape W\u00f4linak<\/title>\n<meta name=\"description\" content=\"Menthe l\u00e9g\u00e8re et rafra\u00eechissante aux accents doux, \u00e9voquant une sensation de fra\u00eecheur estivale\" \/>\n<meta name=\"robots\" content=\"index, follow, max-snippet:-1, max-image-preview:large, max-video-preview:-1\" \/>\n<link rel=\"canonical\" href=\"https:\/\/vapewolinak.com\/en\/produit\/lost-mary-50k-miami-mint\/\" \/>\n<meta property=\"og:locale\" content=\"en_US\" \/>\n<meta property=\"og:type\" content=\"article\" \/>\n<meta property=\"og:title\" content=\"Lost mary 50k miami mint - Vape W\u00f4linak\" \/>\n<meta property=\"og:description\" content=\"Menthe l\u00e9g\u00e8re et rafra\u00eechissante aux accents doux, \u00e9voquant une sensation de fra\u00eecheur estivale\" \/>\n<meta property=\"og:url\" content=\"https:\/\/vapewolinak.com\/en\/produit\/lost-mary-50k-miami-mint\/\" \/>\n<meta property=\"og:site_name\" content=\"Vape W\u00f4linak\" \/>\n<meta property=\"article:modified_time\" content=\"2026-04-08T19:39:03+00:00\" \/>\n<meta property=\"og:image\" content=\"https:\/\/vapewolinak.com\/wp-content\/uploads\/2025\/03\/Lost-mary-50k-miami-mint.webp\" \/>\n\t<meta property=\"og:image:width\" content=\"713\" \/>\n\t<meta property=\"og:image:height\" content=\"713\" \/>\n\t<meta property=\"og:image:type\" content=\"image\/webp\" \/>\n<meta name=\"twitter:card\" content=\"summary_large_image\" \/>\n<meta name=\"twitter:label1\" content=\"Est. reading time\" \/>\n\t<meta name=\"twitter:data1\" content=\"1 minute\" \/>\n<!-- \/ Yoast SEO plugin. -->","yoast_head_json":{"title":"Lost mary 50k miami mint - Vape W\u00f4linak","description":"Menthe l\u00e9g\u00e8re et rafra\u00eechissante aux accents doux, \u00e9voquant une sensation de fra\u00eecheur estivale","robots":{"index":"index","follow":"follow","max-snippet":"max-snippet:-1","max-image-preview":"max-image-preview:large","max-video-preview":"max-video-preview:-1"},"canonical":"https:\/\/vapewolinak.com\/en\/produit\/lost-mary-50k-miami-mint\/","og_locale":"en_US","og_type":"article","og_title":"Lost mary 50k miami mint - Vape W\u00f4linak","og_description":"Menthe l\u00e9g\u00e8re et rafra\u00eechissante aux accents doux, \u00e9voquant une sensation de fra\u00eecheur estivale","og_url":"https:\/\/vapewolinak.com\/en\/produit\/lost-mary-50k-miami-mint\/","og_site_name":"Vape W\u00f4linak","article_modified_time":"2026-04-08T19:39:03+00:00","og_image":[{"width":713,"height":713,"url":"https:\/\/vapewolinak.com\/wp-content\/uploads\/2025\/03\/Lost-mary-50k-miami-mint.webp","type":"image\/webp"}],"twitter_card":"summary_large_image","twitter_misc":{"Est. reading time":"1 minute"},"schema":{"@context":"https:\/\/schema.org","@graph":[{"@type":"WebPage","@id":"https:\/\/vapewolinak.com\/en\/produit\/lost-mary-50k-miami-mint\/","url":"https:\/\/vapewolinak.com\/en\/produit\/lost-mary-50k-miami-mint\/","name":"Lost mary 50k miami mint - Vape W\u00f4linak","isPartOf":{"@id":"https:\/\/vapewolinak.com\/en\/#website"},"primaryImageOfPage":{"@id":"https:\/\/vapewolinak.com\/en\/produit\/lost-mary-50k-miami-mint\/#primaryimage"},"image":{"@id":"https:\/\/vapewolinak.com\/en\/produit\/lost-mary-50k-miami-mint\/#primaryimage"},"thumbnailUrl":"https:\/\/vapewolinak.com\/wp-content\/uploads\/2025\/03\/Lost-mary-50k-miami-mint.webp","datePublished":"2025-03-21T14:34:33+00:00","dateModified":"2026-04-08T19:39:03+00:00","description":"Menthe l\u00e9g\u00e8re et rafra\u00eechissante aux accents doux, \u00e9voquant une sensation de fra\u00eecheur estivale","breadcrumb":{"@id":"https:\/\/vapewolinak.com\/en\/produit\/lost-mary-50k-miami-mint\/#breadcrumb"},"inLanguage":"en-US","potentialAction":[{"@type":"ReadAction","target":["https:\/\/vapewolinak.com\/en\/produit\/lost-mary-50k-miami-mint\/"]}]},{"@type":"ImageObject","inLanguage":"en-US","@id":"https:\/\/vapewolinak.com\/en\/produit\/lost-mary-50k-miami-mint\/#primaryimage","url":"https:\/\/vapewolinak.com\/wp-content\/uploads\/2025\/03\/Lost-mary-50k-miami-mint.webp","contentUrl":"https:\/\/vapewolinak.com\/wp-content\/uploads\/2025\/03\/Lost-mary-50k-miami-mint.webp","width":713,"height":713},{"@type":"BreadcrumbList","@id":"https:\/\/vapewolinak.com\/en\/produit\/lost-mary-50k-miami-mint\/#breadcrumb","itemListElement":[{"@type":"ListItem","position":1,"name":"Accueil","item":"https:\/\/vapewolinak.com\/en\/accueil\/"},{"@type":"ListItem","position":2,"name":"Shop","item":"https:\/\/vapewolinak.com\/en\/shop\/"},{"@type":"ListItem","position":3,"name":"Lost mary 50k miami mint"}]},{"@type":"WebSite","@id":"https:\/\/vapewolinak.com\/en\/#website","url":"https:\/\/vapewolinak.com\/en\/","name":"Vape W\u00f4linak","description":"Articles et saveurs de vapotage au Qu\u00e9bec","publisher":{"@id":"https:\/\/vapewolinak.com\/en\/#organization"},"potentialAction":[{"@type":"SearchAction","target":{"@type":"EntryPoint","urlTemplate":"https:\/\/vapewolinak.com\/en\/?s={search_term_string}"},"query-input":{"@type":"PropertyValueSpecification","valueRequired":true,"valueName":"search_term_string"}}],"inLanguage":"en-US"},{"@type":"Organization","@id":"https:\/\/vapewolinak.com\/en\/#organization","name":"Vape W\u00f4linak","url":"https:\/\/vapewolinak.com\/en\/","logo":{"@type":"ImageObject","inLanguage":"en-US","@id":"https:\/\/vapewolinak.com\/en\/#\/schema\/logo\/image\/","url":"https:\/\/vapewolinak.com\/wp-content\/uploads\/2024\/01\/vapewolinak-logo-e1736438957668.png","contentUrl":"https:\/\/vapewolinak.com\/wp-content\/uploads\/2024\/01\/vapewolinak-logo-e1736438957668.png","width":538,"height":440,"caption":"Vape W\u00f4linak"},"image":{"@id":"https:\/\/vapewolinak.com\/en\/#\/schema\/logo\/image\/"}}]}},"_links":{"self":[{"href":"https:\/\/vapewolinak.com\/en\/wp-json\/wp\/v2\/product\/88479","targetHints":{"allow":["GET"]}}],"collection":[{"href":"https:\/\/vapewolinak.com\/en\/wp-json\/wp\/v2\/product"}],"about":[{"href":"https:\/\/vapewolinak.com\/en\/wp-json\/wp\/v2\/types\/product"}],"wp:featuredmedia":[{"embeddable":true,"href":"https:\/\/vapewolinak.com\/en\/wp-json\/wp\/v2\/media\/88477"}],"wp:attachment":[{"href":"https:\/\/vapewolinak.com\/en\/wp-json\/wp\/v2\/media?parent=88479"}],"wp:term":[{"taxonomy":"marque","embeddable":true,"href":"https:\/\/vapewolinak.com\/en\/wp-json\/wp\/v2\/marque?post=88479"},{"taxonomy":"saveur","embeddable":true,"href":"https:\/\/vapewolinak.com\/en\/wp-json\/wp\/v2\/saveur?post=88479"},{"taxonomy":"product_brand","embeddable":true,"href":"https:\/\/vapewolinak.com\/en\/wp-json\/wp\/v2\/product_brand?post=88479"},{"taxonomy":"product_cat","embeddable":true,"href":"https:\/\/vapewolinak.com\/en\/wp-json\/wp\/v2\/product_cat?post=88479"},{"taxonomy":"product_tag","embeddable":true,"href":"https:\/\/vapewolinak.com\/en\/wp-json\/wp\/v2\/product_tag?post=88479"}],"curies":[{"name":"wp","href":"https:\/\/api.w.org\/{rel}","templated":true}]}}